{"id":38504,"date":"2021-11-19T10:51:47","date_gmt":"2021-11-19T09:51:47","guid":{"rendered":"https:\/\/www.intarcon.com\/?page_id=38504"},"modified":"2024-05-30T12:29:25","modified_gmt":"2024-05-30T10:29:25","slug":"applications-de-refrigeration","status":"publish","type":"page","link":"https:\/\/www.intarcon.com\/fr\/applications-de-refrigeration\/","title":{"rendered":"Applications de r\u00e9frig\u00e9ration"},"content":{"rendered":"\t\t<div data-elementor-type=\"wp-page\" data-elementor-id=\"38504\" class=\"elementor elementor-38504 elementor-35576\" data-elementor-post-type=\"page\">\n\t\t\t\t\t\t<section class=\"elementor-section elementor-top-section elementor-element elementor-element-b20cf54 elementor-section-full_width elementor-section-stretched elementor-section-height-default elementor-section-height-default\" data-id=\"b20cf54\" data-element_type=\"section\" data-settings=\"{&quot;background_background&quot;:&quot;classic&quot;,&quot;stretch_section&quot;:&quot;section-stretched&quot;}\">\r\n\t\t\r\n\t\t\t\t\t\t\t<div class=\"elementor-container elementor-column-gap-default\">\r\n\t\t\t\t\t\t\t\t\t\t\t<div class=\"elementor-column elementor-col-100 elementor-top-column elementor-element elementor-element-905f1a1\" data-id=\"905f1a1\" data-element_type=\"column\">\r\n\t\t\t\t\t<div class=\"elementor-widget-wrap elementor-element-populated\">\r\n\t\t\t\t\t\t\t\t<div class=\"elementor-element elementor-element-915f256 elementor-invisible elementor-widget elementor-widget-heading\" data-id=\"915f256\" data-element_type=\"widget\" data-settings=\"{&quot;_animation&quot;:&quot;fadeInUp&quot;,&quot;_animation_delay&quot;:600}\" data-widget_type=\"heading.default\">\n\t\t\t\t<div class=\"elementor-widget-container\">\n\t\t\t\t\t<h4 class=\"elementor-heading-title elementor-size-default\">PLUS DE 35 ANS D'EXP\u00c9RIENCE DANS LE MONDE DE LA R\u00c9FRIG\u00c9RATION<\/h4>\t\t\t\t<\/div>\n\t\t\t\t<\/div>\n\t\t\t\t<div class=\"elementor-element elementor-element-153b7c2 elementor-invisible elementor-widget elementor-widget-heading\" data-id=\"153b7c2\" data-element_type=\"widget\" data-settings=\"{&quot;_animation&quot;:&quot;fadeInUp&quot;,&quot;_animation_delay&quot;:700}\" data-widget_type=\"heading.default\">\n\t\t\t\t<div class=\"elementor-widget-container\">\n\t\t\t\t\t<h1 class=\"elementor-heading-title elementor-size-default\">Applications de r\u00e9frig\u00e9ration<\/h1>\t\t\t\t<\/div>\n\t\t\t\t<\/div>\n\t\t<div class=\"elementor-element elementor-element-bfd3f27 e-flex e-con-boxed e-con e-parent\" data-id=\"bfd3f27\" data-element_type=\"container\">\r\n\t\t\t\t\t<div class=\"e-con-inner\">\r\n\t\t<div class=\"elementor-element elementor-element-17e3e6d e-grid e-con-boxed e-con e-child\" data-id=\"17e3e6d\" data-element_type=\"container\">\r\n\t\t\t\t\t<div class=\"e-con-inner\">\r\n\t\t\t\t<div class=\"elementor-element elementor-element-398e96a elementor-widget elementor-widget-html\" data-id=\"398e96a\" data-element_type=\"widget\" data-widget_type=\"html.default\">\n\t\t\t\t<div class=\"elementor-widget-container\">\n\t\t\t\t\t<a href=\"https:\/\/www.intarcon.com\/fr\/refrigeration-chambres-froides\/\" target=\"_blank\">\n    <figure class=\"intarconfigure\">\n<div class=\"intarconthumbnail\">\n<div>D\u00e9couvrez nos applications dans les chambres froides<\/div>\n<p>CHAMBRES FROIDES<\/p>\n<img decoding=\"async\" src=\"https:\/\/www.intarcon.com\/wp-content\/uploads\/2021\/11\/bloque-camaras-frigorificas-e1637327561270.jpg\">\n<\/div>\n<\/figure>\n<\/a>\t\t\t\t\t<\/div>\n\t\t\t\t<\/div>\n\t\t\t\t<div class=\"elementor-element elementor-element-016ef05 elementor-widget elementor-widget-html\" data-id=\"016ef05\" data-element_type=\"widget\" data-widget_type=\"html.default\">\n\t\t\t\t<div class=\"elementor-widget-container\">\n\t\t\t\t\t<a href=\"https:\/\/www.intarcon.com\/fr\/refrigeration-centres-de-recherche\/\" target=\"_blank\">\n    <figure class=\"intarconfigure\">\n<div class=\"intarconthumbnail\">\n<div>D\u00e9couvrez nos applications dans les centres de recherche<\/div>\n<p>CENTRES DE RECHERCHE<\/p>\n<img decoding=\"async\" src=\"https:\/\/www.intarcon.com\/wp-content\/uploads\/2021\/10\/alternativa-centros-investigacion-scaled.jpg\">\n<\/div>\n<\/figure>\n<\/a>\t\t\t\t\t<\/div>\n\t\t\t\t<\/div>\n\t\t\t\t<div class=\"elementor-element elementor-element-f433739 elementor-widget elementor-widget-html\" data-id=\"f433739\" data-element_type=\"widget\" data-widget_type=\"html.default\">\n\t\t\t\t<div class=\"elementor-widget-container\">\n\t\t\t\t\t<a href=\"https:\/\/www.intarcon.com\/fr\/refrigeration-dans-centres-loguistiques\/\" target=\"_blank\">\n    <figure class=\"intarconfigure\">\n<div class=\"intarconthumbnail\">\n<div>D\u00e9couvrez nos applications dans les centres logistiques<\/div>\n<p>CENTRES LOGISTIQUES<\/p>\n<img decoding=\"async\" src=\"https:\/\/www.intarcon.com\/wp-content\/uploads\/2021\/10\/bloques-logistica-scaled.jpeg\">\n<\/div>\n<\/figure>\n<\/a>\t\t\t\t\t<\/div>\n\t\t\t\t<\/div>\n\t\t\t\t\t<\/div>\n\t\t\t\t<\/div>\n\t\t\t\t\t<\/div>\n\t\t\t\t<\/div>\n\t\t<div class=\"elementor-element elementor-element-15f0993 e-grid e-con-boxed e-con e-child\" data-id=\"15f0993\" data-element_type=\"container\">\r\n\t\t\t\t\t<div class=\"e-con-inner\">\r\n\t\t\t\t<div class=\"elementor-element elementor-element-05733ca elementor-widget elementor-widget-html\" data-id=\"05733ca\" data-element_type=\"widget\" data-widget_type=\"html.default\">\n\t\t\t\t<div class=\"elementor-widget-container\">\n\t\t\t\t\t<a href=\"https:\/\/www.intarcon.com\/fr\/refrigeration-de-cuisine\/\" target=\"_blank\">\n    <figure class=\"intarconfigure\">\n<div class=\"intarconthumbnail\">\n<div>D\u00e9couvrez nos applications dans les cuisines<\/div>\n<p>CUISINES<\/p>\n<img decoding=\"async\" src=\"https:\/\/www.intarcon.com\/wp-content\/uploads\/2021\/10\/bloque-cocinas.jpg\">\n<\/div>\n<\/figure>\n<\/a>\t\t\t\t\t<\/div>\n\t\t\t\t<\/div>\n\t\t\t\t<div class=\"elementor-element elementor-element-5090848 elementor-widget elementor-widget-html\" data-id=\"5090848\" data-element_type=\"widget\" data-widget_type=\"html.default\">\n\t\t\t\t<div class=\"elementor-widget-container\">\n\t\t\t\t\t<a href=\"https:\/\/www.intarcon.com\/fr\/refrigeration-hopitaux-morgues\/\" target=\"_blank\">\n    <figure class=\"intarconfigure\">\n<div class=\"intarconthumbnail\">\n<div>D\u00e9couvrez nos applications dans les h\u00f4pitaux et les morgues<\/div>\n<p>H\u00d4PITAUX - MORGUES<\/p>\n<img decoding=\"async\" src=\"https:\/\/www.intarcon.com\/wp-content\/uploads\/2021\/10\/hospitales-tanatorio-alternativa.jpg\">\n<\/div>\n<\/figure>\n<\/a>\t\t\t\t\t<\/div>\n\t\t\t\t<\/div>\n\t\t\t\t\t<\/div>\n\t\t\t\t<\/div>\n\t\t<div class=\"elementor-element elementor-element-2c29ac5 e-grid e-con-boxed e-con e-child\" data-id=\"2c29ac5\" data-element_type=\"container\">\r\n\t\t\t\t\t<div class=\"e-con-inner\">\r\n\t\t\t\t<div class=\"elementor-element elementor-element-23c56b2 elementor-widget elementor-widget-html\" data-id=\"23c56b2\" data-element_type=\"widget\" data-widget_type=\"html.default\">\n\t\t\t\t<div class=\"elementor-widget-container\">\n\t\t\t\t\t<a href=\"https:\/\/www.intarcon.com\/fr\/refrigeration-militaire\/\" target=\"_blank\">\n    <figure class=\"intarconfigure\">\n<div class=\"intarconthumbnail\">\n<div>D\u00e9couvrez nos applications dans le secteur militaire<\/div>\n<p>MILITAIRE<\/p>\n<img decoding=\"async\" src=\"https:\/\/www.intarcon.com\/wp-content\/uploads\/2021\/10\/bloques-militar.jpg\">\n<\/div>\n<\/figure>\n<\/a>\t\t\t\t\t<\/div>\n\t\t\t\t<\/div>\n\t\t\t\t<div class=\"elementor-element elementor-element-1b5c7a2 elementor-widget elementor-widget-html\" data-id=\"1b5c7a2\" data-element_type=\"widget\" data-widget_type=\"html.default\">\n\t\t\t\t<div class=\"elementor-widget-container\">\n\t\t\t\t\t<a href=\"https:\/\/www.intarcon.com\/fr\/refrigeration-loisirs\/\" target=\"_blank\">\n    <figure class=\"intarconfigure\">\n<div class=\"intarconthumbnail\">\n<div>D\u00e9couvrez nos applications dans le secteur des loisirs<\/div>\n<p>LOISIRS<\/p>\n<img decoding=\"async\" src=\"https:\/\/www.intarcon.com\/wp-content\/uploads\/2021\/10\/bloques-ocio-scaled-e1637566941539.jpeg\">\n<\/div>\n<\/figure>\n<\/a>\t\t\t\t\t<\/div>\n\t\t\t\t<\/div>\n\t\t\t\t<div class=\"elementor-element elementor-element-f39eaf9 elementor-widget elementor-widget-html\" data-id=\"f39eaf9\" data-element_type=\"widget\" data-widget_type=\"html.default\">\n\t\t\t\t<div class=\"elementor-widget-container\">\n\t\t\t\t\t<a href=\"https:\/\/www.intarcon.com\/fr\/refrigeration-procedes-industriels\/\" target=\"_blank\">\n    <figure class=\"intarconfigure\">\n<div class=\"intarconthumbnail\">\n<div>D\u00e9couvrez nos applications dans les processus industriels<\/div>\n<p>PROC\u00c9D\u00c9S INDUSTRIELS<\/p>\n<img decoding=\"async\" src=\"https:\/\/www.intarcon.com\/wp-content\/uploads\/2023\/07\/Fondo-bloques-procesos-industriales-scaled.jpeg\">\n<\/div>\n<\/figure>\n<\/a>\t\t\t\t\t<\/div>\n\t\t\t\t<\/div>\n\t\t\t\t\t<\/div>\n\t\t\t\t<\/div>\n\t\t<div class=\"elementor-element elementor-element-5b00e76 e-grid e-con-boxed e-con e-child\" data-id=\"5b00e76\" data-element_type=\"container\">\r\n\t\t\t\t\t<div class=\"e-con-inner\">\r\n\t\t\t\t<div class=\"elementor-element elementor-element-3c35eb4 elementor-widget elementor-widget-html\" data-id=\"3c35eb4\" data-element_type=\"widget\" data-widget_type=\"html.default\">\n\t\t\t\t<div class=\"elementor-widget-container\">\n\t\t\t\t\t<a href=\"https:\/\/www.intarcon.com\/fr\/supermarches-distribution-alimentaire\/\" target=\"_blank\">\n    <figure class=\"intarconfigure\">\n<div class=\"intarconthumbnail\">\n<div>D\u00e9couvrez nos applications dans les supermarch\u00e9s et la distribution alimentaire.<\/div>\n<p>SUPERMARCH\u00c9S - DISTRIBUTION ALIMENTAIRE<\/p>\n<img decoding=\"async\" src=\"https:\/\/www.intarcon.com\/wp-content\/uploads\/2021\/10\/Bloques-distribucion-alimentaria.jpeg\">\n<\/div>\n<\/figure>\n<\/a>\t\t\t\t\t<\/div>\n\t\t\t\t<\/div>\n\t\t\t\t<div class=\"elementor-element elementor-element-3e27f2b elementor-widget elementor-widget-html\" data-id=\"3e27f2b\" data-element_type=\"widget\" data-widget_type=\"html.default\">\n\t\t\t\t<div class=\"elementor-widget-container\">\n\t\t\t\t\t<a href=\"https:\/\/www.intarcon.com\/fr\/refrigeration-procedes-alimentaires\/\" target=\"_blank\">\n    <figure class=\"intarconfigure\">\n<div class=\"intarconthumbnail\">\n<div>D\u00e9couvrez nos applications dans l'industrie alimentaire<\/div>\n<p>PROC\u00c9D\u00c9S ALIMENTAIRES<\/p>\n<img decoding=\"async\" src=\"https:\/\/www.intarcon.com\/wp-content\/uploads\/2021\/10\/Fondo-bloque-procesos-alimentarios-secadero-scaled.jpeg\">\n<\/div>\n<\/figure>\n<\/a>\t\t\t\t\t<\/div>\n\t\t\t\t<\/div>\n\t\t\t\t\t<\/div>\n\t\t\t\t<\/div>\n\t\t\t\t\t<\/div>\r\n\t\t\t\t<\/div>\r\n\t\t\t\t\t<\/div>\r\n\t\t\t\t<\/section>\r\n\t\t<div class=\"elementor-element elementor-element-c15db53 e-grid e-con-boxed e-con e-parent\" data-id=\"c15db53\" data-element_type=\"container\" data-settings=\"{&quot;background_background&quot;:&quot;classic&quot;}\">\r\n\t\t\t\t\t<div class=\"e-con-inner\">\r\n\t\t<div class=\"elementor-element elementor-element-a25b5f7 e-flex e-con-boxed e-con e-child\" data-id=\"a25b5f7\" data-element_type=\"container\">\r\n\t\t\t\t\t<div class=\"e-con-inner\">\r\n\t\t\t\t<div class=\"elementor-element elementor-element-b75083a elementor-invisible elementor-widget elementor-widget-heading\" data-id=\"b75083a\" data-element_type=\"widget\" data-settings=\"{&quot;_animation&quot;:&quot;fadeInUp&quot;,&quot;_animation_delay&quot;:600}\" data-widget_type=\"heading.default\">\n\t\t\t\t<div class=\"elementor-widget-container\">\n\t\t\t\t\t<h4 class=\"elementor-heading-title elementor-size-default\">Vous avez un projet de r\u00e9frig\u00e9ration ?<\/h4>\t\t\t\t<\/div>\n\t\t\t\t<\/div>\n\t\t\t\t<div class=\"elementor-element elementor-element-445abaa elementor-widget elementor-widget-heading\" data-id=\"445abaa\" data-element_type=\"widget\" data-widget_type=\"heading.default\">\n\t\t\t\t<div class=\"elementor-widget-container\">\n\t\t\t\t\t<h5 class=\"elementor-heading-title elementor-size-default\">We adapt to your refrigeration needs<\/h5>\t\t\t\t<\/div>\n\t\t\t\t<\/div>\n\t\t\t\t<div class=\"elementor-element elementor-element-9a2f04d elementor-align-center elementor-widget elementor-widget-button\" data-id=\"9a2f04d\" data-element_type=\"widget\" data-widget_type=\"button.default\">\n\t\t\t\t<div class=\"elementor-widget-container\">\n\t\t\t\t\t\t\t\t\t<div class=\"elementor-button-wrapper\">\n\t\t\t\t\t<a class=\"elementor-button elementor-button-link elementor-size-sm\" href=\"https:\/\/www.intarcon.com\/fr\/conseils-techniques\/\">\n\t\t\t\t\t\t<span class=\"elementor-button-content-wrapper\">\n\t\t\t\t\t\t\t\t\t<span class=\"elementor-button-text\">DEMANDE DE COSEILS <i class=\"fas fa-arrow-right\"><\/i><\/span>\n\t\t\t\t\t<\/span>\n\t\t\t\t\t<\/a>\n\t\t\t\t<\/div>\n\t\t\t\t\t\t\t\t<\/div>\n\t\t\t\t<\/div>\n\t\t\t\t\t<\/div>\n\t\t\t\t<\/div>\n\t\t\t\t<div class=\"elementor-element elementor-element-fd18824 elementor-widget elementor-widget-image\" data-id=\"fd18824\" data-element_type=\"widget\" data-widget_type=\"image.default\">\n\t\t\t\t<div class=\"elementor-widget-container\">\n\t\t\t\t\t\t\t\t\t\t\t\t\t\t\t<img decoding=\"async\" src=\"https:\/\/www.intarcon.com\/wp-content\/uploads\/elementor\/thumbs\/img-solicitar-asesoria_Mesa-de-trabajo-1-copia-qdg7uezg2rhpvux6hbqj73dujp5gs6hj2y40jqydq8.png\" title=\"img-solicitar-asesoria_Mesa de trabajo 1 copia\" alt=\"Solicitar Asesor\u00eda T\u00e9cnica - INTARCON\" loading=\"lazy\" \/>\t\t\t\t\t\t\t\t\t\t\t\t\t\t\t<\/div>\n\t\t\t\t<\/div>\n\t\t\t\t\t<\/div>\n\t\t\t\t<\/div>\n\t\t\t\t<\/div>\n\t\t","protected":false},"excerpt":{"rendered":"<p>PLUS DE 35 ANS D&#8217;EXP\u00c9RIENCE DANS LE MONDE DE LA R\u00c9FRIG\u00c9RATION Applications de r\u00e9frig\u00e9ration D\u00e9couvrez nos applications dans les chambres froides CHAMBRES FROIDES D\u00e9couvrez nos applications dans les centres de recherche CENTRES DE RECHERCHE D\u00e9couvrez nos applications dans les centres logistiques CENTRES LOGISTIQUES D\u00e9couvrez nos applications dans les cuisines CUISINES D\u00e9couvrez nos applications dans les [&hellip;]<\/p>\n","protected":false},"author":2,"featured_media":28742,"parent":0,"menu_order":0,"comment_status":"closed","ping_status":"closed","template":"","meta":{"footnotes":""},"class_list":["post-38504","page","type-page","status-publish","has-post-thumbnail","hentry"],"yoast_head":"<!-- This site is optimized with the Yoast SEO plugin v25.5 - https:\/\/yoast.com\/wordpress\/plugins\/seo\/ -->\n<title>Applications de r\u00e9frig\u00e9ration- INTARCON<\/title>\n<meta name=\"description\" content=\"D\u00e9couvrez les nombreuses applications dans les diff\u00e9rents secteurs li\u00e9s aux processus de r\u00e9frig\u00e9ration r\u00e9alis\u00e9s avec des \u00e9quipements INTARCON.\" \/>\n<meta name=\"robots\" content=\"index, follow, max-snippet:-1, max-image-preview:large, max-video-preview:-1\" \/>\n<link rel=\"canonical\" href=\"https:\/\/www.intarcon.com\/fr\/applications-de-refrigeration\/\" \/>\n<meta property=\"og:locale\" content=\"fr_FR\" \/>\n<meta property=\"og:type\" content=\"article\" \/>\n<meta property=\"og:title\" content=\"Applications de r\u00e9frig\u00e9ration- INTARCON\" \/>\n<meta property=\"og:description\" content=\"D\u00e9couvrez les nombreuses applications dans les diff\u00e9rents secteurs li\u00e9s aux processus de r\u00e9frig\u00e9ration r\u00e9alis\u00e9s avec des \u00e9quipements INTARCON.\" \/>\n<meta property=\"og:url\" content=\"https:\/\/www.intarcon.com\/fr\/applications-de-refrigeration\/\" \/>\n<meta property=\"og:site_name\" content=\"INTARCON\" \/>\n<meta property=\"article:publisher\" content=\"https:\/\/www.facebook.com\/intarcon\/\" \/>\n<meta property=\"article:modified_time\" content=\"2024-05-30T10:29:25+00:00\" \/>\n<meta property=\"og:image\" content=\"https:\/\/www.intarcon.com\/wp-content\/uploads\/2021\/07\/bodega-barcience-intarcon-3.jpg\" \/>\n\t<meta property=\"og:image:width\" content=\"600\" \/>\n\t<meta property=\"og:image:height\" content=\"600\" \/>\n\t<meta property=\"og:image:type\" content=\"image\/jpeg\" \/>\n<meta name=\"twitter:card\" content=\"summary_large_image\" \/>\n<meta name=\"twitter:site\" content=\"@Intarcon\" \/>\n<meta name=\"twitter:label1\" content=\"Est. reading time\" \/>\n\t<meta name=\"twitter:data1\" content=\"14 minutes\" \/>\n<script type=\"application\/ld+json\" class=\"yoast-schema-graph\">{\"@context\":\"https:\/\/schema.org\",\"@graph\":[{\"@type\":\"WebPage\",\"@id\":\"https:\/\/www.intarcon.com\/fr\/applications-de-refrigeration\/\",\"url\":\"https:\/\/www.intarcon.com\/fr\/applications-de-refrigeration\/\",\"name\":\"Applications de r\u00e9frig\u00e9ration- INTARCON\",\"isPartOf\":{\"@id\":\"https:\/\/www.intarcon.com\/fr\/#website\"},\"primaryImageOfPage\":{\"@id\":\"https:\/\/www.intarcon.com\/fr\/applications-de-refrigeration\/#primaryimage\"},\"image\":{\"@id\":\"https:\/\/www.intarcon.com\/fr\/applications-de-refrigeration\/#primaryimage\"},\"thumbnailUrl\":\"https:\/\/www.intarcon.com\/wp-content\/uploads\/2021\/07\/bodega-barcience-intarcon-3.jpg\",\"datePublished\":\"2021-11-19T09:51:47+00:00\",\"dateModified\":\"2024-05-30T10:29:25+00:00\",\"description\":\"D\u00e9couvrez les nombreuses applications dans les diff\u00e9rents secteurs li\u00e9s aux processus de r\u00e9frig\u00e9ration r\u00e9alis\u00e9s avec des \u00e9quipements INTARCON.\",\"breadcrumb\":{\"@id\":\"https:\/\/www.intarcon.com\/fr\/applications-de-refrigeration\/#breadcrumb\"},\"inLanguage\":\"fr\",\"potentialAction\":[{\"@type\":\"ReadAction\",\"target\":[\"https:\/\/www.intarcon.com\/fr\/applications-de-refrigeration\/\"]}]},{\"@type\":\"ImageObject\",\"inLanguage\":\"fr\",\"@id\":\"https:\/\/www.intarcon.com\/fr\/applications-de-refrigeration\/#primaryimage\",\"url\":\"https:\/\/www.intarcon.com\/wp-content\/uploads\/2021\/07\/bodega-barcience-intarcon-3.jpg\",\"contentUrl\":\"https:\/\/www.intarcon.com\/wp-content\/uploads\/2021\/07\/bodega-barcience-intarcon-3.jpg\",\"width\":600,\"height\":600,\"caption\":\"Producto bodega Barcience ammolite INTARCON\"},{\"@type\":\"BreadcrumbList\",\"@id\":\"https:\/\/www.intarcon.com\/fr\/applications-de-refrigeration\/#breadcrumb\",\"itemListElement\":[{\"@type\":\"ListItem\",\"position\":1,\"name\":\"Portada\",\"item\":\"https:\/\/www.intarcon.com\/fr\/\"},{\"@type\":\"ListItem\",\"position\":2,\"name\":\"Applications de r\u00e9frig\u00e9ration\"}]},{\"@type\":\"WebSite\",\"@id\":\"https:\/\/www.intarcon.com\/fr\/#website\",\"url\":\"https:\/\/www.intarcon.com\/fr\/\",\"name\":\"INTARCON\",\"description\":\"\",\"potentialAction\":[{\"@type\":\"SearchAction\",\"target\":{\"@type\":\"EntryPoint\",\"urlTemplate\":\"https:\/\/www.intarcon.com\/fr\/?s={search_term_string}\"},\"query-input\":{\"@type\":\"PropertyValueSpecification\",\"valueRequired\":true,\"valueName\":\"search_term_string\"}}],\"inLanguage\":\"fr\"}]}<\/script>\n<!-- \/ Yoast SEO plugin. -->","yoast_head_json":{"title":"Applications de r\u00e9frig\u00e9ration- INTARCON","description":"D\u00e9couvrez les nombreuses applications dans les diff\u00e9rents secteurs li\u00e9s aux processus de r\u00e9frig\u00e9ration r\u00e9alis\u00e9s avec des \u00e9quipements INTARCON.","robots":{"index":"index","follow":"follow","max-snippet":"max-snippet:-1","max-image-preview":"max-image-preview:large","max-video-preview":"max-video-preview:-1"},"canonical":"https:\/\/www.intarcon.com\/fr\/applications-de-refrigeration\/","og_locale":"fr_FR","og_type":"article","og_title":"Applications de r\u00e9frig\u00e9ration- INTARCON","og_description":"D\u00e9couvrez les nombreuses applications dans les diff\u00e9rents secteurs li\u00e9s aux processus de r\u00e9frig\u00e9ration r\u00e9alis\u00e9s avec des \u00e9quipements INTARCON.","og_url":"https:\/\/www.intarcon.com\/fr\/applications-de-refrigeration\/","og_site_name":"INTARCON","article_publisher":"https:\/\/www.facebook.com\/intarcon\/","article_modified_time":"2024-05-30T10:29:25+00:00","og_image":[{"width":600,"height":600,"url":"https:\/\/www.intarcon.com\/wp-content\/uploads\/2021\/07\/bodega-barcience-intarcon-3.jpg","type":"image\/jpeg"}],"twitter_card":"summary_large_image","twitter_site":"@Intarcon","twitter_misc":{"Est. reading time":"14 minutes"},"schema":{"@context":"https:\/\/schema.org","@graph":[{"@type":"WebPage","@id":"https:\/\/www.intarcon.com\/fr\/applications-de-refrigeration\/","url":"https:\/\/www.intarcon.com\/fr\/applications-de-refrigeration\/","name":"Applications de r\u00e9frig\u00e9ration- INTARCON","isPartOf":{"@id":"https:\/\/www.intarcon.com\/fr\/#website"},"primaryImageOfPage":{"@id":"https:\/\/www.intarcon.com\/fr\/applications-de-refrigeration\/#primaryimage"},"image":{"@id":"https:\/\/www.intarcon.com\/fr\/applications-de-refrigeration\/#primaryimage"},"thumbnailUrl":"https:\/\/www.intarcon.com\/wp-content\/uploads\/2021\/07\/bodega-barcience-intarcon-3.jpg","datePublished":"2021-11-19T09:51:47+00:00","dateModified":"2024-05-30T10:29:25+00:00","description":"D\u00e9couvrez les nombreuses applications dans les diff\u00e9rents secteurs li\u00e9s aux processus de r\u00e9frig\u00e9ration r\u00e9alis\u00e9s avec des \u00e9quipements INTARCON.","breadcrumb":{"@id":"https:\/\/www.intarcon.com\/fr\/applications-de-refrigeration\/#breadcrumb"},"inLanguage":"fr","potentialAction":[{"@type":"ReadAction","target":["https:\/\/www.intarcon.com\/fr\/applications-de-refrigeration\/"]}]},{"@type":"ImageObject","inLanguage":"fr","@id":"https:\/\/www.intarcon.com\/fr\/applications-de-refrigeration\/#primaryimage","url":"https:\/\/www.intarcon.com\/wp-content\/uploads\/2021\/07\/bodega-barcience-intarcon-3.jpg","contentUrl":"https:\/\/www.intarcon.com\/wp-content\/uploads\/2021\/07\/bodega-barcience-intarcon-3.jpg","width":600,"height":600,"caption":"Producto bodega Barcience ammolite INTARCON"},{"@type":"BreadcrumbList","@id":"https:\/\/www.intarcon.com\/fr\/applications-de-refrigeration\/#breadcrumb","itemListElement":[{"@type":"ListItem","position":1,"name":"Portada","item":"https:\/\/www.intarcon.com\/fr\/"},{"@type":"ListItem","position":2,"name":"Applications de r\u00e9frig\u00e9ration"}]},{"@type":"WebSite","@id":"https:\/\/www.intarcon.com\/fr\/#website","url":"https:\/\/www.intarcon.com\/fr\/","name":"INTARCON","description":"","potentialAction":[{"@type":"SearchAction","target":{"@type":"EntryPoint","urlTemplate":"https:\/\/www.intarcon.com\/fr\/?s={search_term_string}"},"query-input":{"@type":"PropertyValueSpecification","valueRequired":true,"valueName":"search_term_string"}}],"inLanguage":"fr"}]}},"_links":{"self":[{"href":"https:\/\/www.intarcon.com\/fr\/wp-json\/wp\/v2\/pages\/38504","targetHints":{"allow":["GET"]}}],"collection":[{"href":"https:\/\/www.intarcon.com\/fr\/wp-json\/wp\/v2\/pages"}],"about":[{"href":"https:\/\/www.intarcon.com\/fr\/wp-json\/wp\/v2\/types\/page"}],"author":[{"embeddable":true,"href":"https:\/\/www.intarcon.com\/fr\/wp-json\/wp\/v2\/users\/2"}],"replies":[{"embeddable":true,"href":"https:\/\/www.intarcon.com\/fr\/wp-json\/wp\/v2\/comments?post=38504"}],"version-history":[{"count":0,"href":"https:\/\/www.intarcon.com\/fr\/wp-json\/wp\/v2\/pages\/38504\/revisions"}],"wp:featuredmedia":[{"embeddable":true,"href":"https:\/\/www.intarcon.com\/fr\/wp-json\/wp\/v2\/media\/28742"}],"wp:attachment":[{"href":"https:\/\/www.intarcon.com\/fr\/wp-json\/wp\/v2\/media?parent=38504"}],"curies":[{"name":"wp","href":"https:\/\/api.w.org\/{rel}","templated":true}]}}