{"id":20760,"date":"2019-09-04T15:58:24","date_gmt":"2019-09-04T13:58:24","guid":{"rendered":"https:\/\/www.intarcon.com\/?page_id=20760"},"modified":"2026-03-18T12:57:15","modified_gmt":"2026-03-18T11:57:15","slug":"compliance-channel","status":"publish","type":"page","link":"https:\/\/www.intarcon.com\/fr\/compliance-channel\/","title":{"rendered":"Compliance"},"content":{"rendered":"\t\t<div data-elementor-type=\"wp-page\" data-elementor-id=\"20760\" class=\"elementor elementor-20760 elementor-11190\" data-elementor-post-type=\"page\">\n\t\t\t\t\t\t<section class=\"elementor-section elementor-top-section elementor-element elementor-element-c7d7a2e elementor-section-boxed elementor-section-height-default elementor-section-height-default\" data-id=\"c7d7a2e\" data-element_type=\"section\">\r\n\t\t\r\n\t\t\t\t\t\t\t<div class=\"elementor-container elementor-column-gap-default\">\r\n\t\t\t\t\t\t\t\t\t\t\t<div class=\"elementor-column elementor-col-100 elementor-top-column elementor-element elementor-element-6a3df80\" data-id=\"6a3df80\" data-element_type=\"column\">\r\n\t\t\t\t\t<div class=\"elementor-widget-wrap elementor-element-populated\">\r\n\t\t\t\t\t\t\t\t<div class=\"elementor-element elementor-element-7e1bafa elementor-widget elementor-widget-heading\" data-id=\"7e1bafa\" data-element_type=\"widget\" data-widget_type=\"heading.default\">\n\t\t\t\t<div class=\"elementor-widget-container\">\n\t\t\t\t\t<h1 class=\"elementor-heading-title elementor-size-default\">Compliance<\/h1>\t\t\t\t<\/div>\n\t\t\t\t<\/div>\n\t\t\t\t<div class=\"elementor-element elementor-element-5722702 elementor-widget elementor-widget-spacer\" data-id=\"5722702\" data-element_type=\"widget\" data-widget_type=\"spacer.default\">\n\t\t\t\t<div class=\"elementor-widget-container\">\n\t\t\t\t\t\t\t<div class=\"elementor-spacer\">\n\t\t\t<div class=\"elementor-spacer-inner\"><\/div>\n\t\t<\/div>\n\t\t\t\t\t\t<\/div>\n\t\t\t\t<\/div>\n\t\t\t\t<div class=\"elementor-element elementor-element-3a4da05 elementor-widget elementor-widget-text-editor\" data-id=\"3a4da05\" data-element_type=\"widget\" data-widget_type=\"text-editor.default\">\n\t\t\t\t<div class=\"elementor-widget-container\">\n\t\t\t\t\t\t\t\t\t<p>Le Plan de Pr\u00e9vention des d\u00e9lits d\u00e9crit le r\u00e9gime de responsabilit\u00e9 p\u00e9nale des personnes morales, classe les risques pertinents susceptibles de d\u00e9couler pour INDUSTRIAS DE TECNOLOG\u00cdAS APLICADAS DE REFRIGERACI\u00d3N Y CONSERVACI\u00d3N, S.L., ci-apr\u00e8s INTARCON, et \u00e9tablit des mesures internes de contr\u00f4le ainsi que des protocoles d\u2019action afin de PR\u00c9VENIR la commission de d\u00e9lits pouvant engager la responsabilit\u00e9 p\u00e9nale de l\u2019entreprise. Par cons\u00e9quent, sa mise en \u0153uvre conf\u00e8re \u00e0 notre entreprise l\u2019image d\u2019une soci\u00e9t\u00e9 \u00e9thique, int\u00e8gre et transparente.<\/p>\n\t\t\t\t\t\t\t\t<\/div>\n\t\t\t\t<\/div>\n\t\t\t\t\t<\/div>\r\n\t\t\t\t<\/div>\r\n\t\t\t\t\t<\/div>\r\n\t\t\t\t<\/section>\r\n\t\t\t\t<section class=\"elementor-section elementor-top-section elementor-element elementor-element-0428fed elementor-section-boxed elementor-section-height-default elementor-section-height-default\" data-id=\"0428fed\" data-element_type=\"section\">\r\n\t\t\r\n\t\t\t\t\t\t\t<div class=\"elementor-container elementor-column-gap-default\">\r\n\t\t\t\t\t\t\t\t\t\t\t<div class=\"elementor-column elementor-col-100 elementor-top-column elementor-element elementor-element-f8b5e15\" data-id=\"f8b5e15\" data-element_type=\"column\">\r\n\t\t\t\t\t<div class=\"elementor-widget-wrap elementor-element-populated\">\r\n\t\t\t\t\t\t\t\t<div class=\"elementor-element elementor-element-64fd7e4 elementor-widget elementor-widget-text-editor\" data-id=\"64fd7e4\" data-element_type=\"widget\" data-widget_type=\"text-editor.default\">\n\t\t\t\t<div class=\"elementor-widget-container\">\n\t\t\t\t\t\t\t\t\t<h3><strong>CODE \u00c9THIQUE<\/strong><\/h3>\n<p>Le Code \u00e9thique fait partie int\u00e9grante et essentielle du Plan et contient des r\u00e8gles de conduite ainsi que des normes \u00e9thiques qui s\u2019imposent \u00e0 toutes les parties soumises au Plan.<\/p>\n<p>Il a \u00e9t\u00e9 approuv\u00e9 par le Conseil d\u2019administration lors de sa s\u00e9ance du <strong>28 juin 2019<\/strong>.<\/p>\n\t\t\t\t\t\t\t\t<\/div>\n\t\t\t\t<\/div>\n\t\t\t\t<div class=\"elementor-element elementor-element-0a1016d elementor-widget elementor-widget-text-editor\" data-id=\"0a1016d\" data-element_type=\"widget\" data-widget_type=\"text-editor.default\">\n\t\t\t\t<div class=\"elementor-widget-container\">\n\t\t\t\t\t\t\t\t\t<h3>COMIT\u00c9 DE CONFORMIT\u00c9<\/h3>\n<p>Il s\u2019agit de l\u2019organe supr\u00eame garant du respect du Code \u00e9thique d\u2019INTARCON ainsi que de la r\u00e9glementation interne relative \u00e0 son application. En outre, dans sa fonction de responsable de la conformit\u00e9 p\u00e9nale, il est l\u2019organe charg\u00e9 d\u2019identifier les risques p\u00e9naux de notre entreprise et d\u2019\u00e9valuer, d\u2019analyser, de mettre en \u0153uvre, d\u2019am\u00e9liorer et d\u2019assurer le suivi du Syst\u00e8me de pr\u00e9vention des infractions.<\/p>\n\t\t\t\t\t\t\t\t<\/div>\n\t\t\t\t<\/div>\n\t\t\t\t<div class=\"elementor-element elementor-element-e371e7b elementor-widget elementor-widget-text-editor\" data-id=\"e371e7b\" data-element_type=\"widget\" data-widget_type=\"text-editor.default\">\n\t\t\t\t<div class=\"elementor-widget-container\">\n\t\t\t\t\t\t\t\t\t<h3><strong>ACTIVIT\u00c9S \u00c0 RISQUE, INFRACTIONS ET POLITIQUES D\u2019ACTION<\/strong><\/h3>\n<p>L\u2019objet social d\u2019INTARCON est la conception, la fabrication et la commercialisation d\u2019\u00e9quipements et de solutions fond\u00e9s sur les technologies de la r\u00e9frig\u00e9ration et de la climatisation ; ainsi, dans l\u2019exercice de l\u2019une quelconque de ses activit\u00e9s \u00e0 cette fin, diff\u00e9rentes situations de risque susceptibles d\u2019aboutir \u00e0 la commission de certaines infractions pertinentes peuvent se pr\u00e9senter.<\/p>\n<p>Par ailleurs, les politiques d\u2019action sont les protocoles ou proc\u00e9dures \u00e0 suivre \u00e9tablis par INTARCON dans le but d\u2019\u00e9viter la commission de comportements d\u00e9lictueux dans l\u2019exercice des activit\u00e9s \u00e0 risque.<\/p>\n\t\t\t\t\t\t\t\t<\/div>\n\t\t\t\t<\/div>\n\t\t\t\t<div class=\"elementor-element elementor-element-91c7071 elementor-widget elementor-widget-text-editor\" data-id=\"91c7071\" data-element_type=\"widget\" data-widget_type=\"text-editor.default\">\n\t\t\t\t<div class=\"elementor-widget-container\">\n\t\t\t\t\t\t\t\t\t<h3><strong>COMMENT PR\u00c9SENTER UN SIGNALEMENT<\/strong><\/h3>\n<p>Les communications peuvent \u00eatre pr\u00e9sent\u00e9es par l\u2019un des moyens suivants :<\/p>\n<ul>\n<li>Par le biais du <a href=\"https:\/\/whistleblowersoftware.com\/secure\/canaldedenunciaskeytergroup\" target=\"_blank\" rel=\"noopener\"><strong>canal interne de signalement<\/strong><\/a> publi\u00e9 sur le site web (moyen privil\u00e9gi\u00e9).<\/li>\n<li>Email (<a href=\"mailto:canalinterno@intarcon.es\" target=\"_blank\" rel=\"noopener\"><strong>canalinterno@intarcon.es<\/strong><\/a>)<\/li>\n<li><strong>Format papier \/ courrier postal<\/strong> (il peut \u00eatre pr\u00e9sent\u00e9 au moyen du <a href=\"https:\/\/drive.google.com\/file\/d\/1XHNN57f568PSxsEQdunCQhWP_nO5HeJT\/view\" target=\"_blank\" rel=\"noopener\"><strong>mod\u00e8le t\u00e9l\u00e9chargeable<\/strong><\/a>. Toutefois, s\u2019il est envoy\u00e9 de mani\u00e8re anonyme, cela peut compliquer une enqu\u00eate ad\u00e9quate ainsi que la collaboration avec la personne \u00e0 l\u2019origine du signalement, en emp\u00eachant tout contact avec celle-ci).<\/li>\n<\/ul>\n\t\t\t\t\t\t\t\t<\/div>\n\t\t\t\t<\/div>\n\t\t\t\t<div class=\"elementor-element elementor-element-8ed74cc elementor-widget elementor-widget-text-editor\" data-id=\"8ed74cc\" data-element_type=\"widget\" data-widget_type=\"text-editor.default\">\n\t\t\t\t<div class=\"elementor-widget-container\">\n\t\t\t\t\t\t\t\t\t<h3><strong>PLAN DE PR\u00c9VENTION DES INFRACTIONS \u2013 COMPLIANCE<\/strong><\/h3>\n\t\t\t\t\t\t\t\t<\/div>\n\t\t\t\t<\/div>\n\t\t\t\t<div class=\"elementor-element elementor-element-868d6b1 elementor-widget elementor-widget-html\" data-id=\"868d6b1\" data-element_type=\"widget\" data-widget_type=\"html.default\">\n\t\t\t\t<div class=\"elementor-widget-container\">\n\t\t\t\t\t<a href=\"https:\/\/drive.google.com\/file\/d\/1ISipBttxAcPA3FY8xL4AHZIzv1OSvBWb\/view?usp=sharing\" target=\"_blank\" rel=\"noopener noreferrer\" style=\"display:inline-flex; align-items:center; gap:10px; text-decoration:none; color:#1a82ba; font-size:12px; font-weight:400;\">\r\n  <i class=\"far fa-file-pdf\" style=\"font-size:15px;\"><\/i>\r\n  <span style=\"color:#1a82ba;\">VOIR LE PLAN DE PR\u00c9VENTION DES INFRACTIONS<\/span>\r\n<\/a>\t\t\t\t<\/div>\n\t\t\t\t<\/div>\n\t\t\t\t\t<\/div>\r\n\t\t\t\t<\/div>\r\n\t\t\t\t\t<\/div>\r\n\t\t\t\t<\/section>\r\n\t\t\t\t<\/div>\n\t\t","protected":false},"excerpt":{"rendered":"<p>Compliance Le Plan de Pr\u00e9vention des d\u00e9lits d\u00e9crit le r\u00e9gime de responsabilit\u00e9 p\u00e9nale des personnes morales, classe les risques pertinents susceptibles de d\u00e9couler pour INDUSTRIAS DE TECNOLOG\u00cdAS APLICADAS DE REFRIGERACI\u00d3N Y CONSERVACI\u00d3N, S.L., ci-apr\u00e8s INTARCON, et \u00e9tablit des mesures internes de contr\u00f4le ainsi que des protocoles d\u2019action afin de PR\u00c9VENIR la commission de d\u00e9lits pouvant [&hellip;]<\/p>\n","protected":false},"author":2,"featured_media":0,"parent":0,"menu_order":0,"comment_status":"closed","ping_status":"closed","template":"","meta":{"footnotes":""},"class_list":["post-20760","page","type-page","status-publish","hentry"],"yoast_head":"<!-- This site is optimized with the Yoast SEO plugin v25.5 - https:\/\/yoast.com\/wordpress\/plugins\/seo\/ -->\n<title>Compliance - INTARCON<\/title>\n<meta name=\"description\" content=\"INTARCON \u00e9tablit des mesures de contr\u00f4le interne dans le but de PR\u00c9VENIR la commission de d\u00e9lits susceptibles d&#039;engager la responsabilit\u00e9 de l&#039;entreprise.\" \/>\n<meta name=\"robots\" content=\"noindex, nofollow\" \/>\n<meta property=\"og:locale\" content=\"fr_FR\" \/>\n<meta property=\"og:type\" content=\"article\" \/>\n<meta property=\"og:title\" content=\"Compliance - INTARCON\" \/>\n<meta property=\"og:description\" content=\"INTARCON \u00e9tablit des mesures de contr\u00f4le interne dans le but de PR\u00c9VENIR la commission de d\u00e9lits susceptibles d&#039;engager la responsabilit\u00e9 de l&#039;entreprise.\" \/>\n<meta property=\"og:url\" content=\"https:\/\/www.intarcon.com\/fr\/compliance-channel\/\" \/>\n<meta property=\"og:site_name\" content=\"INTARCON\" \/>\n<meta property=\"article:publisher\" content=\"https:\/\/www.facebook.com\/intarcon\/\" \/>\n<meta property=\"article:modified_time\" content=\"2026-03-18T11:57:15+00:00\" \/>\n<meta name=\"twitter:card\" content=\"summary_large_image\" \/>\n<meta name=\"twitter:site\" content=\"@Intarcon\" \/>\n<meta name=\"twitter:label1\" content=\"Est. reading time\" \/>\n\t<meta name=\"twitter:data1\" content=\"4 minutes\" \/>\n<script type=\"application\/ld+json\" class=\"yoast-schema-graph\">{\"@context\":\"https:\/\/schema.org\",\"@graph\":[{\"@type\":\"WebPage\",\"@id\":\"https:\/\/www.intarcon.com\/fr\/compliance-channel\/\",\"url\":\"https:\/\/www.intarcon.com\/fr\/compliance-channel\/\",\"name\":\"Compliance - INTARCON\",\"isPartOf\":{\"@id\":\"https:\/\/www.intarcon.com\/fr\/#website\"},\"datePublished\":\"2019-09-04T13:58:24+00:00\",\"dateModified\":\"2026-03-18T11:57:15+00:00\",\"description\":\"INTARCON \u00e9tablit des mesures de contr\u00f4le interne dans le but de PR\u00c9VENIR la commission de d\u00e9lits susceptibles d'engager la responsabilit\u00e9 de l'entreprise.\",\"breadcrumb\":{\"@id\":\"https:\/\/www.intarcon.com\/fr\/compliance-channel\/#breadcrumb\"},\"inLanguage\":\"fr\",\"potentialAction\":[{\"@type\":\"ReadAction\",\"target\":[\"https:\/\/www.intarcon.com\/fr\/compliance-channel\/\"]}]},{\"@type\":\"BreadcrumbList\",\"@id\":\"https:\/\/www.intarcon.com\/fr\/compliance-channel\/#breadcrumb\",\"itemListElement\":[{\"@type\":\"ListItem\",\"position\":1,\"name\":\"Portada\",\"item\":\"https:\/\/www.intarcon.com\/fr\/\"},{\"@type\":\"ListItem\",\"position\":2,\"name\":\"Compliance\"}]},{\"@type\":\"WebSite\",\"@id\":\"https:\/\/www.intarcon.com\/fr\/#website\",\"url\":\"https:\/\/www.intarcon.com\/fr\/\",\"name\":\"INTARCON\",\"description\":\"\",\"potentialAction\":[{\"@type\":\"SearchAction\",\"target\":{\"@type\":\"EntryPoint\",\"urlTemplate\":\"https:\/\/www.intarcon.com\/fr\/?s={search_term_string}\"},\"query-input\":{\"@type\":\"PropertyValueSpecification\",\"valueRequired\":true,\"valueName\":\"search_term_string\"}}],\"inLanguage\":\"fr\"}]}<\/script>\n<!-- \/ Yoast SEO plugin. -->","yoast_head_json":{"title":"Compliance - INTARCON","description":"INTARCON \u00e9tablit des mesures de contr\u00f4le interne dans le but de PR\u00c9VENIR la commission de d\u00e9lits susceptibles d'engager la responsabilit\u00e9 de l'entreprise.","robots":{"index":"noindex","follow":"nofollow"},"og_locale":"fr_FR","og_type":"article","og_title":"Compliance - INTARCON","og_description":"INTARCON \u00e9tablit des mesures de contr\u00f4le interne dans le but de PR\u00c9VENIR la commission de d\u00e9lits susceptibles d'engager la responsabilit\u00e9 de l'entreprise.","og_url":"https:\/\/www.intarcon.com\/fr\/compliance-channel\/","og_site_name":"INTARCON","article_publisher":"https:\/\/www.facebook.com\/intarcon\/","article_modified_time":"2026-03-18T11:57:15+00:00","twitter_card":"summary_large_image","twitter_site":"@Intarcon","twitter_misc":{"Est. reading time":"4 minutes"},"schema":{"@context":"https:\/\/schema.org","@graph":[{"@type":"WebPage","@id":"https:\/\/www.intarcon.com\/fr\/compliance-channel\/","url":"https:\/\/www.intarcon.com\/fr\/compliance-channel\/","name":"Compliance - INTARCON","isPartOf":{"@id":"https:\/\/www.intarcon.com\/fr\/#website"},"datePublished":"2019-09-04T13:58:24+00:00","dateModified":"2026-03-18T11:57:15+00:00","description":"INTARCON \u00e9tablit des mesures de contr\u00f4le interne dans le but de PR\u00c9VENIR la commission de d\u00e9lits susceptibles d'engager la responsabilit\u00e9 de l'entreprise.","breadcrumb":{"@id":"https:\/\/www.intarcon.com\/fr\/compliance-channel\/#breadcrumb"},"inLanguage":"fr","potentialAction":[{"@type":"ReadAction","target":["https:\/\/www.intarcon.com\/fr\/compliance-channel\/"]}]},{"@type":"BreadcrumbList","@id":"https:\/\/www.intarcon.com\/fr\/compliance-channel\/#breadcrumb","itemListElement":[{"@type":"ListItem","position":1,"name":"Portada","item":"https:\/\/www.intarcon.com\/fr\/"},{"@type":"ListItem","position":2,"name":"Compliance"}]},{"@type":"WebSite","@id":"https:\/\/www.intarcon.com\/fr\/#website","url":"https:\/\/www.intarcon.com\/fr\/","name":"INTARCON","description":"","potentialAction":[{"@type":"SearchAction","target":{"@type":"EntryPoint","urlTemplate":"https:\/\/www.intarcon.com\/fr\/?s={search_term_string}"},"query-input":{"@type":"PropertyValueSpecification","valueRequired":true,"valueName":"search_term_string"}}],"inLanguage":"fr"}]}},"_links":{"self":[{"href":"https:\/\/www.intarcon.com\/fr\/wp-json\/wp\/v2\/pages\/20760","targetHints":{"allow":["GET"]}}],"collection":[{"href":"https:\/\/www.intarcon.com\/fr\/wp-json\/wp\/v2\/pages"}],"about":[{"href":"https:\/\/www.intarcon.com\/fr\/wp-json\/wp\/v2\/types\/page"}],"author":[{"embeddable":true,"href":"https:\/\/www.intarcon.com\/fr\/wp-json\/wp\/v2\/users\/2"}],"replies":[{"embeddable":true,"href":"https:\/\/www.intarcon.com\/fr\/wp-json\/wp\/v2\/comments?post=20760"}],"version-history":[{"count":0,"href":"https:\/\/www.intarcon.com\/fr\/wp-json\/wp\/v2\/pages\/20760\/revisions"}],"wp:attachment":[{"href":"https:\/\/www.intarcon.com\/fr\/wp-json\/wp\/v2\/media?parent=20760"}],"curies":[{"name":"wp","href":"https:\/\/api.w.org\/{rel}","templated":true}]}}