{"id":20758,"date":"2019-06-29T13:49:54","date_gmt":"2019-06-29T11:49:54","guid":{"rendered":"https:\/\/www.intarcon.com\/privacy-policy-and-legal-terms\/"},"modified":"2023-12-19T15:30:53","modified_gmt":"2023-12-19T14:30:53","slug":"privacy-policy-and-legal-terms","status":"publish","type":"page","link":"https:\/\/www.intarcon.com\/fr\/privacy-policy-and-legal-terms\/","title":{"rendered":"Privacy Policy and Legal terms"},"content":{"rendered":"\t\t<div data-elementor-type=\"wp-page\" data-elementor-id=\"20758\" class=\"elementor elementor-20758 elementor-7368\" data-elementor-post-type=\"page\">\n\t\t\t\t\t\t<section class=\"elementor-section elementor-top-section elementor-element elementor-element-19b1149e elementor-section-boxed elementor-section-height-default elementor-section-height-default\" data-id=\"19b1149e\" data-element_type=\"section\">\r\n\t\t\r\n\t\t\t\t\t\t\t<div class=\"elementor-container elementor-column-gap-default\">\r\n\t\t\t\t\t\t\t\t\t\t\t<div class=\"elementor-column elementor-col-100 elementor-top-column elementor-element elementor-element-d58d534\" data-id=\"d58d534\" data-element_type=\"column\">\r\n\t\t\t\t\t<div class=\"elementor-widget-wrap elementor-element-populated\">\r\n\t\t\t\t\t\t\t\t<div class=\"elementor-element elementor-element-fce563c elementor-widget elementor-widget-text-editor\" data-id=\"fce563c\" data-element_type=\"widget\" data-widget_type=\"text-editor.default\">\n\t\t\t\t<div class=\"elementor-widget-container\">\n\t\t\t\t\t\t\t\t\t<h2>Privacy Policy<\/h2><p>Your privacy is very important to Industrias de Tecnologias Aplicadas de Refrigeraci\u00f3n y Consevaci\u00f3n S.L.(INTARCON) and we want to remain open and transparent when using your personal data. We have a policy that establishes how your personal data is processed and protected.<\/p><p><span style=\"color: #000000;\"><strong>Who is responsible for the use of your personal data?<\/strong><\/span><\/p><p>INDUSTRIAS DE TECNOLOG\u00cdAS APLICADAS DE REFRIGERACI\u00d3N Y CONSERVACI\u00d3N, S.L. | CIF: B14779136 | Postal address: LUCENA\u00a0(CORDOBA), Po.Box. 14900, POL\u00cdGONO INDUSTRIAL LOS SANTOS, BULEVAR DE LOS SANTOS 34, REG. 59279 PA S\/N | E-mail:lopd@keyter-intarcon.es<\/p><p><span style=\"color: #000000;\"><strong>How are we using your personal data?<\/strong><\/span><\/p><p>At\u00a0INTARCON we use information provided by the concerned parties in order to carry out the administrative, accounting and fiscal management of the services requested, as well as send commercial communications about our products and services, for which you have given us your consent.<\/p><p><span style=\"color: #000000;\"><strong>For how long will we will keep your personal data?<\/strong><\/span><\/p><p>We will keep your personal data as long as the commercial relationship is maintained, and for the amount of time necessary to comply with the legal obligations that result from the application.<\/p><p><span style=\"color: #000000;\"><strong>What legitimizes the processing of your personal data?<\/strong><\/span><\/p><p>The following show the legal basis for the treatment of your personal data:<\/p><ul><li>Execution of a contract: Provision of the services requested.<\/li><li>Consent of the interested party: sending commercial communications.<\/li><\/ul><p><span style=\"color: #000000;\"><strong>Who will receive your personal data?<\/strong><\/span><\/p><p>Personal data will be given to a third party only if we have your consent first. As well as to comply with legal obligations.<\/p><p><span style=\"color: #000000;\"><strong>Data transfer to others countries<\/strong><\/span><\/p><p>Data transfer to others countries will be made with your consent first.<\/p><p><span style=\"color: #000000;\"><strong>Which are your rights when you give your personal data to us?<\/strong><\/span><\/p><p>Any person have the right to obtein a confirmation about if at INTARCON we are processing personal data that concerns you.<\/p><p>The concerned persons have the right to access to their personal data, to request the correction of incorrect data or request its deletion when the data is no longer necessary for the purposes that it was collected.<\/p><p>In certain circumstances, the concerned parties may request the limitation of the use of their data, in which case we will only keep them for the filing or defense of complaints. In certain circumstances and for reasons related to their particular situation, the concerned parties may object to the use of their data. In this case, INTARCON will stop using the data, except for legitimate imperative(?) reasons, or for the filing or defense of possible complaints.<\/p><p>You can materially exercise your rights in the following way: sending an e-mail to the person responsible for the information use described above, attaching a copy of your ID or identity document.<\/p><p>If you have given your consent for a specific purpose, you have the right to revoke the consent given at any time, without affecting the legality of the use based on your consent prior to the revocation.<\/p><p>In case you feel your rights are infringed in relation to the protection of your personal data, especially when you have not obtained satisfaction in exercising your rights, you can submit a claim to the competent data protection Control Authority through the website: www.agpd.es.<\/p><p><span style=\"color: #000000;\"><strong>How did we obtain your personal data?<\/strong><\/span><\/p><p>Personal data that we use at INTARCON have been directly provided by the concerned party.<\/p><p>The data categories we deal with are:<\/p><ul><li>Identification data.<\/li><li>Postal and Email addresses.<\/li><li>Commercial information.<\/li><\/ul><h2><span style=\"color: #000000;\">Legal Terms<\/span><\/h2><p>The purpose of these Terms and Conditions of Use is to inform you of the intellectual property rights that must be respected and of how information about you is collected and processed as you use this website.<br \/>The content of these Terms and Conditions of Use is subject to change.<\/p><p>This website is owned by Industrias de Tecnolog\u00edas Aplicadas de Refrigeraci\u00f3n y Conservaci\u00f3n, SL (from now on \u201cIntarcon\u201d) with CIF (Tax Id.): B14779136, located at P.I. Los Santos, pa. 10, 14900 Lucena (C\u00f3rdoba) SPAIN.<\/p><p><strong>User access .-\u00a0<\/strong>By using this site, you acknowledge that you have read these Terms and Conditions of Use and that you agree to abide by them.<\/p><p><strong>Laws<\/strong>.- Every relationship between the users of this website and Intarcon are submitted to Spanish laws and any dispute will be judged in the Court of Lucena.<\/p><p><strong>Content and use\u00a0<\/strong>.- User acknowledge that the use of this website does not involve any commercial relationship with Intarcon.<\/p><p>The software, material, databases, still or animated images, sounds, know-how and all other media comprising the website, are the exclusive property of Intarcon or its partners. Any reproduction of this site, either in whole or in part, without Intarcon\u2019s express permission is prohibited and will constitute an infringement punished by criminal law.<\/p><p>The content on Intarcon\u2019s website is provided for informational purposes only. Intarcon cannot guarantee the accuracy, completeness, or correctness of this content. You therefore acknowledge that you use this information exclusively under your own responsibility. Intarcon uses every endeavour to provide information and\/or aids that are available and have been checked. However, it shall assume no liability for errors, unavailable information and\/or the presence of viruses on its website.<\/p><p><strong>Copyright<\/strong>.- All reproduction rights are reserved, including those for content, photos, written material, documents, audio and video. None of the content on this portal may be reproduced, transmitted, sold, commercially exploited, or reused in any manner. Any violation will be prosecuted.<\/p><p>The contents of this web site, text, images, sounds, animations, etc. as well as the graphic design and source code are protected by Spanish law regarding the intellectual and industrial property rights of Intarcon.<\/p><p>As such, their reproduction, distribution, public communication and transformation, totally or partially, is prohibited without the express authorization of Intarcon.<\/p><p><strong>Hyperlinks<\/strong>.- Express and written permission has been obtained for hyperlinks on the website to other resources on the internet, particularly those of Intarcon\u2019s partners. Users and visitors may not create hyperlinks to www.intarcon.com or www.intarcon.es without first obtaining Intarcon\u2019s written permission.<\/p>\t\t\t\t\t\t\t\t<\/div>\n\t\t\t\t<\/div>\n\t\t\t\t\t<\/div>\r\n\t\t\t\t<\/div>\r\n\t\t\t\t\t<\/div>\r\n\t\t\t\t<\/section>\r\n\t\t\t\t<\/div>\n\t\t","protected":false},"excerpt":{"rendered":"<p>Privacy Policy Your privacy is very important to Industrias de Tecnologias Aplicadas de Refrigeraci\u00f3n y Consevaci\u00f3n S.L.(INTARCON) and we want to remain open and transparent when using your personal data. We have a policy that establishes how your personal data is processed and protected. Who is responsible for the use of your personal data? INDUSTRIAS [&hellip;]<\/p>\n","protected":false},"author":2,"featured_media":0,"parent":0,"menu_order":0,"comment_status":"closed","ping_status":"closed","template":"","meta":{"footnotes":""},"class_list":["post-20758","page","type-page","status-publish","hentry"],"yoast_head":"<!-- This site is optimized with the Yoast SEO plugin v25.5 - https:\/\/yoast.com\/wordpress\/plugins\/seo\/ -->\n<title>Privacy Policy and Legal terms - INTARCON<\/title>\n<meta name=\"robots\" content=\"noindex, nofollow\" \/>\n<meta property=\"og:locale\" content=\"fr_FR\" \/>\n<meta property=\"og:type\" content=\"article\" \/>\n<meta property=\"og:title\" content=\"Privacy Policy and Legal terms - INTARCON\" \/>\n<meta property=\"og:description\" content=\"Privacy Policy Your privacy is very important to Industrias de Tecnologias Aplicadas de Refrigeraci\u00f3n y Consevaci\u00f3n S.L.(INTARCON) and we want to remain open and transparent when using your personal data. We have a policy that establishes how your personal data is processed and protected. Who is responsible for the use of your personal data? INDUSTRIAS [&hellip;]\" \/>\n<meta property=\"og:url\" content=\"https:\/\/www.intarcon.com\/fr\/privacy-policy-and-legal-terms\/\" \/>\n<meta property=\"og:site_name\" content=\"INTARCON\" \/>\n<meta property=\"article:publisher\" content=\"https:\/\/www.facebook.com\/intarcon\/\" \/>\n<meta property=\"article:modified_time\" content=\"2023-12-19T14:30:53+00:00\" \/>\n<meta name=\"twitter:card\" content=\"summary_large_image\" \/>\n<meta name=\"twitter:site\" content=\"@Intarcon\" \/>\n<meta name=\"twitter:label1\" content=\"Est. reading time\" \/>\n\t<meta name=\"twitter:data1\" content=\"5 minutes\" \/>\n<script type=\"application\/ld+json\" class=\"yoast-schema-graph\">{\"@context\":\"https:\/\/schema.org\",\"@graph\":[{\"@type\":\"WebPage\",\"@id\":\"https:\/\/www.intarcon.com\/fr\/privacy-policy-and-legal-terms\/\",\"url\":\"https:\/\/www.intarcon.com\/fr\/privacy-policy-and-legal-terms\/\",\"name\":\"Privacy Policy and Legal terms - INTARCON\",\"isPartOf\":{\"@id\":\"https:\/\/www.intarcon.com\/fr\/#website\"},\"datePublished\":\"2019-06-29T11:49:54+00:00\",\"dateModified\":\"2023-12-19T14:30:53+00:00\",\"breadcrumb\":{\"@id\":\"https:\/\/www.intarcon.com\/fr\/privacy-policy-and-legal-terms\/#breadcrumb\"},\"inLanguage\":\"fr\",\"potentialAction\":[{\"@type\":\"ReadAction\",\"target\":[\"https:\/\/www.intarcon.com\/fr\/privacy-policy-and-legal-terms\/\"]}]},{\"@type\":\"BreadcrumbList\",\"@id\":\"https:\/\/www.intarcon.com\/fr\/privacy-policy-and-legal-terms\/#breadcrumb\",\"itemListElement\":[{\"@type\":\"ListItem\",\"position\":1,\"name\":\"Portada\",\"item\":\"https:\/\/www.intarcon.com\/fr\/\"},{\"@type\":\"ListItem\",\"position\":2,\"name\":\"Privacy Policy and Legal terms\"}]},{\"@type\":\"WebSite\",\"@id\":\"https:\/\/www.intarcon.com\/fr\/#website\",\"url\":\"https:\/\/www.intarcon.com\/fr\/\",\"name\":\"INTARCON\",\"description\":\"\",\"potentialAction\":[{\"@type\":\"SearchAction\",\"target\":{\"@type\":\"EntryPoint\",\"urlTemplate\":\"https:\/\/www.intarcon.com\/fr\/?s={search_term_string}\"},\"query-input\":{\"@type\":\"PropertyValueSpecification\",\"valueRequired\":true,\"valueName\":\"search_term_string\"}}],\"inLanguage\":\"fr\"}]}<\/script>\n<!-- \/ Yoast SEO plugin. -->","yoast_head_json":{"title":"Privacy Policy and Legal terms - INTARCON","robots":{"index":"noindex","follow":"nofollow"},"og_locale":"fr_FR","og_type":"article","og_title":"Privacy Policy and Legal terms - INTARCON","og_description":"Privacy Policy Your privacy is very important to Industrias de Tecnologias Aplicadas de Refrigeraci\u00f3n y Consevaci\u00f3n S.L.(INTARCON) and we want to remain open and transparent when using your personal data. We have a policy that establishes how your personal data is processed and protected. Who is responsible for the use of your personal data? INDUSTRIAS [&hellip;]","og_url":"https:\/\/www.intarcon.com\/fr\/privacy-policy-and-legal-terms\/","og_site_name":"INTARCON","article_publisher":"https:\/\/www.facebook.com\/intarcon\/","article_modified_time":"2023-12-19T14:30:53+00:00","twitter_card":"summary_large_image","twitter_site":"@Intarcon","twitter_misc":{"Est. reading time":"5 minutes"},"schema":{"@context":"https:\/\/schema.org","@graph":[{"@type":"WebPage","@id":"https:\/\/www.intarcon.com\/fr\/privacy-policy-and-legal-terms\/","url":"https:\/\/www.intarcon.com\/fr\/privacy-policy-and-legal-terms\/","name":"Privacy Policy and Legal terms - INTARCON","isPartOf":{"@id":"https:\/\/www.intarcon.com\/fr\/#website"},"datePublished":"2019-06-29T11:49:54+00:00","dateModified":"2023-12-19T14:30:53+00:00","breadcrumb":{"@id":"https:\/\/www.intarcon.com\/fr\/privacy-policy-and-legal-terms\/#breadcrumb"},"inLanguage":"fr","potentialAction":[{"@type":"ReadAction","target":["https:\/\/www.intarcon.com\/fr\/privacy-policy-and-legal-terms\/"]}]},{"@type":"BreadcrumbList","@id":"https:\/\/www.intarcon.com\/fr\/privacy-policy-and-legal-terms\/#breadcrumb","itemListElement":[{"@type":"ListItem","position":1,"name":"Portada","item":"https:\/\/www.intarcon.com\/fr\/"},{"@type":"ListItem","position":2,"name":"Privacy Policy and Legal terms"}]},{"@type":"WebSite","@id":"https:\/\/www.intarcon.com\/fr\/#website","url":"https:\/\/www.intarcon.com\/fr\/","name":"INTARCON","description":"","potentialAction":[{"@type":"SearchAction","target":{"@type":"EntryPoint","urlTemplate":"https:\/\/www.intarcon.com\/fr\/?s={search_term_string}"},"query-input":{"@type":"PropertyValueSpecification","valueRequired":true,"valueName":"search_term_string"}}],"inLanguage":"fr"}]}},"_links":{"self":[{"href":"https:\/\/www.intarcon.com\/fr\/wp-json\/wp\/v2\/pages\/20758","targetHints":{"allow":["GET"]}}],"collection":[{"href":"https:\/\/www.intarcon.com\/fr\/wp-json\/wp\/v2\/pages"}],"about":[{"href":"https:\/\/www.intarcon.com\/fr\/wp-json\/wp\/v2\/types\/page"}],"author":[{"embeddable":true,"href":"https:\/\/www.intarcon.com\/fr\/wp-json\/wp\/v2\/users\/2"}],"replies":[{"embeddable":true,"href":"https:\/\/www.intarcon.com\/fr\/wp-json\/wp\/v2\/comments?post=20758"}],"version-history":[{"count":0,"href":"https:\/\/www.intarcon.com\/fr\/wp-json\/wp\/v2\/pages\/20758\/revisions"}],"wp:attachment":[{"href":"https:\/\/www.intarcon.com\/fr\/wp-json\/wp\/v2\/media?parent=20758"}],"curies":[{"name":"wp","href":"https:\/\/api.w.org\/{rel}","templated":true}]}}