{"id":9519,"date":"2019-06-23T08:45:14","date_gmt":"2019-06-23T06:45:14","guid":{"rendered":"https:\/\/www.intarcon.com\/wordpress\/producto\/quasiestaticos\/"},"modified":"2026-01-27T13:34:41","modified_gmt":"2026-01-27T12:34:41","slug":"meat-preservation-and-maturation","status":"publish","type":"product","link":"https:\/\/www.intarcon.com\/en\/product\/meat-preservation-and-maturation\/","title":{"rendered":"Meat preservation and maturation units"},"content":{"rendered":"<p>Meat preservation and maturation units are a split refrigeration systems for positive temperature applications, featuring a quasi-static evaporating unit with double air flow, and an axial low-noise or centrifugal condensing unit.<\/p>\n<p>Quasistatic units are available in two configurations:<\/p>\n<ul>\n<li><strong>MSF-U:<\/strong> Split systems with low-noise condensing unit and quasi-static double-flow evaporating unit.<\/li>\n<li><strong>MSH-CU:<\/strong> Split systems with centrifugal condensing unit and quasi-static double-flow evaporating unit.<\/li>\n<\/ul>\n<p><strong>Meat preservation<\/strong><\/p>\n<p>Quasi-static split systems are specifically recommended for unpacked meat preservation in cold rooms at temperature around 0 \u00baC.<br \/>\nDouble airflow evaporating units feature fans operating at a minimum speed to emulate the natural air convection inside the cold room, just as in a static evaporating unit.<br \/>\nMinimum air speed prevents moisture loss from the stored goods and keeps the correct level of humidity inside the cold room to prevent bacterial growth on the meet surface.<\/p>\n<p><strong>Meat maturation (optional)<\/strong><\/p>\n<p>Maturation of meat requires the control of the relative humidity of the cold room in a certain range.<br \/>\nThese units, are configured for cold rooms in the environment of\u00a0 0\u00baC and in the range of 40 to 95 % of relative humidity.<br \/>\nMeat maturation units incorporate an advanced electronic regulation to control of the temperature and humidity inside the cold room. This control include dehumidification and humidification. On the other hand,\u00a0 this control include functions such us steam humidification of 3 kg \/ h capacity consisting of:<\/p>\n<ul>\n<li>Steam lances integrated in the evaporator unit.<\/li>\n<li>A submerged electrode generating cylinder with feed and water purge valves<\/li>\n<li>Electronic relative humidity controller in the cold room.<\/li>\n<\/ul>\n<p><img fetchpriority=\"high\" decoding=\"async\" class=\"size-full wp-image-23069 aligncenter\" src=\"https:\/\/www.intarcon.com\/wp-content\/uploads\/2019\/06\/instalacion-maduracionyconservcarne-EN.png\" alt=\"\" width=\"702\" height=\"299\" srcset=\"https:\/\/www.intarcon.com\/wp-content\/uploads\/2019\/06\/instalacion-maduracionyconservcarne-EN.png 702w, https:\/\/www.intarcon.com\/wp-content\/uploads\/2019\/06\/instalacion-maduracionyconservcarne-EN-640x273.png 640w, https:\/\/www.intarcon.com\/wp-content\/uploads\/2019\/06\/instalacion-maduracionyconservcarne-EN-400x170.png 400w, https:\/\/www.intarcon.com\/wp-content\/uploads\/2019\/06\/instalacion-maduracionyconservcarne-EN-367x156.png 367w, https:\/\/www.intarcon.com\/wp-content\/uploads\/2019\/06\/instalacion-maduracionyconservcarne-EN-600x256.png 600w\" sizes=\"(max-width: 702px) 100vw, 702px\" \/><\/p>\n","protected":false},"excerpt":{"rendered":"<h2 style=\"color: #999999; font-size: 18px; margin-bottom: 0px; line-height: 29px;\">Refrigeration split units for very low air circulation<\/h2>\n<p>Refrigeration splits units for medium temperature, with quasi-static evaporator for very low speed.<\/p>\n<p>&nbsp;<\/p>\n<style>.elementor-widget-button .elementor-button{background-color:var( --e-global-color-accent );}.elementor-29435 .elementor-element.elementor-element-2e62495 .elementor-button{background-color:#0085BB;font-family:\"Roboto\", Montserrat;font-size:1.1em;font-weight:600;text-decoration:none;fill:#FFFFFF;color:#FFFFFF;border-style:solid;border-width:2px 2px 2px 2px;border-color:#0085BB;border-radius:33px 33px 33px 33px;padding:14px 20px 14px 20px;}.elementor-29435 .elementor-element.elementor-element-2e62495 .elementor-button:hover, .elementor-29435 .elementor-element.elementor-element-2e62495 .elementor-button:focus{background-color:#FFFFFF;color:#0085BB;border-color:#0085BB;}.elementor-29435 .elementor-element.elementor-element-2e62495 > .elementor-widget-container{margin:2% 0% 1% 0%;}.elementor-29435 .elementor-element.elementor-element-2e62495 .elementor-button:hover svg, .elementor-29435 .elementor-element.elementor-element-2e62495 .elementor-button:focus svg{fill:#0085BB;}@media(max-width:767px){.elementor-29435 .elementor-element.elementor-element-2e62495 > .elementor-widget-container{margin:-20px 0px 50px 0px;}}<\/style><div class=\"porto-block\" data-id=\"29435\">\t\t<div data-elementor-type=\"wp-post\" data-elementor-id=\"29435\" class=\"elementor elementor-29435 elementor-29420\" data-elementor-post-type=\"porto_builder\">\n\t\t\t\t\t\t<section class=\"elementor-section elementor-top-section elementor-element elementor-element-4601687 elementor-section-boxed elementor-section-height-default elementor-section-height-default\" data-id=\"4601687\" data-element_type=\"section\">\r\n\t\t\r\n\t\t\t\t\t\t\t<div class=\"elementor-container elementor-column-gap-default\">\r\n\t\t\t\t\t\t\t\t\t\t\t<div class=\"elementor-column elementor-col-100 elementor-top-column elementor-element elementor-element-7f3a8ac\" data-id=\"7f3a8ac\" data-element_type=\"column\">\r\n\t\t\t\t\t<div class=\"elementor-widget-wrap elementor-element-populated\">\r\n\t\t\t\t\t\t\t\t<div class=\"elementor-element elementor-element-2e62495 elementor-align-left elementor-widget elementor-widget-button\" data-id=\"2e62495\" data-element_type=\"widget\" data-widget_type=\"button.default\">\n\t\t\t\t<div class=\"elementor-widget-container\">\n\t\t\t\t\t\t\t\t\t<div class=\"elementor-button-wrapper\">\n\t\t\t\t\t<a class=\"elementor-button elementor-button-link elementor-size-md\" href=\"https:\/\/www.intarcon.com\/en\/technical-advice\/\">\n\t\t\t\t\t\t<span class=\"elementor-button-content-wrapper\">\n\t\t\t\t\t\t\t\t\t<span class=\"elementor-button-text\">Request technical advice<\/span>\n\t\t\t\t\t<\/span>\n\t\t\t\t\t<\/a>\n\t\t\t\t<\/div>\n\t\t\t\t\t\t\t\t<\/div>\n\t\t\t\t<\/div>\n\t\t\t\t\t<\/div>\r\n\t\t\t\t<\/div>\r\n\t\t\t\t\t<\/div>\r\n\t\t\t\t<\/section>\r\n\t\t\t\t<\/div>\n\t\t<\/div>\n<div class=\"ctadescripcion\"><\/div>\n","protected":false},"featured_media":89294,"template":"","meta":[],"product_brand":[],"product_cat":[374],"product_tag":[],"class_list":{"0":"post-9519","1":"product","2":"type-product","3":"status-publish","4":"has-post-thumbnail","6":"product_cat-split-systems-hfc","8":"first","9":"instock","10":"shipping-taxable","11":"product-type-simple"},"yoast_head":"<!-- This site is optimized with the Yoast SEO plugin v25.5 - https:\/\/yoast.com\/wordpress\/plugins\/seo\/ -->\n<title>Meat preservation and maturation units - INTARCON<\/title>\n<meta name=\"description\" content=\"Meat preservation and maturation units are a split refrigeration systems for positive temperature applications, featuring a quasi-static evaporating unit and an axial low-noise or centrifugal condensing unit.\" \/>\n<meta name=\"robots\" content=\"index, follow, max-snippet:-1, max-image-preview:large, max-video-preview:-1\" \/>\n<link rel=\"canonical\" href=\"https:\/\/www.intarcon.com\/en\/product\/meat-preservation-and-maturation\/\" \/>\n<meta property=\"og:locale\" content=\"en_US\" \/>\n<meta property=\"og:type\" content=\"article\" \/>\n<meta property=\"og:title\" content=\"Meat preservation and maturation units - INTARCON\" \/>\n<meta property=\"og:description\" content=\"Meat preservation and maturation units are a split refrigeration systems for positive temperature applications, featuring a quasi-static evaporating unit and an axial low-noise or centrifugal condensing unit.\" \/>\n<meta property=\"og:url\" content=\"https:\/\/www.intarcon.com\/en\/product\/meat-preservation-and-maturation\/\" \/>\n<meta property=\"og:site_name\" content=\"INTARCON\" \/>\n<meta property=\"article:publisher\" content=\"https:\/\/www.facebook.com\/intarcon\/\" \/>\n<meta property=\"article:modified_time\" content=\"2026-01-27T12:34:41+00:00\" \/>\n<meta property=\"og:image\" content=\"https:\/\/www.intarcon.com\/wp-content\/uploads\/2019\/06\/equipo-semicompacto-maduracion-conservacion-carne.webp\" \/>\n\t<meta property=\"og:image:width\" content=\"600\" \/>\n\t<meta property=\"og:image:height\" content=\"600\" \/>\n\t<meta property=\"og:image:type\" content=\"image\/webp\" \/>\n<meta name=\"twitter:card\" content=\"summary_large_image\" \/>\n<meta name=\"twitter:site\" content=\"@Intarcon\" \/>\n<meta name=\"twitter:label1\" content=\"Est. reading time\" \/>\n\t<meta name=\"twitter:data1\" content=\"2 minutes\" \/>\n<script type=\"application\/ld+json\" class=\"yoast-schema-graph\">{\"@context\":\"https:\/\/schema.org\",\"@graph\":[{\"@type\":\"WebPage\",\"@id\":\"https:\/\/www.intarcon.com\/en\/product\/meat-preservation-and-maturation\/\",\"url\":\"https:\/\/www.intarcon.com\/en\/product\/meat-preservation-and-maturation\/\",\"name\":\"Meat preservation and maturation units - INTARCON\",\"isPartOf\":{\"@id\":\"https:\/\/www.intarcon.com\/en\/#website\"},\"primaryImageOfPage\":{\"@id\":\"https:\/\/www.intarcon.com\/en\/product\/meat-preservation-and-maturation\/#primaryimage\"},\"image\":{\"@id\":\"https:\/\/www.intarcon.com\/en\/product\/meat-preservation-and-maturation\/#primaryimage\"},\"thumbnailUrl\":\"https:\/\/www.intarcon.com\/wp-content\/uploads\/2019\/06\/equipo-semicompacto-maduracion-conservacion-carne.webp\",\"datePublished\":\"2019-06-23T06:45:14+00:00\",\"dateModified\":\"2026-01-27T12:34:41+00:00\",\"description\":\"Meat preservation and maturation units are a split refrigeration systems for positive temperature applications, featuring a quasi-static evaporating unit and an axial low-noise or centrifugal condensing unit.\",\"breadcrumb\":{\"@id\":\"https:\/\/www.intarcon.com\/en\/product\/meat-preservation-and-maturation\/#breadcrumb\"},\"inLanguage\":\"en\",\"potentialAction\":[{\"@type\":\"ReadAction\",\"target\":[\"https:\/\/www.intarcon.com\/en\/product\/meat-preservation-and-maturation\/\"]}]},{\"@type\":\"ImageObject\",\"inLanguage\":\"en\",\"@id\":\"https:\/\/www.intarcon.com\/en\/product\/meat-preservation-and-maturation\/#primaryimage\",\"url\":\"https:\/\/www.intarcon.com\/wp-content\/uploads\/2019\/06\/equipo-semicompacto-maduracion-conservacion-carne.webp\",\"contentUrl\":\"https:\/\/www.intarcon.com\/wp-content\/uploads\/2019\/06\/equipo-semicompacto-maduracion-conservacion-carne.webp\",\"width\":600,\"height\":600,\"caption\":\"Equipo semicompacto de refrigeraci\u00f3n para conservaci\u00f3n y maduraci\u00f3n de carne - INTARCON\"},{\"@type\":\"BreadcrumbList\",\"@id\":\"https:\/\/www.intarcon.com\/en\/product\/meat-preservation-and-maturation\/#breadcrumb\",\"itemListElement\":[{\"@type\":\"ListItem\",\"position\":1,\"name\":\"Portada\",\"item\":\"https:\/\/www.intarcon.com\/en\/\"},{\"@type\":\"ListItem\",\"position\":2,\"name\":\"Producto\",\"item\":\"https:\/\/www.intarcon.com\/producto\/\"},{\"@type\":\"ListItem\",\"position\":3,\"name\":\"HFC\",\"item\":\"https:\/\/www.intarcon.com\/en\/technology\/hfc\/\"},{\"@type\":\"ListItem\",\"position\":4,\"name\":\"Split systems\",\"item\":\"https:\/\/www.intarcon.com\/en\/technology\/hfc\/split-systems-hfc\/\"},{\"@type\":\"ListItem\",\"position\":5,\"name\":\"Meat preservation and maturation units\"}]},{\"@type\":\"WebSite\",\"@id\":\"https:\/\/www.intarcon.com\/en\/#website\",\"url\":\"https:\/\/www.intarcon.com\/en\/\",\"name\":\"INTARCON\",\"description\":\"\",\"potentialAction\":[{\"@type\":\"SearchAction\",\"target\":{\"@type\":\"EntryPoint\",\"urlTemplate\":\"https:\/\/www.intarcon.com\/en\/?s={search_term_string}\"},\"query-input\":{\"@type\":\"PropertyValueSpecification\",\"valueRequired\":true,\"valueName\":\"search_term_string\"}}],\"inLanguage\":\"en\"}]}<\/script>\n<!-- \/ Yoast SEO plugin. -->","yoast_head_json":{"title":"Meat preservation and maturation units - INTARCON","description":"Meat preservation and maturation units are a split refrigeration systems for positive temperature applications, featuring a quasi-static evaporating unit and an axial low-noise or centrifugal condensing unit.","robots":{"index":"index","follow":"follow","max-snippet":"max-snippet:-1","max-image-preview":"max-image-preview:large","max-video-preview":"max-video-preview:-1"},"canonical":"https:\/\/www.intarcon.com\/en\/product\/meat-preservation-and-maturation\/","og_locale":"en_US","og_type":"article","og_title":"Meat preservation and maturation units - INTARCON","og_description":"Meat preservation and maturation units are a split refrigeration systems for positive temperature applications, featuring a quasi-static evaporating unit and an axial low-noise or centrifugal condensing unit.","og_url":"https:\/\/www.intarcon.com\/en\/product\/meat-preservation-and-maturation\/","og_site_name":"INTARCON","article_publisher":"https:\/\/www.facebook.com\/intarcon\/","article_modified_time":"2026-01-27T12:34:41+00:00","og_image":[{"width":600,"height":600,"url":"https:\/\/www.intarcon.com\/wp-content\/uploads\/2019\/06\/equipo-semicompacto-maduracion-conservacion-carne.webp","type":"image\/webp"}],"twitter_card":"summary_large_image","twitter_site":"@Intarcon","twitter_misc":{"Est. reading time":"2 minutes"},"schema":{"@context":"https:\/\/schema.org","@graph":[{"@type":"WebPage","@id":"https:\/\/www.intarcon.com\/en\/product\/meat-preservation-and-maturation\/","url":"https:\/\/www.intarcon.com\/en\/product\/meat-preservation-and-maturation\/","name":"Meat preservation and maturation units - INTARCON","isPartOf":{"@id":"https:\/\/www.intarcon.com\/en\/#website"},"primaryImageOfPage":{"@id":"https:\/\/www.intarcon.com\/en\/product\/meat-preservation-and-maturation\/#primaryimage"},"image":{"@id":"https:\/\/www.intarcon.com\/en\/product\/meat-preservation-and-maturation\/#primaryimage"},"thumbnailUrl":"https:\/\/www.intarcon.com\/wp-content\/uploads\/2019\/06\/equipo-semicompacto-maduracion-conservacion-carne.webp","datePublished":"2019-06-23T06:45:14+00:00","dateModified":"2026-01-27T12:34:41+00:00","description":"Meat preservation and maturation units are a split refrigeration systems for positive temperature applications, featuring a quasi-static evaporating unit and an axial low-noise or centrifugal condensing unit.","breadcrumb":{"@id":"https:\/\/www.intarcon.com\/en\/product\/meat-preservation-and-maturation\/#breadcrumb"},"inLanguage":"en","potentialAction":[{"@type":"ReadAction","target":["https:\/\/www.intarcon.com\/en\/product\/meat-preservation-and-maturation\/"]}]},{"@type":"ImageObject","inLanguage":"en","@id":"https:\/\/www.intarcon.com\/en\/product\/meat-preservation-and-maturation\/#primaryimage","url":"https:\/\/www.intarcon.com\/wp-content\/uploads\/2019\/06\/equipo-semicompacto-maduracion-conservacion-carne.webp","contentUrl":"https:\/\/www.intarcon.com\/wp-content\/uploads\/2019\/06\/equipo-semicompacto-maduracion-conservacion-carne.webp","width":600,"height":600,"caption":"Equipo semicompacto de refrigeraci\u00f3n para conservaci\u00f3n y maduraci\u00f3n de carne - INTARCON"},{"@type":"BreadcrumbList","@id":"https:\/\/www.intarcon.com\/en\/product\/meat-preservation-and-maturation\/#breadcrumb","itemListElement":[{"@type":"ListItem","position":1,"name":"Portada","item":"https:\/\/www.intarcon.com\/en\/"},{"@type":"ListItem","position":2,"name":"Producto","item":"https:\/\/www.intarcon.com\/producto\/"},{"@type":"ListItem","position":3,"name":"HFC","item":"https:\/\/www.intarcon.com\/en\/technology\/hfc\/"},{"@type":"ListItem","position":4,"name":"Split systems","item":"https:\/\/www.intarcon.com\/en\/technology\/hfc\/split-systems-hfc\/"},{"@type":"ListItem","position":5,"name":"Meat preservation and maturation units"}]},{"@type":"WebSite","@id":"https:\/\/www.intarcon.com\/en\/#website","url":"https:\/\/www.intarcon.com\/en\/","name":"INTARCON","description":"","potentialAction":[{"@type":"SearchAction","target":{"@type":"EntryPoint","urlTemplate":"https:\/\/www.intarcon.com\/en\/?s={search_term_string}"},"query-input":{"@type":"PropertyValueSpecification","valueRequired":true,"valueName":"search_term_string"}}],"inLanguage":"en"}]}},"_links":{"self":[{"href":"https:\/\/www.intarcon.com\/en\/wp-json\/wp\/v2\/product\/9519","targetHints":{"allow":["GET"]}}],"collection":[{"href":"https:\/\/www.intarcon.com\/en\/wp-json\/wp\/v2\/product"}],"about":[{"href":"https:\/\/www.intarcon.com\/en\/wp-json\/wp\/v2\/types\/product"}],"version-history":[{"count":0,"href":"https:\/\/www.intarcon.com\/en\/wp-json\/wp\/v2\/product\/9519\/revisions"}],"wp:featuredmedia":[{"embeddable":true,"href":"https:\/\/www.intarcon.com\/en\/wp-json\/wp\/v2\/media\/89294"}],"wp:attachment":[{"href":"https:\/\/www.intarcon.com\/en\/wp-json\/wp\/v2\/media?parent=9519"}],"wp:term":[{"taxonomy":"product_brand","embeddable":true,"href":"https:\/\/www.intarcon.com\/en\/wp-json\/wp\/v2\/product_brand?post=9519"},{"taxonomy":"product_cat","embeddable":true,"href":"https:\/\/www.intarcon.com\/en\/wp-json\/wp\/v2\/product_cat?post=9519"},{"taxonomy":"product_tag","embeddable":true,"href":"https:\/\/www.intarcon.com\/en\/wp-json\/wp\/v2\/product_tag?post=9519"}],"curies":[{"name":"wp","href":"https:\/\/api.w.org\/{rel}","templated":true}]}}