{"id":93206,"date":"2024-12-11T12:35:22","date_gmt":"2024-12-11T11:35:22","guid":{"rendered":"https:\/\/www.intarcon.com\/?post_type=product&#038;p=93206"},"modified":"2026-01-27T13:33:40","modified_gmt":"2026-01-27T12:33:40","slug":"r290-slim-type-evaporating-units","status":"publish","type":"product","link":"https:\/\/www.intarcon.com\/en\/product\/r290-slim-type-evaporating-units\/","title":{"rendered":"R290 slim-type evaporating units"},"content":{"rendered":"<p>The R290 slim-type evaporating units, built in aluminium structure and casing with polyester paint, for small cold rooms.<\/p>\n<h2>Cooling detail.<\/h2>\n<p><img fetchpriority=\"high\" decoding=\"async\" class=\"alignnone wp-image-93425\" src=\"https:\/\/www.intarcon.com\/wp-content\/uploads\/2024\/12\/render-ib-nd-abierto.webp\" alt=\"Esquema de evaporador de bajo perfil R290 abierto\" width=\"400\" height=\"311\" srcset=\"https:\/\/www.intarcon.com\/wp-content\/uploads\/2024\/12\/render-ib-nd-abierto-400x311.webp 400w, https:\/\/www.intarcon.com\/wp-content\/uploads\/2024\/12\/render-ib-nd-abierto-367x286.webp 367w\" sizes=\"(max-width: 400px) 100vw, 400px\" \/><\/p>\n<h2>R290 slim-type evaporating units installation recommendations.<\/h2>\n<p>Place the unit at the end of the cold room, and avoid placing it above the door. It is preferable to place the unit so the air flows lengthwise along the cold room and crosswise to the entrance door.<\/p>\n<p><img decoding=\"async\" class=\"alignnone size-full wp-image-93571\" src=\"https:\/\/www.intarcon.com\/wp-content\/uploads\/2024\/12\/esquema-jb-waterloop-r290.webp\" alt=\"\" width=\"386\" height=\"292\" srcset=\"https:\/\/www.intarcon.com\/wp-content\/uploads\/2024\/12\/esquema-jb-waterloop-r290.webp 386w, https:\/\/www.intarcon.com\/wp-content\/uploads\/2024\/12\/esquema-jb-waterloop-r290-367x278.webp 367w\" sizes=\"(max-width: 386px) 100vw, 386px\" \/><\/p>\n","protected":false},"excerpt":{"rendered":"<h2 style=\"color: #999999; font-size: 18px; margin-bottom: 0px;\">R290 slim-type evaporating units<\/h2>\n<p>Compact evaporation units, designed for small cold rooms with R290.<\/p>\n<style>.elementor-widget-button .elementor-button{background-color:var( --e-global-color-accent );}.elementor-29435 .elementor-element.elementor-element-2e62495 .elementor-button{background-color:#0085BB;font-family:\"Roboto\", Montserrat;font-size:1.1em;font-weight:600;text-decoration:none;fill:#FFFFFF;color:#FFFFFF;border-style:solid;border-width:2px 2px 2px 2px;border-color:#0085BB;border-radius:33px 33px 33px 33px;padding:14px 20px 14px 20px;}.elementor-29435 .elementor-element.elementor-element-2e62495 .elementor-button:hover, .elementor-29435 .elementor-element.elementor-element-2e62495 .elementor-button:focus{background-color:#FFFFFF;color:#0085BB;border-color:#0085BB;}.elementor-29435 .elementor-element.elementor-element-2e62495 > .elementor-widget-container{margin:2% 0% 1% 0%;}.elementor-29435 .elementor-element.elementor-element-2e62495 .elementor-button:hover svg, .elementor-29435 .elementor-element.elementor-element-2e62495 .elementor-button:focus svg{fill:#0085BB;}@media(max-width:767px){.elementor-29435 .elementor-element.elementor-element-2e62495 > .elementor-widget-container{margin:-20px 0px 50px 0px;}}<\/style><div class=\"porto-block\" data-id=\"29435\">\t\t<div data-elementor-type=\"wp-post\" data-elementor-id=\"29435\" class=\"elementor elementor-29435 elementor-29420\" data-elementor-post-type=\"porto_builder\">\n\t\t\t\t\t\t<section class=\"elementor-section elementor-top-section elementor-element elementor-element-4601687 elementor-section-boxed elementor-section-height-default elementor-section-height-default\" data-id=\"4601687\" data-element_type=\"section\">\r\n\t\t\r\n\t\t\t\t\t\t\t<div class=\"elementor-container elementor-column-gap-default\">\r\n\t\t\t\t\t\t\t\t\t\t\t<div class=\"elementor-column elementor-col-100 elementor-top-column elementor-element elementor-element-7f3a8ac\" data-id=\"7f3a8ac\" data-element_type=\"column\">\r\n\t\t\t\t\t<div class=\"elementor-widget-wrap elementor-element-populated\">\r\n\t\t\t\t\t\t\t\t<div class=\"elementor-element elementor-element-2e62495 elementor-align-left elementor-widget elementor-widget-button\" data-id=\"2e62495\" data-element_type=\"widget\" data-widget_type=\"button.default\">\n\t\t\t\t<div class=\"elementor-widget-container\">\n\t\t\t\t\t\t\t\t\t<div class=\"elementor-button-wrapper\">\n\t\t\t\t\t<a class=\"elementor-button elementor-button-link elementor-size-md\" href=\"https:\/\/www.intarcon.com\/en\/technical-advice\/\">\n\t\t\t\t\t\t<span class=\"elementor-button-content-wrapper\">\n\t\t\t\t\t\t\t\t\t<span class=\"elementor-button-text\">Request technical advice<\/span>\n\t\t\t\t\t<\/span>\n\t\t\t\t\t<\/a>\n\t\t\t\t<\/div>\n\t\t\t\t\t\t\t\t<\/div>\n\t\t\t\t<\/div>\n\t\t\t\t\t<\/div>\r\n\t\t\t\t<\/div>\r\n\t\t\t\t\t<\/div>\r\n\t\t\t\t<\/section>\r\n\t\t\t\t<\/div>\n\t\t<\/div>\n","protected":false},"featured_media":93564,"template":"","meta":[],"product_brand":[],"product_cat":[335,522,340,480],"product_tag":[],"class_list":{"0":"post-93206","1":"product","2":"type-product","3":"status-publish","4":"has-post-thumbnail","6":"product_cat-r290","7":"product_cat-waterloop-r290","8":"product_cat-waterloop","9":"product_cat-water-cooled-condensing-units","11":"first","12":"instock","13":"shipping-taxable","14":"product-type-simple"},"yoast_head":"<!-- This site is optimized with the Yoast SEO plugin v25.5 - https:\/\/yoast.com\/wordpress\/plugins\/seo\/ -->\n<title>R290 slim-type evaporating units - INTARCON<\/title>\n<meta name=\"description\" content=\"R290 slim-type evaporating units for cold rooms. High efficiency, aluminium structure and high flow motor fans for low temperatures.\" \/>\n<meta name=\"robots\" content=\"index, follow, max-snippet:-1, max-image-preview:large, max-video-preview:-1\" \/>\n<link rel=\"canonical\" href=\"https:\/\/www.intarcon.com\/en\/product\/r290-slim-type-evaporating-units\/\" \/>\n<meta property=\"og:locale\" content=\"en_US\" \/>\n<meta property=\"og:type\" content=\"article\" \/>\n<meta property=\"og:title\" content=\"R290 slim-type evaporating units - INTARCON\" \/>\n<meta property=\"og:description\" content=\"R290 slim-type evaporating units for cold rooms. High efficiency, aluminium structure and high flow motor fans for low temperatures.\" \/>\n<meta property=\"og:url\" content=\"https:\/\/www.intarcon.com\/en\/product\/r290-slim-type-evaporating-units\/\" \/>\n<meta property=\"og:site_name\" content=\"INTARCON\" \/>\n<meta property=\"article:publisher\" content=\"https:\/\/www.facebook.com\/intarcon\/\" \/>\n<meta property=\"article:modified_time\" content=\"2026-01-27T12:33:40+00:00\" \/>\n<meta property=\"og:image\" content=\"https:\/\/www.intarcon.com\/wp-content\/uploads\/2024\/12\/equipo-jb-2-nuevo-drch-1.webp\" \/>\n\t<meta property=\"og:image:width\" content=\"2000\" \/>\n\t<meta property=\"og:image:height\" content=\"2000\" \/>\n\t<meta property=\"og:image:type\" content=\"image\/webp\" \/>\n<meta name=\"twitter:card\" content=\"summary_large_image\" \/>\n<meta name=\"twitter:site\" content=\"@Intarcon\" \/>\n<script type=\"application\/ld+json\" class=\"yoast-schema-graph\">{\"@context\":\"https:\/\/schema.org\",\"@graph\":[{\"@type\":\"WebPage\",\"@id\":\"https:\/\/www.intarcon.com\/en\/product\/r290-slim-type-evaporating-units\/\",\"url\":\"https:\/\/www.intarcon.com\/en\/product\/r290-slim-type-evaporating-units\/\",\"name\":\"R290 slim-type evaporating units - INTARCON\",\"isPartOf\":{\"@id\":\"https:\/\/www.intarcon.com\/en\/#website\"},\"primaryImageOfPage\":{\"@id\":\"https:\/\/www.intarcon.com\/en\/product\/r290-slim-type-evaporating-units\/#primaryimage\"},\"image\":{\"@id\":\"https:\/\/www.intarcon.com\/en\/product\/r290-slim-type-evaporating-units\/#primaryimage\"},\"thumbnailUrl\":\"https:\/\/www.intarcon.com\/wp-content\/uploads\/2024\/12\/equipo-jb-2-nuevo-drch-1.webp\",\"datePublished\":\"2024-12-11T11:35:22+00:00\",\"dateModified\":\"2026-01-27T12:33:40+00:00\",\"description\":\"R290 slim-type evaporating units for cold rooms. High efficiency, aluminium structure and high flow motor fans for low temperatures.\",\"breadcrumb\":{\"@id\":\"https:\/\/www.intarcon.com\/en\/product\/r290-slim-type-evaporating-units\/#breadcrumb\"},\"inLanguage\":\"en\",\"potentialAction\":[{\"@type\":\"ReadAction\",\"target\":[\"https:\/\/www.intarcon.com\/en\/product\/r290-slim-type-evaporating-units\/\"]}]},{\"@type\":\"ImageObject\",\"inLanguage\":\"en\",\"@id\":\"https:\/\/www.intarcon.com\/en\/product\/r290-slim-type-evaporating-units\/#primaryimage\",\"url\":\"https:\/\/www.intarcon.com\/wp-content\/uploads\/2024\/12\/equipo-jb-2-nuevo-drch-1.webp\",\"contentUrl\":\"https:\/\/www.intarcon.com\/wp-content\/uploads\/2024\/12\/equipo-jb-2-nuevo-drch-1.webp\",\"width\":2000,\"height\":2000,\"caption\":\"evaporador de bajo perfil para R290, construido en estructura y carrocer\u00eda de aluminio, para peque\u00f1as c\u00e1mara frigor\u00edficas de INTARCON\"},{\"@type\":\"BreadcrumbList\",\"@id\":\"https:\/\/www.intarcon.com\/en\/product\/r290-slim-type-evaporating-units\/#breadcrumb\",\"itemListElement\":[{\"@type\":\"ListItem\",\"position\":1,\"name\":\"Portada\",\"item\":\"https:\/\/www.intarcon.com\/en\/\"},{\"@type\":\"ListItem\",\"position\":2,\"name\":\"Producto\",\"item\":\"https:\/\/www.intarcon.com\/producto\/\"},{\"@type\":\"ListItem\",\"position\":3,\"name\":\"R290\",\"item\":\"https:\/\/www.intarcon.com\/en\/technology\/r290\/\"},{\"@type\":\"ListItem\",\"position\":4,\"name\":\"R290 slim-type evaporating units\"}]},{\"@type\":\"WebSite\",\"@id\":\"https:\/\/www.intarcon.com\/en\/#website\",\"url\":\"https:\/\/www.intarcon.com\/en\/\",\"name\":\"INTARCON\",\"description\":\"\",\"potentialAction\":[{\"@type\":\"SearchAction\",\"target\":{\"@type\":\"EntryPoint\",\"urlTemplate\":\"https:\/\/www.intarcon.com\/en\/?s={search_term_string}\"},\"query-input\":{\"@type\":\"PropertyValueSpecification\",\"valueRequired\":true,\"valueName\":\"search_term_string\"}}],\"inLanguage\":\"en\"}]}<\/script>\n<!-- \/ Yoast SEO plugin. -->","yoast_head_json":{"title":"R290 slim-type evaporating units - INTARCON","description":"R290 slim-type evaporating units for cold rooms. High efficiency, aluminium structure and high flow motor fans for low temperatures.","robots":{"index":"index","follow":"follow","max-snippet":"max-snippet:-1","max-image-preview":"max-image-preview:large","max-video-preview":"max-video-preview:-1"},"canonical":"https:\/\/www.intarcon.com\/en\/product\/r290-slim-type-evaporating-units\/","og_locale":"en_US","og_type":"article","og_title":"R290 slim-type evaporating units - INTARCON","og_description":"R290 slim-type evaporating units for cold rooms. High efficiency, aluminium structure and high flow motor fans for low temperatures.","og_url":"https:\/\/www.intarcon.com\/en\/product\/r290-slim-type-evaporating-units\/","og_site_name":"INTARCON","article_publisher":"https:\/\/www.facebook.com\/intarcon\/","article_modified_time":"2026-01-27T12:33:40+00:00","og_image":[{"width":2000,"height":2000,"url":"https:\/\/www.intarcon.com\/wp-content\/uploads\/2024\/12\/equipo-jb-2-nuevo-drch-1.webp","type":"image\/webp"}],"twitter_card":"summary_large_image","twitter_site":"@Intarcon","schema":{"@context":"https:\/\/schema.org","@graph":[{"@type":"WebPage","@id":"https:\/\/www.intarcon.com\/en\/product\/r290-slim-type-evaporating-units\/","url":"https:\/\/www.intarcon.com\/en\/product\/r290-slim-type-evaporating-units\/","name":"R290 slim-type evaporating units - INTARCON","isPartOf":{"@id":"https:\/\/www.intarcon.com\/en\/#website"},"primaryImageOfPage":{"@id":"https:\/\/www.intarcon.com\/en\/product\/r290-slim-type-evaporating-units\/#primaryimage"},"image":{"@id":"https:\/\/www.intarcon.com\/en\/product\/r290-slim-type-evaporating-units\/#primaryimage"},"thumbnailUrl":"https:\/\/www.intarcon.com\/wp-content\/uploads\/2024\/12\/equipo-jb-2-nuevo-drch-1.webp","datePublished":"2024-12-11T11:35:22+00:00","dateModified":"2026-01-27T12:33:40+00:00","description":"R290 slim-type evaporating units for cold rooms. High efficiency, aluminium structure and high flow motor fans for low temperatures.","breadcrumb":{"@id":"https:\/\/www.intarcon.com\/en\/product\/r290-slim-type-evaporating-units\/#breadcrumb"},"inLanguage":"en","potentialAction":[{"@type":"ReadAction","target":["https:\/\/www.intarcon.com\/en\/product\/r290-slim-type-evaporating-units\/"]}]},{"@type":"ImageObject","inLanguage":"en","@id":"https:\/\/www.intarcon.com\/en\/product\/r290-slim-type-evaporating-units\/#primaryimage","url":"https:\/\/www.intarcon.com\/wp-content\/uploads\/2024\/12\/equipo-jb-2-nuevo-drch-1.webp","contentUrl":"https:\/\/www.intarcon.com\/wp-content\/uploads\/2024\/12\/equipo-jb-2-nuevo-drch-1.webp","width":2000,"height":2000,"caption":"evaporador de bajo perfil para R290, construido en estructura y carrocer\u00eda de aluminio, para peque\u00f1as c\u00e1mara frigor\u00edficas de INTARCON"},{"@type":"BreadcrumbList","@id":"https:\/\/www.intarcon.com\/en\/product\/r290-slim-type-evaporating-units\/#breadcrumb","itemListElement":[{"@type":"ListItem","position":1,"name":"Portada","item":"https:\/\/www.intarcon.com\/en\/"},{"@type":"ListItem","position":2,"name":"Producto","item":"https:\/\/www.intarcon.com\/producto\/"},{"@type":"ListItem","position":3,"name":"R290","item":"https:\/\/www.intarcon.com\/en\/technology\/r290\/"},{"@type":"ListItem","position":4,"name":"R290 slim-type evaporating units"}]},{"@type":"WebSite","@id":"https:\/\/www.intarcon.com\/en\/#website","url":"https:\/\/www.intarcon.com\/en\/","name":"INTARCON","description":"","potentialAction":[{"@type":"SearchAction","target":{"@type":"EntryPoint","urlTemplate":"https:\/\/www.intarcon.com\/en\/?s={search_term_string}"},"query-input":{"@type":"PropertyValueSpecification","valueRequired":true,"valueName":"search_term_string"}}],"inLanguage":"en"}]}},"_links":{"self":[{"href":"https:\/\/www.intarcon.com\/en\/wp-json\/wp\/v2\/product\/93206","targetHints":{"allow":["GET"]}}],"collection":[{"href":"https:\/\/www.intarcon.com\/en\/wp-json\/wp\/v2\/product"}],"about":[{"href":"https:\/\/www.intarcon.com\/en\/wp-json\/wp\/v2\/types\/product"}],"version-history":[{"count":0,"href":"https:\/\/www.intarcon.com\/en\/wp-json\/wp\/v2\/product\/93206\/revisions"}],"wp:featuredmedia":[{"embeddable":true,"href":"https:\/\/www.intarcon.com\/en\/wp-json\/wp\/v2\/media\/93564"}],"wp:attachment":[{"href":"https:\/\/www.intarcon.com\/en\/wp-json\/wp\/v2\/media?parent=93206"}],"wp:term":[{"taxonomy":"product_brand","embeddable":true,"href":"https:\/\/www.intarcon.com\/en\/wp-json\/wp\/v2\/product_brand?post=93206"},{"taxonomy":"product_cat","embeddable":true,"href":"https:\/\/www.intarcon.com\/en\/wp-json\/wp\/v2\/product_cat?post=93206"},{"taxonomy":"product_tag","embeddable":true,"href":"https:\/\/www.intarcon.com\/en\/wp-json\/wp\/v2\/product_tag?post=93206"}],"curies":[{"name":"wp","href":"https:\/\/api.w.org\/{rel}","templated":true}]}}