{"id":23804,"date":"2021-04-14T10:53:59","date_gmt":"2021-04-14T08:53:59","guid":{"rendered":"https:\/\/www.intarcon.com\/?post_type=product&#038;p=23804"},"modified":"2022-11-24T14:45:04","modified_gmt":"2022-11-24T12:45:04","slug":"intarsanit-tch","status":"publish","type":"product","link":"https:\/\/www.intarcon.com\/en\/product\/intarsanit-tch\/","title":{"rendered":"intarSANIT-TCH"},"content":{"rendered":"\t\t<div data-elementor-type=\"wp-post\" data-elementor-id=\"23804\" class=\"elementor elementor-23804 elementor-23802\" data-elementor-post-type=\"product\">\n\t\t\t\t\t\t<section class=\"elementor-section elementor-top-section elementor-element elementor-element-62af479e elementor-section-boxed elementor-section-height-default elementor-section-height-default\" data-id=\"62af479e\" data-element_type=\"section\">\r\n\t\t\r\n\t\t\t\t\t\t\t<div class=\"elementor-container elementor-column-gap-default\">\r\n\t\t\t\t\t\t\t\t\t\t\t<div class=\"elementor-column elementor-col-100 elementor-top-column elementor-element elementor-element-15554f11\" data-id=\"15554f11\" data-element_type=\"column\">\r\n\t\t\t\t\t<div class=\"elementor-widget-wrap elementor-element-populated\">\r\n\t\t\t\t\t\t\t\t<div class=\"elementor-element elementor-element-64dd5059 elementor-widget elementor-widget-text-editor\" data-id=\"64dd5059\" data-element_type=\"widget\" data-widget_type=\"text-editor.default\">\n\t\t\t\t<div class=\"elementor-widget-container\">\n\t\t\t\t\t\t\t\t\tintarSANIT-TCH is the new air conditioning and supply solution for work rooms, with heat recovery from extract air. The ventilation equipment is specifically designed for the supply of fresh air in work rooms and food processing rooms, which operate at a temperature of 10 to 15 \u00baC, with the following functions:\r\n<ul>\r\n \t<li>Filtration, sterilization and purification of the room air.<\/li>\r\n \t<li>Ventilation flow adaptable to the occupation, and overpressure of the room.<\/li>\r\n \t<li>High energy efficiency with heat recovery in the extraction air.<\/li>\r\n \t<li>Easy ceiling installation.<\/li>\r\n<\/ul>\r\n&nbsp;\r\n\r\n<img fetchpriority=\"high\" decoding=\"async\" class=\"size-full wp-image-23821 aligncenter\" src=\"https:\/\/www.intarcon.com\/wp-content\/uploads\/2021\/04\/en-2021-esquema-intarsanit-tch.png\" alt=\"en-2021-esquema-intarsanit-tch\" width=\"402\" height=\"261\" srcset=\"https:\/\/www.intarcon.com\/wp-content\/uploads\/2021\/04\/en-2021-esquema-intarsanit-tch.png 402w, https:\/\/www.intarcon.com\/wp-content\/uploads\/2021\/04\/en-2021-esquema-intarsanit-tch-400x261.png 400w, https:\/\/www.intarcon.com\/wp-content\/uploads\/2021\/04\/en-2021-esquema-intarsanit-tch-367x238.png 367w\" sizes=\"(max-width: 402px) 100vw, 402px\" \/><img decoding=\"async\" class=\"size-full wp-image-23809 aligncenter\" src=\"https:\/\/www.intarcon.com\/wp-content\/uploads\/2021\/04\/es-2021-esquemasala-intarsanit-tch.png\" alt=\"\" width=\"419\" height=\"303\" srcset=\"https:\/\/www.intarcon.com\/wp-content\/uploads\/2021\/04\/es-2021-esquemasala-intarsanit-tch.png 419w, https:\/\/www.intarcon.com\/wp-content\/uploads\/2021\/04\/es-2021-esquemasala-intarsanit-tch-400x289.png 400w, https:\/\/www.intarcon.com\/wp-content\/uploads\/2021\/04\/es-2021-esquemasala-intarsanit-tch-367x265.png 367w\" sizes=\"(max-width: 419px) 100vw, 419px\" \/>\r\n\r\n<strong>Control<\/strong>\r\n\r\niPro electronic control with distance digital display.\r\n<ul>\r\n \t<li>Air supply temperature control.<\/li>\r\n \t<li>Filter status control.<\/li>\r\n \t<li>Serial communication.<\/li>\r\n \t<li>Control option: remote touch display.<\/li>\r\n<\/ul>\r\n<img decoding=\"async\" class=\"size-full wp-image-23812 aligncenter\" src=\"https:\/\/www.intarcon.com\/wp-content\/uploads\/2021\/04\/es-2021-control-intarsanit.png\" alt=\"es-2021-control-intarsanit\" width=\"191\" height=\"298\" \/>\t\t\t\t\t\t\t\t<\/div>\n\t\t\t\t<\/div>\n\t\t\t\t<div class=\"elementor-element elementor-element-302d885 elementor-align-center elementor-widget elementor-widget-button\" data-id=\"302d885\" data-element_type=\"widget\" data-widget_type=\"button.default\">\n\t\t\t\t<div class=\"elementor-widget-container\">\n\t\t\t\t\t\t\t\t\t<div class=\"elementor-button-wrapper\">\n\t\t\t\t\t<a class=\"elementor-button elementor-button-link elementor-size-sm\" href=\"https:\/\/www.intarcon.com\/en\/intarsanit\/\">\n\t\t\t\t\t\t<span class=\"elementor-button-content-wrapper\">\n\t\t\t\t\t\t\t\t\t<span class=\"elementor-button-text\">Do you want to know more about intarSANIT?<\/span>\n\t\t\t\t\t<\/span>\n\t\t\t\t\t<\/a>\n\t\t\t\t<\/div>\n\t\t\t\t\t\t\t\t<\/div>\n\t\t\t\t<\/div>\n\t\t\t\t\t<\/div>\r\n\t\t\t\t<\/div>\r\n\t\t\t\t\t<\/div>\r\n\t\t\t\t<\/section>\r\n\t\t\t\t<\/div>\n\t\t","protected":false},"excerpt":{"rendered":"<h2 style=\"color: #999999; font-size: 18px; margin-bottom: 0px;\">Ventilation units for air renewal<\/h2>\n<p><span style=\"font-size: 18px; color: #999999;\">Renovation, sterilization and purification of air in food handling rooms, industrial kitchens, clean rooms and other establishments.<\/span><br \/>\n<style>.elementor-widget-button .elementor-button{background-color:var( --e-global-color-accent );}.elementor-29435 .elementor-element.elementor-element-2e62495 .elementor-button{background-color:#0085BB;font-family:\"Roboto\", Montserrat;font-size:1.1em;font-weight:600;text-decoration:none;fill:#FFFFFF;color:#FFFFFF;border-style:solid;border-width:2px 2px 2px 2px;border-color:#0085BB;border-radius:33px 33px 33px 33px;padding:14px 20px 14px 20px;}.elementor-29435 .elementor-element.elementor-element-2e62495 .elementor-button:hover, .elementor-29435 .elementor-element.elementor-element-2e62495 .elementor-button:focus{background-color:#FFFFFF;color:#0085BB;border-color:#0085BB;}.elementor-29435 .elementor-element.elementor-element-2e62495 > .elementor-widget-container{margin:2% 0% 1% 0%;}.elementor-29435 .elementor-element.elementor-element-2e62495 .elementor-button:hover svg, .elementor-29435 .elementor-element.elementor-element-2e62495 .elementor-button:focus svg{fill:#0085BB;}@media(max-width:767px){.elementor-29435 .elementor-element.elementor-element-2e62495 > .elementor-widget-container{margin:-20px 0px 50px 0px;}}<\/style><div class=\"porto-block\" data-id=\"29435\">\t\t<div data-elementor-type=\"wp-post\" data-elementor-id=\"29435\" class=\"elementor elementor-29435 elementor-29420\" data-elementor-post-type=\"porto_builder\">\n\t\t\t\t\t\t<section class=\"elementor-section elementor-top-section elementor-element elementor-element-4601687 elementor-section-boxed elementor-section-height-default elementor-section-height-default\" data-id=\"4601687\" data-element_type=\"section\">\r\n\t\t\r\n\t\t\t\t\t\t\t<div class=\"elementor-container elementor-column-gap-default\">\r\n\t\t\t\t\t\t\t\t\t\t\t<div class=\"elementor-column elementor-col-100 elementor-top-column elementor-element elementor-element-7f3a8ac\" data-id=\"7f3a8ac\" data-element_type=\"column\">\r\n\t\t\t\t\t<div class=\"elementor-widget-wrap elementor-element-populated\">\r\n\t\t\t\t\t\t\t\t<div class=\"elementor-element elementor-element-2e62495 elementor-align-left elementor-widget elementor-widget-button\" data-id=\"2e62495\" data-element_type=\"widget\" data-widget_type=\"button.default\">\n\t\t\t\t<div class=\"elementor-widget-container\">\n\t\t\t\t\t\t\t\t\t<div class=\"elementor-button-wrapper\">\n\t\t\t\t\t<a class=\"elementor-button elementor-button-link elementor-size-md\" href=\"https:\/\/www.intarcon.com\/en\/technical-advice\/\">\n\t\t\t\t\t\t<span class=\"elementor-button-content-wrapper\">\n\t\t\t\t\t\t\t\t\t<span class=\"elementor-button-text\">Request technical advice<\/span>\n\t\t\t\t\t<\/span>\n\t\t\t\t\t<\/a>\n\t\t\t\t<\/div>\n\t\t\t\t\t\t\t\t<\/div>\n\t\t\t\t<\/div>\n\t\t\t\t\t<\/div>\r\n\t\t\t\t<\/div>\r\n\t\t\t\t\t<\/div>\r\n\t\t\t\t<\/section>\r\n\t\t\t\t<\/div>\n\t\t<\/div><\/p>\n","protected":false},"featured_media":89144,"template":"","meta":[],"product_brand":[],"product_cat":[528],"product_tag":[],"class_list":{"0":"post-23804","1":"product","2":"type-product","3":"status-publish","4":"has-post-thumbnail","6":"product_cat-air-treatment-and-purification","8":"first","9":"instock","10":"shipping-taxable","11":"product-type-simple"},"yoast_head":"<!-- This site is optimized with the Yoast SEO plugin v25.5 - https:\/\/yoast.com\/wordpress\/plugins\/seo\/ -->\n<title>intarSANIT-TCH - INTARCON<\/title>\n<meta name=\"description\" content=\"intarSANIT-TCH is the new air conditioning and supply solution for work rooms, with heat recovery from extract air.\" \/>\n<meta name=\"robots\" content=\"index, follow, max-snippet:-1, max-image-preview:large, max-video-preview:-1\" \/>\n<link rel=\"canonical\" href=\"https:\/\/www.intarcon.com\/en\/product\/intarsanit-tch\/\" \/>\n<meta property=\"og:locale\" content=\"en_US\" \/>\n<meta property=\"og:type\" content=\"article\" \/>\n<meta property=\"og:title\" content=\"intarSANIT-TCH - INTARCON\" \/>\n<meta property=\"og:description\" content=\"intarSANIT-TCH is the new air conditioning and supply solution for work rooms, with heat recovery from extract air.\" \/>\n<meta property=\"og:url\" content=\"https:\/\/www.intarcon.com\/en\/product\/intarsanit-tch\/\" \/>\n<meta property=\"og:site_name\" content=\"INTARCON\" \/>\n<meta property=\"article:publisher\" content=\"https:\/\/www.facebook.com\/intarcon\/\" \/>\n<meta property=\"article:modified_time\" content=\"2022-11-24T12:45:04+00:00\" \/>\n<meta property=\"og:image\" content=\"https:\/\/www.intarcon.com\/wp-content\/uploads\/2022\/03\/tch-intarcon.webp\" \/>\n\t<meta property=\"og:image:width\" content=\"600\" \/>\n\t<meta property=\"og:image:height\" content=\"600\" \/>\n\t<meta property=\"og:image:type\" content=\"image\/webp\" \/>\n<meta name=\"twitter:card\" content=\"summary_large_image\" \/>\n<meta name=\"twitter:site\" content=\"@Intarcon\" \/>\n<meta name=\"twitter:label1\" content=\"Est. reading time\" \/>\n\t<meta name=\"twitter:data1\" content=\"2 minutes\" \/>\n<script type=\"application\/ld+json\" class=\"yoast-schema-graph\">{\"@context\":\"https:\/\/schema.org\",\"@graph\":[{\"@type\":\"WebPage\",\"@id\":\"https:\/\/www.intarcon.com\/en\/product\/intarsanit-tch\/\",\"url\":\"https:\/\/www.intarcon.com\/en\/product\/intarsanit-tch\/\",\"name\":\"intarSANIT-TCH - INTARCON\",\"isPartOf\":{\"@id\":\"https:\/\/www.intarcon.com\/en\/#website\"},\"primaryImageOfPage\":{\"@id\":\"https:\/\/www.intarcon.com\/en\/product\/intarsanit-tch\/#primaryimage\"},\"image\":{\"@id\":\"https:\/\/www.intarcon.com\/en\/product\/intarsanit-tch\/#primaryimage\"},\"thumbnailUrl\":\"https:\/\/www.intarcon.com\/wp-content\/uploads\/2021\/04\/ventilacion-renovacion-aire-intarsanit-tch.webp\",\"datePublished\":\"2021-04-14T08:53:59+00:00\",\"dateModified\":\"2022-11-24T12:45:04+00:00\",\"description\":\"intarSANIT-TCH is the new air conditioning and supply solution for work rooms, with heat recovery from extract air.\",\"breadcrumb\":{\"@id\":\"https:\/\/www.intarcon.com\/en\/product\/intarsanit-tch\/#breadcrumb\"},\"inLanguage\":\"en\",\"potentialAction\":[{\"@type\":\"ReadAction\",\"target\":[\"https:\/\/www.intarcon.com\/en\/product\/intarsanit-tch\/\"]}]},{\"@type\":\"ImageObject\",\"inLanguage\":\"en\",\"@id\":\"https:\/\/www.intarcon.com\/en\/product\/intarsanit-tch\/#primaryimage\",\"url\":\"https:\/\/www.intarcon.com\/wp-content\/uploads\/2021\/04\/ventilacion-renovacion-aire-intarsanit-tch.webp\",\"contentUrl\":\"https:\/\/www.intarcon.com\/wp-content\/uploads\/2021\/04\/ventilacion-renovacion-aire-intarsanit-tch.webp\",\"width\":600,\"height\":600,\"caption\":\"Equipo de ventilaci\u00f3n para la ventilaci\u00f3n y renovaci\u00f3n de aire intarSANIT - INTARCON\"},{\"@type\":\"BreadcrumbList\",\"@id\":\"https:\/\/www.intarcon.com\/en\/product\/intarsanit-tch\/#breadcrumb\",\"itemListElement\":[{\"@type\":\"ListItem\",\"position\":1,\"name\":\"Portada\",\"item\":\"https:\/\/www.intarcon.com\/en\/\"},{\"@type\":\"ListItem\",\"position\":2,\"name\":\"Producto\",\"item\":\"https:\/\/www.intarcon.com\/producto\/\"},{\"@type\":\"ListItem\",\"position\":3,\"name\":\"Other technologies\",\"item\":\"https:\/\/www.intarcon.com\/en\/technology\/other-technologies\/\"},{\"@type\":\"ListItem\",\"position\":4,\"name\":\"Air treatment and purification\",\"item\":\"https:\/\/www.intarcon.com\/en\/technology\/other-technologies\/air-treatment-and-purification\/\"},{\"@type\":\"ListItem\",\"position\":5,\"name\":\"intarSANIT-TCH\"}]},{\"@type\":\"WebSite\",\"@id\":\"https:\/\/www.intarcon.com\/en\/#website\",\"url\":\"https:\/\/www.intarcon.com\/en\/\",\"name\":\"INTARCON\",\"description\":\"\",\"potentialAction\":[{\"@type\":\"SearchAction\",\"target\":{\"@type\":\"EntryPoint\",\"urlTemplate\":\"https:\/\/www.intarcon.com\/en\/?s={search_term_string}\"},\"query-input\":{\"@type\":\"PropertyValueSpecification\",\"valueRequired\":true,\"valueName\":\"search_term_string\"}}],\"inLanguage\":\"en\"}]}<\/script>\n<!-- \/ Yoast SEO plugin. -->","yoast_head_json":{"title":"intarSANIT-TCH - INTARCON","description":"intarSANIT-TCH is the new air conditioning and supply solution for work rooms, with heat recovery from extract air.","robots":{"index":"index","follow":"follow","max-snippet":"max-snippet:-1","max-image-preview":"max-image-preview:large","max-video-preview":"max-video-preview:-1"},"canonical":"https:\/\/www.intarcon.com\/en\/product\/intarsanit-tch\/","og_locale":"en_US","og_type":"article","og_title":"intarSANIT-TCH - INTARCON","og_description":"intarSANIT-TCH is the new air conditioning and supply solution for work rooms, with heat recovery from extract air.","og_url":"https:\/\/www.intarcon.com\/en\/product\/intarsanit-tch\/","og_site_name":"INTARCON","article_publisher":"https:\/\/www.facebook.com\/intarcon\/","article_modified_time":"2022-11-24T12:45:04+00:00","og_image":[{"width":600,"height":600,"url":"https:\/\/www.intarcon.com\/wp-content\/uploads\/2022\/03\/tch-intarcon.webp","type":"image\/webp"}],"twitter_card":"summary_large_image","twitter_site":"@Intarcon","twitter_misc":{"Est. reading time":"2 minutes"},"schema":{"@context":"https:\/\/schema.org","@graph":[{"@type":"WebPage","@id":"https:\/\/www.intarcon.com\/en\/product\/intarsanit-tch\/","url":"https:\/\/www.intarcon.com\/en\/product\/intarsanit-tch\/","name":"intarSANIT-TCH - INTARCON","isPartOf":{"@id":"https:\/\/www.intarcon.com\/en\/#website"},"primaryImageOfPage":{"@id":"https:\/\/www.intarcon.com\/en\/product\/intarsanit-tch\/#primaryimage"},"image":{"@id":"https:\/\/www.intarcon.com\/en\/product\/intarsanit-tch\/#primaryimage"},"thumbnailUrl":"https:\/\/www.intarcon.com\/wp-content\/uploads\/2021\/04\/ventilacion-renovacion-aire-intarsanit-tch.webp","datePublished":"2021-04-14T08:53:59+00:00","dateModified":"2022-11-24T12:45:04+00:00","description":"intarSANIT-TCH is the new air conditioning and supply solution for work rooms, with heat recovery from extract air.","breadcrumb":{"@id":"https:\/\/www.intarcon.com\/en\/product\/intarsanit-tch\/#breadcrumb"},"inLanguage":"en","potentialAction":[{"@type":"ReadAction","target":["https:\/\/www.intarcon.com\/en\/product\/intarsanit-tch\/"]}]},{"@type":"ImageObject","inLanguage":"en","@id":"https:\/\/www.intarcon.com\/en\/product\/intarsanit-tch\/#primaryimage","url":"https:\/\/www.intarcon.com\/wp-content\/uploads\/2021\/04\/ventilacion-renovacion-aire-intarsanit-tch.webp","contentUrl":"https:\/\/www.intarcon.com\/wp-content\/uploads\/2021\/04\/ventilacion-renovacion-aire-intarsanit-tch.webp","width":600,"height":600,"caption":"Equipo de ventilaci\u00f3n para la ventilaci\u00f3n y renovaci\u00f3n de aire intarSANIT - INTARCON"},{"@type":"BreadcrumbList","@id":"https:\/\/www.intarcon.com\/en\/product\/intarsanit-tch\/#breadcrumb","itemListElement":[{"@type":"ListItem","position":1,"name":"Portada","item":"https:\/\/www.intarcon.com\/en\/"},{"@type":"ListItem","position":2,"name":"Producto","item":"https:\/\/www.intarcon.com\/producto\/"},{"@type":"ListItem","position":3,"name":"Other technologies","item":"https:\/\/www.intarcon.com\/en\/technology\/other-technologies\/"},{"@type":"ListItem","position":4,"name":"Air treatment and purification","item":"https:\/\/www.intarcon.com\/en\/technology\/other-technologies\/air-treatment-and-purification\/"},{"@type":"ListItem","position":5,"name":"intarSANIT-TCH"}]},{"@type":"WebSite","@id":"https:\/\/www.intarcon.com\/en\/#website","url":"https:\/\/www.intarcon.com\/en\/","name":"INTARCON","description":"","potentialAction":[{"@type":"SearchAction","target":{"@type":"EntryPoint","urlTemplate":"https:\/\/www.intarcon.com\/en\/?s={search_term_string}"},"query-input":{"@type":"PropertyValueSpecification","valueRequired":true,"valueName":"search_term_string"}}],"inLanguage":"en"}]}},"_links":{"self":[{"href":"https:\/\/www.intarcon.com\/en\/wp-json\/wp\/v2\/product\/23804","targetHints":{"allow":["GET"]}}],"collection":[{"href":"https:\/\/www.intarcon.com\/en\/wp-json\/wp\/v2\/product"}],"about":[{"href":"https:\/\/www.intarcon.com\/en\/wp-json\/wp\/v2\/types\/product"}],"version-history":[{"count":0,"href":"https:\/\/www.intarcon.com\/en\/wp-json\/wp\/v2\/product\/23804\/revisions"}],"wp:featuredmedia":[{"embeddable":true,"href":"https:\/\/www.intarcon.com\/en\/wp-json\/wp\/v2\/media\/89144"}],"wp:attachment":[{"href":"https:\/\/www.intarcon.com\/en\/wp-json\/wp\/v2\/media?parent=23804"}],"wp:term":[{"taxonomy":"product_brand","embeddable":true,"href":"https:\/\/www.intarcon.com\/en\/wp-json\/wp\/v2\/product_brand?post=23804"},{"taxonomy":"product_cat","embeddable":true,"href":"https:\/\/www.intarcon.com\/en\/wp-json\/wp\/v2\/product_cat?post=23804"},{"taxonomy":"product_tag","embeddable":true,"href":"https:\/\/www.intarcon.com\/en\/wp-json\/wp\/v2\/product_tag?post=23804"}],"curies":[{"name":"wp","href":"https:\/\/api.w.org\/{rel}","templated":true}]}}