{"id":9032,"date":"2019-07-01T16:11:33","date_gmt":"2019-07-01T14:11:33","guid":{"rendered":"https:\/\/www.intarcon.com\/wordpress\/?page_id=9032"},"modified":"2022-03-04T11:26:55","modified_gmt":"2022-03-04T09:26:55","slug":"eco2market-project","status":"publish","type":"page","link":"https:\/\/www.intarcon.com\/en\/eco2market-project\/","title":{"rendered":"ECO2market project"},"content":{"rendered":"\t\t<div data-elementor-type=\"wp-page\" data-elementor-id=\"9032\" class=\"elementor elementor-9032 elementor-9028\" data-elementor-post-type=\"page\">\n\t\t\t\t\t\t<section class=\"elementor-section elementor-top-section elementor-element elementor-element-a481925 elementor-section-boxed elementor-section-height-default elementor-section-height-default\" data-id=\"a481925\" data-element_type=\"section\">\r\n\t\t\r\n\t\t\t\t\t\t\t<div class=\"elementor-container elementor-column-gap-default\">\r\n\t\t\t\t\t\t\t\t\t\t\t<div class=\"elementor-column elementor-col-100 elementor-top-column elementor-element elementor-element-1da2daa\" data-id=\"1da2daa\" data-element_type=\"column\">\r\n\t\t\t\t\t<div class=\"elementor-widget-wrap elementor-element-populated\">\r\n\t\t\t\t\t\t\t\t<div class=\"elementor-element elementor-element-99e0fc4 elementor-widget elementor-widget-image\" data-id=\"99e0fc4\" data-element_type=\"widget\" data-widget_type=\"image.default\">\n\t\t\t\t<div class=\"elementor-widget-container\">\n\t\t\t\t\t\t\t\t\t\t\t\t\t\t\t<img decoding=\"async\" src=\"https:\/\/www.intarcon.com\/wp-content\/uploads\/2016\/05\/proyecto_eco2market-e1494484310917.png\" title=\"\" alt=\"\" class=\"elementor-animation-shrink\" loading=\"lazy\" \/>\t\t\t\t\t\t\t\t\t\t\t\t\t\t\t<\/div>\n\t\t\t\t<\/div>\n\t\t\t\t<div class=\"elementor-element elementor-element-d2d0c3e elementor-widget elementor-widget-heading\" data-id=\"d2d0c3e\" data-element_type=\"widget\" data-widget_type=\"heading.default\">\n\t\t\t\t<div class=\"elementor-widget-container\">\n\t\t\t\t\t<h2 class=\"elementor-heading-title elementor-size-default\">ECO2market project<\/h2>\t\t\t\t<\/div>\n\t\t\t\t<\/div>\n\t\t\t\t\t<\/div>\r\n\t\t\t\t<\/div>\r\n\t\t\t\t\t<\/div>\r\n\t\t\t\t<\/section>\r\n\t\t\t\t<section class=\"elementor-section elementor-top-section elementor-element elementor-element-d7b1cf8 elementor-section-boxed elementor-section-height-default elementor-section-height-default\" data-id=\"d7b1cf8\" data-element_type=\"section\">\r\n\t\t\r\n\t\t\t\t\t\t\t<div class=\"elementor-container elementor-column-gap-default\">\r\n\t\t\t\t\t\t\t\t\t\t\t<div class=\"elementor-column elementor-col-100 elementor-top-column elementor-element elementor-element-9e56b8e\" data-id=\"9e56b8e\" data-element_type=\"column\">\r\n\t\t\t\t\t<div class=\"elementor-widget-wrap elementor-element-populated\">\r\n\t\t\t\t\t\t\t\t<div class=\"elementor-element elementor-element-c446970 elementor-widget elementor-widget-text-editor\" data-id=\"c446970\" data-element_type=\"widget\" data-widget_type=\"text-editor.default\">\n\t\t\t\t<div class=\"elementor-widget-container\">\n\t\t\t\t\t\t\t\t\t<p>The objective of the ECO2MARKET project is the development of supermarket refrigeration installations with low environmental impact, by using natural refrigerants and the practise of eliminating the risk of leaks of refrigerants with Global Warming Potential. The project is promoted by AFAR (Association of Andalusian Refrigeration Manufacturers), and looks to unite technical capabilities of different manufacturers to develop and propose to the market a new model of refrigeration installation applied to supermarkets.<\/p><p>Recent legal and financial changes have disrupted the refrigeration sector in Spain. On the one hand the enforcement in 2014 of a new tax on fluorinated gases with greenhouse effect, taxes in an influential way the 6 million tonnes of CO2 equivalents emitted into the atmosphere by refrigeration installations in Spain.<\/p><p>On the other hand, the passing in the European Parliament of the F-Gas directive (Regulations (EU) Number 517\/2014), that establishes a new schedule for the prohibition of HFCs, seriously compromises the feasibility in medium term of current refrigeration solutions.<\/p><p>Uno de los sectores especialmente afectados es el de la distribuci\u00f3n alimentaria. En efecto, las instalaciones de refrigeraci\u00f3n en supermercados mediante expansi\u00f3n directa de refrigerante se caracterizan por una importante carga de gas de efecto invernadero, con una dif\u00edcilmente evitable tasa de fuga.<\/p><p>One of the sectors especially affected is food distribution. In effect, direct expansion refrigeration installations in supermarkets are characterised by a large greenhouse gas load, and a difficult to avoid leak tax.<\/p><p>ECO2MARKET project has received financial support from CDTI in the call for submission \u201cRegional Cooperation in R and D (Feder-Innterconecta) 2015, of the Ministry of Economy and Competitiveness of the Spanish Government, and co-financed with Structural Funds of the European Union.<\/p>\t\t\t\t\t\t\t\t<\/div>\n\t\t\t\t<\/div>\n\t\t\t\t\t<\/div>\r\n\t\t\t\t<\/div>\r\n\t\t\t\t\t<\/div>\r\n\t\t\t\t<\/section>\r\n\t\t\t\t<\/div>\n\t\t","protected":false},"excerpt":{"rendered":"<p>ECO2market project The objective of the ECO2MARKET project is the development of supermarket refrigeration installations with low environmental impact, by using natural refrigerants and the practise of eliminating the risk of leaks of refrigerants with Global Warming Potential. The project is promoted by AFAR (Association of Andalusian Refrigeration Manufacturers), and looks to unite technical capabilities [&hellip;]<\/p>\n","protected":false},"author":2,"featured_media":0,"parent":0,"menu_order":0,"comment_status":"closed","ping_status":"closed","template":"","meta":{"footnotes":""},"class_list":["post-9032","page","type-page","status-publish","hentry"],"yoast_head":"<!-- This site is optimized with the Yoast SEO plugin v25.5 - https:\/\/yoast.com\/wordpress\/plugins\/seo\/ -->\n<title>ECO2market project - INTARCON<\/title>\n<meta name=\"description\" content=\"The objective of the ECO2MARKET project is the development of low environmental impact refrigeration installations applied to supermarkets.\" \/>\n<meta name=\"robots\" content=\"index, follow, max-snippet:-1, max-image-preview:large, max-video-preview:-1\" \/>\n<link rel=\"canonical\" href=\"https:\/\/www.intarcon.com\/en\/eco2market-project\/\" \/>\n<meta property=\"og:locale\" content=\"en_US\" \/>\n<meta property=\"og:type\" content=\"article\" \/>\n<meta property=\"og:title\" content=\"ECO2market project - INTARCON\" \/>\n<meta property=\"og:description\" content=\"The objective of the ECO2MARKET project is the development of low environmental impact refrigeration installations applied to supermarkets.\" \/>\n<meta property=\"og:url\" content=\"https:\/\/www.intarcon.com\/en\/eco2market-project\/\" \/>\n<meta property=\"og:site_name\" content=\"INTARCON\" \/>\n<meta property=\"article:publisher\" content=\"https:\/\/www.facebook.com\/intarcon\/\" \/>\n<meta property=\"article:modified_time\" content=\"2022-03-04T09:26:55+00:00\" \/>\n<meta property=\"og:image\" content=\"https:\/\/www.intarcon.com\/wp-content\/uploads\/2016\/05\/proyecto_eco2market-e1494484310917.png\" \/>\n<meta name=\"twitter:card\" content=\"summary_large_image\" \/>\n<meta name=\"twitter:site\" content=\"@Intarcon\" \/>\n<meta name=\"twitter:label1\" content=\"Est. reading time\" \/>\n\t<meta name=\"twitter:data1\" content=\"2 minutes\" \/>\n<script type=\"application\/ld+json\" class=\"yoast-schema-graph\">{\"@context\":\"https:\/\/schema.org\",\"@graph\":[{\"@type\":\"WebPage\",\"@id\":\"https:\/\/www.intarcon.com\/en\/eco2market-project\/\",\"url\":\"https:\/\/www.intarcon.com\/en\/eco2market-project\/\",\"name\":\"ECO2market project - INTARCON\",\"isPartOf\":{\"@id\":\"https:\/\/www.intarcon.com\/en\/#website\"},\"primaryImageOfPage\":{\"@id\":\"https:\/\/www.intarcon.com\/en\/eco2market-project\/#primaryimage\"},\"image\":{\"@id\":\"https:\/\/www.intarcon.com\/en\/eco2market-project\/#primaryimage\"},\"thumbnailUrl\":\"https:\/\/www.intarcon.com\/wp-content\/uploads\/2016\/05\/proyecto_eco2market-e1494484310917.png\",\"datePublished\":\"2019-07-01T14:11:33+00:00\",\"dateModified\":\"2022-03-04T09:26:55+00:00\",\"description\":\"The objective of the ECO2MARKET project is the development of low environmental impact refrigeration installations applied to supermarkets.\",\"breadcrumb\":{\"@id\":\"https:\/\/www.intarcon.com\/en\/eco2market-project\/#breadcrumb\"},\"inLanguage\":\"en\",\"potentialAction\":[{\"@type\":\"ReadAction\",\"target\":[\"https:\/\/www.intarcon.com\/en\/eco2market-project\/\"]}]},{\"@type\":\"ImageObject\",\"inLanguage\":\"en\",\"@id\":\"https:\/\/www.intarcon.com\/en\/eco2market-project\/#primaryimage\",\"url\":\"https:\/\/www.intarcon.com\/wp-content\/uploads\/2016\/05\/proyecto_eco2market-e1494484310917.png\",\"contentUrl\":\"https:\/\/www.intarcon.com\/wp-content\/uploads\/2016\/05\/proyecto_eco2market-e1494484310917.png\"},{\"@type\":\"BreadcrumbList\",\"@id\":\"https:\/\/www.intarcon.com\/en\/eco2market-project\/#breadcrumb\",\"itemListElement\":[{\"@type\":\"ListItem\",\"position\":1,\"name\":\"Portada\",\"item\":\"https:\/\/www.intarcon.com\/en\/\"},{\"@type\":\"ListItem\",\"position\":2,\"name\":\"ECO2market project\"}]},{\"@type\":\"WebSite\",\"@id\":\"https:\/\/www.intarcon.com\/en\/#website\",\"url\":\"https:\/\/www.intarcon.com\/en\/\",\"name\":\"INTARCON\",\"description\":\"\",\"potentialAction\":[{\"@type\":\"SearchAction\",\"target\":{\"@type\":\"EntryPoint\",\"urlTemplate\":\"https:\/\/www.intarcon.com\/en\/?s={search_term_string}\"},\"query-input\":{\"@type\":\"PropertyValueSpecification\",\"valueRequired\":true,\"valueName\":\"search_term_string\"}}],\"inLanguage\":\"en\"}]}<\/script>\n<!-- \/ Yoast SEO plugin. -->","yoast_head_json":{"title":"ECO2market project - INTARCON","description":"The objective of the ECO2MARKET project is the development of low environmental impact refrigeration installations applied to supermarkets.","robots":{"index":"index","follow":"follow","max-snippet":"max-snippet:-1","max-image-preview":"max-image-preview:large","max-video-preview":"max-video-preview:-1"},"canonical":"https:\/\/www.intarcon.com\/en\/eco2market-project\/","og_locale":"en_US","og_type":"article","og_title":"ECO2market project - INTARCON","og_description":"The objective of the ECO2MARKET project is the development of low environmental impact refrigeration installations applied to supermarkets.","og_url":"https:\/\/www.intarcon.com\/en\/eco2market-project\/","og_site_name":"INTARCON","article_publisher":"https:\/\/www.facebook.com\/intarcon\/","article_modified_time":"2022-03-04T09:26:55+00:00","og_image":[{"url":"https:\/\/www.intarcon.com\/wp-content\/uploads\/2016\/05\/proyecto_eco2market-e1494484310917.png","type":"","width":"","height":""}],"twitter_card":"summary_large_image","twitter_site":"@Intarcon","twitter_misc":{"Est. reading time":"2 minutes"},"schema":{"@context":"https:\/\/schema.org","@graph":[{"@type":"WebPage","@id":"https:\/\/www.intarcon.com\/en\/eco2market-project\/","url":"https:\/\/www.intarcon.com\/en\/eco2market-project\/","name":"ECO2market project - INTARCON","isPartOf":{"@id":"https:\/\/www.intarcon.com\/en\/#website"},"primaryImageOfPage":{"@id":"https:\/\/www.intarcon.com\/en\/eco2market-project\/#primaryimage"},"image":{"@id":"https:\/\/www.intarcon.com\/en\/eco2market-project\/#primaryimage"},"thumbnailUrl":"https:\/\/www.intarcon.com\/wp-content\/uploads\/2016\/05\/proyecto_eco2market-e1494484310917.png","datePublished":"2019-07-01T14:11:33+00:00","dateModified":"2022-03-04T09:26:55+00:00","description":"The objective of the ECO2MARKET project is the development of low environmental impact refrigeration installations applied to supermarkets.","breadcrumb":{"@id":"https:\/\/www.intarcon.com\/en\/eco2market-project\/#breadcrumb"},"inLanguage":"en","potentialAction":[{"@type":"ReadAction","target":["https:\/\/www.intarcon.com\/en\/eco2market-project\/"]}]},{"@type":"ImageObject","inLanguage":"en","@id":"https:\/\/www.intarcon.com\/en\/eco2market-project\/#primaryimage","url":"https:\/\/www.intarcon.com\/wp-content\/uploads\/2016\/05\/proyecto_eco2market-e1494484310917.png","contentUrl":"https:\/\/www.intarcon.com\/wp-content\/uploads\/2016\/05\/proyecto_eco2market-e1494484310917.png"},{"@type":"BreadcrumbList","@id":"https:\/\/www.intarcon.com\/en\/eco2market-project\/#breadcrumb","itemListElement":[{"@type":"ListItem","position":1,"name":"Portada","item":"https:\/\/www.intarcon.com\/en\/"},{"@type":"ListItem","position":2,"name":"ECO2market project"}]},{"@type":"WebSite","@id":"https:\/\/www.intarcon.com\/en\/#website","url":"https:\/\/www.intarcon.com\/en\/","name":"INTARCON","description":"","potentialAction":[{"@type":"SearchAction","target":{"@type":"EntryPoint","urlTemplate":"https:\/\/www.intarcon.com\/en\/?s={search_term_string}"},"query-input":{"@type":"PropertyValueSpecification","valueRequired":true,"valueName":"search_term_string"}}],"inLanguage":"en"}]}},"_links":{"self":[{"href":"https:\/\/www.intarcon.com\/en\/wp-json\/wp\/v2\/pages\/9032","targetHints":{"allow":["GET"]}}],"collection":[{"href":"https:\/\/www.intarcon.com\/en\/wp-json\/wp\/v2\/pages"}],"about":[{"href":"https:\/\/www.intarcon.com\/en\/wp-json\/wp\/v2\/types\/page"}],"author":[{"embeddable":true,"href":"https:\/\/www.intarcon.com\/en\/wp-json\/wp\/v2\/users\/2"}],"replies":[{"embeddable":true,"href":"https:\/\/www.intarcon.com\/en\/wp-json\/wp\/v2\/comments?post=9032"}],"version-history":[{"count":0,"href":"https:\/\/www.intarcon.com\/en\/wp-json\/wp\/v2\/pages\/9032\/revisions"}],"wp:attachment":[{"href":"https:\/\/www.intarcon.com\/en\/wp-json\/wp\/v2\/media?parent=9032"}],"curies":[{"name":"wp","href":"https:\/\/api.w.org\/{rel}","templated":true}]}}