{"id":9015,"date":"2019-07-01T16:07:51","date_gmt":"2019-07-01T14:07:51","guid":{"rendered":"https:\/\/www.intarcon.com\/wordpress\/?page_id=9015"},"modified":"2022-03-08T09:36:33","modified_gmt":"2022-03-08T07:36:33","slug":"efimarket-project","status":"publish","type":"page","link":"https:\/\/www.intarcon.com\/en\/efimarket-project\/","title":{"rendered":"Efimarket Project"},"content":{"rendered":"\t\t<div data-elementor-type=\"wp-page\" data-elementor-id=\"9015\" class=\"elementor elementor-9015 elementor-9008\" data-elementor-post-type=\"page\">\n\t\t\t\t\t\t<section class=\"elementor-section elementor-top-section elementor-element elementor-element-5b65aad4 elementor-section-boxed elementor-section-height-default elementor-section-height-default\" data-id=\"5b65aad4\" data-element_type=\"section\">\r\n\t\t\r\n\t\t\t\t\t\t\t<div class=\"elementor-container elementor-column-gap-default\">\r\n\t\t\t\t\t\t\t\t\t\t\t<div class=\"elementor-column elementor-col-100 elementor-top-column elementor-element elementor-element-1de547c3\" data-id=\"1de547c3\" data-element_type=\"column\">\r\n\t\t\t\t\t<div class=\"elementor-widget-wrap elementor-element-populated\">\r\n\t\t\t\t\t\t\t\t<div class=\"elementor-element elementor-element-d7b2cf4 elementor-widget elementor-widget-image\" data-id=\"d7b2cf4\" data-element_type=\"widget\" data-widget_type=\"image.default\">\n\t\t\t\t<div class=\"elementor-widget-container\">\n\t\t\t\t\t\t\t\t\t\t\t\t\t\t\t<img decoding=\"async\" src=\"https:\/\/www.intarcon.com\/wp-content\/uploads\/2016\/05\/proyecto_efimarket-e1494433221488.png\" title=\"\" alt=\"\" class=\"elementor-animation-shrink\" loading=\"lazy\" \/>\t\t\t\t\t\t\t\t\t\t\t\t\t\t\t<\/div>\n\t\t\t\t<\/div>\n\t\t\t\t<div class=\"elementor-element elementor-element-9c9a687 elementor-widget elementor-widget-heading\" data-id=\"9c9a687\" data-element_type=\"widget\" data-widget_type=\"heading.default\">\n\t\t\t\t<div class=\"elementor-widget-container\">\n\t\t\t\t\t<h1 class=\"elementor-heading-title elementor-size-default\">Efimarket project<\/h1>\t\t\t\t<\/div>\n\t\t\t\t<\/div>\n\t\t\t\t<div class=\"elementor-element elementor-element-98ab091 elementor-widget elementor-widget-text-editor\" data-id=\"98ab091\" data-element_type=\"widget\" data-widget_type=\"text-editor.default\">\n\t\t\t\t<div class=\"elementor-widget-container\">\n\t\t\t\t\t\t\t\t\t<p style=\"text-align: left;\"><em>A project for efficiency and sustainability in central installations o\u00a0 refrigeration and air conditioning in supermarkets \u2013 EFIMARKET \u2013 <\/em>consists of a combined refrigeration plant for refrigeration and air conditioning in supermarkets.<\/p><p style=\"text-align: left;\">The reach of the project encompasses research, development and testing of new refrigeration systems for supermarkets, together with the individual development of individual subsystems and units that make up the refrigeration installation. The project has spanned the stages of initial investigation, development and construction of prototypes and construction of a pilot plant, where each manufacturer contributes a part to the system.<\/p><p style=\"text-align: left;\">The project has developed terminal units (refrigerated displays and air coolers for cold rooms), the other part of the project has developed a central refrigeration production unit, and, the pumping and distribution system of refrigerant to the group of terminal units.<\/p><p style=\"text-align: left;\">Finally, the project has addressed the execution of the installation of the pilot plant for testing of the system and its group of terminal units, for this, a 100 m2 location has been constructed as a supermarket test location.<\/p><p style=\"text-align: left;\">The Efimarket project is characterised by:<\/p><ul style=\"text-align: left;\"><li>The combination of positive temperature refrigeration and HVAC<\/li><li>An indirect refrigeration system free from leaks<\/li><li>Total heat recovery<\/li><li>Conformation with F-Gas regulations<\/li><li>Optimised refrigeration performance<\/li><li>Scroll compressors<\/li><li>A very low load of R134a refrigerant<\/li><li>Axial or centrifugal condensation<\/li><\/ul><p style=\"text-align: left;\">The pilot installation is located at IAT,(Technological Centre for Engineering and Management of Innovation) located in Lucena (Cordoba).<\/p><p style=\"text-align: left;\">\u00a0<\/p>\t\t\t\t\t\t\t\t<\/div>\n\t\t\t\t<\/div>\n\t\t\t\t\t<\/div>\r\n\t\t\t\t<\/div>\r\n\t\t\t\t\t<\/div>\r\n\t\t\t\t<\/section>\r\n\t\t\t\t<\/div>\n\t\t","protected":false},"excerpt":{"rendered":"<p>Efimarket project A project for efficiency and sustainability in central installations o\u00a0 refrigeration and air conditioning in supermarkets \u2013 EFIMARKET \u2013 consists of a combined refrigeration plant for refrigeration and air conditioning in supermarkets. The reach of the project encompasses research, development and testing of new refrigeration systems for supermarkets, together with the individual development [&hellip;]<\/p>\n","protected":false},"author":2,"featured_media":0,"parent":0,"menu_order":0,"comment_status":"closed","ping_status":"closed","template":"","meta":{"footnotes":""},"class_list":["post-9015","page","type-page","status-publish","hentry"],"yoast_head":"<!-- This site is optimized with the Yoast SEO plugin v25.5 - https:\/\/yoast.com\/wordpress\/plugins\/seo\/ -->\n<title>Efimarket Project - INTARCON<\/title>\n<meta name=\"description\" content=\"Le projet EFIMARKET consiste \u00e0 d\u00e9velopper un syst\u00e8me combin\u00e9 de r\u00e9frig\u00e9ration et de climatisation pour les supermarch\u00e9s.\" \/>\n<meta name=\"robots\" content=\"index, follow, max-snippet:-1, max-image-preview:large, max-video-preview:-1\" \/>\n<link rel=\"canonical\" href=\"https:\/\/www.intarcon.com\/en\/efimarket-project\/\" \/>\n<meta property=\"og:locale\" content=\"en_US\" \/>\n<meta property=\"og:type\" content=\"article\" \/>\n<meta property=\"og:title\" content=\"Efimarket Project - INTARCON\" \/>\n<meta property=\"og:description\" content=\"Le projet EFIMARKET consiste \u00e0 d\u00e9velopper un syst\u00e8me combin\u00e9 de r\u00e9frig\u00e9ration et de climatisation pour les supermarch\u00e9s.\" \/>\n<meta property=\"og:url\" content=\"https:\/\/www.intarcon.com\/en\/efimarket-project\/\" \/>\n<meta property=\"og:site_name\" content=\"INTARCON\" \/>\n<meta property=\"article:publisher\" content=\"https:\/\/www.facebook.com\/intarcon\/\" \/>\n<meta property=\"article:modified_time\" content=\"2022-03-08T07:36:33+00:00\" \/>\n<meta property=\"og:image\" content=\"https:\/\/www.intarcon.com\/wp-content\/uploads\/2016\/05\/proyecto_efimarket-e1494433221488.png\" \/>\n<meta name=\"twitter:card\" content=\"summary_large_image\" \/>\n<meta name=\"twitter:site\" content=\"@Intarcon\" \/>\n<meta name=\"twitter:label1\" content=\"Est. reading time\" \/>\n\t<meta name=\"twitter:data1\" content=\"2 minutes\" \/>\n<script type=\"application\/ld+json\" class=\"yoast-schema-graph\">{\"@context\":\"https:\/\/schema.org\",\"@graph\":[{\"@type\":\"WebPage\",\"@id\":\"https:\/\/www.intarcon.com\/en\/efimarket-project\/\",\"url\":\"https:\/\/www.intarcon.com\/en\/efimarket-project\/\",\"name\":\"Efimarket Project - INTARCON\",\"isPartOf\":{\"@id\":\"https:\/\/www.intarcon.com\/en\/#website\"},\"primaryImageOfPage\":{\"@id\":\"https:\/\/www.intarcon.com\/en\/efimarket-project\/#primaryimage\"},\"image\":{\"@id\":\"https:\/\/www.intarcon.com\/en\/efimarket-project\/#primaryimage\"},\"thumbnailUrl\":\"https:\/\/www.intarcon.com\/wp-content\/uploads\/2016\/05\/proyecto_efimarket-e1494433221488.png\",\"datePublished\":\"2019-07-01T14:07:51+00:00\",\"dateModified\":\"2022-03-08T07:36:33+00:00\",\"description\":\"Le projet EFIMARKET consiste \u00e0 d\u00e9velopper un syst\u00e8me combin\u00e9 de r\u00e9frig\u00e9ration et de climatisation pour les supermarch\u00e9s.\",\"breadcrumb\":{\"@id\":\"https:\/\/www.intarcon.com\/en\/efimarket-project\/#breadcrumb\"},\"inLanguage\":\"en\",\"potentialAction\":[{\"@type\":\"ReadAction\",\"target\":[\"https:\/\/www.intarcon.com\/en\/efimarket-project\/\"]}]},{\"@type\":\"ImageObject\",\"inLanguage\":\"en\",\"@id\":\"https:\/\/www.intarcon.com\/en\/efimarket-project\/#primaryimage\",\"url\":\"https:\/\/www.intarcon.com\/wp-content\/uploads\/2016\/05\/proyecto_efimarket-e1494433221488.png\",\"contentUrl\":\"https:\/\/www.intarcon.com\/wp-content\/uploads\/2016\/05\/proyecto_efimarket-e1494433221488.png\"},{\"@type\":\"BreadcrumbList\",\"@id\":\"https:\/\/www.intarcon.com\/en\/efimarket-project\/#breadcrumb\",\"itemListElement\":[{\"@type\":\"ListItem\",\"position\":1,\"name\":\"Portada\",\"item\":\"https:\/\/www.intarcon.com\/en\/\"},{\"@type\":\"ListItem\",\"position\":2,\"name\":\"Efimarket Project\"}]},{\"@type\":\"WebSite\",\"@id\":\"https:\/\/www.intarcon.com\/en\/#website\",\"url\":\"https:\/\/www.intarcon.com\/en\/\",\"name\":\"INTARCON\",\"description\":\"\",\"potentialAction\":[{\"@type\":\"SearchAction\",\"target\":{\"@type\":\"EntryPoint\",\"urlTemplate\":\"https:\/\/www.intarcon.com\/en\/?s={search_term_string}\"},\"query-input\":{\"@type\":\"PropertyValueSpecification\",\"valueRequired\":true,\"valueName\":\"search_term_string\"}}],\"inLanguage\":\"en\"}]}<\/script>\n<!-- \/ Yoast SEO plugin. -->","yoast_head_json":{"title":"Efimarket Project - INTARCON","description":"Le projet EFIMARKET consiste \u00e0 d\u00e9velopper un syst\u00e8me combin\u00e9 de r\u00e9frig\u00e9ration et de climatisation pour les supermarch\u00e9s.","robots":{"index":"index","follow":"follow","max-snippet":"max-snippet:-1","max-image-preview":"max-image-preview:large","max-video-preview":"max-video-preview:-1"},"canonical":"https:\/\/www.intarcon.com\/en\/efimarket-project\/","og_locale":"en_US","og_type":"article","og_title":"Efimarket Project - INTARCON","og_description":"Le projet EFIMARKET consiste \u00e0 d\u00e9velopper un syst\u00e8me combin\u00e9 de r\u00e9frig\u00e9ration et de climatisation pour les supermarch\u00e9s.","og_url":"https:\/\/www.intarcon.com\/en\/efimarket-project\/","og_site_name":"INTARCON","article_publisher":"https:\/\/www.facebook.com\/intarcon\/","article_modified_time":"2022-03-08T07:36:33+00:00","og_image":[{"url":"https:\/\/www.intarcon.com\/wp-content\/uploads\/2016\/05\/proyecto_efimarket-e1494433221488.png","type":"","width":"","height":""}],"twitter_card":"summary_large_image","twitter_site":"@Intarcon","twitter_misc":{"Est. reading time":"2 minutes"},"schema":{"@context":"https:\/\/schema.org","@graph":[{"@type":"WebPage","@id":"https:\/\/www.intarcon.com\/en\/efimarket-project\/","url":"https:\/\/www.intarcon.com\/en\/efimarket-project\/","name":"Efimarket Project - INTARCON","isPartOf":{"@id":"https:\/\/www.intarcon.com\/en\/#website"},"primaryImageOfPage":{"@id":"https:\/\/www.intarcon.com\/en\/efimarket-project\/#primaryimage"},"image":{"@id":"https:\/\/www.intarcon.com\/en\/efimarket-project\/#primaryimage"},"thumbnailUrl":"https:\/\/www.intarcon.com\/wp-content\/uploads\/2016\/05\/proyecto_efimarket-e1494433221488.png","datePublished":"2019-07-01T14:07:51+00:00","dateModified":"2022-03-08T07:36:33+00:00","description":"Le projet EFIMARKET consiste \u00e0 d\u00e9velopper un syst\u00e8me combin\u00e9 de r\u00e9frig\u00e9ration et de climatisation pour les supermarch\u00e9s.","breadcrumb":{"@id":"https:\/\/www.intarcon.com\/en\/efimarket-project\/#breadcrumb"},"inLanguage":"en","potentialAction":[{"@type":"ReadAction","target":["https:\/\/www.intarcon.com\/en\/efimarket-project\/"]}]},{"@type":"ImageObject","inLanguage":"en","@id":"https:\/\/www.intarcon.com\/en\/efimarket-project\/#primaryimage","url":"https:\/\/www.intarcon.com\/wp-content\/uploads\/2016\/05\/proyecto_efimarket-e1494433221488.png","contentUrl":"https:\/\/www.intarcon.com\/wp-content\/uploads\/2016\/05\/proyecto_efimarket-e1494433221488.png"},{"@type":"BreadcrumbList","@id":"https:\/\/www.intarcon.com\/en\/efimarket-project\/#breadcrumb","itemListElement":[{"@type":"ListItem","position":1,"name":"Portada","item":"https:\/\/www.intarcon.com\/en\/"},{"@type":"ListItem","position":2,"name":"Efimarket Project"}]},{"@type":"WebSite","@id":"https:\/\/www.intarcon.com\/en\/#website","url":"https:\/\/www.intarcon.com\/en\/","name":"INTARCON","description":"","potentialAction":[{"@type":"SearchAction","target":{"@type":"EntryPoint","urlTemplate":"https:\/\/www.intarcon.com\/en\/?s={search_term_string}"},"query-input":{"@type":"PropertyValueSpecification","valueRequired":true,"valueName":"search_term_string"}}],"inLanguage":"en"}]}},"_links":{"self":[{"href":"https:\/\/www.intarcon.com\/en\/wp-json\/wp\/v2\/pages\/9015","targetHints":{"allow":["GET"]}}],"collection":[{"href":"https:\/\/www.intarcon.com\/en\/wp-json\/wp\/v2\/pages"}],"about":[{"href":"https:\/\/www.intarcon.com\/en\/wp-json\/wp\/v2\/types\/page"}],"author":[{"embeddable":true,"href":"https:\/\/www.intarcon.com\/en\/wp-json\/wp\/v2\/users\/2"}],"replies":[{"embeddable":true,"href":"https:\/\/www.intarcon.com\/en\/wp-json\/wp\/v2\/comments?post=9015"}],"version-history":[{"count":0,"href":"https:\/\/www.intarcon.com\/en\/wp-json\/wp\/v2\/pages\/9015\/revisions"}],"wp:attachment":[{"href":"https:\/\/www.intarcon.com\/en\/wp-json\/wp\/v2\/media?parent=9015"}],"curies":[{"name":"wp","href":"https:\/\/api.w.org\/{rel}","templated":true}]}}