{"id":8742,"date":"2019-06-24T06:26:23","date_gmt":"2019-06-24T04:26:23","guid":{"rendered":"https:\/\/www.intarcon.com\/wordpress\/productos\/"},"modified":"2022-03-04T15:16:47","modified_gmt":"2022-03-04T13:16:47","slug":"technologies","status":"publish","type":"page","link":"https:\/\/www.intarcon.com\/en\/technologies\/","title":{"rendered":"Technologies"},"content":{"rendered":"\t\t<div data-elementor-type=\"wp-page\" data-elementor-id=\"8742\" class=\"elementor elementor-8742 elementor-7071\" data-elementor-post-type=\"page\">\n\t\t\t\t\t\t<section class=\"elementor-section elementor-top-section elementor-element elementor-element-8b91557 elementor-section-boxed elementor-section-height-default elementor-section-height-default\" data-id=\"8b91557\" data-element_type=\"section\" data-settings=\"{&quot;background_background&quot;:&quot;classic&quot;}\">\r\n\t\t\r\n\t\t\t\t\t\t\t<div class=\"elementor-container elementor-column-gap-default\">\r\n\t\t\t\t\t\t\t\t\t\t\t<div class=\"elementor-column elementor-col-100 elementor-top-column elementor-element elementor-element-1de04ca\" data-id=\"1de04ca\" data-element_type=\"column\">\r\n\t\t\t\t\t<div class=\"elementor-widget-wrap elementor-element-populated\">\r\n\t\t\t\t\t\t\t\t<div class=\"elementor-element elementor-element-f737c3c elementor-invisible elementor-widget elementor-widget-heading\" data-id=\"f737c3c\" data-element_type=\"widget\" data-settings=\"{&quot;_animation&quot;:&quot;fadeInUp&quot;,&quot;_animation_delay&quot;:700}\" data-widget_type=\"heading.default\">\n\t\t\t\t<div class=\"elementor-widget-container\">\n\t\t\t\t\t<h1 class=\"elementor-heading-title elementor-size-default\">Refrigeration technology<\/h1>\t\t\t\t<\/div>\n\t\t\t\t<\/div>\n\t\t\t\t<section class=\"elementor-section elementor-inner-section elementor-element elementor-element-e8b7622 elementor-section-boxed elementor-section-height-default elementor-section-height-default elementor-invisible\" data-id=\"e8b7622\" data-element_type=\"section\" data-settings=\"{&quot;animation&quot;:&quot;fadeIn&quot;,&quot;animation_delay&quot;:&quot;300&quot;}\">\r\n\t\t\r\n\t\t\t\t\t\t\t<div class=\"elementor-container elementor-column-gap-no\">\r\n\t\t\t\t\t\t\t\t\t\t\t<div class=\"elementor-column elementor-col-33 elementor-inner-column elementor-element elementor-element-c7a49db click-child pointer\" data-id=\"c7a49db\" data-element_type=\"column\" data-settings=\"{&quot;background_background&quot;:&quot;classic&quot;}\">\r\n\t\t\t\t\t<div class=\"elementor-widget-wrap elementor-element-populated\">\r\n\t\t\t\t\t<div class=\"elementor-background-overlay\"><\/div>\r\n\t\t\t\t\t\t\t\t<div class=\"elementor-element elementor-element-65414a9 elementor-widget elementor-widget-spacer\" data-id=\"65414a9\" data-element_type=\"widget\" data-widget_type=\"spacer.default\">\n\t\t\t\t<div class=\"elementor-widget-container\">\n\t\t\t\t\t\t\t<div class=\"elementor-spacer\">\n\t\t\t<div class=\"elementor-spacer-inner\"><\/div>\n\t\t<\/div>\n\t\t\t\t\t\t<\/div>\n\t\t\t\t<\/div>\n\t\t\t\t<div class=\"elementor-element elementor-element-49f1edd titulo-tecnologia elementor-widget elementor-widget-text-editor\" data-id=\"49f1edd\" data-element_type=\"widget\" data-widget_type=\"text-editor.default\">\n\t\t\t\t<div class=\"elementor-widget-container\">\n\t\t\t\t\t\t\t\t\t<a href=\"https:\/\/www.intarcon.com\/en\/technology\/r290\/\">R290<\/a>\t\t\t\t\t\t\t\t<\/div>\n\t\t\t\t<\/div>\n\t\t\t\t\t<\/div>\r\n\t\t\t\t<\/div>\r\n\t\t\t\t<div class=\"elementor-column elementor-col-33 elementor-inner-column elementor-element elementor-element-f66587b click-child pointer\" data-id=\"f66587b\" data-element_type=\"column\" data-settings=\"{&quot;background_background&quot;:&quot;classic&quot;}\">\r\n\t\t\t\t\t<div class=\"elementor-widget-wrap elementor-element-populated\">\r\n\t\t\t\t\t<div class=\"elementor-background-overlay\"><\/div>\r\n\t\t\t\t\t\t\t\t<div class=\"elementor-element elementor-element-1cc6fd4 elementor-widget elementor-widget-spacer\" data-id=\"1cc6fd4\" data-element_type=\"widget\" data-widget_type=\"spacer.default\">\n\t\t\t\t<div class=\"elementor-widget-container\">\n\t\t\t\t\t\t\t<div class=\"elementor-spacer\">\n\t\t\t<div class=\"elementor-spacer-inner\"><\/div>\n\t\t<\/div>\n\t\t\t\t\t\t<\/div>\n\t\t\t\t<\/div>\n\t\t\t\t<div class=\"elementor-element elementor-element-6cf4470 titulo-tecnologia elementor-widget elementor-widget-text-editor\" data-id=\"6cf4470\" data-element_type=\"widget\" data-widget_type=\"text-editor.default\">\n\t\t\t\t<div class=\"elementor-widget-container\">\n\t\t\t\t\t\t\t\t\t<a href=\"https:\/\/www.intarcon.com\/en\/technology\/co2\/\">CO<sub>2<\/sub><\/a>\t\t\t\t\t\t\t\t<\/div>\n\t\t\t\t<\/div>\n\t\t\t\t\t<\/div>\r\n\t\t\t\t<\/div>\r\n\t\t\t\t<div class=\"elementor-column elementor-col-33 elementor-inner-column elementor-element elementor-element-17fc98c click-child pointer\" data-id=\"17fc98c\" data-element_type=\"column\" data-settings=\"{&quot;background_background&quot;:&quot;classic&quot;}\">\r\n\t\t\t\t\t<div class=\"elementor-widget-wrap elementor-element-populated\">\r\n\t\t\t\t\t<div class=\"elementor-background-overlay\"><\/div>\r\n\t\t\t\t\t\t\t\t<div class=\"elementor-element elementor-element-964533d elementor-widget elementor-widget-spacer\" data-id=\"964533d\" data-element_type=\"widget\" data-widget_type=\"spacer.default\">\n\t\t\t\t<div class=\"elementor-widget-container\">\n\t\t\t\t\t\t\t<div class=\"elementor-spacer\">\n\t\t\t<div class=\"elementor-spacer-inner\"><\/div>\n\t\t<\/div>\n\t\t\t\t\t\t<\/div>\n\t\t\t\t<\/div>\n\t\t\t\t<div class=\"elementor-element elementor-element-49a27d9 titulo-tecnologia elementor-widget elementor-widget-text-editor\" data-id=\"49a27d9\" data-element_type=\"widget\" data-widget_type=\"text-editor.default\">\n\t\t\t\t<div class=\"elementor-widget-container\">\n\t\t\t\t\t\t\t\t\t<a href=\"https:\/\/www.intarcon.com\/en\/technology\/nh3\/\">NH<sub>3<\/sub><\/a>\t\t\t\t\t\t\t\t<\/div>\n\t\t\t\t<\/div>\n\t\t\t\t\t<\/div>\r\n\t\t\t\t<\/div>\r\n\t\t\t\t\t<\/div>\r\n\t\t\t\t<\/section>\r\n\t\t\t\t<section class=\"elementor-section elementor-inner-section elementor-element elementor-element-4bef032 elementor-section-boxed elementor-section-height-default elementor-section-height-default elementor-invisible\" data-id=\"4bef032\" data-element_type=\"section\" data-settings=\"{&quot;animation&quot;:&quot;fadeIn&quot;,&quot;animation_delay&quot;:&quot;300&quot;}\">\r\n\t\t\r\n\t\t\t\t\t\t\t<div class=\"elementor-container elementor-column-gap-no\">\r\n\t\t\t\t\t\t\t\t\t\t\t<div class=\"elementor-column elementor-col-33 elementor-inner-column elementor-element elementor-element-0518480 click-child pointer\" data-id=\"0518480\" data-element_type=\"column\" data-settings=\"{&quot;background_background&quot;:&quot;classic&quot;}\">\r\n\t\t\t\t\t<div class=\"elementor-widget-wrap elementor-element-populated\">\r\n\t\t\t\t\t<div class=\"elementor-background-overlay\"><\/div>\r\n\t\t\t\t\t\t\t\t<div class=\"elementor-element elementor-element-e9bce74 elementor-widget elementor-widget-spacer\" data-id=\"e9bce74\" data-element_type=\"widget\" data-widget_type=\"spacer.default\">\n\t\t\t\t<div class=\"elementor-widget-container\">\n\t\t\t\t\t\t\t<div class=\"elementor-spacer\">\n\t\t\t<div class=\"elementor-spacer-inner\"><\/div>\n\t\t<\/div>\n\t\t\t\t\t\t<\/div>\n\t\t\t\t<\/div>\n\t\t\t\t<div class=\"elementor-element elementor-element-4382735 titulo-tecnologia elementor-widget elementor-widget-text-editor\" data-id=\"4382735\" data-element_type=\"widget\" data-widget_type=\"text-editor.default\">\n\t\t\t\t<div class=\"elementor-widget-container\">\n\t\t\t\t\t\t\t\t\t<a href=\"https:\/\/www.intarcon.com\/en\/technology\/waterloop\/\">Waterloop<\/a>\t\t\t\t\t\t\t\t<\/div>\n\t\t\t\t<\/div>\n\t\t\t\t\t<\/div>\r\n\t\t\t\t<\/div>\r\n\t\t\t\t<div class=\"elementor-column elementor-col-33 elementor-inner-column elementor-element elementor-element-496a69c click-child pointer\" data-id=\"496a69c\" data-element_type=\"column\" data-settings=\"{&quot;background_background&quot;:&quot;classic&quot;}\">\r\n\t\t\t\t\t<div class=\"elementor-widget-wrap elementor-element-populated\">\r\n\t\t\t\t\t<div class=\"elementor-background-overlay\"><\/div>\r\n\t\t\t\t\t\t\t\t<div class=\"elementor-element elementor-element-e8366fc elementor-widget elementor-widget-spacer\" data-id=\"e8366fc\" data-element_type=\"widget\" data-widget_type=\"spacer.default\">\n\t\t\t\t<div class=\"elementor-widget-container\">\n\t\t\t\t\t\t\t<div class=\"elementor-spacer\">\n\t\t\t<div class=\"elementor-spacer-inner\"><\/div>\n\t\t<\/div>\n\t\t\t\t\t\t<\/div>\n\t\t\t\t<\/div>\n\t\t\t\t<div class=\"elementor-element elementor-element-818d664 titulo-tecnologia elementor-widget elementor-widget-text-editor\" data-id=\"818d664\" data-element_type=\"widget\" data-widget_type=\"text-editor.default\">\n\t\t\t\t<div class=\"elementor-widget-container\">\n\t\t\t\t\t\t\t\t\t<a href=\"https:\/\/www.intarcon.com\/en\/technology\/glycol\/\">Glicol<\/a>\t\t\t\t\t\t\t\t<\/div>\n\t\t\t\t<\/div>\n\t\t\t\t\t<\/div>\r\n\t\t\t\t<\/div>\r\n\t\t\t\t<div class=\"elementor-column elementor-col-33 elementor-inner-column elementor-element elementor-element-fbf24f2 click-child pointer\" data-id=\"fbf24f2\" data-element_type=\"column\" data-settings=\"{&quot;background_background&quot;:&quot;classic&quot;}\">\r\n\t\t\t\t\t<div class=\"elementor-widget-wrap elementor-element-populated\">\r\n\t\t\t\t\t<div class=\"elementor-background-overlay\"><\/div>\r\n\t\t\t\t\t\t\t\t<div class=\"elementor-element elementor-element-7721c61 elementor-widget elementor-widget-spacer\" data-id=\"7721c61\" data-element_type=\"widget\" data-widget_type=\"spacer.default\">\n\t\t\t\t<div class=\"elementor-widget-container\">\n\t\t\t\t\t\t\t<div class=\"elementor-spacer\">\n\t\t\t<div class=\"elementor-spacer-inner\"><\/div>\n\t\t<\/div>\n\t\t\t\t\t\t<\/div>\n\t\t\t\t<\/div>\n\t\t\t\t<div class=\"elementor-element elementor-element-19afc52 titulo-tecnologia elementor-widget elementor-widget-text-editor\" data-id=\"19afc52\" data-element_type=\"widget\" data-widget_type=\"text-editor.default\">\n\t\t\t\t<div class=\"elementor-widget-container\">\n\t\t\t\t\t\t\t\t\t<a href=\"https:\/\/www.intarcon.com\/en\/technology\/hfc\/\">HFC<\/a>\t\t\t\t\t\t\t\t<\/div>\n\t\t\t\t<\/div>\n\t\t\t\t\t<\/div>\r\n\t\t\t\t<\/div>\r\n\t\t\t\t\t<\/div>\r\n\t\t\t\t<\/section>\r\n\t\t\t\t\t<\/div>\r\n\t\t\t\t<\/div>\r\n\t\t\t\t\t<\/div>\r\n\t\t\t\t<\/section>\r\n\t\t\t\t<section class=\"elementor-section elementor-top-section elementor-element elementor-element-777ffa8 elementor-section-boxed elementor-section-height-default elementor-section-height-default\" data-id=\"777ffa8\" data-element_type=\"section\">\r\n\t\t\r\n\t\t\t\t\t\t\t<div class=\"elementor-container elementor-column-gap-default\">\r\n\t\t\t\t\t\t\t\t\t\t\t<div class=\"elementor-column elementor-col-100 elementor-top-column elementor-element elementor-element-a2a83ff\" data-id=\"a2a83ff\" data-element_type=\"column\">\r\n\t\t\t\t\t<div class=\"elementor-widget-wrap elementor-element-populated\">\r\n\t\t\t\t\t\t\t\t<div class=\"elementor-element elementor-element-8cee88b elementor-widget elementor-widget-porto_ultimate_heading\" data-id=\"8cee88b\" data-element_type=\"widget\" data-widget_type=\"porto_ultimate_heading.default\">\n\t\t\t\t<div class=\"elementor-widget-container\">\n\t\t\t\t\t<div class=\"porto-u-heading  porto-u-bd11424de395366805213f3c847c9ae4\"><div class=\"porto-u-main-heading\"><h2    style=\"margin-bottom: 4px;\">Last News<\/h2><\/div><div class=\"porto-u-sub-heading\" style=\"margin-bottom:30px;\"><p>Blog INTARCON<\/p><\/div><style>.porto-u-bd11424de395366805213f3c847c9ae4.porto-u-heading{text-align:center}<\/style><\/div>\t\t\t\t<\/div>\n\t\t\t\t<\/div>\n\t\t\t\t<div class=\"elementor-element elementor-element-186ae66 elementor-widget elementor-widget-porto_blog\" data-id=\"186ae66\" data-element_type=\"widget\" data-widget_type=\"porto_blog.default\">\n\t\t\t\t<div class=\"elementor-widget-container\">\n\t\t\t\t\t<div class=\"porto-blog wpb_content_element  porto-blog-d751713988987e9331980363e24189ce\">\t\t<div class=\"blog-posts posts-grid blog-posts-related\">\r\n\t\t\t<div class=\"posts-container row\">\r\n\t\t\r\n<article class=\"post post-grid col-md-6 col-lg-4 post-title-simple post-98475 post type-post status-publish format-standard has-post-thumbnail hentry category-blog-en\">\r\n<div class=\"post-item post-title-simple\">\r\n\t\t\t<a aria-label=\"Go to post page\" href=\"https:\/\/www.intarcon.com\/en\/strengthens-its-international-presence\/\"> <span class=\"post-image thumb-info thumb-info-hide-wrapper-bg m-b-md\"> <span class=\"thumb-info-wrapper\"> <img fetchpriority=\"high\" decoding=\"async\" class=\"img-responsive\" width=\"450\" height=\"231\" src=\"https:\/\/www.intarcon.com\/wp-content\/uploads\/2026\/03\/AtmoDa010047-450x231.webp\" alt=\"\" \/>\r\n\t\t\t<\/span> <\/span> <\/a>\r\n\t\t\t<div class=\"post-date\">\r\n\t\t<span class=\"day\">25<\/span><span class=\"month\">Mar<\/span><time datetime=\"2026-03-25\">March 25, 2026<\/time>\t<\/div>\r\n\t\t\t<h4><a href=\"https:\/\/www.intarcon.com\/en\/strengthens-its-international-presence\/\">\r\n\t\tINTARCON strengthens its international presence\t<\/a><\/h4>\r\n\t\t<div><p class=\"post-excerpt\">Refrigeration trade shows in Spain, France and Colombia have provided key opportunities for <a href=\"https:\/\/www.intarcon.com\/en\/\">INTARCON<\/a> to strengthen its international presence....  <a class=\"read-more\" href=\"https:\/\/www.intarcon.com\/en\/strengthens-its-international-presence\/\">read more <i class=\"fas fa-angle-right\"><\/i><\/a><\/p><\/div> <\/div>\r\n<\/article>\r\n\r\n<article class=\"post post-grid col-md-6 col-lg-4 post-title-simple post-98179 post type-post status-publish format-standard has-post-thumbnail hentry category-blog-en\">\r\n<div class=\"post-item post-title-simple\">\r\n\t\t\t<a aria-label=\"Go to post page\" href=\"https:\/\/www.intarcon.com\/en\/cold-chain-fresh-cut-ready-to-eat-foods\/\"> <span class=\"post-image thumb-info thumb-info-hide-wrapper-bg m-b-md\"> <span class=\"thumb-info-wrapper\"> <img decoding=\"async\" class=\"img-responsive\" width=\"450\" height=\"231\" src=\"https:\/\/www.intarcon.com\/wp-content\/uploads\/2026\/02\/imagen-20-450x231.webp\" alt=\"\" \/>\r\n\t\t\t<\/span> <\/span> <\/a>\r\n\t\t\t<div class=\"post-date\">\r\n\t\t<span class=\"day\">12<\/span><span class=\"month\">Feb<\/span><time datetime=\"2026-02-12\">February 12, 2026<\/time>\t<\/div>\r\n\t\t\t<h4><a href=\"https:\/\/www.intarcon.com\/en\/cold-chain-fresh-cut-ready-to-eat-foods\/\">\r\n\t\tThe cold chain in fresh-cut and ready-to-eat products\t<\/a><\/h4>\r\n\t\t<div><p class=\"post-excerpt\">The cold chain is a key element in guaranteeing the quality and safety of fresh-cut and ready-to-eat products. In a...  <a class=\"read-more\" href=\"https:\/\/www.intarcon.com\/en\/cold-chain-fresh-cut-ready-to-eat-foods\/\">read more <i class=\"fas fa-angle-right\"><\/i><\/a><\/p><\/div> <\/div>\r\n<\/article>\r\n\r\n<article class=\"post post-grid col-md-6 col-lg-4 post-title-simple post-98009 post type-post status-publish format-standard has-post-thumbnail hentry category-blog-en\">\r\n<div class=\"post-item post-title-simple\">\r\n\t\t\t<a aria-label=\"Go to post page\" href=\"https:\/\/www.intarcon.com\/en\/intarcon-circular-economy-perte-2024\/\"> <span class=\"post-image thumb-info thumb-info-hide-wrapper-bg m-b-md\"> <span class=\"thumb-info-wrapper\"> <img decoding=\"async\" class=\"img-responsive\" width=\"450\" height=\"231\" src=\"https:\/\/www.intarcon.com\/wp-content\/uploads\/2026\/02\/economia-circular-450x231.webp\" alt=\"\" \/>\r\n\t\t\t<\/span> <\/span> <\/a>\r\n\t\t\t<div class=\"post-date\">\r\n\t\t<span class=\"day\">04<\/span><span class=\"month\">Feb<\/span><time datetime=\"2026-02-04\">February 4, 2026<\/time>\t<\/div>\r\n\t\t\t<h4><a href=\"https:\/\/www.intarcon.com\/en\/intarcon-circular-economy-perte-2024\/\">\r\n\t\tINTARCON, beneficiary of the 2024 Circular Economy PERTE\t<\/a><\/h4>\r\n\t\t<div><p class=\"post-excerpt\"><a href=\"https:\/\/www.intarcon.com\/en\/\">INTARCON<\/a> has been awarded funding under the 2024 Circular Economy PERTE call. As a result, the company reinforces its...  <a class=\"read-more\" href=\"https:\/\/www.intarcon.com\/en\/intarcon-circular-economy-perte-2024\/\">read more <i class=\"fas fa-angle-right\"><\/i><\/a><\/p><\/div> <\/div>\r\n<\/article>\r\n\r\n\t\r\n\t\t\t<\/div>\r\n\t\t<\/div>\r\n\r\n\t\r\n\t\r\n\t<\/div>\t\t\t\t<\/div>\n\t\t\t\t<\/div>\n\t\t\t\t\t<\/div>\r\n\t\t\t\t<\/div>\r\n\t\t\t\t\t<\/div>\r\n\t\t\t\t<\/section>\r\n\t\t\t\t<\/div>\n\t\t","protected":false},"excerpt":{"rendered":"<p>Refrigeration technology R290 CO2 NH3 Waterloop Glicol HFC Last News Blog INTARCON 22Febfebrero 22, 2022 Centrales compactes de CO2 transcritique Pour des applications telles que les supermarch\u00e9s, INTARCON propose des unit\u00e9s compactes de condensation du CO2 transcritique avec refroidisseur&#8230; Leer m\u00e1s 09Febfebrero 9, 2022 Catalogue des solutions de refroidissement pour 2022-2023 INTARCON a r\u00e9cemment pr\u00e9sent\u00e9 [&hellip;]<\/p>\n","protected":false},"author":2,"featured_media":0,"parent":0,"menu_order":0,"comment_status":"closed","ping_status":"closed","template":"","meta":{"footnotes":""},"class_list":["post-8742","page","type-page","status-publish","hentry"],"yoast_head":"<!-- This site is optimized with the Yoast SEO plugin v25.5 - https:\/\/yoast.com\/wordpress\/plugins\/seo\/ -->\n<title>Cooling units - INTARCON<\/title>\n<meta name=\"description\" content=\"INTARCON manufactures cooling units for cold rooms, refrigerated sotres and other cooling procedures for commercial and industrial purpose.\" \/>\n<meta name=\"robots\" content=\"index, follow, max-snippet:-1, max-image-preview:large, max-video-preview:-1\" \/>\n<link rel=\"canonical\" href=\"https:\/\/www.intarcon.com\/en\/technologies\/\" \/>\n<meta property=\"og:locale\" content=\"en_US\" \/>\n<meta property=\"og:type\" content=\"article\" \/>\n<meta property=\"og:title\" content=\"Cooling units - INTARCON\" \/>\n<meta property=\"og:description\" content=\"INTARCON manufactures cooling units for cold rooms, refrigerated sotres and other cooling procedures for commercial and industrial purpose.\" \/>\n<meta property=\"og:url\" content=\"https:\/\/www.intarcon.com\/en\/technologies\/\" \/>\n<meta property=\"og:site_name\" content=\"INTARCON\" \/>\n<meta property=\"article:publisher\" content=\"https:\/\/www.facebook.com\/intarcon\/\" \/>\n<meta property=\"article:modified_time\" content=\"2022-03-04T13:16:47+00:00\" \/>\n<meta property=\"og:image\" content=\"https:\/\/www.intarcon.com\/wp-content\/uploads\/2021\/07\/tecnologia-co2-450x231.jpeg\" \/>\n<meta name=\"twitter:card\" content=\"summary_large_image\" \/>\n<meta name=\"twitter:site\" content=\"@Intarcon\" \/>\n<meta name=\"twitter:label1\" content=\"Est. reading time\" \/>\n\t<meta name=\"twitter:data1\" content=\"2 minutes\" \/>\n<script type=\"application\/ld+json\" class=\"yoast-schema-graph\">{\"@context\":\"https:\/\/schema.org\",\"@graph\":[{\"@type\":\"WebPage\",\"@id\":\"https:\/\/www.intarcon.com\/en\/technologies\/\",\"url\":\"https:\/\/www.intarcon.com\/en\/technologies\/\",\"name\":\"Cooling units - INTARCON\",\"isPartOf\":{\"@id\":\"https:\/\/www.intarcon.com\/en\/#website\"},\"primaryImageOfPage\":{\"@id\":\"https:\/\/www.intarcon.com\/en\/technologies\/#primaryimage\"},\"image\":{\"@id\":\"https:\/\/www.intarcon.com\/en\/technologies\/#primaryimage\"},\"thumbnailUrl\":\"https:\/\/www.intarcon.com\/wp-content\/uploads\/2021\/07\/tecnologia-co2-450x231.jpeg\",\"datePublished\":\"2019-06-24T04:26:23+00:00\",\"dateModified\":\"2022-03-04T13:16:47+00:00\",\"description\":\"INTARCON manufactures cooling units for cold rooms, refrigerated sotres and other cooling procedures for commercial and industrial purpose.\",\"breadcrumb\":{\"@id\":\"https:\/\/www.intarcon.com\/en\/technologies\/#breadcrumb\"},\"inLanguage\":\"en\",\"potentialAction\":[{\"@type\":\"ReadAction\",\"target\":[\"https:\/\/www.intarcon.com\/en\/technologies\/\"]}]},{\"@type\":\"ImageObject\",\"inLanguage\":\"en\",\"@id\":\"https:\/\/www.intarcon.com\/en\/technologies\/#primaryimage\",\"url\":\"https:\/\/www.intarcon.com\/wp-content\/uploads\/2021\/07\/tecnologia-co2-450x231.jpeg\",\"contentUrl\":\"https:\/\/www.intarcon.com\/wp-content\/uploads\/2021\/07\/tecnologia-co2-450x231.jpeg\"},{\"@type\":\"BreadcrumbList\",\"@id\":\"https:\/\/www.intarcon.com\/en\/technologies\/#breadcrumb\",\"itemListElement\":[{\"@type\":\"ListItem\",\"position\":1,\"name\":\"Portada\",\"item\":\"https:\/\/www.intarcon.com\/en\/\"},{\"@type\":\"ListItem\",\"position\":2,\"name\":\"Technologies\"}]},{\"@type\":\"WebSite\",\"@id\":\"https:\/\/www.intarcon.com\/en\/#website\",\"url\":\"https:\/\/www.intarcon.com\/en\/\",\"name\":\"INTARCON\",\"description\":\"\",\"potentialAction\":[{\"@type\":\"SearchAction\",\"target\":{\"@type\":\"EntryPoint\",\"urlTemplate\":\"https:\/\/www.intarcon.com\/en\/?s={search_term_string}\"},\"query-input\":{\"@type\":\"PropertyValueSpecification\",\"valueRequired\":true,\"valueName\":\"search_term_string\"}}],\"inLanguage\":\"en\"}]}<\/script>\n<!-- \/ Yoast SEO plugin. -->","yoast_head_json":{"title":"Cooling units - INTARCON","description":"INTARCON manufactures cooling units for cold rooms, refrigerated sotres and other cooling procedures for commercial and industrial purpose.","robots":{"index":"index","follow":"follow","max-snippet":"max-snippet:-1","max-image-preview":"max-image-preview:large","max-video-preview":"max-video-preview:-1"},"canonical":"https:\/\/www.intarcon.com\/en\/technologies\/","og_locale":"en_US","og_type":"article","og_title":"Cooling units - INTARCON","og_description":"INTARCON manufactures cooling units for cold rooms, refrigerated sotres and other cooling procedures for commercial and industrial purpose.","og_url":"https:\/\/www.intarcon.com\/en\/technologies\/","og_site_name":"INTARCON","article_publisher":"https:\/\/www.facebook.com\/intarcon\/","article_modified_time":"2022-03-04T13:16:47+00:00","og_image":[{"url":"https:\/\/www.intarcon.com\/wp-content\/uploads\/2021\/07\/tecnologia-co2-450x231.jpeg","type":"","width":"","height":""}],"twitter_card":"summary_large_image","twitter_site":"@Intarcon","twitter_misc":{"Est. reading time":"2 minutes"},"schema":{"@context":"https:\/\/schema.org","@graph":[{"@type":"WebPage","@id":"https:\/\/www.intarcon.com\/en\/technologies\/","url":"https:\/\/www.intarcon.com\/en\/technologies\/","name":"Cooling units - INTARCON","isPartOf":{"@id":"https:\/\/www.intarcon.com\/en\/#website"},"primaryImageOfPage":{"@id":"https:\/\/www.intarcon.com\/en\/technologies\/#primaryimage"},"image":{"@id":"https:\/\/www.intarcon.com\/en\/technologies\/#primaryimage"},"thumbnailUrl":"https:\/\/www.intarcon.com\/wp-content\/uploads\/2021\/07\/tecnologia-co2-450x231.jpeg","datePublished":"2019-06-24T04:26:23+00:00","dateModified":"2022-03-04T13:16:47+00:00","description":"INTARCON manufactures cooling units for cold rooms, refrigerated sotres and other cooling procedures for commercial and industrial purpose.","breadcrumb":{"@id":"https:\/\/www.intarcon.com\/en\/technologies\/#breadcrumb"},"inLanguage":"en","potentialAction":[{"@type":"ReadAction","target":["https:\/\/www.intarcon.com\/en\/technologies\/"]}]},{"@type":"ImageObject","inLanguage":"en","@id":"https:\/\/www.intarcon.com\/en\/technologies\/#primaryimage","url":"https:\/\/www.intarcon.com\/wp-content\/uploads\/2021\/07\/tecnologia-co2-450x231.jpeg","contentUrl":"https:\/\/www.intarcon.com\/wp-content\/uploads\/2021\/07\/tecnologia-co2-450x231.jpeg"},{"@type":"BreadcrumbList","@id":"https:\/\/www.intarcon.com\/en\/technologies\/#breadcrumb","itemListElement":[{"@type":"ListItem","position":1,"name":"Portada","item":"https:\/\/www.intarcon.com\/en\/"},{"@type":"ListItem","position":2,"name":"Technologies"}]},{"@type":"WebSite","@id":"https:\/\/www.intarcon.com\/en\/#website","url":"https:\/\/www.intarcon.com\/en\/","name":"INTARCON","description":"","potentialAction":[{"@type":"SearchAction","target":{"@type":"EntryPoint","urlTemplate":"https:\/\/www.intarcon.com\/en\/?s={search_term_string}"},"query-input":{"@type":"PropertyValueSpecification","valueRequired":true,"valueName":"search_term_string"}}],"inLanguage":"en"}]}},"_links":{"self":[{"href":"https:\/\/www.intarcon.com\/en\/wp-json\/wp\/v2\/pages\/8742","targetHints":{"allow":["GET"]}}],"collection":[{"href":"https:\/\/www.intarcon.com\/en\/wp-json\/wp\/v2\/pages"}],"about":[{"href":"https:\/\/www.intarcon.com\/en\/wp-json\/wp\/v2\/types\/page"}],"author":[{"embeddable":true,"href":"https:\/\/www.intarcon.com\/en\/wp-json\/wp\/v2\/users\/2"}],"replies":[{"embeddable":true,"href":"https:\/\/www.intarcon.com\/en\/wp-json\/wp\/v2\/comments?post=8742"}],"version-history":[{"count":0,"href":"https:\/\/www.intarcon.com\/en\/wp-json\/wp\/v2\/pages\/8742\/revisions"}],"wp:attachment":[{"href":"https:\/\/www.intarcon.com\/en\/wp-json\/wp\/v2\/media?parent=8742"}],"curies":[{"name":"wp","href":"https:\/\/api.w.org\/{rel}","templated":true}]}}