{"id":51673,"date":"2019-07-10T00:47:39","date_gmt":"2019-07-09T22:47:39","guid":{"rendered":"https:\/\/www.intarcon.com\/proyecto-feder-innterconecta\/"},"modified":"2022-03-04T13:06:48","modified_gmt":"2022-03-04T11:06:48","slug":"ejercer-project","status":"publish","type":"page","link":"https:\/\/www.intarcon.com\/en\/ejercer-project\/","title":{"rendered":"EJERCER project"},"content":{"rendered":"\t\t<div data-elementor-type=\"wp-page\" data-elementor-id=\"51673\" class=\"elementor elementor-51673 elementor-10460\" data-elementor-post-type=\"page\">\n\t\t\t\t\t\t<section class=\"elementor-section elementor-top-section elementor-element elementor-element-15ae9811 elementor-section-boxed elementor-section-height-default elementor-section-height-default\" data-id=\"15ae9811\" data-element_type=\"section\">\r\n\t\t\r\n\t\t\t\t\t\t\t<div class=\"elementor-container elementor-column-gap-default\">\r\n\t\t\t\t\t\t\t\t\t\t\t<div class=\"elementor-column elementor-col-100 elementor-top-column elementor-element elementor-element-4388553c\" data-id=\"4388553c\" data-element_type=\"column\">\r\n\t\t\t\t\t<div class=\"elementor-widget-wrap elementor-element-populated\">\r\n\t\t\t\t\t\t\t\t<div class=\"elementor-element elementor-element-352523a elementor-widget elementor-widget-image\" data-id=\"352523a\" data-element_type=\"widget\" data-widget_type=\"image.default\">\n\t\t\t\t<div class=\"elementor-widget-container\">\n\t\t\t\t\t\t\t\t\t\t\t\t\t\t\t<img decoding=\"async\" src=\"https:\/\/www.intarcon.com\/wp-content\/uploads\/2019\/03\/proyectos-FEDER-innterconecta-01-e1553605541966.png\" title=\"\" alt=\"\" loading=\"lazy\" \/>\t\t\t\t\t\t\t\t\t\t\t\t\t\t\t<\/div>\n\t\t\t\t<\/div>\n\t\t\t\t<div class=\"elementor-element elementor-element-5e69029 elementor-widget elementor-widget-heading\" data-id=\"5e69029\" data-element_type=\"widget\" data-widget_type=\"heading.default\">\n\t\t\t\t<div class=\"elementor-widget-container\">\n\t\t\t\t\t<h1 class=\"elementor-heading-title elementor-size-default\">EJERCER project<\/h1>\t\t\t\t<\/div>\n\t\t\t\t<\/div>\n\t\t\t\t<div class=\"elementor-element elementor-element-3394efa elementor-widget elementor-widget-heading\" data-id=\"3394efa\" data-element_type=\"widget\" data-widget_type=\"heading.default\">\n\t\t\t\t<div class=\"elementor-widget-container\">\n\t\t\t\t\t<h2 class=\"elementor-heading-title elementor-size-default\">INTARCON participates in the \"FEDER-INNTERCONECTA\" R&amp;D projects.<\/h2>\t\t\t\t<\/div>\n\t\t\t\t<\/div>\n\t\t\t\t<div class=\"elementor-element elementor-element-5f17cdc1 elementor-widget elementor-widget-text-editor\" data-id=\"5f17cdc1\" data-element_type=\"widget\" data-widget_type=\"text-editor.default\">\n\t\t\t\t<div class=\"elementor-widget-container\">\n\t\t\t\t\t\t\t\t\t<p>The public entity CDTi (Centro de Desarrollo Tecnol\u00f3gico Industrial) of the Ministry of Science, Innovation and Universities, promotes research and technological development in business R&amp;D through the <strong>FEDER-Innterconecta programme<\/strong>. The CDTi shows its support by granting our organisation a subsidy to carry out the project: &#8220;New Refrigeration and Air Conditioning Systems applying Ejectors to High Efficiency Refrigeration Cycles and using Natural Refrigerants in Commercial and Industrial Applications&#8221; (EJERCER).<\/p><p>The EJERCER project consists of the application of ejectors to refrigeration and air conditioning systems as a state-of-the-art solution that increases their energy efficiency compared to traditional systems, while reducing the environmental impact by using CO2 as a natural refrigerant. These systems have a wide range of possibilities and a lot of flexibility in commercial and industrial applications, from small convenience stores to large supermarkets, even in the hottest climates.<\/p><p>Ejectors are devices that allow the system to continuously and instantaneously adapt to variations in its operating conditions, resulting in improved performance. The complexity of the system is reduced, installation and maintenance costs are reduced, but obtaining higher efficiencies and the same power ranges (kW) as traditional HFC air conditioning and refrigeration systems without ejectors. All this allows us to offer the market a more efficient, sustainable and ecological solution that respects the environment and improves our quality of life, guaranteeing our customers the highest level of satisfaction.<\/p><p>The <strong>INNTERCONECTA<\/strong> programme has the financial support of the <strong>CDTI<\/strong> (Centre for the Development of Industrial Technology) and is also co-financed by the European Regional Development Structural Funds (ERDF), within the framework of the call for Regional Cooperation in R&amp;D of the State Plan for Scientific, Technical and Innovation Research 2017-2020.<\/p>\t\t\t\t\t\t\t\t<\/div>\n\t\t\t\t<\/div>\n\t\t\t\t\t<\/div>\r\n\t\t\t\t<\/div>\r\n\t\t\t\t\t<\/div>\r\n\t\t\t\t<\/section>\r\n\t\t\t\t<\/div>\n\t\t","protected":false},"excerpt":{"rendered":"<p>EJERCER project INTARCON participates in the &#8220;FEDER-INNTERCONECTA&#8221; R&#038;D projects. The public entity CDTi (Centro de Desarrollo Tecnol\u00f3gico Industrial) of the Ministry of Science, Innovation and Universities, promotes research and technological development in business R&amp;D through the FEDER-Innterconecta programme. The CDTi shows its support by granting our organisation a subsidy to carry out the project: &#8220;New [&hellip;]<\/p>\n","protected":false},"author":2,"featured_media":0,"parent":0,"menu_order":0,"comment_status":"closed","ping_status":"closed","template":"","meta":{"footnotes":""},"class_list":["post-51673","page","type-page","status-publish","hentry"],"yoast_head":"<!-- This site is optimized with the Yoast SEO plugin v25.5 - https:\/\/yoast.com\/wordpress\/plugins\/seo\/ -->\n<title>EJERCER project - INTARCON<\/title>\n<meta name=\"description\" content=\"Le projet EJERCER consiste \u00e0 appliquer des \u00e9jecteurs aux syst\u00e8mes de r\u00e9frig\u00e9ration et de climatisation en tant que solution de pointe.\" \/>\n<meta name=\"robots\" content=\"index, follow, max-snippet:-1, max-image-preview:large, max-video-preview:-1\" \/>\n<link rel=\"canonical\" href=\"https:\/\/www.intarcon.com\/en\/ejercer-project\/\" \/>\n<meta property=\"og:locale\" content=\"en_US\" \/>\n<meta property=\"og:type\" content=\"article\" \/>\n<meta property=\"og:title\" content=\"EJERCER project - INTARCON\" \/>\n<meta property=\"og:description\" content=\"Le projet EJERCER consiste \u00e0 appliquer des \u00e9jecteurs aux syst\u00e8mes de r\u00e9frig\u00e9ration et de climatisation en tant que solution de pointe.\" \/>\n<meta property=\"og:url\" content=\"https:\/\/www.intarcon.com\/en\/ejercer-project\/\" \/>\n<meta property=\"og:site_name\" content=\"INTARCON\" \/>\n<meta property=\"article:publisher\" content=\"https:\/\/www.facebook.com\/intarcon\/\" \/>\n<meta property=\"article:modified_time\" content=\"2022-03-04T11:06:48+00:00\" \/>\n<meta property=\"og:image\" content=\"https:\/\/www.intarcon.com\/wp-content\/uploads\/2019\/03\/proyectos-FEDER-innterconecta-01-e1553605541966.png\" \/>\n<meta name=\"twitter:card\" content=\"summary_large_image\" \/>\n<meta name=\"twitter:site\" content=\"@Intarcon\" \/>\n<meta name=\"twitter:label1\" content=\"Est. reading time\" \/>\n\t<meta name=\"twitter:data1\" content=\"2 minutes\" \/>\n<script type=\"application\/ld+json\" class=\"yoast-schema-graph\">{\"@context\":\"https:\/\/schema.org\",\"@graph\":[{\"@type\":\"WebPage\",\"@id\":\"https:\/\/www.intarcon.com\/en\/ejercer-project\/\",\"url\":\"https:\/\/www.intarcon.com\/en\/ejercer-project\/\",\"name\":\"EJERCER project - INTARCON\",\"isPartOf\":{\"@id\":\"https:\/\/www.intarcon.com\/en\/#website\"},\"primaryImageOfPage\":{\"@id\":\"https:\/\/www.intarcon.com\/en\/ejercer-project\/#primaryimage\"},\"image\":{\"@id\":\"https:\/\/www.intarcon.com\/en\/ejercer-project\/#primaryimage\"},\"thumbnailUrl\":\"https:\/\/www.intarcon.com\/wp-content\/uploads\/2019\/03\/proyectos-FEDER-innterconecta-01-e1553605541966.png\",\"datePublished\":\"2019-07-09T22:47:39+00:00\",\"dateModified\":\"2022-03-04T11:06:48+00:00\",\"description\":\"Le projet EJERCER consiste \u00e0 appliquer des \u00e9jecteurs aux syst\u00e8mes de r\u00e9frig\u00e9ration et de climatisation en tant que solution de pointe.\",\"breadcrumb\":{\"@id\":\"https:\/\/www.intarcon.com\/en\/ejercer-project\/#breadcrumb\"},\"inLanguage\":\"en\",\"potentialAction\":[{\"@type\":\"ReadAction\",\"target\":[\"https:\/\/www.intarcon.com\/en\/ejercer-project\/\"]}]},{\"@type\":\"ImageObject\",\"inLanguage\":\"en\",\"@id\":\"https:\/\/www.intarcon.com\/en\/ejercer-project\/#primaryimage\",\"url\":\"https:\/\/www.intarcon.com\/wp-content\/uploads\/2019\/03\/proyectos-FEDER-innterconecta-01-e1553605541966.png\",\"contentUrl\":\"https:\/\/www.intarcon.com\/wp-content\/uploads\/2019\/03\/proyectos-FEDER-innterconecta-01-e1553605541966.png\"},{\"@type\":\"BreadcrumbList\",\"@id\":\"https:\/\/www.intarcon.com\/en\/ejercer-project\/#breadcrumb\",\"itemListElement\":[{\"@type\":\"ListItem\",\"position\":1,\"name\":\"Portada\",\"item\":\"https:\/\/www.intarcon.com\/en\/\"},{\"@type\":\"ListItem\",\"position\":2,\"name\":\"EJERCER project\"}]},{\"@type\":\"WebSite\",\"@id\":\"https:\/\/www.intarcon.com\/en\/#website\",\"url\":\"https:\/\/www.intarcon.com\/en\/\",\"name\":\"INTARCON\",\"description\":\"\",\"potentialAction\":[{\"@type\":\"SearchAction\",\"target\":{\"@type\":\"EntryPoint\",\"urlTemplate\":\"https:\/\/www.intarcon.com\/en\/?s={search_term_string}\"},\"query-input\":{\"@type\":\"PropertyValueSpecification\",\"valueRequired\":true,\"valueName\":\"search_term_string\"}}],\"inLanguage\":\"en\"}]}<\/script>\n<!-- \/ Yoast SEO plugin. -->","yoast_head_json":{"title":"EJERCER project - INTARCON","description":"Le projet EJERCER consiste \u00e0 appliquer des \u00e9jecteurs aux syst\u00e8mes de r\u00e9frig\u00e9ration et de climatisation en tant que solution de pointe.","robots":{"index":"index","follow":"follow","max-snippet":"max-snippet:-1","max-image-preview":"max-image-preview:large","max-video-preview":"max-video-preview:-1"},"canonical":"https:\/\/www.intarcon.com\/en\/ejercer-project\/","og_locale":"en_US","og_type":"article","og_title":"EJERCER project - INTARCON","og_description":"Le projet EJERCER consiste \u00e0 appliquer des \u00e9jecteurs aux syst\u00e8mes de r\u00e9frig\u00e9ration et de climatisation en tant que solution de pointe.","og_url":"https:\/\/www.intarcon.com\/en\/ejercer-project\/","og_site_name":"INTARCON","article_publisher":"https:\/\/www.facebook.com\/intarcon\/","article_modified_time":"2022-03-04T11:06:48+00:00","og_image":[{"url":"https:\/\/www.intarcon.com\/wp-content\/uploads\/2019\/03\/proyectos-FEDER-innterconecta-01-e1553605541966.png","type":"","width":"","height":""}],"twitter_card":"summary_large_image","twitter_site":"@Intarcon","twitter_misc":{"Est. reading time":"2 minutes"},"schema":{"@context":"https:\/\/schema.org","@graph":[{"@type":"WebPage","@id":"https:\/\/www.intarcon.com\/en\/ejercer-project\/","url":"https:\/\/www.intarcon.com\/en\/ejercer-project\/","name":"EJERCER project - INTARCON","isPartOf":{"@id":"https:\/\/www.intarcon.com\/en\/#website"},"primaryImageOfPage":{"@id":"https:\/\/www.intarcon.com\/en\/ejercer-project\/#primaryimage"},"image":{"@id":"https:\/\/www.intarcon.com\/en\/ejercer-project\/#primaryimage"},"thumbnailUrl":"https:\/\/www.intarcon.com\/wp-content\/uploads\/2019\/03\/proyectos-FEDER-innterconecta-01-e1553605541966.png","datePublished":"2019-07-09T22:47:39+00:00","dateModified":"2022-03-04T11:06:48+00:00","description":"Le projet EJERCER consiste \u00e0 appliquer des \u00e9jecteurs aux syst\u00e8mes de r\u00e9frig\u00e9ration et de climatisation en tant que solution de pointe.","breadcrumb":{"@id":"https:\/\/www.intarcon.com\/en\/ejercer-project\/#breadcrumb"},"inLanguage":"en","potentialAction":[{"@type":"ReadAction","target":["https:\/\/www.intarcon.com\/en\/ejercer-project\/"]}]},{"@type":"ImageObject","inLanguage":"en","@id":"https:\/\/www.intarcon.com\/en\/ejercer-project\/#primaryimage","url":"https:\/\/www.intarcon.com\/wp-content\/uploads\/2019\/03\/proyectos-FEDER-innterconecta-01-e1553605541966.png","contentUrl":"https:\/\/www.intarcon.com\/wp-content\/uploads\/2019\/03\/proyectos-FEDER-innterconecta-01-e1553605541966.png"},{"@type":"BreadcrumbList","@id":"https:\/\/www.intarcon.com\/en\/ejercer-project\/#breadcrumb","itemListElement":[{"@type":"ListItem","position":1,"name":"Portada","item":"https:\/\/www.intarcon.com\/en\/"},{"@type":"ListItem","position":2,"name":"EJERCER project"}]},{"@type":"WebSite","@id":"https:\/\/www.intarcon.com\/en\/#website","url":"https:\/\/www.intarcon.com\/en\/","name":"INTARCON","description":"","potentialAction":[{"@type":"SearchAction","target":{"@type":"EntryPoint","urlTemplate":"https:\/\/www.intarcon.com\/en\/?s={search_term_string}"},"query-input":{"@type":"PropertyValueSpecification","valueRequired":true,"valueName":"search_term_string"}}],"inLanguage":"en"}]}},"_links":{"self":[{"href":"https:\/\/www.intarcon.com\/en\/wp-json\/wp\/v2\/pages\/51673","targetHints":{"allow":["GET"]}}],"collection":[{"href":"https:\/\/www.intarcon.com\/en\/wp-json\/wp\/v2\/pages"}],"about":[{"href":"https:\/\/www.intarcon.com\/en\/wp-json\/wp\/v2\/types\/page"}],"author":[{"embeddable":true,"href":"https:\/\/www.intarcon.com\/en\/wp-json\/wp\/v2\/users\/2"}],"replies":[{"embeddable":true,"href":"https:\/\/www.intarcon.com\/en\/wp-json\/wp\/v2\/comments?post=51673"}],"version-history":[{"count":0,"href":"https:\/\/www.intarcon.com\/en\/wp-json\/wp\/v2\/pages\/51673\/revisions"}],"wp:attachment":[{"href":"https:\/\/www.intarcon.com\/en\/wp-json\/wp\/v2\/media?parent=51673"}],"curies":[{"name":"wp","href":"https:\/\/api.w.org\/{rel}","templated":true}]}}