{"id":13112,"date":"2019-06-29T13:49:54","date_gmt":"2019-06-29T11:49:54","guid":{"rendered":"https:\/\/www.intarcon.com\/?page_id=13112"},"modified":"2023-12-19T15:30:43","modified_gmt":"2023-12-19T14:30:43","slug":"privacy-policy-and-legal-terms","status":"publish","type":"page","link":"https:\/\/www.intarcon.com\/en\/privacy-policy-and-legal-terms\/","title":{"rendered":"Privacy Policy and Legal terms"},"content":{"rendered":"\t\t<div data-elementor-type=\"wp-page\" data-elementor-id=\"13112\" class=\"elementor elementor-13112 elementor-7368\" data-elementor-post-type=\"page\">\n\t\t\t\t\t\t<section class=\"elementor-section elementor-top-section elementor-element elementor-element-7d137b2a elementor-section-boxed elementor-section-height-default elementor-section-height-default\" data-id=\"7d137b2a\" data-element_type=\"section\">\r\n\t\t\r\n\t\t\t\t\t\t\t<div class=\"elementor-container elementor-column-gap-default\">\r\n\t\t\t\t\t\t\t\t\t\t\t<div class=\"elementor-column elementor-col-100 elementor-top-column elementor-element elementor-element-3535ea7c\" data-id=\"3535ea7c\" data-element_type=\"column\">\r\n\t\t\t\t\t<div class=\"elementor-widget-wrap elementor-element-populated\">\r\n\t\t\t\t\t\t\t\t<div class=\"elementor-element elementor-element-c3078ec elementor-widget elementor-widget-heading\" data-id=\"c3078ec\" data-element_type=\"widget\" data-widget_type=\"heading.default\">\n\t\t\t\t<div class=\"elementor-widget-container\">\n\t\t\t\t\t<h2 class=\"elementor-heading-title elementor-size-default\">Privacy policy and legal terms.<\/h2>\t\t\t\t<\/div>\n\t\t\t\t<\/div>\n\t\t\t\t<div class=\"elementor-element elementor-element-311e3dea elementor-widget elementor-widget-text-editor\" data-id=\"311e3dea\" data-element_type=\"widget\" id=\"texto\" data-widget_type=\"text-editor.default\">\n\t\t\t\t<div class=\"elementor-widget-container\">\n\t\t\t\t\t\t\t\t\t<p>Privacy is of great importance to Industrias de Tecnolog\u00edas Aplicadas de Refrigeraci\u00f3n y Conservaci\u00f3n, SL (hereinafter &#8220;INTARCON&#8221;) and we want to maintain an open and transparent attitude when dealing with your personal data. Therefore, we have a policy that sets out how your personal data is treated and protected.<\/p><p><span style=\"color: #000000;\"><strong>Who is responsible for the processing of your data?<\/strong><\/span><\/p><p>INDUSTRIAS DE TECNOLOG\u00cdAS APLICADAS DE REFRIGERACI\u00d3N Y CONSERVACI\u00d3N, S.L. | CIF: B14779136 | Dir.Postal: LUCENA (CORDOBA), C.P. 14900, POL\u00cdGONO INDUSTRIAL LOS SANTOS REG. 59279 PA S\/N | E-mail:<a href=\"mailto:lopd@keyter-intarcon.es\">lopd@keyter-intarcon.es<\/a><\/p><p><span style=\"color: #000000;\"><strong>For what purposes do we process your personal data?<\/strong><\/span><\/p><p>INDUSTRIAS DE TECNOLOG\u00cdAS APLICADAS DE REFRIGERACI\u00d3N Y CONSERVACI\u00d3N, S.L. processes the information provided by the interested parties in order to carry out the administrative, accounting and fiscal management of the services requested, as well as to send commercial communications about our products and services, for which you have given your consent.<\/p><p><span style=\"color: #000000;\"><strong>How long will we keep your data?<\/strong><\/span><\/p><p>The data will be kept as long as the business relationship is maintained, and where appropriate, for the years necessary to comply with the legal obligations that may apply.<\/p><p><span style=\"color: #000000;\"><strong>What is the legitimacy for the processing of your data?<\/strong><\/span><\/p><p>We indicate the legal basis for the processing of your data:<\/p><p>Execution of a contract: Provision of the requested services.<br \/>Consent of the interested party: Sending of commercial communications.<\/p><p><span style=\"color: #000000;\"><strong>To which recipients will your data be communicated?<\/strong><\/span><\/p><p>Your data will only be disclosed to third parties for which we have duly obtained your consent, as well as to comply with legal obligations.<\/p><p><strong>Data transfers to third countries<\/strong><\/p><p>Data will be transferred to third countries for which your consent has been duly obtained.<\/p><p><span style=\"color: #000000;\"><strong>What are your rights when you provide us with your data?<\/strong><\/span><\/p><p>Any person has the right to obtain confirmation as to whether or not INDUSTRIAS DE TECNOLOG\u00cdAS APLICADAS DE REFRIGERACI\u00d3N Y CONSERVACI\u00d3N, S.L. is processing personal data concerning them.<\/p><p>Interested parties have the right to access their personal data, as well as to request the rectification of inaccurate data or, where appropriate, request its deletion when, among other reasons, the data is no longer necessary for the purposes for which it was collected.<\/p><p>In certain circumstances, data subjects may request that we limit the processing of their data, in which case we will only retain the data for the purpose of asserting or defending claims. In addition, in certain circumstances and for reasons related to their particular situation, data subjects may object to the processing of their data. In this case, INDUSTRIAS DE TECNOLOG\u00cdAS APLICADAS DE REFRIGERACI\u00d3N Y CONSERVACI\u00d3N, S.L. will stop processing the data, except for compelling legitimate reasons, or the exercise or defense of possible claims.<\/p><p>You can materially exercise your rights as follows: by contacting the e-mail address of the data controller outlined above, attaching a copy of your ID card or identity document.<\/p><p>If you have given your consent for any specific purpose, you have the right to withdraw the consent given at any time, without affecting the lawfulness of the processing based on the consent prior to its withdrawal.<\/p><p>In case you feel that your rights concerning the protection of your personal data have been violated, especially when you have not obtained satisfaction in the exercise of your rights, you can file a complaint with the competent Data Protection Supervisory Authority through its website:<a href=\"http:\/\/www.agpd.es.\"> www.agpd.es.<\/a><\/p><p><span style=\"color: #000000;\"><strong>How did we get your data?<\/strong><\/span><\/p><p>The personal data processed by INDUSTRIAS DE TECNOLOG\u00cdAS APLICADAS DE REFRIGERACI\u00d3N Y CONSERVACI\u00d3N, S.L. have been directly provided by the interested party.<\/p><p>The categories of data processed are:<\/p><p>Identification data.<br \/>Postal and electronic addresses.<br \/>Commercial information.<br \/>Legal Notice<\/p><p>This legal notice regulates the use of the Internet portal service of Industrias de Tecnolog\u00edas Aplicadas de Refrigeraci\u00f3n y Conservaci\u00f3n, SL (hereinafter &#8220;INTARCON&#8221;) with CIF: B14779136, located in P.I. Los Santos, Bulevar de Los Santos n\u00ba 34, 14900 Lucena (C\u00f3rdoba).<\/p><p><span style=\"color: #000000;\"><strong>User access.<\/strong><\/span><\/p><p>The use of the Portal attributes the condition of user of the Portal and implies full and unreserved acceptance of all of these general conditions of use of the portal included in this Legal Notice, as well as the particular or special conditions of use, if any, and any other conditions that may be applicable.<\/p><p><span style=\"color: #000000;\"><strong>Applicable legislation.<\/strong><\/span><\/p><p>In general, the relations between INTARCON and the Users of its telematic services present in the Portal are subject to Spanish legislation and jurisdiction. The user expressly accepts, with respect to the interpretation or execution derived from the provision of the service, with express waiver of any other jurisdiction that may correspond to him\/her, his\/her submission to the Courts and Tribunals of Lucena.<\/p><p><span style=\"color: #000000;\"><strong>Content and use.<\/strong><\/span><\/p><p>The user is informed and accepts that access to this Portal does not imply the beginning of a commercial relationship with INTARCON. The owner of the Portal does not identify itself with the opinions expressed in it by its collaborators and\/or users.<\/p><p>Any software available on this Portal, as well as any documentation, constitutes a copyrighted work owned by INTARCON and\/or its suppliers or collaborators.<\/p><p>The software and documentation are made available on this Portal for use by users only. COPYING OR REPRODUCTION OF THE SOFTWARE TO ANY OTHER SERVER OR LOCATION FOR FURTHER REPRODUCTION OR REDISTRIBUTION IS EXPRESSLY PROHIBITED.<\/p><p>THE DOCUMENTS AND RELATED SOFTWARE PUBLISHED ON THIS SERVER MAY INCLUDE TECHNICAL INACCURACIES OR TYPOGRAPHICAL ERRORS. INTARCON reserves the right to make the modifications it deems appropriate without prior notice, being able to change, delete or add both the contents and services provided through the same and the way in which they are presented or located on its servers.<\/p><p>INTARCON declines all responsibility for the consequences of any use of the software and information contained in the Portal, being in any case the responsibility of the User to verify and verify it. IN NO EVENT SHALL INTARCON AND\/OR ITS RESPECTIVE SUPPLIERS BE LIABLE FOR ANY SPECIAL, INDIRECT OR CONSEQUENTIAL DAMAGES OR ANY OTHER DAMAGES RESULTING FROM A LACK OF USE, LOSS OF PROFITS, WHICH MAY ARISE FROM A CONTRACTUAL OR EXTRA-CONTRACTUAL ACTION IN CONNECTION WITH THE USE OR EXECUTION OF THE SOFTWARE, DOCUMENTS, PROVISION OR LACK OF PROVISION OF SERVICES OR INFORMATION AVAILABLE ON THIS SERVER.<\/p><p><span style=\"color: #000000;\"><strong>Intellectual and industrial property.<\/strong><\/span><\/p><p>All trade names, trademarks or distinctive signs of any kind contained in INTARCON&#8217;s web pages are the property of their owners and are protected by law.<\/p><p>The contents of this website, texts, images, sounds, animations, etc. as well as its graphic design and source code are protected by Spanish legislation on intellectual and industrial property rights in favor of INTARCON.<\/p><p>Their reproduction, distribution or public communication, in whole or in part, is therefore expressly prohibited without the express written authorization of INTARCON.<\/p><p><span style=\"color: #000000;\"><strong>Links.<\/strong><\/span><\/p><p>The presence of links in INTARCON&#8217;s web pages is for information purposes only and in no case implies a suggestion, invitation or recommendation about them.<\/p>\t\t\t\t\t\t\t\t<\/div>\n\t\t\t\t<\/div>\n\t\t\t\t\t<\/div>\r\n\t\t\t\t<\/div>\r\n\t\t\t\t\t<\/div>\r\n\t\t\t\t<\/section>\r\n\t\t\t\t<\/div>\n\t\t","protected":false},"excerpt":{"rendered":"<p>Privacy policy and legal terms. Privacy is of great importance to Industrias de Tecnolog\u00edas Aplicadas de Refrigeraci\u00f3n y Conservaci\u00f3n, SL (hereinafter &#8220;INTARCON&#8221;) and we want to maintain an open and transparent attitude when dealing with your personal data. Therefore, we have a policy that sets out how your personal data is treated and protected. Who [&hellip;]<\/p>\n","protected":false},"author":2,"featured_media":0,"parent":0,"menu_order":0,"comment_status":"closed","ping_status":"closed","template":"","meta":{"footnotes":""},"class_list":["post-13112","page","type-page","status-publish","hentry"],"yoast_head":"<!-- This site is optimized with the Yoast SEO plugin v25.5 - https:\/\/yoast.com\/wordpress\/plugins\/seo\/ -->\n<title>Privacy Policy and Legal terms - INTARCON<\/title>\n<meta name=\"description\" content=\"Your privacy is very important to INTARCON and we want to remain open and transparent when using your personal data.\" \/>\n<meta name=\"robots\" content=\"noindex, nofollow\" \/>\n<meta property=\"og:locale\" content=\"en_US\" \/>\n<meta property=\"og:type\" content=\"article\" \/>\n<meta property=\"og:title\" content=\"Privacy Policy and Legal terms - INTARCON\" \/>\n<meta property=\"og:description\" content=\"Your privacy is very important to INTARCON and we want to remain open and transparent when using your personal data.\" \/>\n<meta property=\"og:url\" content=\"https:\/\/www.intarcon.com\/en\/privacy-policy-and-legal-terms\/\" \/>\n<meta property=\"og:site_name\" content=\"INTARCON\" \/>\n<meta property=\"article:publisher\" content=\"https:\/\/www.facebook.com\/intarcon\/\" \/>\n<meta property=\"article:modified_time\" content=\"2023-12-19T14:30:43+00:00\" \/>\n<meta name=\"twitter:card\" content=\"summary_large_image\" \/>\n<meta name=\"twitter:site\" content=\"@Intarcon\" \/>\n<meta name=\"twitter:label1\" content=\"Est. reading time\" \/>\n\t<meta name=\"twitter:data1\" content=\"6 minutes\" \/>\n<script type=\"application\/ld+json\" class=\"yoast-schema-graph\">{\"@context\":\"https:\/\/schema.org\",\"@graph\":[{\"@type\":\"WebPage\",\"@id\":\"https:\/\/www.intarcon.com\/en\/privacy-policy-and-legal-terms\/\",\"url\":\"https:\/\/www.intarcon.com\/en\/privacy-policy-and-legal-terms\/\",\"name\":\"Privacy Policy and Legal terms - INTARCON\",\"isPartOf\":{\"@id\":\"https:\/\/www.intarcon.com\/en\/#website\"},\"datePublished\":\"2019-06-29T11:49:54+00:00\",\"dateModified\":\"2023-12-19T14:30:43+00:00\",\"description\":\"Your privacy is very important to INTARCON and we want to remain open and transparent when using your personal data.\",\"breadcrumb\":{\"@id\":\"https:\/\/www.intarcon.com\/en\/privacy-policy-and-legal-terms\/#breadcrumb\"},\"inLanguage\":\"en\",\"potentialAction\":[{\"@type\":\"ReadAction\",\"target\":[\"https:\/\/www.intarcon.com\/en\/privacy-policy-and-legal-terms\/\"]}]},{\"@type\":\"BreadcrumbList\",\"@id\":\"https:\/\/www.intarcon.com\/en\/privacy-policy-and-legal-terms\/#breadcrumb\",\"itemListElement\":[{\"@type\":\"ListItem\",\"position\":1,\"name\":\"Portada\",\"item\":\"https:\/\/www.intarcon.com\/en\/\"},{\"@type\":\"ListItem\",\"position\":2,\"name\":\"Privacy Policy and Legal terms\"}]},{\"@type\":\"WebSite\",\"@id\":\"https:\/\/www.intarcon.com\/en\/#website\",\"url\":\"https:\/\/www.intarcon.com\/en\/\",\"name\":\"INTARCON\",\"description\":\"\",\"potentialAction\":[{\"@type\":\"SearchAction\",\"target\":{\"@type\":\"EntryPoint\",\"urlTemplate\":\"https:\/\/www.intarcon.com\/en\/?s={search_term_string}\"},\"query-input\":{\"@type\":\"PropertyValueSpecification\",\"valueRequired\":true,\"valueName\":\"search_term_string\"}}],\"inLanguage\":\"en\"}]}<\/script>\n<!-- \/ Yoast SEO plugin. -->","yoast_head_json":{"title":"Privacy Policy and Legal terms - INTARCON","description":"Your privacy is very important to INTARCON and we want to remain open and transparent when using your personal data.","robots":{"index":"noindex","follow":"nofollow"},"og_locale":"en_US","og_type":"article","og_title":"Privacy Policy and Legal terms - INTARCON","og_description":"Your privacy is very important to INTARCON and we want to remain open and transparent when using your personal data.","og_url":"https:\/\/www.intarcon.com\/en\/privacy-policy-and-legal-terms\/","og_site_name":"INTARCON","article_publisher":"https:\/\/www.facebook.com\/intarcon\/","article_modified_time":"2023-12-19T14:30:43+00:00","twitter_card":"summary_large_image","twitter_site":"@Intarcon","twitter_misc":{"Est. reading time":"6 minutes"},"schema":{"@context":"https:\/\/schema.org","@graph":[{"@type":"WebPage","@id":"https:\/\/www.intarcon.com\/en\/privacy-policy-and-legal-terms\/","url":"https:\/\/www.intarcon.com\/en\/privacy-policy-and-legal-terms\/","name":"Privacy Policy and Legal terms - INTARCON","isPartOf":{"@id":"https:\/\/www.intarcon.com\/en\/#website"},"datePublished":"2019-06-29T11:49:54+00:00","dateModified":"2023-12-19T14:30:43+00:00","description":"Your privacy is very important to INTARCON and we want to remain open and transparent when using your personal data.","breadcrumb":{"@id":"https:\/\/www.intarcon.com\/en\/privacy-policy-and-legal-terms\/#breadcrumb"},"inLanguage":"en","potentialAction":[{"@type":"ReadAction","target":["https:\/\/www.intarcon.com\/en\/privacy-policy-and-legal-terms\/"]}]},{"@type":"BreadcrumbList","@id":"https:\/\/www.intarcon.com\/en\/privacy-policy-and-legal-terms\/#breadcrumb","itemListElement":[{"@type":"ListItem","position":1,"name":"Portada","item":"https:\/\/www.intarcon.com\/en\/"},{"@type":"ListItem","position":2,"name":"Privacy Policy and Legal terms"}]},{"@type":"WebSite","@id":"https:\/\/www.intarcon.com\/en\/#website","url":"https:\/\/www.intarcon.com\/en\/","name":"INTARCON","description":"","potentialAction":[{"@type":"SearchAction","target":{"@type":"EntryPoint","urlTemplate":"https:\/\/www.intarcon.com\/en\/?s={search_term_string}"},"query-input":{"@type":"PropertyValueSpecification","valueRequired":true,"valueName":"search_term_string"}}],"inLanguage":"en"}]}},"_links":{"self":[{"href":"https:\/\/www.intarcon.com\/en\/wp-json\/wp\/v2\/pages\/13112","targetHints":{"allow":["GET"]}}],"collection":[{"href":"https:\/\/www.intarcon.com\/en\/wp-json\/wp\/v2\/pages"}],"about":[{"href":"https:\/\/www.intarcon.com\/en\/wp-json\/wp\/v2\/types\/page"}],"author":[{"embeddable":true,"href":"https:\/\/www.intarcon.com\/en\/wp-json\/wp\/v2\/users\/2"}],"replies":[{"embeddable":true,"href":"https:\/\/www.intarcon.com\/en\/wp-json\/wp\/v2\/comments?post=13112"}],"version-history":[{"count":0,"href":"https:\/\/www.intarcon.com\/en\/wp-json\/wp\/v2\/pages\/13112\/revisions"}],"wp:attachment":[{"href":"https:\/\/www.intarcon.com\/en\/wp-json\/wp\/v2\/media?parent=13112"}],"curies":[{"name":"wp","href":"https:\/\/api.w.org\/{rel}","templated":true}]}}