{"id":95588,"date":"2024-12-11T12:35:22","date_gmt":"2024-12-11T11:35:22","guid":{"rendered":"https:\/\/www.intarcon.com\/product\/evaporador-de-bajo-perfil-r290\/"},"modified":"2025-07-01T16:28:47","modified_gmt":"2025-07-01T14:28:47","slug":"r290-flachverdampfer","status":"publish","type":"product","link":"https:\/\/www.intarcon.com\/de\/produkt\/r290-flachverdampfer\/","title":{"rendered":"Verdampfer mit niedrigem Profil R290"},"content":{"rendered":"<p>Der R290 Flachverdampfer ist die ideale L\u00f6sung f\u00fcr kleine bis mittelgro\u00dfe K\u00fchlr\u00e4ume, in denen Effizienz, Umweltfreundlichkeit und kompakte Bauweise gefragt sind. Durch den Einsatz des nat\u00fcrlichen K\u00e4ltemittels R290 (Propan) erf\u00fcllt dieser Verdampfer h\u00f6chste \u00f6kologische Standards und bietet gleichzeitig eine leistungsstarke K\u00fchlung.<\/p>\n<p>Gefertigt aus einem stabilen Aluminiumrahmen mit korrosionsbest\u00e4ndiger Polyesterbeschichtung, \u00fcberzeugt der R290 Flachverdampfer durch seine langlebige Konstruktion. Die flache Bauweise erm\u00f6glicht eine platzsparende Montage \u2013 ideal f\u00fcr beengte R\u00e4ume oder Anwendungen mit niedriger Raumh\u00f6he.<\/p>\n","protected":false},"excerpt":{"rendered":"<h2 style=\"color: #999999; font-size: 18px; margin-bottom: 0px;\">Niedrigbauger\u00e4t R290<\/h2>\n<p>Kompakte Verdampfereinheiten, entwickelt f\u00fcr kleine K\u00fchlr\u00e4ume mit R290.<\/p>\n<style>.elementor-widget-button .elementor-button{background-color:var( --e-global-color-accent );}.elementor-67792 .elementor-element.elementor-element-138d4cb .elementor-button{background-color:#0085BB;font-family:\"Roboto\", Montserrat;font-size:1.1em;font-weight:600;text-decoration:none;fill:#FFFFFF;color:#FFFFFF;border-style:solid;border-width:2px 2px 2px 2px;border-color:#0085BB;border-radius:33px 33px 33px 33px;padding:14px 20px 14px 20px;}.elementor-67792 .elementor-element.elementor-element-138d4cb .elementor-button:hover, .elementor-67792 .elementor-element.elementor-element-138d4cb .elementor-button:focus{background-color:#FFFFFF;color:#0085BB;border-color:#0085BB;}.elementor-67792 .elementor-element.elementor-element-138d4cb > .elementor-widget-container{margin:2% 0% 1% 0%;}.elementor-67792 .elementor-element.elementor-element-138d4cb .elementor-button:hover svg, .elementor-67792 .elementor-element.elementor-element-138d4cb .elementor-button:focus svg{fill:#0085BB;}@media(max-width:767px){.elementor-67792 .elementor-element.elementor-element-138d4cb > .elementor-widget-container{margin:-20px 0px 50px 0px;}}<\/style><div class=\"porto-block\" data-id=\"67792\">\t\t<div data-elementor-type=\"wp-post\" data-elementor-id=\"67792\" class=\"elementor elementor-67792 elementor-29420\" data-elementor-post-type=\"porto_builder\">\n\t\t\t\t\t\t<section class=\"elementor-section elementor-top-section elementor-element elementor-element-4601687 elementor-section-boxed elementor-section-height-default elementor-section-height-default\" data-id=\"4601687\" data-element_type=\"section\">\r\n\t\t\r\n\t\t\t\t\t\t\t<div class=\"elementor-container elementor-column-gap-default\">\r\n\t\t\t\t\t\t\t\t\t\t\t<div class=\"elementor-column elementor-col-100 elementor-top-column elementor-element elementor-element-7f3a8ac\" data-id=\"7f3a8ac\" data-element_type=\"column\">\r\n\t\t\t\t\t<div class=\"elementor-widget-wrap elementor-element-populated\">\r\n\t\t\t\t\t\t\t\t<div class=\"elementor-element elementor-element-138d4cb elementor-align-left elementor-widget elementor-widget-button\" data-id=\"138d4cb\" data-element_type=\"widget\" data-widget_type=\"button.default\">\n\t\t\t\t<div class=\"elementor-widget-container\">\n\t\t\t\t\t\t\t\t\t<div class=\"elementor-button-wrapper\">\n\t\t\t\t\t<a class=\"elementor-button elementor-button-link elementor-size-md\" href=\"https:\/\/www.intarcon.com\/de\/technische-beratung\/\" id=\"cta-asesor\u00eda\">\n\t\t\t\t\t\t<span class=\"elementor-button-content-wrapper\">\n\t\t\t\t\t\t\t\t\t<span class=\"elementor-button-text\">Technische Beratung anfordern<\/span>\n\t\t\t\t\t<\/span>\n\t\t\t\t\t<\/a>\n\t\t\t\t<\/div>\n\t\t\t\t\t\t\t\t<\/div>\n\t\t\t\t<\/div>\n\t\t\t\t\t<\/div>\r\n\t\t\t\t<\/div>\r\n\t\t\t\t\t<\/div>\r\n\t\t\t\t<\/section>\r\n\t\t\t\t<\/div>\n\t\t<\/div>\n","protected":false},"featured_media":93566,"template":"","meta":[],"product_brand":[],"product_cat":[602,612,615,617],"product_tag":[],"class_list":{"0":"post-95588","1":"product","2":"type-product","3":"status-publish","4":"has-post-thumbnail","6":"product_cat-r290","7":"product_cat-verdampfer-waterloop-r290","8":"product_cat-waterloop-system","9":"product_cat-aggregate-wasserkondensation","11":"first","12":"instock","13":"shipping-taxable","14":"product-type-simple"},"yoast_head":"<!-- This site is optimized with the Yoast SEO plugin v25.5 - https:\/\/yoast.com\/wordpress\/plugins\/seo\/ -->\n<title>R290 Flachverdampfer f\u00fcr K\u00fchlr\u00e4ume- INTARCON<\/title>\n<meta name=\"description\" content=\"Effizienter R290 Flachverdampfer mit EC-Ventilatoren, Hei\u00dfgasabtauung und Korrosionsschutz \u2013 ideal f\u00fcr kleine Gewerbek\u00fchlr\u00e4ume.\" \/>\n<meta name=\"robots\" content=\"index, follow, max-snippet:-1, max-image-preview:large, max-video-preview:-1\" \/>\n<link rel=\"canonical\" href=\"https:\/\/www.intarcon.com\/de\/produkt\/r290-flachverdampfer\/\" \/>\n<meta property=\"og:locale\" content=\"de_DE\" \/>\n<meta property=\"og:type\" content=\"article\" \/>\n<meta property=\"og:title\" content=\"R290 Flachverdampfer f\u00fcr K\u00fchlr\u00e4ume- INTARCON\" \/>\n<meta property=\"og:description\" content=\"Effizienter R290 Flachverdampfer mit EC-Ventilatoren, Hei\u00dfgasabtauung und Korrosionsschutz \u2013 ideal f\u00fcr kleine Gewerbek\u00fchlr\u00e4ume.\" \/>\n<meta property=\"og:url\" content=\"https:\/\/www.intarcon.com\/de\/produkt\/r290-flachverdampfer\/\" \/>\n<meta property=\"og:site_name\" content=\"INTARCON\" \/>\n<meta property=\"article:publisher\" content=\"https:\/\/www.facebook.com\/intarcon\/\" \/>\n<meta property=\"article:modified_time\" content=\"2025-07-01T14:28:47+00:00\" \/>\n<meta property=\"og:image\" content=\"https:\/\/www.intarcon.com\/wp-content\/uploads\/2024\/12\/equipo-jb-2-nuevo-drch-1.webp\" \/>\n\t<meta property=\"og:image:width\" content=\"2000\" \/>\n\t<meta property=\"og:image:height\" content=\"2000\" \/>\n\t<meta property=\"og:image:type\" content=\"image\/webp\" \/>\n<meta name=\"twitter:card\" content=\"summary_large_image\" \/>\n<meta name=\"twitter:site\" content=\"@Intarcon\" \/>\n<script type=\"application\/ld+json\" class=\"yoast-schema-graph\">{\"@context\":\"https:\/\/schema.org\",\"@graph\":[{\"@type\":\"WebPage\",\"@id\":\"https:\/\/www.intarcon.com\/de\/produkt\/r290-flachverdampfer\/\",\"url\":\"https:\/\/www.intarcon.com\/de\/produkt\/r290-flachverdampfer\/\",\"name\":\"R290 Flachverdampfer f\u00fcr K\u00fchlr\u00e4ume- INTARCON\",\"isPartOf\":{\"@id\":\"https:\/\/www.intarcon.com\/de\/#website\"},\"primaryImageOfPage\":{\"@id\":\"https:\/\/www.intarcon.com\/de\/produkt\/r290-flachverdampfer\/#primaryimage\"},\"image\":{\"@id\":\"https:\/\/www.intarcon.com\/de\/produkt\/r290-flachverdampfer\/#primaryimage\"},\"thumbnailUrl\":\"https:\/\/www.intarcon.com\/wp-content\/uploads\/2024\/12\/equipo-jb-2-nuevo-drch-1.webp\",\"datePublished\":\"2024-12-11T11:35:22+00:00\",\"dateModified\":\"2025-07-01T14:28:47+00:00\",\"description\":\"Effizienter R290 Flachverdampfer mit EC-Ventilatoren, Hei\u00dfgasabtauung und Korrosionsschutz \u2013 ideal f\u00fcr kleine Gewerbek\u00fchlr\u00e4ume.\",\"breadcrumb\":{\"@id\":\"https:\/\/www.intarcon.com\/de\/produkt\/r290-flachverdampfer\/#breadcrumb\"},\"inLanguage\":\"de\",\"potentialAction\":[{\"@type\":\"ReadAction\",\"target\":[\"https:\/\/www.intarcon.com\/de\/produkt\/r290-flachverdampfer\/\"]}]},{\"@type\":\"ImageObject\",\"inLanguage\":\"de\",\"@id\":\"https:\/\/www.intarcon.com\/de\/produkt\/r290-flachverdampfer\/#primaryimage\",\"url\":\"https:\/\/www.intarcon.com\/wp-content\/uploads\/2024\/12\/equipo-jb-2-nuevo-drch-1.webp\",\"contentUrl\":\"https:\/\/www.intarcon.com\/wp-content\/uploads\/2024\/12\/equipo-jb-2-nuevo-drch-1.webp\",\"width\":2000,\"height\":2000,\"caption\":\"evaporador de bajo perfil para R290, construido en estructura y carrocer\u00eda de aluminio, para peque\u00f1as c\u00e1mara frigor\u00edficas de INTARCON\"},{\"@type\":\"BreadcrumbList\",\"@id\":\"https:\/\/www.intarcon.com\/de\/produkt\/r290-flachverdampfer\/#breadcrumb\",\"itemListElement\":[{\"@type\":\"ListItem\",\"position\":1,\"name\":\"Portada\",\"item\":\"https:\/\/www.intarcon.com\/de\/\"},{\"@type\":\"ListItem\",\"position\":2,\"name\":\"Producto\",\"item\":\"https:\/\/www.intarcon.com\/producto\/\"},{\"@type\":\"ListItem\",\"position\":3,\"name\":\"R290\",\"item\":\"https:\/\/www.intarcon.com\/de\/technologie\/r290\/\"},{\"@type\":\"ListItem\",\"position\":4,\"name\":\"Verdampfer mit niedrigem Profil R290\"}]},{\"@type\":\"WebSite\",\"@id\":\"https:\/\/www.intarcon.com\/de\/#website\",\"url\":\"https:\/\/www.intarcon.com\/de\/\",\"name\":\"INTARCON\",\"description\":\"\",\"potentialAction\":[{\"@type\":\"SearchAction\",\"target\":{\"@type\":\"EntryPoint\",\"urlTemplate\":\"https:\/\/www.intarcon.com\/de\/?s={search_term_string}\"},\"query-input\":{\"@type\":\"PropertyValueSpecification\",\"valueRequired\":true,\"valueName\":\"search_term_string\"}}],\"inLanguage\":\"de\"}]}<\/script>\n<!-- \/ Yoast SEO plugin. -->","yoast_head_json":{"title":"R290 Flachverdampfer f\u00fcr K\u00fchlr\u00e4ume- INTARCON","description":"Effizienter R290 Flachverdampfer mit EC-Ventilatoren, Hei\u00dfgasabtauung und Korrosionsschutz \u2013 ideal f\u00fcr kleine Gewerbek\u00fchlr\u00e4ume.","robots":{"index":"index","follow":"follow","max-snippet":"max-snippet:-1","max-image-preview":"max-image-preview:large","max-video-preview":"max-video-preview:-1"},"canonical":"https:\/\/www.intarcon.com\/de\/produkt\/r290-flachverdampfer\/","og_locale":"de_DE","og_type":"article","og_title":"R290 Flachverdampfer f\u00fcr K\u00fchlr\u00e4ume- INTARCON","og_description":"Effizienter R290 Flachverdampfer mit EC-Ventilatoren, Hei\u00dfgasabtauung und Korrosionsschutz \u2013 ideal f\u00fcr kleine Gewerbek\u00fchlr\u00e4ume.","og_url":"https:\/\/www.intarcon.com\/de\/produkt\/r290-flachverdampfer\/","og_site_name":"INTARCON","article_publisher":"https:\/\/www.facebook.com\/intarcon\/","article_modified_time":"2025-07-01T14:28:47+00:00","og_image":[{"width":2000,"height":2000,"url":"https:\/\/www.intarcon.com\/wp-content\/uploads\/2024\/12\/equipo-jb-2-nuevo-drch-1.webp","type":"image\/webp"}],"twitter_card":"summary_large_image","twitter_site":"@Intarcon","schema":{"@context":"https:\/\/schema.org","@graph":[{"@type":"WebPage","@id":"https:\/\/www.intarcon.com\/de\/produkt\/r290-flachverdampfer\/","url":"https:\/\/www.intarcon.com\/de\/produkt\/r290-flachverdampfer\/","name":"R290 Flachverdampfer f\u00fcr K\u00fchlr\u00e4ume- INTARCON","isPartOf":{"@id":"https:\/\/www.intarcon.com\/de\/#website"},"primaryImageOfPage":{"@id":"https:\/\/www.intarcon.com\/de\/produkt\/r290-flachverdampfer\/#primaryimage"},"image":{"@id":"https:\/\/www.intarcon.com\/de\/produkt\/r290-flachverdampfer\/#primaryimage"},"thumbnailUrl":"https:\/\/www.intarcon.com\/wp-content\/uploads\/2024\/12\/equipo-jb-2-nuevo-drch-1.webp","datePublished":"2024-12-11T11:35:22+00:00","dateModified":"2025-07-01T14:28:47+00:00","description":"Effizienter R290 Flachverdampfer mit EC-Ventilatoren, Hei\u00dfgasabtauung und Korrosionsschutz \u2013 ideal f\u00fcr kleine Gewerbek\u00fchlr\u00e4ume.","breadcrumb":{"@id":"https:\/\/www.intarcon.com\/de\/produkt\/r290-flachverdampfer\/#breadcrumb"},"inLanguage":"de","potentialAction":[{"@type":"ReadAction","target":["https:\/\/www.intarcon.com\/de\/produkt\/r290-flachverdampfer\/"]}]},{"@type":"ImageObject","inLanguage":"de","@id":"https:\/\/www.intarcon.com\/de\/produkt\/r290-flachverdampfer\/#primaryimage","url":"https:\/\/www.intarcon.com\/wp-content\/uploads\/2024\/12\/equipo-jb-2-nuevo-drch-1.webp","contentUrl":"https:\/\/www.intarcon.com\/wp-content\/uploads\/2024\/12\/equipo-jb-2-nuevo-drch-1.webp","width":2000,"height":2000,"caption":"evaporador de bajo perfil para R290, construido en estructura y carrocer\u00eda de aluminio, para peque\u00f1as c\u00e1mara frigor\u00edficas de INTARCON"},{"@type":"BreadcrumbList","@id":"https:\/\/www.intarcon.com\/de\/produkt\/r290-flachverdampfer\/#breadcrumb","itemListElement":[{"@type":"ListItem","position":1,"name":"Portada","item":"https:\/\/www.intarcon.com\/de\/"},{"@type":"ListItem","position":2,"name":"Producto","item":"https:\/\/www.intarcon.com\/producto\/"},{"@type":"ListItem","position":3,"name":"R290","item":"https:\/\/www.intarcon.com\/de\/technologie\/r290\/"},{"@type":"ListItem","position":4,"name":"Verdampfer mit niedrigem Profil R290"}]},{"@type":"WebSite","@id":"https:\/\/www.intarcon.com\/de\/#website","url":"https:\/\/www.intarcon.com\/de\/","name":"INTARCON","description":"","potentialAction":[{"@type":"SearchAction","target":{"@type":"EntryPoint","urlTemplate":"https:\/\/www.intarcon.com\/de\/?s={search_term_string}"},"query-input":{"@type":"PropertyValueSpecification","valueRequired":true,"valueName":"search_term_string"}}],"inLanguage":"de"}]}},"_links":{"self":[{"href":"https:\/\/www.intarcon.com\/de\/wp-json\/wp\/v2\/product\/95588","targetHints":{"allow":["GET"]}}],"collection":[{"href":"https:\/\/www.intarcon.com\/de\/wp-json\/wp\/v2\/product"}],"about":[{"href":"https:\/\/www.intarcon.com\/de\/wp-json\/wp\/v2\/types\/product"}],"version-history":[{"count":0,"href":"https:\/\/www.intarcon.com\/de\/wp-json\/wp\/v2\/product\/95588\/revisions"}],"wp:featuredmedia":[{"embeddable":true,"href":"https:\/\/www.intarcon.com\/de\/wp-json\/wp\/v2\/media\/93566"}],"wp:attachment":[{"href":"https:\/\/www.intarcon.com\/de\/wp-json\/wp\/v2\/media?parent=95588"}],"wp:term":[{"taxonomy":"product_brand","embeddable":true,"href":"https:\/\/www.intarcon.com\/de\/wp-json\/wp\/v2\/product_brand?post=95588"},{"taxonomy":"product_cat","embeddable":true,"href":"https:\/\/www.intarcon.com\/de\/wp-json\/wp\/v2\/product_cat?post=95588"},{"taxonomy":"product_tag","embeddable":true,"href":"https:\/\/www.intarcon.com\/de\/wp-json\/wp\/v2\/product_tag?post=95588"}],"curies":[{"name":"wp","href":"https:\/\/api.w.org\/{rel}","templated":true}]}}