{"id":95585,"date":"2024-12-11T12:40:13","date_gmt":"2024-12-11T11:40:13","guid":{"rendered":"https:\/\/www.intarcon.com\/product\/grupos-condensados-por-agua-r290\/"},"modified":"2025-07-01T16:39:36","modified_gmt":"2025-07-01T14:39:36","slug":"r290-wassergekuehlte-aggregate","status":"publish","type":"product","link":"https:\/\/www.intarcon.com\/de\/produkt\/r290-wassergekuehlte-aggregate\/","title":{"rendered":"Wassergek\u00fchlte Aggregate R-290"},"content":{"rendered":"<article class=\"text-token-text-primary w-full\" dir=\"auto\" data-testid=\"conversation-turn-17\" data-scroll-anchor=\"false\">\n<div class=\"text-base my-auto mx-auto py-5 [--thread-content-margin:--spacing(4)] @[37rem]:[--thread-content-margin:--spacing(6)] @[72rem]:[--thread-content-margin:--spacing(16)] px-(--thread-content-margin)\">\n<div class=\"[--thread-content-max-width:32rem] @[34rem]:[--thread-content-max-width:40rem] @[64rem]:[--thread-content-max-width:48rem] mx-auto flex max-w-(--thread-content-max-width) flex-1 text-base gap-4 md:gap-5 lg:gap-6 group\/turn-messages focus-visible:outline-hidden\" tabindex=\"-1\">\n<div class=\"group\/conversation-turn relative flex w-full min-w-0 flex-col\">\n<div class=\"relative flex-col gap-1 md:gap-3\">\n<div class=\"flex max-w-full flex-col grow\">\n<div class=\"min-h-8 text-message relative flex w-full flex-col items-end gap-2 text-start break-words whitespace-normal [.text-message+&amp;]:mt-5\" dir=\"auto\" data-message-author-role=\"user\" data-message-id=\"9714dc2e-552d-44f9-afdb-ea1580c8c454\">\n<div class=\"flex w-full flex-col gap-1 empty:hidden items-end rtl:items-start\">\n<div class=\"relative max-w-[var(--user-chat-width,70%)] bg-token-message-surface rounded-3xl px-5 py-2.5\">\n<div class=\"whitespace-pre-wrap\">R290 wassergek\u00fchlte Aggregate sind eine leistungsstarke und umweltfreundliche L\u00f6sung f\u00fcr gewerbliche K\u00e4lteanlagen. Sie arbeiten mit dem nat\u00fcrlichen K\u00e4ltemittel R290 (Propan), das ein niedriges Treibhauspotenzial (GWP) bietet und den neuesten Umweltstandards entspricht. Diese wassergek\u00fchlten K\u00e4lteaggregate wurden speziell f\u00fcr Anwendungen entwickelt, bei denen eine zuverl\u00e4ssige und ger\u00e4uscharme K\u00fchlung ben\u00f6tigt wird. traduce<\/div>\n<\/div>\n<\/div>\n<\/div>\n<\/div>\n<div class=\"flex justify-end\">\n<div class=\"touch:-me-2 touch:-ms-3.5 -ms-2.5 -me-1 flex flex-wrap items-center gap-y-4 p-1 select-none focus-within:transition-none hover:transition-none duration-300 group-hover\/turn-messages:delay-300 pointer-events-none opacity-0 motion-safe:transition-opacity group-hover\/turn-messages:pointer-events-auto group-hover\/turn-messages:opacity-100 group-focus-within\/turn-messages:pointer-events-auto group-focus-within\/turn-messages:opacity-100 has-data-[state=open]:pointer-events-auto has-data-[state=open]:opacity-100\"><\/div>\n<\/div>\n<\/div>\n<\/div>\n<\/div>\n<\/div>\n<\/article>\n<article class=\"text-token-text-primary w-full\" dir=\"auto\" data-testid=\"conversation-turn-18\" data-scroll-anchor=\"true\">\n<h6 class=\"sr-only\"><\/h6>\n<\/article>\n","protected":false},"excerpt":{"rendered":"<h2 style=\"color: #999999; font-size: 18px; margin-bottom: 0px;\">Wassergek\u00fchlte R290-Kondensationseinheiten<\/h2>\n<p id=\"tw-target-text\" class=\"tw-data-text tw-text-large tw-ta\" dir=\"ltr\" data-placeholder=\"Traducci\u00f3n\" data-ved=\"2ahUKEwjwycq7rJ-KAxVeRvEDHcOfKGMQ3ewLegQICRAU\" aria-label=\"Texto traducido: Unidades condensadoras enfriadas por agua para refrigeraci\u00f3n de media y baja temperatura.\">Wassergek\u00fchlte K\u00e4lteanlage f\u00fcr Mittel- und Niedertemperaturanwendungen.<\/p>\n<style>.elementor-widget-button .elementor-button{background-color:var( --e-global-color-accent );}.elementor-67792 .elementor-element.elementor-element-138d4cb .elementor-button{background-color:#0085BB;font-family:\"Roboto\", Montserrat;font-size:1.1em;font-weight:600;text-decoration:none;fill:#FFFFFF;color:#FFFFFF;border-style:solid;border-width:2px 2px 2px 2px;border-color:#0085BB;border-radius:33px 33px 33px 33px;padding:14px 20px 14px 20px;}.elementor-67792 .elementor-element.elementor-element-138d4cb .elementor-button:hover, .elementor-67792 .elementor-element.elementor-element-138d4cb .elementor-button:focus{background-color:#FFFFFF;color:#0085BB;border-color:#0085BB;}.elementor-67792 .elementor-element.elementor-element-138d4cb > .elementor-widget-container{margin:2% 0% 1% 0%;}.elementor-67792 .elementor-element.elementor-element-138d4cb .elementor-button:hover svg, .elementor-67792 .elementor-element.elementor-element-138d4cb .elementor-button:focus svg{fill:#0085BB;}@media(max-width:767px){.elementor-67792 .elementor-element.elementor-element-138d4cb > .elementor-widget-container{margin:-20px 0px 50px 0px;}}<\/style><div class=\"porto-block\" data-id=\"67792\">\t\t<div data-elementor-type=\"wp-post\" data-elementor-id=\"67792\" class=\"elementor elementor-67792 elementor-29420\" data-elementor-post-type=\"porto_builder\">\n\t\t\t\t\t\t<section class=\"elementor-section elementor-top-section elementor-element elementor-element-4601687 elementor-section-boxed elementor-section-height-default elementor-section-height-default\" data-id=\"4601687\" data-element_type=\"section\">\r\n\t\t\r\n\t\t\t\t\t\t\t<div class=\"elementor-container elementor-column-gap-default\">\r\n\t\t\t\t\t\t\t\t\t\t\t<div class=\"elementor-column elementor-col-100 elementor-top-column elementor-element elementor-element-7f3a8ac\" data-id=\"7f3a8ac\" data-element_type=\"column\">\r\n\t\t\t\t\t<div class=\"elementor-widget-wrap elementor-element-populated\">\r\n\t\t\t\t\t\t\t\t<div class=\"elementor-element elementor-element-138d4cb elementor-align-left elementor-widget elementor-widget-button\" data-id=\"138d4cb\" data-element_type=\"widget\" data-widget_type=\"button.default\">\n\t\t\t\t<div class=\"elementor-widget-container\">\n\t\t\t\t\t\t\t\t\t<div class=\"elementor-button-wrapper\">\n\t\t\t\t\t<a class=\"elementor-button elementor-button-link elementor-size-md\" href=\"https:\/\/www.intarcon.com\/de\/technische-beratung\/\" id=\"cta-asesor\u00eda\">\n\t\t\t\t\t\t<span class=\"elementor-button-content-wrapper\">\n\t\t\t\t\t\t\t\t\t<span class=\"elementor-button-text\">Technische Beratung anfordern<\/span>\n\t\t\t\t\t<\/span>\n\t\t\t\t\t<\/a>\n\t\t\t\t<\/div>\n\t\t\t\t\t\t\t\t<\/div>\n\t\t\t\t<\/div>\n\t\t\t\t\t<\/div>\r\n\t\t\t\t<\/div>\r\n\t\t\t\t\t<\/div>\r\n\t\t\t\t<\/section>\r\n\t\t\t\t<\/div>\n\t\t<\/div>\n","protected":false},"featured_media":93126,"template":"","meta":[],"product_brand":[],"product_cat":[602,612,615,617],"product_tag":[],"class_list":{"0":"post-95585","1":"product","2":"type-product","3":"status-publish","4":"has-post-thumbnail","6":"product_cat-r290","7":"product_cat-verdampfer-waterloop-r290","8":"product_cat-waterloop-system","9":"product_cat-aggregate-wasserkondensation","11":"first","12":"instock","13":"shipping-taxable","14":"product-type-simple"},"yoast_head":"<!-- This site is optimized with the Yoast SEO plugin v25.5 - https:\/\/yoast.com\/wordpress\/plugins\/seo\/ -->\n<title>R290 wassergek\u00fchlte Aggregate f\u00fcr K\u00e4lteanlagen- INTARCON<\/title>\n<meta name=\"description\" content=\"R290 wassergek\u00fchlte Aggregate mit Scrollverdichter, Schalld\u00e4mmung, W\u00e4rmetauscher und Sicherheitsausstattung \u2013 ideal f\u00fcr Gewerbek\u00fchlung.\" \/>\n<meta name=\"robots\" content=\"index, follow, max-snippet:-1, max-image-preview:large, max-video-preview:-1\" \/>\n<link rel=\"canonical\" href=\"https:\/\/www.intarcon.com\/de\/produkt\/r290-wassergekuehlte-aggregate\/\" \/>\n<meta property=\"og:locale\" content=\"de_DE\" \/>\n<meta property=\"og:type\" content=\"article\" \/>\n<meta property=\"og:title\" content=\"R290 wassergek\u00fchlte Aggregate f\u00fcr K\u00e4lteanlagen- INTARCON\" \/>\n<meta property=\"og:description\" content=\"R290 wassergek\u00fchlte Aggregate mit Scrollverdichter, Schalld\u00e4mmung, W\u00e4rmetauscher und Sicherheitsausstattung \u2013 ideal f\u00fcr Gewerbek\u00fchlung.\" \/>\n<meta property=\"og:url\" content=\"https:\/\/www.intarcon.com\/de\/produkt\/r290-wassergekuehlte-aggregate\/\" \/>\n<meta property=\"og:site_name\" content=\"INTARCON\" \/>\n<meta property=\"article:publisher\" content=\"https:\/\/www.facebook.com\/intarcon\/\" \/>\n<meta property=\"article:modified_time\" content=\"2025-07-01T14:39:36+00:00\" \/>\n<meta property=\"og:image\" content=\"https:\/\/www.intarcon.com\/wp-content\/uploads\/2024\/12\/grupos-frigorificos-condensados-por-agua.webp\" \/>\n\t<meta property=\"og:image:width\" content=\"2000\" \/>\n\t<meta property=\"og:image:height\" content=\"2000\" \/>\n\t<meta property=\"og:image:type\" content=\"image\/webp\" \/>\n<meta name=\"twitter:card\" content=\"summary_large_image\" \/>\n<meta name=\"twitter:site\" content=\"@Intarcon\" \/>\n<script type=\"application\/ld+json\" class=\"yoast-schema-graph\">{\"@context\":\"https:\/\/schema.org\",\"@graph\":[{\"@type\":\"WebPage\",\"@id\":\"https:\/\/www.intarcon.com\/de\/produkt\/r290-wassergekuehlte-aggregate\/\",\"url\":\"https:\/\/www.intarcon.com\/de\/produkt\/r290-wassergekuehlte-aggregate\/\",\"name\":\"R290 wassergek\u00fchlte Aggregate f\u00fcr K\u00e4lteanlagen- INTARCON\",\"isPartOf\":{\"@id\":\"https:\/\/www.intarcon.com\/de\/#website\"},\"primaryImageOfPage\":{\"@id\":\"https:\/\/www.intarcon.com\/de\/produkt\/r290-wassergekuehlte-aggregate\/#primaryimage\"},\"image\":{\"@id\":\"https:\/\/www.intarcon.com\/de\/produkt\/r290-wassergekuehlte-aggregate\/#primaryimage\"},\"thumbnailUrl\":\"https:\/\/www.intarcon.com\/wp-content\/uploads\/2024\/12\/grupos-frigorificos-condensados-por-agua.webp\",\"datePublished\":\"2024-12-11T11:40:13+00:00\",\"dateModified\":\"2025-07-01T14:39:36+00:00\",\"description\":\"R290 wassergek\u00fchlte Aggregate mit Scrollverdichter, Schalld\u00e4mmung, W\u00e4rmetauscher und Sicherheitsausstattung \u2013 ideal f\u00fcr Gewerbek\u00fchlung.\",\"breadcrumb\":{\"@id\":\"https:\/\/www.intarcon.com\/de\/produkt\/r290-wassergekuehlte-aggregate\/#breadcrumb\"},\"inLanguage\":\"de\",\"potentialAction\":[{\"@type\":\"ReadAction\",\"target\":[\"https:\/\/www.intarcon.com\/de\/produkt\/r290-wassergekuehlte-aggregate\/\"]}]},{\"@type\":\"ImageObject\",\"inLanguage\":\"de\",\"@id\":\"https:\/\/www.intarcon.com\/de\/produkt\/r290-wassergekuehlte-aggregate\/#primaryimage\",\"url\":\"https:\/\/www.intarcon.com\/wp-content\/uploads\/2024\/12\/grupos-frigorificos-condensados-por-agua.webp\",\"contentUrl\":\"https:\/\/www.intarcon.com\/wp-content\/uploads\/2024\/12\/grupos-frigorificos-condensados-por-agua.webp\",\"width\":2000,\"height\":2000,\"caption\":\"Grupo frigor\u00edfico condensadOs por agua de INTARCON\"},{\"@type\":\"BreadcrumbList\",\"@id\":\"https:\/\/www.intarcon.com\/de\/produkt\/r290-wassergekuehlte-aggregate\/#breadcrumb\",\"itemListElement\":[{\"@type\":\"ListItem\",\"position\":1,\"name\":\"Portada\",\"item\":\"https:\/\/www.intarcon.com\/de\/\"},{\"@type\":\"ListItem\",\"position\":2,\"name\":\"Producto\",\"item\":\"https:\/\/www.intarcon.com\/producto\/\"},{\"@type\":\"ListItem\",\"position\":3,\"name\":\"Waterloop system\",\"item\":\"https:\/\/www.intarcon.com\/de\/technologie\/waterloop-system\/\"},{\"@type\":\"ListItem\",\"position\":4,\"name\":\"Wassergek\u00fchlte Aggregate R-290\"}]},{\"@type\":\"WebSite\",\"@id\":\"https:\/\/www.intarcon.com\/de\/#website\",\"url\":\"https:\/\/www.intarcon.com\/de\/\",\"name\":\"INTARCON\",\"description\":\"\",\"potentialAction\":[{\"@type\":\"SearchAction\",\"target\":{\"@type\":\"EntryPoint\",\"urlTemplate\":\"https:\/\/www.intarcon.com\/de\/?s={search_term_string}\"},\"query-input\":{\"@type\":\"PropertyValueSpecification\",\"valueRequired\":true,\"valueName\":\"search_term_string\"}}],\"inLanguage\":\"de\"}]}<\/script>\n<!-- \/ Yoast SEO plugin. -->","yoast_head_json":{"title":"R290 wassergek\u00fchlte Aggregate f\u00fcr K\u00e4lteanlagen- INTARCON","description":"R290 wassergek\u00fchlte Aggregate mit Scrollverdichter, Schalld\u00e4mmung, W\u00e4rmetauscher und Sicherheitsausstattung \u2013 ideal f\u00fcr Gewerbek\u00fchlung.","robots":{"index":"index","follow":"follow","max-snippet":"max-snippet:-1","max-image-preview":"max-image-preview:large","max-video-preview":"max-video-preview:-1"},"canonical":"https:\/\/www.intarcon.com\/de\/produkt\/r290-wassergekuehlte-aggregate\/","og_locale":"de_DE","og_type":"article","og_title":"R290 wassergek\u00fchlte Aggregate f\u00fcr K\u00e4lteanlagen- INTARCON","og_description":"R290 wassergek\u00fchlte Aggregate mit Scrollverdichter, Schalld\u00e4mmung, W\u00e4rmetauscher und Sicherheitsausstattung \u2013 ideal f\u00fcr Gewerbek\u00fchlung.","og_url":"https:\/\/www.intarcon.com\/de\/produkt\/r290-wassergekuehlte-aggregate\/","og_site_name":"INTARCON","article_publisher":"https:\/\/www.facebook.com\/intarcon\/","article_modified_time":"2025-07-01T14:39:36+00:00","og_image":[{"width":2000,"height":2000,"url":"https:\/\/www.intarcon.com\/wp-content\/uploads\/2024\/12\/grupos-frigorificos-condensados-por-agua.webp","type":"image\/webp"}],"twitter_card":"summary_large_image","twitter_site":"@Intarcon","schema":{"@context":"https:\/\/schema.org","@graph":[{"@type":"WebPage","@id":"https:\/\/www.intarcon.com\/de\/produkt\/r290-wassergekuehlte-aggregate\/","url":"https:\/\/www.intarcon.com\/de\/produkt\/r290-wassergekuehlte-aggregate\/","name":"R290 wassergek\u00fchlte Aggregate f\u00fcr K\u00e4lteanlagen- INTARCON","isPartOf":{"@id":"https:\/\/www.intarcon.com\/de\/#website"},"primaryImageOfPage":{"@id":"https:\/\/www.intarcon.com\/de\/produkt\/r290-wassergekuehlte-aggregate\/#primaryimage"},"image":{"@id":"https:\/\/www.intarcon.com\/de\/produkt\/r290-wassergekuehlte-aggregate\/#primaryimage"},"thumbnailUrl":"https:\/\/www.intarcon.com\/wp-content\/uploads\/2024\/12\/grupos-frigorificos-condensados-por-agua.webp","datePublished":"2024-12-11T11:40:13+00:00","dateModified":"2025-07-01T14:39:36+00:00","description":"R290 wassergek\u00fchlte Aggregate mit Scrollverdichter, Schalld\u00e4mmung, W\u00e4rmetauscher und Sicherheitsausstattung \u2013 ideal f\u00fcr Gewerbek\u00fchlung.","breadcrumb":{"@id":"https:\/\/www.intarcon.com\/de\/produkt\/r290-wassergekuehlte-aggregate\/#breadcrumb"},"inLanguage":"de","potentialAction":[{"@type":"ReadAction","target":["https:\/\/www.intarcon.com\/de\/produkt\/r290-wassergekuehlte-aggregate\/"]}]},{"@type":"ImageObject","inLanguage":"de","@id":"https:\/\/www.intarcon.com\/de\/produkt\/r290-wassergekuehlte-aggregate\/#primaryimage","url":"https:\/\/www.intarcon.com\/wp-content\/uploads\/2024\/12\/grupos-frigorificos-condensados-por-agua.webp","contentUrl":"https:\/\/www.intarcon.com\/wp-content\/uploads\/2024\/12\/grupos-frigorificos-condensados-por-agua.webp","width":2000,"height":2000,"caption":"Grupo frigor\u00edfico condensadOs por agua de INTARCON"},{"@type":"BreadcrumbList","@id":"https:\/\/www.intarcon.com\/de\/produkt\/r290-wassergekuehlte-aggregate\/#breadcrumb","itemListElement":[{"@type":"ListItem","position":1,"name":"Portada","item":"https:\/\/www.intarcon.com\/de\/"},{"@type":"ListItem","position":2,"name":"Producto","item":"https:\/\/www.intarcon.com\/producto\/"},{"@type":"ListItem","position":3,"name":"Waterloop system","item":"https:\/\/www.intarcon.com\/de\/technologie\/waterloop-system\/"},{"@type":"ListItem","position":4,"name":"Wassergek\u00fchlte Aggregate R-290"}]},{"@type":"WebSite","@id":"https:\/\/www.intarcon.com\/de\/#website","url":"https:\/\/www.intarcon.com\/de\/","name":"INTARCON","description":"","potentialAction":[{"@type":"SearchAction","target":{"@type":"EntryPoint","urlTemplate":"https:\/\/www.intarcon.com\/de\/?s={search_term_string}"},"query-input":{"@type":"PropertyValueSpecification","valueRequired":true,"valueName":"search_term_string"}}],"inLanguage":"de"}]}},"_links":{"self":[{"href":"https:\/\/www.intarcon.com\/de\/wp-json\/wp\/v2\/product\/95585","targetHints":{"allow":["GET"]}}],"collection":[{"href":"https:\/\/www.intarcon.com\/de\/wp-json\/wp\/v2\/product"}],"about":[{"href":"https:\/\/www.intarcon.com\/de\/wp-json\/wp\/v2\/types\/product"}],"version-history":[{"count":0,"href":"https:\/\/www.intarcon.com\/de\/wp-json\/wp\/v2\/product\/95585\/revisions"}],"wp:featuredmedia":[{"embeddable":true,"href":"https:\/\/www.intarcon.com\/de\/wp-json\/wp\/v2\/media\/93126"}],"wp:attachment":[{"href":"https:\/\/www.intarcon.com\/de\/wp-json\/wp\/v2\/media?parent=95585"}],"wp:term":[{"taxonomy":"product_brand","embeddable":true,"href":"https:\/\/www.intarcon.com\/de\/wp-json\/wp\/v2\/product_brand?post=95585"},{"taxonomy":"product_cat","embeddable":true,"href":"https:\/\/www.intarcon.com\/de\/wp-json\/wp\/v2\/product_cat?post=95585"},{"taxonomy":"product_tag","embeddable":true,"href":"https:\/\/www.intarcon.com\/de\/wp-json\/wp\/v2\/product_tag?post=95585"}],"curies":[{"name":"wp","href":"https:\/\/api.w.org\/{rel}","templated":true}]}}