{"id":83519,"date":"2024-02-19T16:54:46","date_gmt":"2024-02-19T15:54:46","guid":{"rendered":"https:\/\/www.intarcon.com\/?post_type=product&#038;p=83519"},"modified":"2024-04-09T12:49:56","modified_gmt":"2024-04-09T10:49:56","slug":"hydraulikaggregate-intarwatt","status":"publish","type":"product","link":"https:\/\/www.intarcon.com\/de\/produkt\/hydraulikaggregate-intarwatt\/","title":{"rendered":"Hydraulikaggregate intarWatt"},"content":{"rendered":"<p>Hydraulikaggregate mit Wasser- oder Glykolpumpe in geschlossenem Kreislauf, im Geh\u00e4use montiert mit Struktur aus verzinktem Stahlblech mit Polyester-Lack f\u00fcr die Au\u00dfeninstallation mit<br \/>\nder K\u00e4lteanlage gekoppelt. Unser Wasserkraftwerk zeichnet sich aus durch :<\/p>\n<ul>\n<li>Integriertes Modulkonstruktion.<\/li>\n<li>F\u00fcr Glykol und Wasser optimierte Einheiten.<\/li>\n<li>Geringer Platzbedarf.<\/li>\n<\/ul>\n<p>Ausf\u00fchrungen:<\/p>\n<ul>\n<li>Ausf\u00fchrung A.<br \/>\n&#8211; GW-AH: Prim\u00e4res Hydraulikaggregat mit Tank.<\/li>\n<li>Ausf\u00fchrung B.<br \/>\n&#8211; GW-BH: Sekund\u00e4res Hydraulikaggregat.<\/li>\n<li>Ausf\u00fchrung N.<br \/>\n&#8211; GW-NH: Pumpeinheit<\/li>\n<\/ul>\n<p>&nbsp;<\/p>\n<p><img fetchpriority=\"high\" decoding=\"async\" class=\"alignnone wp-image-83560\" src=\"https:\/\/www.intarcon.com\/wp-content\/uploads\/2024\/02\/DE-2024-schema-ausfuhrung-hydraulikaggregate-intarwatt.webp\" alt=\"Schema Hydraulikaggregate intarWatt - INTARCON\" width=\"761\" height=\"479\" \/><\/p>\n","protected":false},"excerpt":{"rendered":"<h2 style=\"color: #999999; font-size: 18px; margin-bottom: 0px;\">Hydraulikaggregate<\/h2>\n<p>intarWatt optimiert f\u00fcr Wasser und Glykol<br \/>\n<style>.elementor-widget-button .elementor-button{background-color:var( --e-global-color-accent );}.elementor-67792 .elementor-element.elementor-element-138d4cb .elementor-button{background-color:#0085BB;font-family:\"Roboto\", Montserrat;font-size:1.1em;font-weight:600;text-decoration:none;fill:#FFFFFF;color:#FFFFFF;border-style:solid;border-width:2px 2px 2px 2px;border-color:#0085BB;border-radius:33px 33px 33px 33px;padding:14px 20px 14px 20px;}.elementor-67792 .elementor-element.elementor-element-138d4cb .elementor-button:hover, .elementor-67792 .elementor-element.elementor-element-138d4cb .elementor-button:focus{background-color:#FFFFFF;color:#0085BB;border-color:#0085BB;}.elementor-67792 .elementor-element.elementor-element-138d4cb > .elementor-widget-container{margin:2% 0% 1% 0%;}.elementor-67792 .elementor-element.elementor-element-138d4cb .elementor-button:hover svg, .elementor-67792 .elementor-element.elementor-element-138d4cb .elementor-button:focus svg{fill:#0085BB;}@media(max-width:767px){.elementor-67792 .elementor-element.elementor-element-138d4cb > .elementor-widget-container{margin:-20px 0px 50px 0px;}}<\/style><div class=\"porto-block\" data-id=\"67792\">\t\t<div data-elementor-type=\"wp-post\" data-elementor-id=\"67792\" class=\"elementor elementor-67792 elementor-29420\" data-elementor-post-type=\"porto_builder\">\n\t\t\t\t\t\t<section class=\"elementor-section elementor-top-section elementor-element elementor-element-4601687 elementor-section-boxed elementor-section-height-default elementor-section-height-default\" data-id=\"4601687\" data-element_type=\"section\">\r\n\t\t\r\n\t\t\t\t\t\t\t<div class=\"elementor-container elementor-column-gap-default\">\r\n\t\t\t\t\t\t\t\t\t\t\t<div class=\"elementor-column elementor-col-100 elementor-top-column elementor-element elementor-element-7f3a8ac\" data-id=\"7f3a8ac\" data-element_type=\"column\">\r\n\t\t\t\t\t<div class=\"elementor-widget-wrap elementor-element-populated\">\r\n\t\t\t\t\t\t\t\t<div class=\"elementor-element elementor-element-138d4cb elementor-align-left elementor-widget elementor-widget-button\" data-id=\"138d4cb\" data-element_type=\"widget\" data-widget_type=\"button.default\">\n\t\t\t\t<div class=\"elementor-widget-container\">\n\t\t\t\t\t\t\t\t\t<div class=\"elementor-button-wrapper\">\n\t\t\t\t\t<a class=\"elementor-button elementor-button-link elementor-size-md\" href=\"https:\/\/www.intarcon.com\/de\/technische-beratung\/\" id=\"cta-asesor\u00eda\">\n\t\t\t\t\t\t<span class=\"elementor-button-content-wrapper\">\n\t\t\t\t\t\t\t\t\t<span class=\"elementor-button-text\">Technische Beratung anfordern<\/span>\n\t\t\t\t\t<\/span>\n\t\t\t\t\t<\/a>\n\t\t\t\t<\/div>\n\t\t\t\t\t\t\t\t<\/div>\n\t\t\t\t<\/div>\n\t\t\t\t\t<\/div>\r\n\t\t\t\t<\/div>\r\n\t\t\t\t\t<\/div>\r\n\t\t\t\t<\/section>\r\n\t\t\t\t<\/div>\n\t\t<\/div><\/p>\n","protected":false},"featured_media":89439,"template":"","meta":[],"product_brand":[],"product_cat":[695,696],"product_tag":[],"class_list":{"0":"post-83519","1":"product","2":"type-product","3":"status-publish","4":"has-post-thumbnail","6":"product_cat-hydraulikaggregate-r290","7":"product_cat-glykol-hydraulikaggregate","9":"first","10":"instock","11":"featured","12":"shipping-taxable","13":"product-type-simple"},"yoast_head":"<!-- This site is optimized with the Yoast SEO plugin v25.5 - https:\/\/yoast.com\/wordpress\/plugins\/seo\/ -->\n<title>Hydraulikaggregate intarWatt - INTARCON<\/title>\n<meta name=\"description\" content=\"Hydraulikaggregate mit Wasser- oder Glykolpumpe in geschlossenem Kreislauf f\u00fcr die Au\u00dfeninstallation mitder K\u00e4lteanlage gekoppelt.\" \/>\n<meta name=\"robots\" content=\"index, follow, max-snippet:-1, max-image-preview:large, max-video-preview:-1\" \/>\n<link rel=\"canonical\" href=\"https:\/\/www.intarcon.com\/de\/produkt\/hydraulikaggregate-intarwatt\/\" \/>\n<meta property=\"og:locale\" content=\"de_DE\" \/>\n<meta property=\"og:type\" content=\"article\" \/>\n<meta property=\"og:title\" content=\"Hydraulikaggregate intarWatt - INTARCON\" \/>\n<meta property=\"og:description\" content=\"Hydraulikaggregate mit Wasser- oder Glykolpumpe in geschlossenem Kreislauf f\u00fcr die Au\u00dfeninstallation mitder K\u00e4lteanlage gekoppelt.\" \/>\n<meta property=\"og:url\" content=\"https:\/\/www.intarcon.com\/de\/produkt\/hydraulikaggregate-intarwatt\/\" \/>\n<meta property=\"og:site_name\" content=\"INTARCON\" \/>\n<meta property=\"article:publisher\" content=\"https:\/\/www.facebook.com\/intarcon\/\" \/>\n<meta property=\"article:modified_time\" content=\"2024-04-09T10:49:56+00:00\" \/>\n<meta property=\"og:image\" content=\"https:\/\/www.intarcon.com\/wp-content\/uploads\/2024\/02\/grupo-hidraulico-plantas-enfriadoras-intarwatt.webp\" \/>\n\t<meta property=\"og:image:width\" content=\"600\" \/>\n\t<meta property=\"og:image:height\" content=\"600\" \/>\n\t<meta property=\"og:image:type\" content=\"image\/webp\" \/>\n<meta name=\"twitter:card\" content=\"summary_large_image\" \/>\n<meta name=\"twitter:site\" content=\"@Intarcon\" \/>\n<meta name=\"twitter:label1\" content=\"Est. reading time\" \/>\n\t<meta name=\"twitter:data1\" content=\"1 minute\" \/>\n<script type=\"application\/ld+json\" class=\"yoast-schema-graph\">{\"@context\":\"https:\/\/schema.org\",\"@graph\":[{\"@type\":\"WebPage\",\"@id\":\"https:\/\/www.intarcon.com\/de\/produkt\/hydraulikaggregate-intarwatt\/\",\"url\":\"https:\/\/www.intarcon.com\/de\/produkt\/hydraulikaggregate-intarwatt\/\",\"name\":\"Hydraulikaggregate intarWatt - INTARCON\",\"isPartOf\":{\"@id\":\"https:\/\/www.intarcon.com\/de\/#website\"},\"primaryImageOfPage\":{\"@id\":\"https:\/\/www.intarcon.com\/de\/produkt\/hydraulikaggregate-intarwatt\/#primaryimage\"},\"image\":{\"@id\":\"https:\/\/www.intarcon.com\/de\/produkt\/hydraulikaggregate-intarwatt\/#primaryimage\"},\"thumbnailUrl\":\"https:\/\/www.intarcon.com\/wp-content\/uploads\/2024\/02\/grupo-hidraulico-plantas-enfriadoras-intarwatt.webp\",\"datePublished\":\"2024-02-19T15:54:46+00:00\",\"dateModified\":\"2024-04-09T10:49:56+00:00\",\"description\":\"Hydraulikaggregate mit Wasser- oder Glykolpumpe in geschlossenem Kreislauf f\u00fcr die Au\u00dfeninstallation mitder K\u00e4lteanlage gekoppelt.\",\"breadcrumb\":{\"@id\":\"https:\/\/www.intarcon.com\/de\/produkt\/hydraulikaggregate-intarwatt\/#breadcrumb\"},\"inLanguage\":\"de\",\"potentialAction\":[{\"@type\":\"ReadAction\",\"target\":[\"https:\/\/www.intarcon.com\/de\/produkt\/hydraulikaggregate-intarwatt\/\"]}]},{\"@type\":\"ImageObject\",\"inLanguage\":\"de\",\"@id\":\"https:\/\/www.intarcon.com\/de\/produkt\/hydraulikaggregate-intarwatt\/#primaryimage\",\"url\":\"https:\/\/www.intarcon.com\/wp-content\/uploads\/2024\/02\/grupo-hidraulico-plantas-enfriadoras-intarwatt.webp\",\"contentUrl\":\"https:\/\/www.intarcon.com\/wp-content\/uploads\/2024\/02\/grupo-hidraulico-plantas-enfriadoras-intarwatt.webp\",\"width\":600,\"height\":600,\"caption\":\"Grupo hidr\u00e1ulico de glicol o agua para plantas enfriadoras intarWatt - INTARCON\"},{\"@type\":\"BreadcrumbList\",\"@id\":\"https:\/\/www.intarcon.com\/de\/produkt\/hydraulikaggregate-intarwatt\/#breadcrumb\",\"itemListElement\":[{\"@type\":\"ListItem\",\"position\":1,\"name\":\"Portada\",\"item\":\"https:\/\/www.intarcon.com\/de\/\"},{\"@type\":\"ListItem\",\"position\":2,\"name\":\"Producto\",\"item\":\"https:\/\/www.intarcon.com\/producto\/\"},{\"@type\":\"ListItem\",\"position\":3,\"name\":\"Glykol\",\"item\":\"https:\/\/www.intarcon.com\/de\/technologie\/glykol\/\"},{\"@type\":\"ListItem\",\"position\":4,\"name\":\"Hydraulikaggregate\",\"item\":\"https:\/\/www.intarcon.com\/de\/technologie\/glykol\/glykol-hydraulikaggregate\/\"},{\"@type\":\"ListItem\",\"position\":5,\"name\":\"Hydraulikaggregate intarWatt\"}]},{\"@type\":\"WebSite\",\"@id\":\"https:\/\/www.intarcon.com\/de\/#website\",\"url\":\"https:\/\/www.intarcon.com\/de\/\",\"name\":\"INTARCON\",\"description\":\"\",\"potentialAction\":[{\"@type\":\"SearchAction\",\"target\":{\"@type\":\"EntryPoint\",\"urlTemplate\":\"https:\/\/www.intarcon.com\/de\/?s={search_term_string}\"},\"query-input\":{\"@type\":\"PropertyValueSpecification\",\"valueRequired\":true,\"valueName\":\"search_term_string\"}}],\"inLanguage\":\"de\"}]}<\/script>\n<!-- \/ Yoast SEO plugin. -->","yoast_head_json":{"title":"Hydraulikaggregate intarWatt - INTARCON","description":"Hydraulikaggregate mit Wasser- oder Glykolpumpe in geschlossenem Kreislauf f\u00fcr die Au\u00dfeninstallation mitder K\u00e4lteanlage gekoppelt.","robots":{"index":"index","follow":"follow","max-snippet":"max-snippet:-1","max-image-preview":"max-image-preview:large","max-video-preview":"max-video-preview:-1"},"canonical":"https:\/\/www.intarcon.com\/de\/produkt\/hydraulikaggregate-intarwatt\/","og_locale":"de_DE","og_type":"article","og_title":"Hydraulikaggregate intarWatt - INTARCON","og_description":"Hydraulikaggregate mit Wasser- oder Glykolpumpe in geschlossenem Kreislauf f\u00fcr die Au\u00dfeninstallation mitder K\u00e4lteanlage gekoppelt.","og_url":"https:\/\/www.intarcon.com\/de\/produkt\/hydraulikaggregate-intarwatt\/","og_site_name":"INTARCON","article_publisher":"https:\/\/www.facebook.com\/intarcon\/","article_modified_time":"2024-04-09T10:49:56+00:00","og_image":[{"width":600,"height":600,"url":"https:\/\/www.intarcon.com\/wp-content\/uploads\/2024\/02\/grupo-hidraulico-plantas-enfriadoras-intarwatt.webp","type":"image\/webp"}],"twitter_card":"summary_large_image","twitter_site":"@Intarcon","twitter_misc":{"Est. reading time":"1 minute"},"schema":{"@context":"https:\/\/schema.org","@graph":[{"@type":"WebPage","@id":"https:\/\/www.intarcon.com\/de\/produkt\/hydraulikaggregate-intarwatt\/","url":"https:\/\/www.intarcon.com\/de\/produkt\/hydraulikaggregate-intarwatt\/","name":"Hydraulikaggregate intarWatt - INTARCON","isPartOf":{"@id":"https:\/\/www.intarcon.com\/de\/#website"},"primaryImageOfPage":{"@id":"https:\/\/www.intarcon.com\/de\/produkt\/hydraulikaggregate-intarwatt\/#primaryimage"},"image":{"@id":"https:\/\/www.intarcon.com\/de\/produkt\/hydraulikaggregate-intarwatt\/#primaryimage"},"thumbnailUrl":"https:\/\/www.intarcon.com\/wp-content\/uploads\/2024\/02\/grupo-hidraulico-plantas-enfriadoras-intarwatt.webp","datePublished":"2024-02-19T15:54:46+00:00","dateModified":"2024-04-09T10:49:56+00:00","description":"Hydraulikaggregate mit Wasser- oder Glykolpumpe in geschlossenem Kreislauf f\u00fcr die Au\u00dfeninstallation mitder K\u00e4lteanlage gekoppelt.","breadcrumb":{"@id":"https:\/\/www.intarcon.com\/de\/produkt\/hydraulikaggregate-intarwatt\/#breadcrumb"},"inLanguage":"de","potentialAction":[{"@type":"ReadAction","target":["https:\/\/www.intarcon.com\/de\/produkt\/hydraulikaggregate-intarwatt\/"]}]},{"@type":"ImageObject","inLanguage":"de","@id":"https:\/\/www.intarcon.com\/de\/produkt\/hydraulikaggregate-intarwatt\/#primaryimage","url":"https:\/\/www.intarcon.com\/wp-content\/uploads\/2024\/02\/grupo-hidraulico-plantas-enfriadoras-intarwatt.webp","contentUrl":"https:\/\/www.intarcon.com\/wp-content\/uploads\/2024\/02\/grupo-hidraulico-plantas-enfriadoras-intarwatt.webp","width":600,"height":600,"caption":"Grupo hidr\u00e1ulico de glicol o agua para plantas enfriadoras intarWatt - INTARCON"},{"@type":"BreadcrumbList","@id":"https:\/\/www.intarcon.com\/de\/produkt\/hydraulikaggregate-intarwatt\/#breadcrumb","itemListElement":[{"@type":"ListItem","position":1,"name":"Portada","item":"https:\/\/www.intarcon.com\/de\/"},{"@type":"ListItem","position":2,"name":"Producto","item":"https:\/\/www.intarcon.com\/producto\/"},{"@type":"ListItem","position":3,"name":"Glykol","item":"https:\/\/www.intarcon.com\/de\/technologie\/glykol\/"},{"@type":"ListItem","position":4,"name":"Hydraulikaggregate","item":"https:\/\/www.intarcon.com\/de\/technologie\/glykol\/glykol-hydraulikaggregate\/"},{"@type":"ListItem","position":5,"name":"Hydraulikaggregate intarWatt"}]},{"@type":"WebSite","@id":"https:\/\/www.intarcon.com\/de\/#website","url":"https:\/\/www.intarcon.com\/de\/","name":"INTARCON","description":"","potentialAction":[{"@type":"SearchAction","target":{"@type":"EntryPoint","urlTemplate":"https:\/\/www.intarcon.com\/de\/?s={search_term_string}"},"query-input":{"@type":"PropertyValueSpecification","valueRequired":true,"valueName":"search_term_string"}}],"inLanguage":"de"}]}},"_links":{"self":[{"href":"https:\/\/www.intarcon.com\/de\/wp-json\/wp\/v2\/product\/83519","targetHints":{"allow":["GET"]}}],"collection":[{"href":"https:\/\/www.intarcon.com\/de\/wp-json\/wp\/v2\/product"}],"about":[{"href":"https:\/\/www.intarcon.com\/de\/wp-json\/wp\/v2\/types\/product"}],"version-history":[{"count":0,"href":"https:\/\/www.intarcon.com\/de\/wp-json\/wp\/v2\/product\/83519\/revisions"}],"wp:featuredmedia":[{"embeddable":true,"href":"https:\/\/www.intarcon.com\/de\/wp-json\/wp\/v2\/media\/89439"}],"wp:attachment":[{"href":"https:\/\/www.intarcon.com\/de\/wp-json\/wp\/v2\/media?parent=83519"}],"wp:term":[{"taxonomy":"product_brand","embeddable":true,"href":"https:\/\/www.intarcon.com\/de\/wp-json\/wp\/v2\/product_brand?post=83519"},{"taxonomy":"product_cat","embeddable":true,"href":"https:\/\/www.intarcon.com\/de\/wp-json\/wp\/v2\/product_cat?post=83519"},{"taxonomy":"product_tag","embeddable":true,"href":"https:\/\/www.intarcon.com\/de\/wp-json\/wp\/v2\/product_tag?post=83519"}],"curies":[{"name":"wp","href":"https:\/\/api.w.org\/{rel}","templated":true}]}}