{"id":71075,"date":"2019-06-22T08:30:08","date_gmt":"2019-06-22T06:30:08","guid":{"rendered":"https:\/\/www.intarcon.com\/?post_type=product&#038;p=71075"},"modified":"2024-12-11T12:22:18","modified_gmt":"2024-12-11T11:22:18","slug":"industrielle-doppelstromungs-verdampfer","status":"publish","type":"product","link":"https:\/\/www.intarcon.com\/de\/produkt\/industrielle-doppelstromungs-verdampfer\/","title":{"rendered":"Industrielle Doppelstr\u00f6mungs-Verdampfer"},"content":{"rendered":"<p>Verdampfer f\u00fcr die Deckenmontage mit Doppelstr\u00f6mung, ausgestattet mit Regelventilen, Struktur aus verzinktem Stahl und Aufbau aus Stahl mit Polyester-Lack.<\/p>\n<ul>\n<li>Hocheffiziente W\u00e4rmetauscher.<\/li>\n<li>Integriertes Expansionsventil und Magnetventil.<\/li>\n<li>Werksseitig eingestellte Ger\u00e4te f\u00fcr optimale K\u00fchlleistung.<\/li>\n<li>Elektroniksteuerung (Optionen).<\/li>\n<\/ul>\n<p>&nbsp;<\/p>\n<p>&nbsp;<\/p>\n<p><img fetchpriority=\"high\" decoding=\"async\" class=\"aligncenter size-full wp-image-49299\" src=\"https:\/\/www.intarcon.com\/wp-content\/uploads\/2019\/06\/en-2022-schema-components-industrial-double-flow-evaporating-unit.jpg\" alt=\"Schema components industrial double flow evaporating unit\" width=\"699\" height=\"294\" srcset=\"https:\/\/www.intarcon.com\/wp-content\/uploads\/2019\/06\/en-2022-schema-components-industrial-double-flow-evaporating-unit.jpg 699w, https:\/\/www.intarcon.com\/wp-content\/uploads\/2019\/06\/en-2022-schema-components-industrial-double-flow-evaporating-unit-640x269.jpg 640w, https:\/\/www.intarcon.com\/wp-content\/uploads\/2019\/06\/en-2022-schema-components-industrial-double-flow-evaporating-unit-400x168.jpg 400w, https:\/\/www.intarcon.com\/wp-content\/uploads\/2019\/06\/en-2022-schema-components-industrial-double-flow-evaporating-unit-367x154.jpg 367w, https:\/\/www.intarcon.com\/wp-content\/uploads\/2019\/06\/en-2022-schema-components-industrial-double-flow-evaporating-unit-600x252.jpg 600w\" sizes=\"(max-width: 699px) 100vw, 699px\" \/><\/p>\n","protected":false},"excerpt":{"rendered":"<h2 style=\"color: #999999; font-size: 18px; margin-bottom: 0px;\">Verdampfer<\/h2>\n<p><span style=\"font-size: 18px; color: #999999;\">Industrielle Doppelstr\u00f6mungs-Verdampfer.<\/span> <style>.elementor-widget-button .elementor-button{background-color:var( --e-global-color-accent );}.elementor-67792 .elementor-element.elementor-element-138d4cb .elementor-button{background-color:#0085BB;font-family:\"Roboto\", Montserrat;font-size:1.1em;font-weight:600;text-decoration:none;fill:#FFFFFF;color:#FFFFFF;border-style:solid;border-width:2px 2px 2px 2px;border-color:#0085BB;border-radius:33px 33px 33px 33px;padding:14px 20px 14px 20px;}.elementor-67792 .elementor-element.elementor-element-138d4cb .elementor-button:hover, .elementor-67792 .elementor-element.elementor-element-138d4cb .elementor-button:focus{background-color:#FFFFFF;color:#0085BB;border-color:#0085BB;}.elementor-67792 .elementor-element.elementor-element-138d4cb > .elementor-widget-container{margin:2% 0% 1% 0%;}.elementor-67792 .elementor-element.elementor-element-138d4cb .elementor-button:hover svg, .elementor-67792 .elementor-element.elementor-element-138d4cb .elementor-button:focus svg{fill:#0085BB;}@media(max-width:767px){.elementor-67792 .elementor-element.elementor-element-138d4cb > .elementor-widget-container{margin:-20px 0px 50px 0px;}}<\/style><div class=\"porto-block\" data-id=\"67792\">\t\t<div data-elementor-type=\"wp-post\" data-elementor-id=\"67792\" class=\"elementor elementor-67792 elementor-29420\" data-elementor-post-type=\"porto_builder\">\n\t\t\t\t\t\t<section class=\"elementor-section elementor-top-section elementor-element elementor-element-4601687 elementor-section-boxed elementor-section-height-default elementor-section-height-default\" data-id=\"4601687\" data-element_type=\"section\">\r\n\t\t\r\n\t\t\t\t\t\t\t<div class=\"elementor-container elementor-column-gap-default\">\r\n\t\t\t\t\t\t\t\t\t\t\t<div class=\"elementor-column elementor-col-100 elementor-top-column elementor-element elementor-element-7f3a8ac\" data-id=\"7f3a8ac\" data-element_type=\"column\">\r\n\t\t\t\t\t<div class=\"elementor-widget-wrap elementor-element-populated\">\r\n\t\t\t\t\t\t\t\t<div class=\"elementor-element elementor-element-138d4cb elementor-align-left elementor-widget elementor-widget-button\" data-id=\"138d4cb\" data-element_type=\"widget\" data-widget_type=\"button.default\">\n\t\t\t\t<div class=\"elementor-widget-container\">\n\t\t\t\t\t\t\t\t\t<div class=\"elementor-button-wrapper\">\n\t\t\t\t\t<a class=\"elementor-button elementor-button-link elementor-size-md\" href=\"https:\/\/www.intarcon.com\/de\/technische-beratung\/\" id=\"cta-asesor\u00eda\">\n\t\t\t\t\t\t<span class=\"elementor-button-content-wrapper\">\n\t\t\t\t\t\t\t\t\t<span class=\"elementor-button-text\">Technische Beratung anfordern<\/span>\n\t\t\t\t\t<\/span>\n\t\t\t\t\t<\/a>\n\t\t\t\t<\/div>\n\t\t\t\t\t\t\t\t<\/div>\n\t\t\t\t<\/div>\n\t\t\t\t\t<\/div>\r\n\t\t\t\t<\/div>\r\n\t\t\t\t\t<\/div>\r\n\t\t\t\t<\/section>\r\n\t\t\t\t<\/div>\n\t\t<\/div><\/p>\n","protected":false},"featured_media":89373,"template":"","meta":[],"product_brand":[],"product_cat":[635],"product_tag":[],"class_list":{"0":"post-71075","1":"product","2":"type-product","3":"status-publish","4":"has-post-thumbnail","6":"product_cat-verdampfer","8":"first","9":"instock","10":"shipping-taxable","11":"product-type-simple"},"yoast_head":"<!-- This site is optimized with the Yoast SEO plugin v25.5 - https:\/\/yoast.com\/wordpress\/plugins\/seo\/ -->\n<title>Industrielle Doppelstr\u00f6mungs-Verdampfer - INTARCON<\/title>\n<meta name=\"description\" content=\"Industrielle Doppelstr\u00f6mungs-Verdampfer, ausgestattet mit Regelventilen, Struktur und Aufbau aus polyesterlackiertem Aluminium.\" \/>\n<meta name=\"robots\" content=\"index, follow, max-snippet:-1, max-image-preview:large, max-video-preview:-1\" \/>\n<link rel=\"canonical\" href=\"https:\/\/www.intarcon.com\/de\/produkt\/industrielle-doppelstromungs-verdampfer\/\" \/>\n<meta property=\"og:locale\" content=\"de_DE\" \/>\n<meta property=\"og:type\" content=\"article\" \/>\n<meta property=\"og:title\" content=\"Industrielle Doppelstr\u00f6mungs-Verdampfer - INTARCON\" \/>\n<meta property=\"og:description\" content=\"Industrielle Doppelstr\u00f6mungs-Verdampfer, ausgestattet mit Regelventilen, Struktur und Aufbau aus polyesterlackiertem Aluminium.\" \/>\n<meta property=\"og:url\" content=\"https:\/\/www.intarcon.com\/de\/produkt\/industrielle-doppelstromungs-verdampfer\/\" \/>\n<meta property=\"og:site_name\" content=\"INTARCON\" \/>\n<meta property=\"article:publisher\" content=\"https:\/\/www.facebook.com\/intarcon\/\" \/>\n<meta property=\"article:modified_time\" content=\"2024-12-11T11:22:18+00:00\" \/>\n<meta property=\"og:image\" content=\"https:\/\/www.intarcon.com\/wp-content\/uploads\/2019\/06\/evaporador-hfc-doble-flujo-industrial.webp\" \/>\n\t<meta property=\"og:image:width\" content=\"600\" \/>\n\t<meta property=\"og:image:height\" content=\"600\" \/>\n\t<meta property=\"og:image:type\" content=\"image\/webp\" \/>\n<meta name=\"twitter:card\" content=\"summary_large_image\" \/>\n<meta name=\"twitter:site\" content=\"@Intarcon\" \/>\n<script type=\"application\/ld+json\" class=\"yoast-schema-graph\">{\"@context\":\"https:\/\/schema.org\",\"@graph\":[{\"@type\":\"WebPage\",\"@id\":\"https:\/\/www.intarcon.com\/de\/produkt\/industrielle-doppelstromungs-verdampfer\/\",\"url\":\"https:\/\/www.intarcon.com\/de\/produkt\/industrielle-doppelstromungs-verdampfer\/\",\"name\":\"Industrielle Doppelstr\u00f6mungs-Verdampfer - INTARCON\",\"isPartOf\":{\"@id\":\"https:\/\/www.intarcon.com\/de\/#website\"},\"primaryImageOfPage\":{\"@id\":\"https:\/\/www.intarcon.com\/de\/produkt\/industrielle-doppelstromungs-verdampfer\/#primaryimage\"},\"image\":{\"@id\":\"https:\/\/www.intarcon.com\/de\/produkt\/industrielle-doppelstromungs-verdampfer\/#primaryimage\"},\"thumbnailUrl\":\"https:\/\/www.intarcon.com\/wp-content\/uploads\/2019\/06\/evaporador-hfc-doble-flujo-industrial.webp\",\"datePublished\":\"2019-06-22T06:30:08+00:00\",\"dateModified\":\"2024-12-11T11:22:18+00:00\",\"description\":\"Industrielle Doppelstr\u00f6mungs-Verdampfer, ausgestattet mit Regelventilen, Struktur und Aufbau aus polyesterlackiertem Aluminium.\",\"breadcrumb\":{\"@id\":\"https:\/\/www.intarcon.com\/de\/produkt\/industrielle-doppelstromungs-verdampfer\/#breadcrumb\"},\"inLanguage\":\"de\",\"potentialAction\":[{\"@type\":\"ReadAction\",\"target\":[\"https:\/\/www.intarcon.com\/de\/produkt\/industrielle-doppelstromungs-verdampfer\/\"]}]},{\"@type\":\"ImageObject\",\"inLanguage\":\"de\",\"@id\":\"https:\/\/www.intarcon.com\/de\/produkt\/industrielle-doppelstromungs-verdampfer\/#primaryimage\",\"url\":\"https:\/\/www.intarcon.com\/wp-content\/uploads\/2019\/06\/evaporador-hfc-doble-flujo-industrial.webp\",\"contentUrl\":\"https:\/\/www.intarcon.com\/wp-content\/uploads\/2019\/06\/evaporador-hfc-doble-flujo-industrial.webp\",\"width\":600,\"height\":600,\"caption\":\"Evaporador de refrigeraci\u00f3n de doble flujo industrial HFC - INTARCON\"},{\"@type\":\"BreadcrumbList\",\"@id\":\"https:\/\/www.intarcon.com\/de\/produkt\/industrielle-doppelstromungs-verdampfer\/#breadcrumb\",\"itemListElement\":[{\"@type\":\"ListItem\",\"position\":1,\"name\":\"Portada\",\"item\":\"https:\/\/www.intarcon.com\/de\/\"},{\"@type\":\"ListItem\",\"position\":2,\"name\":\"Producto\",\"item\":\"https:\/\/www.intarcon.com\/producto\/\"},{\"@type\":\"ListItem\",\"position\":3,\"name\":\"HFC\",\"item\":\"https:\/\/www.intarcon.com\/de\/technologie\/hfc-kaltetechnik\/\"},{\"@type\":\"ListItem\",\"position\":4,\"name\":\"Verdampfer\",\"item\":\"https:\/\/www.intarcon.com\/de\/technologie\/hfc-kaltetechnik\/verdampfer\/\"},{\"@type\":\"ListItem\",\"position\":5,\"name\":\"Industrielle Doppelstr\u00f6mungs-Verdampfer\"}]},{\"@type\":\"WebSite\",\"@id\":\"https:\/\/www.intarcon.com\/de\/#website\",\"url\":\"https:\/\/www.intarcon.com\/de\/\",\"name\":\"INTARCON\",\"description\":\"\",\"potentialAction\":[{\"@type\":\"SearchAction\",\"target\":{\"@type\":\"EntryPoint\",\"urlTemplate\":\"https:\/\/www.intarcon.com\/de\/?s={search_term_string}\"},\"query-input\":{\"@type\":\"PropertyValueSpecification\",\"valueRequired\":true,\"valueName\":\"search_term_string\"}}],\"inLanguage\":\"de\"}]}<\/script>\n<!-- \/ Yoast SEO plugin. -->","yoast_head_json":{"title":"Industrielle Doppelstr\u00f6mungs-Verdampfer - INTARCON","description":"Industrielle Doppelstr\u00f6mungs-Verdampfer, ausgestattet mit Regelventilen, Struktur und Aufbau aus polyesterlackiertem Aluminium.","robots":{"index":"index","follow":"follow","max-snippet":"max-snippet:-1","max-image-preview":"max-image-preview:large","max-video-preview":"max-video-preview:-1"},"canonical":"https:\/\/www.intarcon.com\/de\/produkt\/industrielle-doppelstromungs-verdampfer\/","og_locale":"de_DE","og_type":"article","og_title":"Industrielle Doppelstr\u00f6mungs-Verdampfer - INTARCON","og_description":"Industrielle Doppelstr\u00f6mungs-Verdampfer, ausgestattet mit Regelventilen, Struktur und Aufbau aus polyesterlackiertem Aluminium.","og_url":"https:\/\/www.intarcon.com\/de\/produkt\/industrielle-doppelstromungs-verdampfer\/","og_site_name":"INTARCON","article_publisher":"https:\/\/www.facebook.com\/intarcon\/","article_modified_time":"2024-12-11T11:22:18+00:00","og_image":[{"width":600,"height":600,"url":"https:\/\/www.intarcon.com\/wp-content\/uploads\/2019\/06\/evaporador-hfc-doble-flujo-industrial.webp","type":"image\/webp"}],"twitter_card":"summary_large_image","twitter_site":"@Intarcon","schema":{"@context":"https:\/\/schema.org","@graph":[{"@type":"WebPage","@id":"https:\/\/www.intarcon.com\/de\/produkt\/industrielle-doppelstromungs-verdampfer\/","url":"https:\/\/www.intarcon.com\/de\/produkt\/industrielle-doppelstromungs-verdampfer\/","name":"Industrielle Doppelstr\u00f6mungs-Verdampfer - INTARCON","isPartOf":{"@id":"https:\/\/www.intarcon.com\/de\/#website"},"primaryImageOfPage":{"@id":"https:\/\/www.intarcon.com\/de\/produkt\/industrielle-doppelstromungs-verdampfer\/#primaryimage"},"image":{"@id":"https:\/\/www.intarcon.com\/de\/produkt\/industrielle-doppelstromungs-verdampfer\/#primaryimage"},"thumbnailUrl":"https:\/\/www.intarcon.com\/wp-content\/uploads\/2019\/06\/evaporador-hfc-doble-flujo-industrial.webp","datePublished":"2019-06-22T06:30:08+00:00","dateModified":"2024-12-11T11:22:18+00:00","description":"Industrielle Doppelstr\u00f6mungs-Verdampfer, ausgestattet mit Regelventilen, Struktur und Aufbau aus polyesterlackiertem Aluminium.","breadcrumb":{"@id":"https:\/\/www.intarcon.com\/de\/produkt\/industrielle-doppelstromungs-verdampfer\/#breadcrumb"},"inLanguage":"de","potentialAction":[{"@type":"ReadAction","target":["https:\/\/www.intarcon.com\/de\/produkt\/industrielle-doppelstromungs-verdampfer\/"]}]},{"@type":"ImageObject","inLanguage":"de","@id":"https:\/\/www.intarcon.com\/de\/produkt\/industrielle-doppelstromungs-verdampfer\/#primaryimage","url":"https:\/\/www.intarcon.com\/wp-content\/uploads\/2019\/06\/evaporador-hfc-doble-flujo-industrial.webp","contentUrl":"https:\/\/www.intarcon.com\/wp-content\/uploads\/2019\/06\/evaporador-hfc-doble-flujo-industrial.webp","width":600,"height":600,"caption":"Evaporador de refrigeraci\u00f3n de doble flujo industrial HFC - INTARCON"},{"@type":"BreadcrumbList","@id":"https:\/\/www.intarcon.com\/de\/produkt\/industrielle-doppelstromungs-verdampfer\/#breadcrumb","itemListElement":[{"@type":"ListItem","position":1,"name":"Portada","item":"https:\/\/www.intarcon.com\/de\/"},{"@type":"ListItem","position":2,"name":"Producto","item":"https:\/\/www.intarcon.com\/producto\/"},{"@type":"ListItem","position":3,"name":"HFC","item":"https:\/\/www.intarcon.com\/de\/technologie\/hfc-kaltetechnik\/"},{"@type":"ListItem","position":4,"name":"Verdampfer","item":"https:\/\/www.intarcon.com\/de\/technologie\/hfc-kaltetechnik\/verdampfer\/"},{"@type":"ListItem","position":5,"name":"Industrielle Doppelstr\u00f6mungs-Verdampfer"}]},{"@type":"WebSite","@id":"https:\/\/www.intarcon.com\/de\/#website","url":"https:\/\/www.intarcon.com\/de\/","name":"INTARCON","description":"","potentialAction":[{"@type":"SearchAction","target":{"@type":"EntryPoint","urlTemplate":"https:\/\/www.intarcon.com\/de\/?s={search_term_string}"},"query-input":{"@type":"PropertyValueSpecification","valueRequired":true,"valueName":"search_term_string"}}],"inLanguage":"de"}]}},"_links":{"self":[{"href":"https:\/\/www.intarcon.com\/de\/wp-json\/wp\/v2\/product\/71075","targetHints":{"allow":["GET"]}}],"collection":[{"href":"https:\/\/www.intarcon.com\/de\/wp-json\/wp\/v2\/product"}],"about":[{"href":"https:\/\/www.intarcon.com\/de\/wp-json\/wp\/v2\/types\/product"}],"version-history":[{"count":0,"href":"https:\/\/www.intarcon.com\/de\/wp-json\/wp\/v2\/product\/71075\/revisions"}],"wp:featuredmedia":[{"embeddable":true,"href":"https:\/\/www.intarcon.com\/de\/wp-json\/wp\/v2\/media\/89373"}],"wp:attachment":[{"href":"https:\/\/www.intarcon.com\/de\/wp-json\/wp\/v2\/media?parent=71075"}],"wp:term":[{"taxonomy":"product_brand","embeddable":true,"href":"https:\/\/www.intarcon.com\/de\/wp-json\/wp\/v2\/product_brand?post=71075"},{"taxonomy":"product_cat","embeddable":true,"href":"https:\/\/www.intarcon.com\/de\/wp-json\/wp\/v2\/product_cat?post=71075"},{"taxonomy":"product_tag","embeddable":true,"href":"https:\/\/www.intarcon.com\/de\/wp-json\/wp\/v2\/product_tag?post=71075"}],"curies":[{"name":"wp","href":"https:\/\/api.w.org\/{rel}","templated":true}]}}