{"id":70918,"date":"2021-04-14T14:39:38","date_gmt":"2021-04-14T12:39:38","guid":{"rendered":"https:\/\/www.intarcon.com\/?post_type=product&#038;p=70918"},"modified":"2025-07-01T14:04:03","modified_gmt":"2025-07-01T12:04:03","slug":"intarsanit-tpd","status":"publish","type":"product","link":"https:\/\/www.intarcon.com\/de\/produkt\/intarsanit-tpd\/","title":{"rendered":"intarSANIT-TPD"},"content":{"rendered":"\t\t<div data-elementor-type=\"wp-post\" data-elementor-id=\"70918\" class=\"elementor elementor-70918 elementor-23888\" data-elementor-post-type=\"product\">\n\t\t\t\t\t\t<section class=\"elementor-section elementor-top-section elementor-element elementor-element-4818925a elementor-section-boxed elementor-section-height-default elementor-section-height-default\" data-id=\"4818925a\" data-element_type=\"section\">\r\n\t\t\r\n\t\t\t\t\t\t\t<div class=\"elementor-container elementor-column-gap-default\">\r\n\t\t\t\t\t\t\t\t\t\t\t<div class=\"elementor-column elementor-col-100 elementor-top-column elementor-element elementor-element-37bd479e\" data-id=\"37bd479e\" data-element_type=\"column\">\r\n\t\t\t\t\t<div class=\"elementor-widget-wrap elementor-element-populated\">\r\n\t\t\t\t\t\t\t\t<div class=\"elementor-element elementor-element-25a7c760 elementor-widget elementor-widget-text-editor\" data-id=\"25a7c760\" data-element_type=\"widget\" data-widget_type=\"text-editor.default\">\n\t\t\t\t<div class=\"elementor-widget-container\">\n\t\t\t\t\t\t\t\t\t<p>intarSANIT-TPD ist die L\u00f6sung f\u00fcr die Sterilisation und Reinigung der Luft in R\u00e4umen, in denen Lebensmittel verarbeitet werden, in Gro\u00dfk\u00fcchen, Reinr\u00e4umen und anderen Einrichtungen. Die ultraviolette Bestrahlung macht die DNA der Mikroorganismen unbrauchbar und verhindert so deren Vermehrung. HEPA-Filterung mit einem Wirkungsgrad von 99,995 % bei 300 nm gro\u00dfen Partikeln.<\/p><ul><li>Filtration, Sterilisation und Reinigung von Luft in K\u00fchlr\u00e4umen.<\/li><li>Doppelte sterilisierende Wirkung: UV-C-Strahlung und HEPA-Filterung.<\/li><li>Einfache Deckenmontage.<\/li><li>Das Sterilisationssystem ist in die<\/li><li>Doppelstrom-Verdampfereinheit integriert.<\/li><\/ul><p><strong><img fetchpriority=\"high\" decoding=\"async\" class=\"size-full wp-image-23907 aligncenter\" src=\"https:\/\/www.intarcon.com\/wp-content\/uploads\/2021\/04\/en-21-esquema-intarsanit-tpd.png\" alt=\"\" width=\"617\" height=\"345\" srcset=\"https:\/\/www.intarcon.com\/wp-content\/uploads\/2021\/04\/en-21-esquema-intarsanit-tpd.png 617w, https:\/\/www.intarcon.com\/wp-content\/uploads\/2021\/04\/en-21-esquema-intarsanit-tpd-400x224.png 400w, https:\/\/www.intarcon.com\/wp-content\/uploads\/2021\/04\/en-21-esquema-intarsanit-tpd-367x205.png 367w, https:\/\/www.intarcon.com\/wp-content\/uploads\/2021\/04\/en-21-esquema-intarsanit-tpd-600x335.png 600w\" sizes=\"(max-width: 617px) 100vw, 617px\" \/><img decoding=\"async\" class=\" wp-image-23900 aligncenter\" src=\"https:\/\/www.intarcon.com\/wp-content\/uploads\/2021\/04\/es-21-esquema-instalacion-intarsanit-tpd.png\" alt=\"es-21-esquema-instalacion-intarsanit-tpd\" width=\"419\" height=\"281\" \/><\/strong><\/p><p>Kontrolle<\/p><p>Elektronische iPro-Steuerung mit digitaler Distanzanzeige.<\/p><ul><li>Regelung der Zulufttemperatur.<\/li><li>Regelung des Luftstroms.<\/li><li>Regelung der Raumtemperatur.<\/li><li>Kontrolle des Filterstatus.<\/li><li>Externe Kommunikation.<\/li><li>Steuerungsoption: Ferngesteuertes<\/li><li>Touch-Display.<\/li><\/ul><p><img decoding=\"async\" class=\"size-full wp-image-23812 aligncenter\" src=\"https:\/\/www.intarcon.com\/wp-content\/uploads\/2021\/04\/es-2021-control-intarsanit.png\" alt=\"es-2021-control-intarsanit\" width=\"191\" height=\"298\" \/><\/p>\t\t\t\t\t\t\t\t<\/div>\n\t\t\t\t<\/div>\n\t\t\t\t<div class=\"elementor-element elementor-element-1796f88 elementor-align-center elementor-widget elementor-widget-button\" data-id=\"1796f88\" data-element_type=\"widget\" data-widget_type=\"button.default\">\n\t\t\t\t<div class=\"elementor-widget-container\">\n\t\t\t\t\t\t\t\t\t<div class=\"elementor-button-wrapper\">\n\t\t\t\t\t<a class=\"elementor-button elementor-button-link elementor-size-sm\" href=\"https:\/\/www.intarcon.com\/en\/intarsanit\/\">\n\t\t\t\t\t\t<span class=\"elementor-button-content-wrapper\">\n\t\t\t\t\t\t\t\t\t<span class=\"elementor-button-text\">M\u00f6chten Sie mehr \u00fcber intarSANIT erfahren?<\/span>\n\t\t\t\t\t<\/span>\n\t\t\t\t\t<\/a>\n\t\t\t\t<\/div>\n\t\t\t\t\t\t\t\t<\/div>\n\t\t\t\t<\/div>\n\t\t\t\t\t<\/div>\r\n\t\t\t\t<\/div>\r\n\t\t\t\t\t<\/div>\r\n\t\t\t\t<\/section>\r\n\t\t\t\t<\/div>\n\t\t","protected":false},"excerpt":{"rendered":"<h2 style=\"color: #999999; font-size: 18px; margin-bottom: 0px;\">Sterilisation und Luftreinigung<\/h2>\n<p><span style=\"color: #999999; font-size: 18px;\">Sterilisation und Luftreinigung in R\u00e4umen f\u00fcr die Lebensmittelverarbeitung, Industriek\u00fcchen, Reinr\u00e4umen und anderen R\u00e4umlichkeiten.<\/span><\/p>\n<p>&nbsp;<\/p>\n<style>.elementor-widget-button .elementor-button{background-color:var( --e-global-color-accent );}.elementor-67792 .elementor-element.elementor-element-138d4cb .elementor-button{background-color:#0085BB;font-family:\"Roboto\", Montserrat;font-size:1.1em;font-weight:600;text-decoration:none;fill:#FFFFFF;color:#FFFFFF;border-style:solid;border-width:2px 2px 2px 2px;border-color:#0085BB;border-radius:33px 33px 33px 33px;padding:14px 20px 14px 20px;}.elementor-67792 .elementor-element.elementor-element-138d4cb .elementor-button:hover, .elementor-67792 .elementor-element.elementor-element-138d4cb .elementor-button:focus{background-color:#FFFFFF;color:#0085BB;border-color:#0085BB;}.elementor-67792 .elementor-element.elementor-element-138d4cb > .elementor-widget-container{margin:2% 0% 1% 0%;}.elementor-67792 .elementor-element.elementor-element-138d4cb .elementor-button:hover svg, .elementor-67792 .elementor-element.elementor-element-138d4cb .elementor-button:focus svg{fill:#0085BB;}@media(max-width:767px){.elementor-67792 .elementor-element.elementor-element-138d4cb > .elementor-widget-container{margin:-20px 0px 50px 0px;}}<\/style><div class=\"porto-block\" data-id=\"67792\">\t\t<div data-elementor-type=\"wp-post\" data-elementor-id=\"67792\" class=\"elementor elementor-67792 elementor-29420\" data-elementor-post-type=\"porto_builder\">\n\t\t\t\t\t\t<section class=\"elementor-section elementor-top-section elementor-element elementor-element-4601687 elementor-section-boxed elementor-section-height-default elementor-section-height-default\" data-id=\"4601687\" data-element_type=\"section\">\r\n\t\t\r\n\t\t\t\t\t\t\t<div class=\"elementor-container elementor-column-gap-default\">\r\n\t\t\t\t\t\t\t\t\t\t\t<div class=\"elementor-column elementor-col-100 elementor-top-column elementor-element elementor-element-7f3a8ac\" data-id=\"7f3a8ac\" data-element_type=\"column\">\r\n\t\t\t\t\t<div class=\"elementor-widget-wrap elementor-element-populated\">\r\n\t\t\t\t\t\t\t\t<div class=\"elementor-element elementor-element-138d4cb elementor-align-left elementor-widget elementor-widget-button\" data-id=\"138d4cb\" data-element_type=\"widget\" data-widget_type=\"button.default\">\n\t\t\t\t<div class=\"elementor-widget-container\">\n\t\t\t\t\t\t\t\t\t<div class=\"elementor-button-wrapper\">\n\t\t\t\t\t<a class=\"elementor-button elementor-button-link elementor-size-md\" href=\"https:\/\/www.intarcon.com\/de\/technische-beratung\/\" id=\"cta-asesor\u00eda\">\n\t\t\t\t\t\t<span class=\"elementor-button-content-wrapper\">\n\t\t\t\t\t\t\t\t\t<span class=\"elementor-button-text\">Technische Beratung anfordern<\/span>\n\t\t\t\t\t<\/span>\n\t\t\t\t\t<\/a>\n\t\t\t\t<\/div>\n\t\t\t\t\t\t\t\t<\/div>\n\t\t\t\t<\/div>\n\t\t\t\t\t<\/div>\r\n\t\t\t\t<\/div>\r\n\t\t\t\t\t<\/div>\r\n\t\t\t\t<\/section>\r\n\t\t\t\t<\/div>\n\t\t<\/div>\n<div class=\"ctadescripcion\"><\/div>\n","protected":false},"featured_media":89398,"template":"","meta":[],"product_brand":[],"product_cat":[752],"product_tag":[],"class_list":{"0":"post-70918","1":"product","2":"type-product","3":"status-publish","4":"has-post-thumbnail","6":"product_cat-luftreinigung-und-aufbereitung","8":"first","9":"instock","10":"shipping-taxable","11":"product-type-simple"},"yoast_head":"<!-- This site is optimized with the Yoast SEO plugin v25.5 - https:\/\/yoast.com\/wordpress\/plugins\/seo\/ -->\n<title>intarSANIT-TPD - INTARCON<\/title>\n<meta name=\"description\" content=\"Lernen Sie unser intarSANIT TPD und seine wichtigsten Vorteile f\u00fcr die Sterilisation und Luftreinigung in Arbeitsr\u00e4umen kennen.\" \/>\n<meta name=\"robots\" content=\"index, follow, max-snippet:-1, max-image-preview:large, max-video-preview:-1\" \/>\n<link rel=\"canonical\" href=\"https:\/\/www.intarcon.com\/de\/produkt\/intarsanit-tpd\/\" \/>\n<meta property=\"og:locale\" content=\"de_DE\" \/>\n<meta property=\"og:type\" content=\"article\" \/>\n<meta property=\"og:title\" content=\"intarSANIT-TPD - INTARCON\" \/>\n<meta property=\"og:description\" content=\"Lernen Sie unser intarSANIT TPD und seine wichtigsten Vorteile f\u00fcr die Sterilisation und Luftreinigung in Arbeitsr\u00e4umen kennen.\" \/>\n<meta property=\"og:url\" content=\"https:\/\/www.intarcon.com\/de\/produkt\/intarsanit-tpd\/\" \/>\n<meta property=\"og:site_name\" content=\"INTARCON\" \/>\n<meta property=\"article:publisher\" content=\"https:\/\/www.facebook.com\/intarcon\/\" \/>\n<meta property=\"article:modified_time\" content=\"2025-07-01T12:04:03+00:00\" \/>\n<meta property=\"og:image\" content=\"https:\/\/www.intarcon.com\/wp-content\/uploads\/2019\/06\/esterilizacion-purificacion-aire.webp\" \/>\n\t<meta property=\"og:image:width\" content=\"600\" \/>\n\t<meta property=\"og:image:height\" content=\"600\" \/>\n\t<meta property=\"og:image:type\" content=\"image\/webp\" \/>\n<meta name=\"twitter:card\" content=\"summary_large_image\" \/>\n<meta name=\"twitter:site\" content=\"@Intarcon\" \/>\n<meta name=\"twitter:label1\" content=\"Est. reading time\" \/>\n\t<meta name=\"twitter:data1\" content=\"1 minute\" \/>\n<script type=\"application\/ld+json\" class=\"yoast-schema-graph\">{\"@context\":\"https:\/\/schema.org\",\"@graph\":[{\"@type\":\"WebPage\",\"@id\":\"https:\/\/www.intarcon.com\/de\/produkt\/intarsanit-tpd\/\",\"url\":\"https:\/\/www.intarcon.com\/de\/produkt\/intarsanit-tpd\/\",\"name\":\"intarSANIT-TPD - INTARCON\",\"isPartOf\":{\"@id\":\"https:\/\/www.intarcon.com\/de\/#website\"},\"primaryImageOfPage\":{\"@id\":\"https:\/\/www.intarcon.com\/de\/produkt\/intarsanit-tpd\/#primaryimage\"},\"image\":{\"@id\":\"https:\/\/www.intarcon.com\/de\/produkt\/intarsanit-tpd\/#primaryimage\"},\"thumbnailUrl\":\"https:\/\/www.intarcon.com\/wp-content\/uploads\/2019\/06\/esterilizacion-purificacion-aire.webp\",\"datePublished\":\"2021-04-14T12:39:38+00:00\",\"dateModified\":\"2025-07-01T12:04:03+00:00\",\"description\":\"Lernen Sie unser intarSANIT TPD und seine wichtigsten Vorteile f\u00fcr die Sterilisation und Luftreinigung in Arbeitsr\u00e4umen kennen.\",\"breadcrumb\":{\"@id\":\"https:\/\/www.intarcon.com\/de\/produkt\/intarsanit-tpd\/#breadcrumb\"},\"inLanguage\":\"de\",\"potentialAction\":[{\"@type\":\"ReadAction\",\"target\":[\"https:\/\/www.intarcon.com\/de\/produkt\/intarsanit-tpd\/\"]}]},{\"@type\":\"ImageObject\",\"inLanguage\":\"de\",\"@id\":\"https:\/\/www.intarcon.com\/de\/produkt\/intarsanit-tpd\/#primaryimage\",\"url\":\"https:\/\/www.intarcon.com\/wp-content\/uploads\/2019\/06\/esterilizacion-purificacion-aire.webp\",\"contentUrl\":\"https:\/\/www.intarcon.com\/wp-content\/uploads\/2019\/06\/esterilizacion-purificacion-aire.webp\",\"width\":600,\"height\":600,\"caption\":\"Equipo de esterilizaci\u00f3n y purificaci\u00f3n del aire en salas - INTARCON\"},{\"@type\":\"BreadcrumbList\",\"@id\":\"https:\/\/www.intarcon.com\/de\/produkt\/intarsanit-tpd\/#breadcrumb\",\"itemListElement\":[{\"@type\":\"ListItem\",\"position\":1,\"name\":\"Portada\",\"item\":\"https:\/\/www.intarcon.com\/de\/\"},{\"@type\":\"ListItem\",\"position\":2,\"name\":\"Producto\",\"item\":\"https:\/\/www.intarcon.com\/producto\/\"},{\"@type\":\"ListItem\",\"position\":3,\"name\":\"Andere Technologien\",\"item\":\"https:\/\/www.intarcon.com\/de\/technologie\/andere-technologien\/\"},{\"@type\":\"ListItem\",\"position\":4,\"name\":\"Luftreinigung und -aufbereitung\",\"item\":\"https:\/\/www.intarcon.com\/de\/technologie\/andere-technologien\/luftreinigung-und-aufbereitung\/\"},{\"@type\":\"ListItem\",\"position\":5,\"name\":\"intarSANIT-TPD\"}]},{\"@type\":\"WebSite\",\"@id\":\"https:\/\/www.intarcon.com\/de\/#website\",\"url\":\"https:\/\/www.intarcon.com\/de\/\",\"name\":\"INTARCON\",\"description\":\"\",\"potentialAction\":[{\"@type\":\"SearchAction\",\"target\":{\"@type\":\"EntryPoint\",\"urlTemplate\":\"https:\/\/www.intarcon.com\/de\/?s={search_term_string}\"},\"query-input\":{\"@type\":\"PropertyValueSpecification\",\"valueRequired\":true,\"valueName\":\"search_term_string\"}}],\"inLanguage\":\"de\"}]}<\/script>\n<!-- \/ Yoast SEO plugin. -->","yoast_head_json":{"title":"intarSANIT-TPD - INTARCON","description":"Lernen Sie unser intarSANIT TPD und seine wichtigsten Vorteile f\u00fcr die Sterilisation und Luftreinigung in Arbeitsr\u00e4umen kennen.","robots":{"index":"index","follow":"follow","max-snippet":"max-snippet:-1","max-image-preview":"max-image-preview:large","max-video-preview":"max-video-preview:-1"},"canonical":"https:\/\/www.intarcon.com\/de\/produkt\/intarsanit-tpd\/","og_locale":"de_DE","og_type":"article","og_title":"intarSANIT-TPD - INTARCON","og_description":"Lernen Sie unser intarSANIT TPD und seine wichtigsten Vorteile f\u00fcr die Sterilisation und Luftreinigung in Arbeitsr\u00e4umen kennen.","og_url":"https:\/\/www.intarcon.com\/de\/produkt\/intarsanit-tpd\/","og_site_name":"INTARCON","article_publisher":"https:\/\/www.facebook.com\/intarcon\/","article_modified_time":"2025-07-01T12:04:03+00:00","og_image":[{"width":600,"height":600,"url":"https:\/\/www.intarcon.com\/wp-content\/uploads\/2019\/06\/esterilizacion-purificacion-aire.webp","type":"image\/webp"}],"twitter_card":"summary_large_image","twitter_site":"@Intarcon","twitter_misc":{"Est. reading time":"1 minute"},"schema":{"@context":"https:\/\/schema.org","@graph":[{"@type":"WebPage","@id":"https:\/\/www.intarcon.com\/de\/produkt\/intarsanit-tpd\/","url":"https:\/\/www.intarcon.com\/de\/produkt\/intarsanit-tpd\/","name":"intarSANIT-TPD - INTARCON","isPartOf":{"@id":"https:\/\/www.intarcon.com\/de\/#website"},"primaryImageOfPage":{"@id":"https:\/\/www.intarcon.com\/de\/produkt\/intarsanit-tpd\/#primaryimage"},"image":{"@id":"https:\/\/www.intarcon.com\/de\/produkt\/intarsanit-tpd\/#primaryimage"},"thumbnailUrl":"https:\/\/www.intarcon.com\/wp-content\/uploads\/2019\/06\/esterilizacion-purificacion-aire.webp","datePublished":"2021-04-14T12:39:38+00:00","dateModified":"2025-07-01T12:04:03+00:00","description":"Lernen Sie unser intarSANIT TPD und seine wichtigsten Vorteile f\u00fcr die Sterilisation und Luftreinigung in Arbeitsr\u00e4umen kennen.","breadcrumb":{"@id":"https:\/\/www.intarcon.com\/de\/produkt\/intarsanit-tpd\/#breadcrumb"},"inLanguage":"de","potentialAction":[{"@type":"ReadAction","target":["https:\/\/www.intarcon.com\/de\/produkt\/intarsanit-tpd\/"]}]},{"@type":"ImageObject","inLanguage":"de","@id":"https:\/\/www.intarcon.com\/de\/produkt\/intarsanit-tpd\/#primaryimage","url":"https:\/\/www.intarcon.com\/wp-content\/uploads\/2019\/06\/esterilizacion-purificacion-aire.webp","contentUrl":"https:\/\/www.intarcon.com\/wp-content\/uploads\/2019\/06\/esterilizacion-purificacion-aire.webp","width":600,"height":600,"caption":"Equipo de esterilizaci\u00f3n y purificaci\u00f3n del aire en salas - INTARCON"},{"@type":"BreadcrumbList","@id":"https:\/\/www.intarcon.com\/de\/produkt\/intarsanit-tpd\/#breadcrumb","itemListElement":[{"@type":"ListItem","position":1,"name":"Portada","item":"https:\/\/www.intarcon.com\/de\/"},{"@type":"ListItem","position":2,"name":"Producto","item":"https:\/\/www.intarcon.com\/producto\/"},{"@type":"ListItem","position":3,"name":"Andere Technologien","item":"https:\/\/www.intarcon.com\/de\/technologie\/andere-technologien\/"},{"@type":"ListItem","position":4,"name":"Luftreinigung und -aufbereitung","item":"https:\/\/www.intarcon.com\/de\/technologie\/andere-technologien\/luftreinigung-und-aufbereitung\/"},{"@type":"ListItem","position":5,"name":"intarSANIT-TPD"}]},{"@type":"WebSite","@id":"https:\/\/www.intarcon.com\/de\/#website","url":"https:\/\/www.intarcon.com\/de\/","name":"INTARCON","description":"","potentialAction":[{"@type":"SearchAction","target":{"@type":"EntryPoint","urlTemplate":"https:\/\/www.intarcon.com\/de\/?s={search_term_string}"},"query-input":{"@type":"PropertyValueSpecification","valueRequired":true,"valueName":"search_term_string"}}],"inLanguage":"de"}]}},"_links":{"self":[{"href":"https:\/\/www.intarcon.com\/de\/wp-json\/wp\/v2\/product\/70918","targetHints":{"allow":["GET"]}}],"collection":[{"href":"https:\/\/www.intarcon.com\/de\/wp-json\/wp\/v2\/product"}],"about":[{"href":"https:\/\/www.intarcon.com\/de\/wp-json\/wp\/v2\/types\/product"}],"version-history":[{"count":0,"href":"https:\/\/www.intarcon.com\/de\/wp-json\/wp\/v2\/product\/70918\/revisions"}],"wp:featuredmedia":[{"embeddable":true,"href":"https:\/\/www.intarcon.com\/de\/wp-json\/wp\/v2\/media\/89398"}],"wp:attachment":[{"href":"https:\/\/www.intarcon.com\/de\/wp-json\/wp\/v2\/media?parent=70918"}],"wp:term":[{"taxonomy":"product_brand","embeddable":true,"href":"https:\/\/www.intarcon.com\/de\/wp-json\/wp\/v2\/product_brand?post=70918"},{"taxonomy":"product_cat","embeddable":true,"href":"https:\/\/www.intarcon.com\/de\/wp-json\/wp\/v2\/product_cat?post=70918"},{"taxonomy":"product_tag","embeddable":true,"href":"https:\/\/www.intarcon.com\/de\/wp-json\/wp\/v2\/product_tag?post=70918"}],"curies":[{"name":"wp","href":"https:\/\/api.w.org\/{rel}","templated":true}]}}