{"id":70879,"date":"2019-06-22T17:20:53","date_gmt":"2019-06-22T15:20:53","guid":{"rendered":"https:\/\/www.intarcon.com\/?post_type=product&#038;p=70879"},"modified":"2024-12-12T11:53:41","modified_gmt":"2024-12-12T10:53:41","slug":"sigilus-kondensator","status":"publish","type":"product","link":"https:\/\/www.intarcon.com\/de\/produkt\/sigilus-kondensator\/","title":{"rendered":"Sigilus"},"content":{"rendered":"<p>Sigilus Monoblock-Verfl\u00fcssiger f\u00fcr die Mittel- und Niedertemperaturk\u00fchlung in ger\u00e4uscharmer Ausf\u00fchrung mit hermetischem Kolbenverdichter oder Scrollverdichter und Schalld\u00e4mmung und langsam laufendem Axiall\u00fcfter.<\/p>\n<ul>\n<li>Design f\u00fcr tropische Gebiete mit einer hohen Umgebungstemperatur von bis zu 50 \u00baC.<\/li>\n<li>Multifunktions-Ausf\u00fchrung mit VRCSystem zur Leistungsregelung.<\/li>\n<li>Fl\u00fcssigkeitseinspritzung zur K\u00fchlung des Verdichters.<\/li>\n<\/ul>\n<p>&nbsp;<\/p>\n<p>&nbsp;<\/p>\n<p><img fetchpriority=\"high\" decoding=\"async\" class=\"size-full wp-image-55805 aligncenter\" src=\"https:\/\/www.intarcon.com\/wp-content\/uploads\/2019\/06\/en-2022-installation-sigilus-condensing.webp\" alt=\"Installation Sigilus condensing units\" width=\"311\" height=\"428\" \/><\/p>\n<p><strong>Ausf\u00fchrungen<\/strong><\/p>\n<ul>\n<li>Ausf\u00fchrung -N (elektromechanisch). Ohne elektronisches Steuerger\u00e4t: entwickelt f\u00fcr die Stopp-\/Betriebssteuerung bei Niederdruck (Druckabfall oder Pump down). Mit elektronischem Steuerger\u00e4t: umfasst das fortschrittliche elektronische Steuerger\u00e4t XM670K zur Regelung des Kondensators und Verdampfers, optional l\u00e4sst sich das Magnetventil integrieren.<\/li>\n<li>Ausf\u00fchrung V-Anordnung (Multifunktion). Das VRC-System zur Regelung der K\u00fchlleistung, mit welcher der K\u00e4ltemittelstrom an den Bedarf der Verdampfer angepasst werden kann, wobei der Druck in der Saugleitung konstant gehalten wird. Das VRC-System besteht aus einem Satz an Druck- und Temperaturventilen, die progressiv die K\u00fchlleistung eines Verdichters zwischen 100 % und 10 % der Nennleistung \u00e4ndern k\u00f6nnen, w\u00e4hrend die aufgenommene Leistung gesenkt wird.<\/li>\n<li>Ausf\u00fchrung -S (Scroll). Version mit Scoll-Kompressoren.<\/li>\n<\/ul>\n","protected":false},"excerpt":{"rendered":"<h2 style=\"color: #999999; font-size: 18px; margin-bottom: 0px;\">Ger\u00e4uscharme Verfl\u00fcssigungss\u00e4tze<\/h2>\n<p><span style=\"font-size: 18px; color: #999999;\">Monoblock-Kondensatoren zur K\u00fchlung bei mittlerer und niedriger Temperatur in ger\u00e4uscharmer Konstruktion. <\/span><style>.elementor-widget-button .elementor-button{background-color:var( --e-global-color-accent );}.elementor-67792 .elementor-element.elementor-element-138d4cb .elementor-button{background-color:#0085BB;font-family:\"Roboto\", Montserrat;font-size:1.1em;font-weight:600;text-decoration:none;fill:#FFFFFF;color:#FFFFFF;border-style:solid;border-width:2px 2px 2px 2px;border-color:#0085BB;border-radius:33px 33px 33px 33px;padding:14px 20px 14px 20px;}.elementor-67792 .elementor-element.elementor-element-138d4cb .elementor-button:hover, .elementor-67792 .elementor-element.elementor-element-138d4cb .elementor-button:focus{background-color:#FFFFFF;color:#0085BB;border-color:#0085BB;}.elementor-67792 .elementor-element.elementor-element-138d4cb > .elementor-widget-container{margin:2% 0% 1% 0%;}.elementor-67792 .elementor-element.elementor-element-138d4cb .elementor-button:hover svg, .elementor-67792 .elementor-element.elementor-element-138d4cb .elementor-button:focus svg{fill:#0085BB;}@media(max-width:767px){.elementor-67792 .elementor-element.elementor-element-138d4cb > .elementor-widget-container{margin:-20px 0px 50px 0px;}}<\/style><div class=\"porto-block\" data-id=\"67792\">\t\t<div data-elementor-type=\"wp-post\" data-elementor-id=\"67792\" class=\"elementor elementor-67792 elementor-29420\" data-elementor-post-type=\"porto_builder\">\n\t\t\t\t\t\t<section class=\"elementor-section elementor-top-section elementor-element elementor-element-4601687 elementor-section-boxed elementor-section-height-default elementor-section-height-default\" data-id=\"4601687\" data-element_type=\"section\">\r\n\t\t\r\n\t\t\t\t\t\t\t<div class=\"elementor-container elementor-column-gap-default\">\r\n\t\t\t\t\t\t\t\t\t\t\t<div class=\"elementor-column elementor-col-100 elementor-top-column elementor-element elementor-element-7f3a8ac\" data-id=\"7f3a8ac\" data-element_type=\"column\">\r\n\t\t\t\t\t<div class=\"elementor-widget-wrap elementor-element-populated\">\r\n\t\t\t\t\t\t\t\t<div class=\"elementor-element elementor-element-138d4cb elementor-align-left elementor-widget elementor-widget-button\" data-id=\"138d4cb\" data-element_type=\"widget\" data-widget_type=\"button.default\">\n\t\t\t\t<div class=\"elementor-widget-container\">\n\t\t\t\t\t\t\t\t\t<div class=\"elementor-button-wrapper\">\n\t\t\t\t\t<a class=\"elementor-button elementor-button-link elementor-size-md\" href=\"https:\/\/www.intarcon.com\/de\/technische-beratung\/\" id=\"cta-asesor\u00eda\">\n\t\t\t\t\t\t<span class=\"elementor-button-content-wrapper\">\n\t\t\t\t\t\t\t\t\t<span class=\"elementor-button-text\">Technische Beratung anfordern<\/span>\n\t\t\t\t\t<\/span>\n\t\t\t\t\t<\/a>\n\t\t\t\t<\/div>\n\t\t\t\t\t\t\t\t<\/div>\n\t\t\t\t<\/div>\n\t\t\t\t\t<\/div>\r\n\t\t\t\t<\/div>\r\n\t\t\t\t\t<\/div>\r\n\t\t\t\t<\/section>\r\n\t\t\t\t<\/div>\n\t\t<\/div><\/p>\n","protected":false},"featured_media":89332,"template":"","meta":[],"product_brand":[],"product_cat":[633],"product_tag":[],"class_list":{"0":"post-70879","1":"product","2":"type-product","3":"status-publish","4":"has-post-thumbnail","6":"product_cat-verflussigungssatze","8":"first","9":"instock","10":"shipping-taxable","11":"product-type-simple"},"yoast_head":"<!-- This site is optimized with the Yoast SEO plugin v25.5 - https:\/\/yoast.com\/wordpress\/plugins\/seo\/ -->\n<title>Sigilus Kondensator - INTARCON<\/title>\n<meta name=\"description\" content=\"Sigilus Monoblock-Verfl\u00fcssiger f\u00fcr die Mittel- und Niedertemperaturk\u00fchlung in ger\u00e4uscharmer Ausf\u00fchrung mit hermetischem Kolbenverdichter oder Scrollverdichter.\" \/>\n<meta name=\"robots\" content=\"index, follow, max-snippet:-1, max-image-preview:large, max-video-preview:-1\" \/>\n<link rel=\"canonical\" href=\"https:\/\/www.intarcon.com\/de\/produkt\/sigilus-kondensator\/\" \/>\n<meta property=\"og:locale\" content=\"de_DE\" \/>\n<meta property=\"og:type\" content=\"article\" \/>\n<meta property=\"og:title\" content=\"Sigilus Kondensator - INTARCON\" \/>\n<meta property=\"og:description\" content=\"Sigilus Monoblock-Verfl\u00fcssiger f\u00fcr die Mittel- und Niedertemperaturk\u00fchlung in ger\u00e4uscharmer Ausf\u00fchrung mit hermetischem Kolbenverdichter oder Scrollverdichter.\" \/>\n<meta property=\"og:url\" content=\"https:\/\/www.intarcon.com\/de\/produkt\/sigilus-kondensator\/\" \/>\n<meta property=\"og:site_name\" content=\"INTARCON\" \/>\n<meta property=\"article:publisher\" content=\"https:\/\/www.facebook.com\/intarcon\/\" \/>\n<meta property=\"article:modified_time\" content=\"2024-12-12T10:53:41+00:00\" \/>\n<meta property=\"og:image\" content=\"https:\/\/www.intarcon.com\/wp-content\/uploads\/2019\/06\/condensador-silencioso-hfc-sigilus.webp\" \/>\n\t<meta property=\"og:image:width\" content=\"600\" \/>\n\t<meta property=\"og:image:height\" content=\"600\" \/>\n\t<meta property=\"og:image:type\" content=\"image\/webp\" \/>\n<meta name=\"twitter:card\" content=\"summary_large_image\" \/>\n<meta name=\"twitter:site\" content=\"@Intarcon\" \/>\n<meta name=\"twitter:label1\" content=\"Est. reading time\" \/>\n\t<meta name=\"twitter:data1\" content=\"1 minute\" \/>\n<script type=\"application\/ld+json\" class=\"yoast-schema-graph\">{\"@context\":\"https:\/\/schema.org\",\"@graph\":[{\"@type\":\"WebPage\",\"@id\":\"https:\/\/www.intarcon.com\/de\/produkt\/sigilus-kondensator\/\",\"url\":\"https:\/\/www.intarcon.com\/de\/produkt\/sigilus-kondensator\/\",\"name\":\"Sigilus Kondensator - INTARCON\",\"isPartOf\":{\"@id\":\"https:\/\/www.intarcon.com\/de\/#website\"},\"primaryImageOfPage\":{\"@id\":\"https:\/\/www.intarcon.com\/de\/produkt\/sigilus-kondensator\/#primaryimage\"},\"image\":{\"@id\":\"https:\/\/www.intarcon.com\/de\/produkt\/sigilus-kondensator\/#primaryimage\"},\"thumbnailUrl\":\"https:\/\/www.intarcon.com\/wp-content\/uploads\/2019\/06\/condensador-silencioso-hfc-sigilus.webp\",\"datePublished\":\"2019-06-22T15:20:53+00:00\",\"dateModified\":\"2024-12-12T10:53:41+00:00\",\"description\":\"Sigilus Monoblock-Verfl\u00fcssiger f\u00fcr die Mittel- und Niedertemperaturk\u00fchlung in ger\u00e4uscharmer Ausf\u00fchrung mit hermetischem Kolbenverdichter oder Scrollverdichter.\",\"breadcrumb\":{\"@id\":\"https:\/\/www.intarcon.com\/de\/produkt\/sigilus-kondensator\/#breadcrumb\"},\"inLanguage\":\"de\",\"potentialAction\":[{\"@type\":\"ReadAction\",\"target\":[\"https:\/\/www.intarcon.com\/de\/produkt\/sigilus-kondensator\/\"]}]},{\"@type\":\"ImageObject\",\"inLanguage\":\"de\",\"@id\":\"https:\/\/www.intarcon.com\/de\/produkt\/sigilus-kondensator\/#primaryimage\",\"url\":\"https:\/\/www.intarcon.com\/wp-content\/uploads\/2019\/06\/condensador-silencioso-hfc-sigilus.webp\",\"contentUrl\":\"https:\/\/www.intarcon.com\/wp-content\/uploads\/2019\/06\/condensador-silencioso-hfc-sigilus.webp\",\"width\":600,\"height\":600,\"caption\":\"Condensador de refrigeraci\u00f3n silencioso HFC Sigilus - INTARCON\"},{\"@type\":\"BreadcrumbList\",\"@id\":\"https:\/\/www.intarcon.com\/de\/produkt\/sigilus-kondensator\/#breadcrumb\",\"itemListElement\":[{\"@type\":\"ListItem\",\"position\":1,\"name\":\"Portada\",\"item\":\"https:\/\/www.intarcon.com\/de\/\"},{\"@type\":\"ListItem\",\"position\":2,\"name\":\"Producto\",\"item\":\"https:\/\/www.intarcon.com\/producto\/\"},{\"@type\":\"ListItem\",\"position\":3,\"name\":\"HFC\",\"item\":\"https:\/\/www.intarcon.com\/de\/technologie\/hfc-kaltetechnik\/\"},{\"@type\":\"ListItem\",\"position\":4,\"name\":\"Verfl\u00fcssigungss\u00e4tze\",\"item\":\"https:\/\/www.intarcon.com\/de\/technologie\/hfc-kaltetechnik\/verflussigungssatze\/\"},{\"@type\":\"ListItem\",\"position\":5,\"name\":\"Sigilus\"}]},{\"@type\":\"WebSite\",\"@id\":\"https:\/\/www.intarcon.com\/de\/#website\",\"url\":\"https:\/\/www.intarcon.com\/de\/\",\"name\":\"INTARCON\",\"description\":\"\",\"potentialAction\":[{\"@type\":\"SearchAction\",\"target\":{\"@type\":\"EntryPoint\",\"urlTemplate\":\"https:\/\/www.intarcon.com\/de\/?s={search_term_string}\"},\"query-input\":{\"@type\":\"PropertyValueSpecification\",\"valueRequired\":true,\"valueName\":\"search_term_string\"}}],\"inLanguage\":\"de\"}]}<\/script>\n<!-- \/ Yoast SEO plugin. -->","yoast_head_json":{"title":"Sigilus Kondensator - INTARCON","description":"Sigilus Monoblock-Verfl\u00fcssiger f\u00fcr die Mittel- und Niedertemperaturk\u00fchlung in ger\u00e4uscharmer Ausf\u00fchrung mit hermetischem Kolbenverdichter oder Scrollverdichter.","robots":{"index":"index","follow":"follow","max-snippet":"max-snippet:-1","max-image-preview":"max-image-preview:large","max-video-preview":"max-video-preview:-1"},"canonical":"https:\/\/www.intarcon.com\/de\/produkt\/sigilus-kondensator\/","og_locale":"de_DE","og_type":"article","og_title":"Sigilus Kondensator - INTARCON","og_description":"Sigilus Monoblock-Verfl\u00fcssiger f\u00fcr die Mittel- und Niedertemperaturk\u00fchlung in ger\u00e4uscharmer Ausf\u00fchrung mit hermetischem Kolbenverdichter oder Scrollverdichter.","og_url":"https:\/\/www.intarcon.com\/de\/produkt\/sigilus-kondensator\/","og_site_name":"INTARCON","article_publisher":"https:\/\/www.facebook.com\/intarcon\/","article_modified_time":"2024-12-12T10:53:41+00:00","og_image":[{"width":600,"height":600,"url":"https:\/\/www.intarcon.com\/wp-content\/uploads\/2019\/06\/condensador-silencioso-hfc-sigilus.webp","type":"image\/webp"}],"twitter_card":"summary_large_image","twitter_site":"@Intarcon","twitter_misc":{"Est. reading time":"1 minute"},"schema":{"@context":"https:\/\/schema.org","@graph":[{"@type":"WebPage","@id":"https:\/\/www.intarcon.com\/de\/produkt\/sigilus-kondensator\/","url":"https:\/\/www.intarcon.com\/de\/produkt\/sigilus-kondensator\/","name":"Sigilus Kondensator - INTARCON","isPartOf":{"@id":"https:\/\/www.intarcon.com\/de\/#website"},"primaryImageOfPage":{"@id":"https:\/\/www.intarcon.com\/de\/produkt\/sigilus-kondensator\/#primaryimage"},"image":{"@id":"https:\/\/www.intarcon.com\/de\/produkt\/sigilus-kondensator\/#primaryimage"},"thumbnailUrl":"https:\/\/www.intarcon.com\/wp-content\/uploads\/2019\/06\/condensador-silencioso-hfc-sigilus.webp","datePublished":"2019-06-22T15:20:53+00:00","dateModified":"2024-12-12T10:53:41+00:00","description":"Sigilus Monoblock-Verfl\u00fcssiger f\u00fcr die Mittel- und Niedertemperaturk\u00fchlung in ger\u00e4uscharmer Ausf\u00fchrung mit hermetischem Kolbenverdichter oder Scrollverdichter.","breadcrumb":{"@id":"https:\/\/www.intarcon.com\/de\/produkt\/sigilus-kondensator\/#breadcrumb"},"inLanguage":"de","potentialAction":[{"@type":"ReadAction","target":["https:\/\/www.intarcon.com\/de\/produkt\/sigilus-kondensator\/"]}]},{"@type":"ImageObject","inLanguage":"de","@id":"https:\/\/www.intarcon.com\/de\/produkt\/sigilus-kondensator\/#primaryimage","url":"https:\/\/www.intarcon.com\/wp-content\/uploads\/2019\/06\/condensador-silencioso-hfc-sigilus.webp","contentUrl":"https:\/\/www.intarcon.com\/wp-content\/uploads\/2019\/06\/condensador-silencioso-hfc-sigilus.webp","width":600,"height":600,"caption":"Condensador de refrigeraci\u00f3n silencioso HFC Sigilus - INTARCON"},{"@type":"BreadcrumbList","@id":"https:\/\/www.intarcon.com\/de\/produkt\/sigilus-kondensator\/#breadcrumb","itemListElement":[{"@type":"ListItem","position":1,"name":"Portada","item":"https:\/\/www.intarcon.com\/de\/"},{"@type":"ListItem","position":2,"name":"Producto","item":"https:\/\/www.intarcon.com\/producto\/"},{"@type":"ListItem","position":3,"name":"HFC","item":"https:\/\/www.intarcon.com\/de\/technologie\/hfc-kaltetechnik\/"},{"@type":"ListItem","position":4,"name":"Verfl\u00fcssigungss\u00e4tze","item":"https:\/\/www.intarcon.com\/de\/technologie\/hfc-kaltetechnik\/verflussigungssatze\/"},{"@type":"ListItem","position":5,"name":"Sigilus"}]},{"@type":"WebSite","@id":"https:\/\/www.intarcon.com\/de\/#website","url":"https:\/\/www.intarcon.com\/de\/","name":"INTARCON","description":"","potentialAction":[{"@type":"SearchAction","target":{"@type":"EntryPoint","urlTemplate":"https:\/\/www.intarcon.com\/de\/?s={search_term_string}"},"query-input":{"@type":"PropertyValueSpecification","valueRequired":true,"valueName":"search_term_string"}}],"inLanguage":"de"}]}},"_links":{"self":[{"href":"https:\/\/www.intarcon.com\/de\/wp-json\/wp\/v2\/product\/70879","targetHints":{"allow":["GET"]}}],"collection":[{"href":"https:\/\/www.intarcon.com\/de\/wp-json\/wp\/v2\/product"}],"about":[{"href":"https:\/\/www.intarcon.com\/de\/wp-json\/wp\/v2\/types\/product"}],"version-history":[{"count":0,"href":"https:\/\/www.intarcon.com\/de\/wp-json\/wp\/v2\/product\/70879\/revisions"}],"wp:featuredmedia":[{"embeddable":true,"href":"https:\/\/www.intarcon.com\/de\/wp-json\/wp\/v2\/media\/89332"}],"wp:attachment":[{"href":"https:\/\/www.intarcon.com\/de\/wp-json\/wp\/v2\/media?parent=70879"}],"wp:term":[{"taxonomy":"product_brand","embeddable":true,"href":"https:\/\/www.intarcon.com\/de\/wp-json\/wp\/v2\/product_brand?post=70879"},{"taxonomy":"product_cat","embeddable":true,"href":"https:\/\/www.intarcon.com\/de\/wp-json\/wp\/v2\/product_cat?post=70879"},{"taxonomy":"product_tag","embeddable":true,"href":"https:\/\/www.intarcon.com\/de\/wp-json\/wp\/v2\/product_tag?post=70879"}],"curies":[{"name":"wp","href":"https:\/\/api.w.org\/{rel}","templated":true}]}}