{"id":70870,"date":"2019-06-29T12:53:52","date_gmt":"2019-06-29T10:53:52","guid":{"rendered":"https:\/\/www.intarcon.com\/?post_type=product&#038;p=70870"},"modified":"2024-04-24T12:22:23","modified_gmt":"2024-04-24T10:22:23","slug":"superblock","status":"publish","type":"product","link":"https:\/\/www.intarcon.com\/de\/produkt\/superblock\/","title":{"rendered":"Superblock"},"content":{"rendered":"<p>Monoblock-K\u00fchlanlagen f\u00fcr die industrielle K\u00fchlung, Struktur und Aufbau aus verzinktem Stahl mit w\u00e4rmeh\u00e4rtendem Polyester-Lack, entworfen f\u00fcr die Au\u00dfeninstallation an der K\u00fchlkammerWand, mit einfachem Zugang f\u00fcr Wartungsarbeiten \u00fcber die klappbaren Panele.<\/p>\n<ul>\n<li>Hohe Leistung, wenig Platzbedarf.<\/li>\n<li>Design f\u00fcr tropische Gebiete mit einer Umgebungstemperatur von 45 \u00baC.<\/li>\n<li>Werksseitig zu 100 % gepr\u00fcfte Ger\u00e4te.<\/li>\n<li>Hermetisch abgedichteter Scrollverdichter.<\/li>\n<\/ul>\n<p><strong>Reihe:<\/strong><\/p>\n<ul>\n<li>ACH &#8211; Hochtemperatur (5 \u00baC&#8230;20 \u00baC) Ger\u00e4te f\u00fcr Hochtemperatur-Konservierungskammern, Arbeitsr\u00e4ume, Vorkammern und gek\u00fchlte Verladerampen.<\/li>\n<li>MCH &#8211; Mitteltemperatur (-5 \u00baC&#8230;10 \u00baC) Ger\u00e4te f\u00fcr K\u00fchlr\u00e4ume f\u00fcr die Konservierung von generischen Produkten bei positiver Temperatur.<\/li>\n<li>BCH &#8211; Niedertemperatur (-30 \u00baC&#8230; -15 \u00baC) Ger\u00e4te, die f\u00fcr R\u00e4ume mit negativer Temperatur f\u00fcr die Konservierung von Tiefk\u00fchlprodukten ausgelegt sind.<\/li>\n<\/ul>\n<p>&nbsp;<\/p>\n<p>&nbsp;<\/p>\n","protected":false},"excerpt":{"rendered":"<h2 style=\"color: #999999; font-size: 18px; margin-bottom: 0px; line-height: 29px;\">Industrielle HFC-Monoblock-K\u00fchlanlagen<\/h2>\n<p><span style=\"font-size: 18px; color: #999999;\">Monoblock-K\u00fchlanlagen f\u00fcr die industrielle K\u00fchlung. <\/span><style>.elementor-widget-button .elementor-button{background-color:var( --e-global-color-accent );}.elementor-67792 .elementor-element.elementor-element-138d4cb .elementor-button{background-color:#0085BB;font-family:\"Roboto\", Montserrat;font-size:1.1em;font-weight:600;text-decoration:none;fill:#FFFFFF;color:#FFFFFF;border-style:solid;border-width:2px 2px 2px 2px;border-color:#0085BB;border-radius:33px 33px 33px 33px;padding:14px 20px 14px 20px;}.elementor-67792 .elementor-element.elementor-element-138d4cb .elementor-button:hover, .elementor-67792 .elementor-element.elementor-element-138d4cb .elementor-button:focus{background-color:#FFFFFF;color:#0085BB;border-color:#0085BB;}.elementor-67792 .elementor-element.elementor-element-138d4cb > .elementor-widget-container{margin:2% 0% 1% 0%;}.elementor-67792 .elementor-element.elementor-element-138d4cb .elementor-button:hover svg, .elementor-67792 .elementor-element.elementor-element-138d4cb .elementor-button:focus svg{fill:#0085BB;}@media(max-width:767px){.elementor-67792 .elementor-element.elementor-element-138d4cb > .elementor-widget-container{margin:-20px 0px 50px 0px;}}<\/style><div class=\"porto-block\" data-id=\"67792\">\t\t<div data-elementor-type=\"wp-post\" data-elementor-id=\"67792\" class=\"elementor elementor-67792 elementor-29420\" data-elementor-post-type=\"porto_builder\">\n\t\t\t\t\t\t<section class=\"elementor-section elementor-top-section elementor-element elementor-element-4601687 elementor-section-boxed elementor-section-height-default elementor-section-height-default\" data-id=\"4601687\" data-element_type=\"section\">\r\n\t\t\r\n\t\t\t\t\t\t\t<div class=\"elementor-container elementor-column-gap-default\">\r\n\t\t\t\t\t\t\t\t\t\t\t<div class=\"elementor-column elementor-col-100 elementor-top-column elementor-element elementor-element-7f3a8ac\" data-id=\"7f3a8ac\" data-element_type=\"column\">\r\n\t\t\t\t\t<div class=\"elementor-widget-wrap elementor-element-populated\">\r\n\t\t\t\t\t\t\t\t<div class=\"elementor-element elementor-element-138d4cb elementor-align-left elementor-widget elementor-widget-button\" data-id=\"138d4cb\" data-element_type=\"widget\" data-widget_type=\"button.default\">\n\t\t\t\t<div class=\"elementor-widget-container\">\n\t\t\t\t\t\t\t\t\t<div class=\"elementor-button-wrapper\">\n\t\t\t\t\t<a class=\"elementor-button elementor-button-link elementor-size-md\" href=\"https:\/\/www.intarcon.com\/de\/technische-beratung\/\" id=\"cta-asesor\u00eda\">\n\t\t\t\t\t\t<span class=\"elementor-button-content-wrapper\">\n\t\t\t\t\t\t\t\t\t<span class=\"elementor-button-text\">Technische Beratung anfordern<\/span>\n\t\t\t\t\t<\/span>\n\t\t\t\t\t<\/a>\n\t\t\t\t<\/div>\n\t\t\t\t\t\t\t\t<\/div>\n\t\t\t\t<\/div>\n\t\t\t\t\t<\/div>\r\n\t\t\t\t<\/div>\r\n\t\t\t\t\t<\/div>\r\n\t\t\t\t<\/section>\r\n\t\t\t\t<\/div>\n\t\t<\/div><\/p>\n","protected":false},"featured_media":89410,"template":"","meta":[],"product_brand":[],"product_cat":[602],"product_tag":[],"class_list":{"0":"post-70870","1":"product","2":"type-product","3":"status-publish","4":"has-post-thumbnail","6":"product_cat-r290","8":"first","9":"instock","10":"shipping-taxable","11":"product-type-simple"},"yoast_head":"<!-- This site is optimized with the Yoast SEO plugin v25.5 - https:\/\/yoast.com\/wordpress\/plugins\/seo\/ -->\n<title>Superblock - INTARCON<\/title>\n<meta name=\"description\" content=\"Unsere Superbl\u00f6cke sind Monoblock-K\u00fchlger\u00e4te f\u00fcr die industrielle K\u00fchlung, die f\u00fcr die Au\u00dfenaufstellung an der K\u00fchlraumwand konzipiert sind.\" \/>\n<meta name=\"robots\" content=\"index, follow, max-snippet:-1, max-image-preview:large, max-video-preview:-1\" \/>\n<link rel=\"canonical\" href=\"https:\/\/www.intarcon.com\/de\/produkt\/superblock\/\" \/>\n<meta property=\"og:locale\" content=\"de_DE\" \/>\n<meta property=\"og:type\" content=\"article\" \/>\n<meta property=\"og:title\" content=\"Superblock - INTARCON\" \/>\n<meta property=\"og:description\" content=\"Unsere Superbl\u00f6cke sind Monoblock-K\u00fchlger\u00e4te f\u00fcr die industrielle K\u00fchlung, die f\u00fcr die Au\u00dfenaufstellung an der K\u00fchlraumwand konzipiert sind.\" \/>\n<meta property=\"og:url\" content=\"https:\/\/www.intarcon.com\/de\/produkt\/superblock\/\" \/>\n<meta property=\"og:site_name\" content=\"INTARCON\" \/>\n<meta property=\"article:publisher\" content=\"https:\/\/www.facebook.com\/intarcon\/\" \/>\n<meta property=\"article:modified_time\" content=\"2024-04-24T10:22:23+00:00\" \/>\n<meta property=\"og:image\" content=\"https:\/\/www.intarcon.com\/wp-content\/uploads\/2019\/06\/equipo-compacto-industrial-hfc-superblock.webp\" \/>\n\t<meta property=\"og:image:width\" content=\"600\" \/>\n\t<meta property=\"og:image:height\" content=\"600\" \/>\n\t<meta property=\"og:image:type\" content=\"image\/webp\" \/>\n<meta name=\"twitter:card\" content=\"summary_large_image\" \/>\n<meta name=\"twitter:site\" content=\"@Intarcon\" \/>\n<meta name=\"twitter:label1\" content=\"Est. reading time\" \/>\n\t<meta name=\"twitter:data1\" content=\"1 minute\" \/>\n<script type=\"application\/ld+json\" class=\"yoast-schema-graph\">{\"@context\":\"https:\/\/schema.org\",\"@graph\":[{\"@type\":\"WebPage\",\"@id\":\"https:\/\/www.intarcon.com\/de\/produkt\/superblock\/\",\"url\":\"https:\/\/www.intarcon.com\/de\/produkt\/superblock\/\",\"name\":\"Superblock - INTARCON\",\"isPartOf\":{\"@id\":\"https:\/\/www.intarcon.com\/de\/#website\"},\"primaryImageOfPage\":{\"@id\":\"https:\/\/www.intarcon.com\/de\/produkt\/superblock\/#primaryimage\"},\"image\":{\"@id\":\"https:\/\/www.intarcon.com\/de\/produkt\/superblock\/#primaryimage\"},\"thumbnailUrl\":\"https:\/\/www.intarcon.com\/wp-content\/uploads\/2019\/06\/equipo-compacto-industrial-hfc-superblock.webp\",\"datePublished\":\"2019-06-29T10:53:52+00:00\",\"dateModified\":\"2024-04-24T10:22:23+00:00\",\"description\":\"Unsere Superbl\u00f6cke sind Monoblock-K\u00fchlger\u00e4te f\u00fcr die industrielle K\u00fchlung, die f\u00fcr die Au\u00dfenaufstellung an der K\u00fchlraumwand konzipiert sind.\",\"breadcrumb\":{\"@id\":\"https:\/\/www.intarcon.com\/de\/produkt\/superblock\/#breadcrumb\"},\"inLanguage\":\"de\",\"potentialAction\":[{\"@type\":\"ReadAction\",\"target\":[\"https:\/\/www.intarcon.com\/de\/produkt\/superblock\/\"]}]},{\"@type\":\"ImageObject\",\"inLanguage\":\"de\",\"@id\":\"https:\/\/www.intarcon.com\/de\/produkt\/superblock\/#primaryimage\",\"url\":\"https:\/\/www.intarcon.com\/wp-content\/uploads\/2019\/06\/equipo-compacto-industrial-hfc-superblock.webp\",\"contentUrl\":\"https:\/\/www.intarcon.com\/wp-content\/uploads\/2019\/06\/equipo-compacto-industrial-hfc-superblock.webp\",\"width\":600,\"height\":600,\"caption\":\"Equipo compacto de refrigeraci\u00f3n industrial HFC superblock - INTARCON\"},{\"@type\":\"BreadcrumbList\",\"@id\":\"https:\/\/www.intarcon.com\/de\/produkt\/superblock\/#breadcrumb\",\"itemListElement\":[{\"@type\":\"ListItem\",\"position\":1,\"name\":\"Portada\",\"item\":\"https:\/\/www.intarcon.com\/de\/\"},{\"@type\":\"ListItem\",\"position\":2,\"name\":\"Producto\",\"item\":\"https:\/\/www.intarcon.com\/producto\/\"},{\"@type\":\"ListItem\",\"position\":3,\"name\":\"HFC\",\"item\":\"https:\/\/www.intarcon.com\/de\/technologie\/hfc-kaltetechnik\/\"},{\"@type\":\"ListItem\",\"position\":4,\"name\":\"Superblock\"}]},{\"@type\":\"WebSite\",\"@id\":\"https:\/\/www.intarcon.com\/de\/#website\",\"url\":\"https:\/\/www.intarcon.com\/de\/\",\"name\":\"INTARCON\",\"description\":\"\",\"potentialAction\":[{\"@type\":\"SearchAction\",\"target\":{\"@type\":\"EntryPoint\",\"urlTemplate\":\"https:\/\/www.intarcon.com\/de\/?s={search_term_string}\"},\"query-input\":{\"@type\":\"PropertyValueSpecification\",\"valueRequired\":true,\"valueName\":\"search_term_string\"}}],\"inLanguage\":\"de\"}]}<\/script>\n<!-- \/ Yoast SEO plugin. -->","yoast_head_json":{"title":"Superblock - INTARCON","description":"Unsere Superbl\u00f6cke sind Monoblock-K\u00fchlger\u00e4te f\u00fcr die industrielle K\u00fchlung, die f\u00fcr die Au\u00dfenaufstellung an der K\u00fchlraumwand konzipiert sind.","robots":{"index":"index","follow":"follow","max-snippet":"max-snippet:-1","max-image-preview":"max-image-preview:large","max-video-preview":"max-video-preview:-1"},"canonical":"https:\/\/www.intarcon.com\/de\/produkt\/superblock\/","og_locale":"de_DE","og_type":"article","og_title":"Superblock - INTARCON","og_description":"Unsere Superbl\u00f6cke sind Monoblock-K\u00fchlger\u00e4te f\u00fcr die industrielle K\u00fchlung, die f\u00fcr die Au\u00dfenaufstellung an der K\u00fchlraumwand konzipiert sind.","og_url":"https:\/\/www.intarcon.com\/de\/produkt\/superblock\/","og_site_name":"INTARCON","article_publisher":"https:\/\/www.facebook.com\/intarcon\/","article_modified_time":"2024-04-24T10:22:23+00:00","og_image":[{"width":600,"height":600,"url":"https:\/\/www.intarcon.com\/wp-content\/uploads\/2019\/06\/equipo-compacto-industrial-hfc-superblock.webp","type":"image\/webp"}],"twitter_card":"summary_large_image","twitter_site":"@Intarcon","twitter_misc":{"Est. reading time":"1 minute"},"schema":{"@context":"https:\/\/schema.org","@graph":[{"@type":"WebPage","@id":"https:\/\/www.intarcon.com\/de\/produkt\/superblock\/","url":"https:\/\/www.intarcon.com\/de\/produkt\/superblock\/","name":"Superblock - INTARCON","isPartOf":{"@id":"https:\/\/www.intarcon.com\/de\/#website"},"primaryImageOfPage":{"@id":"https:\/\/www.intarcon.com\/de\/produkt\/superblock\/#primaryimage"},"image":{"@id":"https:\/\/www.intarcon.com\/de\/produkt\/superblock\/#primaryimage"},"thumbnailUrl":"https:\/\/www.intarcon.com\/wp-content\/uploads\/2019\/06\/equipo-compacto-industrial-hfc-superblock.webp","datePublished":"2019-06-29T10:53:52+00:00","dateModified":"2024-04-24T10:22:23+00:00","description":"Unsere Superbl\u00f6cke sind Monoblock-K\u00fchlger\u00e4te f\u00fcr die industrielle K\u00fchlung, die f\u00fcr die Au\u00dfenaufstellung an der K\u00fchlraumwand konzipiert sind.","breadcrumb":{"@id":"https:\/\/www.intarcon.com\/de\/produkt\/superblock\/#breadcrumb"},"inLanguage":"de","potentialAction":[{"@type":"ReadAction","target":["https:\/\/www.intarcon.com\/de\/produkt\/superblock\/"]}]},{"@type":"ImageObject","inLanguage":"de","@id":"https:\/\/www.intarcon.com\/de\/produkt\/superblock\/#primaryimage","url":"https:\/\/www.intarcon.com\/wp-content\/uploads\/2019\/06\/equipo-compacto-industrial-hfc-superblock.webp","contentUrl":"https:\/\/www.intarcon.com\/wp-content\/uploads\/2019\/06\/equipo-compacto-industrial-hfc-superblock.webp","width":600,"height":600,"caption":"Equipo compacto de refrigeraci\u00f3n industrial HFC superblock - INTARCON"},{"@type":"BreadcrumbList","@id":"https:\/\/www.intarcon.com\/de\/produkt\/superblock\/#breadcrumb","itemListElement":[{"@type":"ListItem","position":1,"name":"Portada","item":"https:\/\/www.intarcon.com\/de\/"},{"@type":"ListItem","position":2,"name":"Producto","item":"https:\/\/www.intarcon.com\/producto\/"},{"@type":"ListItem","position":3,"name":"HFC","item":"https:\/\/www.intarcon.com\/de\/technologie\/hfc-kaltetechnik\/"},{"@type":"ListItem","position":4,"name":"Superblock"}]},{"@type":"WebSite","@id":"https:\/\/www.intarcon.com\/de\/#website","url":"https:\/\/www.intarcon.com\/de\/","name":"INTARCON","description":"","potentialAction":[{"@type":"SearchAction","target":{"@type":"EntryPoint","urlTemplate":"https:\/\/www.intarcon.com\/de\/?s={search_term_string}"},"query-input":{"@type":"PropertyValueSpecification","valueRequired":true,"valueName":"search_term_string"}}],"inLanguage":"de"}]}},"_links":{"self":[{"href":"https:\/\/www.intarcon.com\/de\/wp-json\/wp\/v2\/product\/70870","targetHints":{"allow":["GET"]}}],"collection":[{"href":"https:\/\/www.intarcon.com\/de\/wp-json\/wp\/v2\/product"}],"about":[{"href":"https:\/\/www.intarcon.com\/de\/wp-json\/wp\/v2\/types\/product"}],"version-history":[{"count":0,"href":"https:\/\/www.intarcon.com\/de\/wp-json\/wp\/v2\/product\/70870\/revisions"}],"wp:featuredmedia":[{"embeddable":true,"href":"https:\/\/www.intarcon.com\/de\/wp-json\/wp\/v2\/media\/89410"}],"wp:attachment":[{"href":"https:\/\/www.intarcon.com\/de\/wp-json\/wp\/v2\/media?parent=70870"}],"wp:term":[{"taxonomy":"product_brand","embeddable":true,"href":"https:\/\/www.intarcon.com\/de\/wp-json\/wp\/v2\/product_brand?post=70870"},{"taxonomy":"product_cat","embeddable":true,"href":"https:\/\/www.intarcon.com\/de\/wp-json\/wp\/v2\/product_cat?post=70870"},{"taxonomy":"product_tag","embeddable":true,"href":"https:\/\/www.intarcon.com\/de\/wp-json\/wp\/v2\/product_tag?post=70870"}],"curies":[{"name":"wp","href":"https:\/\/api.w.org\/{rel}","templated":true}]}}