{"id":70866,"date":"2019-06-23T08:34:02","date_gmt":"2019-06-23T06:34:02","guid":{"rendered":"https:\/\/www.intarcon.com\/?post_type=product&#038;p=70866"},"modified":"2024-12-12T11:57:37","modified_gmt":"2024-12-12T10:57:37","slug":"sigilus-hfc","status":"publish","type":"product","link":"https:\/\/www.intarcon.com\/de\/produkt\/sigilus-hfc\/","title":{"rendered":"Sigilus"},"content":{"rendered":"<p>Split-Ger\u00e4te f\u00fcr K\u00fchlr\u00e4ume kleiner und mittlerer Gr\u00f6\u00dfe, bestehend aus einer ger\u00e4uscharmen Kondensator und einem Verdampfer mit niedrigem Profil, Doppelstr\u00f6mung oder W\u00fcrfelform.<\/p>\n<ul>\n<li><strong>MSF-N.<\/strong><\/li>\n<li><strong>BSF-N.<\/strong><\/li>\n<li><strong>MSF-Q.<\/strong><\/li>\n<li><strong>BSF-Q.<\/strong><\/li>\n<\/ul>\n<p>&nbsp;<\/p>\n<p><img fetchpriority=\"high\" decoding=\"async\" class=\"wp-image-55158 size-full aligncenter\" src=\"https:\/\/www.intarcon.com\/wp-content\/uploads\/2019\/06\/en-2022-installation-sigilus-1.webp\" alt=\"Installation sigilus INTARCON\" width=\"373\" height=\"290\" srcset=\"https:\/\/www.intarcon.com\/wp-content\/uploads\/2019\/06\/en-2022-installation-sigilus-1.webp 373w, https:\/\/www.intarcon.com\/wp-content\/uploads\/2019\/06\/en-2022-installation-sigilus-1-367x285.webp 367w\" sizes=\"(max-width: 373px) 100vw, 373px\" \/><\/p>\n<p><img decoding=\"async\" class=\"aligncenter\" src=\"https:\/\/www.intarcon.com\/wp-content\/uploads\/2014\/01\/DSC03150.jpg\" width=\"319\" height=\"239\" \/><\/p>\n","protected":false},"excerpt":{"rendered":"<h2 style=\"color: #999999; font-size: 18px; margin-bottom: 0px; line-height: 29px;\">Ger\u00e4uscharme Split-Ger\u00e4te<\/h2>\n<p><span style=\"font-size: 18px; color: #999999;\">Split-Ger\u00e4te f\u00fcr K\u00fchlr\u00e4ume kleiner und mittlerer Gr\u00f6\u00dfe, bestehend aus einer ger\u00e4uscharmen Kondensator und einem Verdampfer mit niedrigem Profil, Doppelstr\u00f6mung oder W\u00fcrfelform.<\/span>\u00a0<style>.elementor-widget-button .elementor-button{background-color:var( --e-global-color-accent );}.elementor-67792 .elementor-element.elementor-element-138d4cb .elementor-button{background-color:#0085BB;font-family:\"Roboto\", Montserrat;font-size:1.1em;font-weight:600;text-decoration:none;fill:#FFFFFF;color:#FFFFFF;border-style:solid;border-width:2px 2px 2px 2px;border-color:#0085BB;border-radius:33px 33px 33px 33px;padding:14px 20px 14px 20px;}.elementor-67792 .elementor-element.elementor-element-138d4cb .elementor-button:hover, .elementor-67792 .elementor-element.elementor-element-138d4cb .elementor-button:focus{background-color:#FFFFFF;color:#0085BB;border-color:#0085BB;}.elementor-67792 .elementor-element.elementor-element-138d4cb > .elementor-widget-container{margin:2% 0% 1% 0%;}.elementor-67792 .elementor-element.elementor-element-138d4cb .elementor-button:hover svg, .elementor-67792 .elementor-element.elementor-element-138d4cb .elementor-button:focus svg{fill:#0085BB;}@media(max-width:767px){.elementor-67792 .elementor-element.elementor-element-138d4cb > .elementor-widget-container{margin:-20px 0px 50px 0px;}}<\/style><div class=\"porto-block\" data-id=\"67792\">\t\t<div data-elementor-type=\"wp-post\" data-elementor-id=\"67792\" class=\"elementor elementor-67792 elementor-29420\" data-elementor-post-type=\"porto_builder\">\n\t\t\t\t\t\t<section class=\"elementor-section elementor-top-section elementor-element elementor-element-4601687 elementor-section-boxed elementor-section-height-default elementor-section-height-default\" data-id=\"4601687\" data-element_type=\"section\">\r\n\t\t\r\n\t\t\t\t\t\t\t<div class=\"elementor-container elementor-column-gap-default\">\r\n\t\t\t\t\t\t\t\t\t\t\t<div class=\"elementor-column elementor-col-100 elementor-top-column elementor-element elementor-element-7f3a8ac\" data-id=\"7f3a8ac\" data-element_type=\"column\">\r\n\t\t\t\t\t<div class=\"elementor-widget-wrap elementor-element-populated\">\r\n\t\t\t\t\t\t\t\t<div class=\"elementor-element elementor-element-138d4cb elementor-align-left elementor-widget elementor-widget-button\" data-id=\"138d4cb\" data-element_type=\"widget\" data-widget_type=\"button.default\">\n\t\t\t\t<div class=\"elementor-widget-container\">\n\t\t\t\t\t\t\t\t\t<div class=\"elementor-button-wrapper\">\n\t\t\t\t\t<a class=\"elementor-button elementor-button-link elementor-size-md\" href=\"https:\/\/www.intarcon.com\/de\/technische-beratung\/\" id=\"cta-asesor\u00eda\">\n\t\t\t\t\t\t<span class=\"elementor-button-content-wrapper\">\n\t\t\t\t\t\t\t\t\t<span class=\"elementor-button-text\">Technische Beratung anfordern<\/span>\n\t\t\t\t\t<\/span>\n\t\t\t\t\t<\/a>\n\t\t\t\t<\/div>\n\t\t\t\t\t\t\t\t<\/div>\n\t\t\t\t<\/div>\n\t\t\t\t\t<\/div>\r\n\t\t\t\t<\/div>\r\n\t\t\t\t\t<\/div>\r\n\t\t\t\t<\/section>\r\n\t\t\t\t<\/div>\n\t\t<\/div><\/p>\n","protected":false},"featured_media":89314,"template":"","meta":[],"product_brand":[],"product_cat":[632],"product_tag":[],"class_list":{"0":"post-70866","1":"product","2":"type-product","3":"status-publish","4":"has-post-thumbnail","6":"product_cat-gewerbliche-split","8":"first","9":"instock","10":"shipping-taxable","11":"product-type-simple"},"yoast_head":"<!-- This site is optimized with the Yoast SEO plugin v25.5 - https:\/\/yoast.com\/wordpress\/plugins\/seo\/ -->\n<title>Sigilus Motorkondensator - INTARCON<\/title>\n<meta name=\"robots\" content=\"index, follow, max-snippet:-1, max-image-preview:large, max-video-preview:-1\" \/>\n<link rel=\"canonical\" href=\"https:\/\/www.intarcon.com\/de\/produkt\/sigilus-hfc\/\" \/>\n<meta property=\"og:locale\" content=\"de_DE\" \/>\n<meta property=\"og:type\" content=\"article\" \/>\n<meta property=\"og:title\" content=\"Sigilus Motorkondensator - INTARCON\" \/>\n<meta property=\"og:description\" content=\"Ger\u00e4uscharme Split-Ger\u00e4te Split-Ger\u00e4te f\u00fcr K\u00fchlr\u00e4ume kleiner und mittlerer Gr\u00f6\u00dfe, bestehend aus einer ger\u00e4uscharmen Kondensator und einem Verdampfer mit niedrigem Profil, Doppelstr\u00f6mung oder W\u00fcrfelform.\u00a0\" \/>\n<meta property=\"og:url\" content=\"https:\/\/www.intarcon.com\/de\/produkt\/sigilus-hfc\/\" \/>\n<meta property=\"og:site_name\" content=\"INTARCON\" \/>\n<meta property=\"article:publisher\" content=\"https:\/\/www.facebook.com\/intarcon\/\" \/>\n<meta property=\"article:modified_time\" content=\"2024-12-12T10:57:37+00:00\" \/>\n<meta property=\"og:image\" content=\"https:\/\/www.intarcon.com\/wp-content\/uploads\/2019\/06\/equipo-semicompacto-silencioso-sigilus.webp\" \/>\n\t<meta property=\"og:image:width\" content=\"600\" \/>\n\t<meta property=\"og:image:height\" content=\"600\" \/>\n\t<meta property=\"og:image:type\" content=\"image\/webp\" \/>\n<meta name=\"twitter:card\" content=\"summary_large_image\" \/>\n<meta name=\"twitter:site\" content=\"@Intarcon\" \/>\n<script type=\"application\/ld+json\" class=\"yoast-schema-graph\">{\"@context\":\"https:\/\/schema.org\",\"@graph\":[{\"@type\":\"WebPage\",\"@id\":\"https:\/\/www.intarcon.com\/de\/produkt\/sigilus-hfc\/\",\"url\":\"https:\/\/www.intarcon.com\/de\/produkt\/sigilus-hfc\/\",\"name\":\"Sigilus Motorkondensator - INTARCON\",\"isPartOf\":{\"@id\":\"https:\/\/www.intarcon.com\/de\/#website\"},\"primaryImageOfPage\":{\"@id\":\"https:\/\/www.intarcon.com\/de\/produkt\/sigilus-hfc\/#primaryimage\"},\"image\":{\"@id\":\"https:\/\/www.intarcon.com\/de\/produkt\/sigilus-hfc\/#primaryimage\"},\"thumbnailUrl\":\"https:\/\/www.intarcon.com\/wp-content\/uploads\/2019\/06\/equipo-semicompacto-silencioso-sigilus.webp\",\"datePublished\":\"2019-06-23T06:34:02+00:00\",\"dateModified\":\"2024-12-12T10:57:37+00:00\",\"breadcrumb\":{\"@id\":\"https:\/\/www.intarcon.com\/de\/produkt\/sigilus-hfc\/#breadcrumb\"},\"inLanguage\":\"de\",\"potentialAction\":[{\"@type\":\"ReadAction\",\"target\":[\"https:\/\/www.intarcon.com\/de\/produkt\/sigilus-hfc\/\"]}]},{\"@type\":\"ImageObject\",\"inLanguage\":\"de\",\"@id\":\"https:\/\/www.intarcon.com\/de\/produkt\/sigilus-hfc\/#primaryimage\",\"url\":\"https:\/\/www.intarcon.com\/wp-content\/uploads\/2019\/06\/equipo-semicompacto-silencioso-sigilus.webp\",\"contentUrl\":\"https:\/\/www.intarcon.com\/wp-content\/uploads\/2019\/06\/equipo-semicompacto-silencioso-sigilus.webp\",\"width\":600,\"height\":600,\"caption\":\"Equipo semicompacto de refrigeraci\u00f3n silencioso Sigilus - INTARCON\"},{\"@type\":\"BreadcrumbList\",\"@id\":\"https:\/\/www.intarcon.com\/de\/produkt\/sigilus-hfc\/#breadcrumb\",\"itemListElement\":[{\"@type\":\"ListItem\",\"position\":1,\"name\":\"Portada\",\"item\":\"https:\/\/www.intarcon.com\/de\/\"},{\"@type\":\"ListItem\",\"position\":2,\"name\":\"Producto\",\"item\":\"https:\/\/www.intarcon.com\/producto\/\"},{\"@type\":\"ListItem\",\"position\":3,\"name\":\"HFC\",\"item\":\"https:\/\/www.intarcon.com\/de\/technologie\/hfc-kaltetechnik\/\"},{\"@type\":\"ListItem\",\"position\":4,\"name\":\"Gewerbliche Split\",\"item\":\"https:\/\/www.intarcon.com\/de\/technologie\/hfc-kaltetechnik\/gewerbliche-split\/\"},{\"@type\":\"ListItem\",\"position\":5,\"name\":\"Sigilus\"}]},{\"@type\":\"WebSite\",\"@id\":\"https:\/\/www.intarcon.com\/de\/#website\",\"url\":\"https:\/\/www.intarcon.com\/de\/\",\"name\":\"INTARCON\",\"description\":\"\",\"potentialAction\":[{\"@type\":\"SearchAction\",\"target\":{\"@type\":\"EntryPoint\",\"urlTemplate\":\"https:\/\/www.intarcon.com\/de\/?s={search_term_string}\"},\"query-input\":{\"@type\":\"PropertyValueSpecification\",\"valueRequired\":true,\"valueName\":\"search_term_string\"}}],\"inLanguage\":\"de\"}]}<\/script>\n<!-- \/ Yoast SEO plugin. -->","yoast_head_json":{"title":"Sigilus Motorkondensator - INTARCON","robots":{"index":"index","follow":"follow","max-snippet":"max-snippet:-1","max-image-preview":"max-image-preview:large","max-video-preview":"max-video-preview:-1"},"canonical":"https:\/\/www.intarcon.com\/de\/produkt\/sigilus-hfc\/","og_locale":"de_DE","og_type":"article","og_title":"Sigilus Motorkondensator - INTARCON","og_description":"Ger\u00e4uscharme Split-Ger\u00e4te Split-Ger\u00e4te f\u00fcr K\u00fchlr\u00e4ume kleiner und mittlerer Gr\u00f6\u00dfe, bestehend aus einer ger\u00e4uscharmen Kondensator und einem Verdampfer mit niedrigem Profil, Doppelstr\u00f6mung oder W\u00fcrfelform.\u00a0","og_url":"https:\/\/www.intarcon.com\/de\/produkt\/sigilus-hfc\/","og_site_name":"INTARCON","article_publisher":"https:\/\/www.facebook.com\/intarcon\/","article_modified_time":"2024-12-12T10:57:37+00:00","og_image":[{"width":600,"height":600,"url":"https:\/\/www.intarcon.com\/wp-content\/uploads\/2019\/06\/equipo-semicompacto-silencioso-sigilus.webp","type":"image\/webp"}],"twitter_card":"summary_large_image","twitter_site":"@Intarcon","schema":{"@context":"https:\/\/schema.org","@graph":[{"@type":"WebPage","@id":"https:\/\/www.intarcon.com\/de\/produkt\/sigilus-hfc\/","url":"https:\/\/www.intarcon.com\/de\/produkt\/sigilus-hfc\/","name":"Sigilus Motorkondensator - INTARCON","isPartOf":{"@id":"https:\/\/www.intarcon.com\/de\/#website"},"primaryImageOfPage":{"@id":"https:\/\/www.intarcon.com\/de\/produkt\/sigilus-hfc\/#primaryimage"},"image":{"@id":"https:\/\/www.intarcon.com\/de\/produkt\/sigilus-hfc\/#primaryimage"},"thumbnailUrl":"https:\/\/www.intarcon.com\/wp-content\/uploads\/2019\/06\/equipo-semicompacto-silencioso-sigilus.webp","datePublished":"2019-06-23T06:34:02+00:00","dateModified":"2024-12-12T10:57:37+00:00","breadcrumb":{"@id":"https:\/\/www.intarcon.com\/de\/produkt\/sigilus-hfc\/#breadcrumb"},"inLanguage":"de","potentialAction":[{"@type":"ReadAction","target":["https:\/\/www.intarcon.com\/de\/produkt\/sigilus-hfc\/"]}]},{"@type":"ImageObject","inLanguage":"de","@id":"https:\/\/www.intarcon.com\/de\/produkt\/sigilus-hfc\/#primaryimage","url":"https:\/\/www.intarcon.com\/wp-content\/uploads\/2019\/06\/equipo-semicompacto-silencioso-sigilus.webp","contentUrl":"https:\/\/www.intarcon.com\/wp-content\/uploads\/2019\/06\/equipo-semicompacto-silencioso-sigilus.webp","width":600,"height":600,"caption":"Equipo semicompacto de refrigeraci\u00f3n silencioso Sigilus - INTARCON"},{"@type":"BreadcrumbList","@id":"https:\/\/www.intarcon.com\/de\/produkt\/sigilus-hfc\/#breadcrumb","itemListElement":[{"@type":"ListItem","position":1,"name":"Portada","item":"https:\/\/www.intarcon.com\/de\/"},{"@type":"ListItem","position":2,"name":"Producto","item":"https:\/\/www.intarcon.com\/producto\/"},{"@type":"ListItem","position":3,"name":"HFC","item":"https:\/\/www.intarcon.com\/de\/technologie\/hfc-kaltetechnik\/"},{"@type":"ListItem","position":4,"name":"Gewerbliche Split","item":"https:\/\/www.intarcon.com\/de\/technologie\/hfc-kaltetechnik\/gewerbliche-split\/"},{"@type":"ListItem","position":5,"name":"Sigilus"}]},{"@type":"WebSite","@id":"https:\/\/www.intarcon.com\/de\/#website","url":"https:\/\/www.intarcon.com\/de\/","name":"INTARCON","description":"","potentialAction":[{"@type":"SearchAction","target":{"@type":"EntryPoint","urlTemplate":"https:\/\/www.intarcon.com\/de\/?s={search_term_string}"},"query-input":{"@type":"PropertyValueSpecification","valueRequired":true,"valueName":"search_term_string"}}],"inLanguage":"de"}]}},"_links":{"self":[{"href":"https:\/\/www.intarcon.com\/de\/wp-json\/wp\/v2\/product\/70866","targetHints":{"allow":["GET"]}}],"collection":[{"href":"https:\/\/www.intarcon.com\/de\/wp-json\/wp\/v2\/product"}],"about":[{"href":"https:\/\/www.intarcon.com\/de\/wp-json\/wp\/v2\/types\/product"}],"version-history":[{"count":0,"href":"https:\/\/www.intarcon.com\/de\/wp-json\/wp\/v2\/product\/70866\/revisions"}],"wp:featuredmedia":[{"embeddable":true,"href":"https:\/\/www.intarcon.com\/de\/wp-json\/wp\/v2\/media\/89314"}],"wp:attachment":[{"href":"https:\/\/www.intarcon.com\/de\/wp-json\/wp\/v2\/media?parent=70866"}],"wp:term":[{"taxonomy":"product_brand","embeddable":true,"href":"https:\/\/www.intarcon.com\/de\/wp-json\/wp\/v2\/product_brand?post=70866"},{"taxonomy":"product_cat","embeddable":true,"href":"https:\/\/www.intarcon.com\/de\/wp-json\/wp\/v2\/product_cat?post=70866"},{"taxonomy":"product_tag","embeddable":true,"href":"https:\/\/www.intarcon.com\/de\/wp-json\/wp\/v2\/product_tag?post=70866"}],"curies":[{"name":"wp","href":"https:\/\/api.w.org\/{rel}","templated":true}]}}