{"id":70858,"date":"2019-06-23T08:42:18","date_gmt":"2019-06-23T06:42:18","guid":{"rendered":"https:\/\/www.intarcon.com\/?post_type=product&#038;p=70858"},"modified":"2024-04-24T12:52:51","modified_gmt":"2024-04-24T10:52:51","slug":"hoher-feuchtigkeit","status":"publish","type":"product","link":"https:\/\/www.intarcon.com\/de\/produkt\/hoher-feuchtigkeit\/","title":{"rendered":"hoher Feuchtigkeit"},"content":{"rendered":"<p>Unsere hoher Feuchtigkeit bestehen aus einem ger\u00e4uscharmen oder radialen Verfl\u00fcssiger und einem an der Decke montierten Verdampfer mit doppeltem Luftstrom in einer einzigen Gr\u00f6\u00dfe f\u00fcr Anwendungen mit hoher relativer Luftfeuchtigkeit.<\/p>\n<ul>\n<li>HSF-D: Ger\u00e4te mit einem ger\u00e4uscharmen Kondensator und einem Verdampfer mit doppelter Str\u00f6mung bei hoher relativer Luftfeuchtigkeit.<\/li>\n<li>HSH-CD: Ger\u00e4te mit einem Radial-Kondensator mit Direktantrieb und einem Verdampfer mit doppelter Str\u00f6mung bei hoher relativer Luftfeuchtigkeit.<\/li>\n<\/ul>\n<p><strong>Lagerung bei kontrollierter relativer Luftfeuchtigkeit<\/strong><\/p>\n<p>Die Lagerung bestimmter Erzeugnisse wie Obst, Gem\u00fcse oder Schnittblumen erfordert die Kontrolle der relativen Luftfeuchtigkeit im Raum innerhalb eines bestimmten Bereichs.<br \/>\nDiese Anlagen f\u00fcr eine hohe relative Luftfeuchtigkeit eignen sich f\u00fcr die Lagerr\u00e4ume von Gartenbauerzeugnissen.<br \/>\nDie Verdampfer verf\u00fcgen \u00fcber doppelte Zuluft durch \u00fcberdimensionierte Rohrb\u00fcndel f\u00fcr den Erhalt einer hohen relativen Luftfeuchtigkeit im Raum um die 95 % unter Vermeidung eines Feuchtigkeitsverlusts und eines damit einhergehenden Gewichtsverlusts der Erzeugnisse.<\/p>\n<p><strong>Elektronische Temperatur- und Feuchtigkeitsregelung<\/strong><\/p>\n<p>Die Ger\u00e4te beinhalten eine fortschrittliche elektronische Steuerung zur Kontrolle von Temperatur und Feuchtigkeit im Raum.<\/p>\n<ul>\n<li>Digitale Multifunktions-Fernbedienung mit Anzeige von Temperatur und relativer Luftfeuchtigkeit.<\/li>\n<li>Kontrolle der relativen Luftfeuchtigkeit im Bereich zwischen 60 % und 95 %*.<\/li>\n<li>Optional stehen Baus\u00e4tze f\u00fcr die aktive Befeuchtung mit Dampfd\u00fcsen und Baus\u00e4tze zur Entfeuchtung und zum Trockenp\u00f6keln zur Verf\u00fcgung.<\/li>\n<\/ul>\n<p>* Die Feuchtigkeitsregulierung im Raum erfolgt passiv durch Einwirkung auf den L\u00fcftungsstrom des Verdampfers ohne Zugabe von Wasserdampf. Der tats\u00e4chliche Feuchtigkeitsbereich h\u00e4ngt stark von den Raumbedingungen, der absoluten Luftfeuchtigkeit au\u00dfen und dem Produkttyp ab.<\/p>\n<p><img fetchpriority=\"high\" decoding=\"async\" class=\"size-full wp-image-23069 aligncenter\" src=\"https:\/\/www.intarcon.com\/wp-content\/uploads\/2019\/06\/instalacion-maduracionyconservcarne-EN.png\" alt=\"\" width=\"702\" height=\"299\" srcset=\"https:\/\/www.intarcon.com\/wp-content\/uploads\/2019\/06\/instalacion-maduracionyconservcarne-EN.png 702w, https:\/\/www.intarcon.com\/wp-content\/uploads\/2019\/06\/instalacion-maduracionyconservcarne-EN-640x273.png 640w, https:\/\/www.intarcon.com\/wp-content\/uploads\/2019\/06\/instalacion-maduracionyconservcarne-EN-400x170.png 400w, https:\/\/www.intarcon.com\/wp-content\/uploads\/2019\/06\/instalacion-maduracionyconservcarne-EN-367x156.png 367w, https:\/\/www.intarcon.com\/wp-content\/uploads\/2019\/06\/instalacion-maduracionyconservcarne-EN-600x256.png 600w\" sizes=\"(max-width: 702px) 100vw, 702px\" \/><\/p>\n<p>&nbsp;<\/p>\n","protected":false},"excerpt":{"rendered":"<h2 style=\"color: #999999; font-size: 18px; margin-bottom: 0px; line-height: 29px;\">Split-Ger\u00e4te<\/h2>\n<p>Hoher Feuchtigkeit. <style>.elementor-widget-button .elementor-button{background-color:var( --e-global-color-accent );}.elementor-67792 .elementor-element.elementor-element-138d4cb .elementor-button{background-color:#0085BB;font-family:\"Roboto\", Montserrat;font-size:1.1em;font-weight:600;text-decoration:none;fill:#FFFFFF;color:#FFFFFF;border-style:solid;border-width:2px 2px 2px 2px;border-color:#0085BB;border-radius:33px 33px 33px 33px;padding:14px 20px 14px 20px;}.elementor-67792 .elementor-element.elementor-element-138d4cb .elementor-button:hover, .elementor-67792 .elementor-element.elementor-element-138d4cb .elementor-button:focus{background-color:#FFFFFF;color:#0085BB;border-color:#0085BB;}.elementor-67792 .elementor-element.elementor-element-138d4cb > .elementor-widget-container{margin:2% 0% 1% 0%;}.elementor-67792 .elementor-element.elementor-element-138d4cb .elementor-button:hover svg, .elementor-67792 .elementor-element.elementor-element-138d4cb .elementor-button:focus svg{fill:#0085BB;}@media(max-width:767px){.elementor-67792 .elementor-element.elementor-element-138d4cb > .elementor-widget-container{margin:-20px 0px 50px 0px;}}<\/style><div class=\"porto-block\" data-id=\"67792\">\t\t<div data-elementor-type=\"wp-post\" data-elementor-id=\"67792\" class=\"elementor elementor-67792 elementor-29420\" data-elementor-post-type=\"porto_builder\">\n\t\t\t\t\t\t<section class=\"elementor-section elementor-top-section elementor-element elementor-element-4601687 elementor-section-boxed elementor-section-height-default elementor-section-height-default\" data-id=\"4601687\" data-element_type=\"section\">\r\n\t\t\r\n\t\t\t\t\t\t\t<div class=\"elementor-container elementor-column-gap-default\">\r\n\t\t\t\t\t\t\t\t\t\t\t<div class=\"elementor-column elementor-col-100 elementor-top-column elementor-element elementor-element-7f3a8ac\" data-id=\"7f3a8ac\" data-element_type=\"column\">\r\n\t\t\t\t\t<div class=\"elementor-widget-wrap elementor-element-populated\">\r\n\t\t\t\t\t\t\t\t<div class=\"elementor-element elementor-element-138d4cb elementor-align-left elementor-widget elementor-widget-button\" data-id=\"138d4cb\" data-element_type=\"widget\" data-widget_type=\"button.default\">\n\t\t\t\t<div class=\"elementor-widget-container\">\n\t\t\t\t\t\t\t\t\t<div class=\"elementor-button-wrapper\">\n\t\t\t\t\t<a class=\"elementor-button elementor-button-link elementor-size-md\" href=\"https:\/\/www.intarcon.com\/de\/technische-beratung\/\" id=\"cta-asesor\u00eda\">\n\t\t\t\t\t\t<span class=\"elementor-button-content-wrapper\">\n\t\t\t\t\t\t\t\t\t<span class=\"elementor-button-text\">Technische Beratung anfordern<\/span>\n\t\t\t\t\t<\/span>\n\t\t\t\t\t<\/a>\n\t\t\t\t<\/div>\n\t\t\t\t\t\t\t\t<\/div>\n\t\t\t\t<\/div>\n\t\t\t\t\t<\/div>\r\n\t\t\t\t<\/div>\r\n\t\t\t\t\t<\/div>\r\n\t\t\t\t<\/section>\r\n\t\t\t\t<\/div>\n\t\t<\/div><\/p>\n","protected":false},"featured_media":89480,"template":"","meta":[],"product_brand":[],"product_cat":[632],"product_tag":[],"class_list":{"0":"post-70858","1":"product","2":"type-product","3":"status-publish","4":"has-post-thumbnail","6":"product_cat-gewerbliche-split","8":"first","9":"instock","10":"shipping-taxable","11":"product-type-simple"},"yoast_head":"<!-- This site is optimized with the Yoast SEO plugin v25.5 - https:\/\/yoast.com\/wordpress\/plugins\/seo\/ -->\n<title>hoher Feuchtigkeit - INTARCON<\/title>\n<meta name=\"description\" content=\"Unsere hoher Feuchtigkeit bestehen aus einem ger\u00e4uscharmen oder radialen Verfl\u00fcssiger und einem an der Decke montierten Verdampfer mit doppeltem Luftstrom in einer einzigen Gr\u00f6\u00dfe f\u00fcr Anwendungen mit hoher relativer Luftfeuchtigkeit.\" \/>\n<meta name=\"robots\" content=\"index, follow, max-snippet:-1, max-image-preview:large, max-video-preview:-1\" \/>\n<link rel=\"canonical\" href=\"https:\/\/www.intarcon.com\/de\/produkt\/hoher-feuchtigkeit\/\" \/>\n<meta property=\"og:locale\" content=\"de_DE\" \/>\n<meta property=\"og:type\" content=\"article\" \/>\n<meta property=\"og:title\" content=\"hoher Feuchtigkeit - INTARCON\" \/>\n<meta property=\"og:description\" content=\"Unsere hoher Feuchtigkeit bestehen aus einem ger\u00e4uscharmen oder radialen Verfl\u00fcssiger und einem an der Decke montierten Verdampfer mit doppeltem Luftstrom in einer einzigen Gr\u00f6\u00dfe f\u00fcr Anwendungen mit hoher relativer Luftfeuchtigkeit.\" \/>\n<meta property=\"og:url\" content=\"https:\/\/www.intarcon.com\/de\/produkt\/hoher-feuchtigkeit\/\" \/>\n<meta property=\"og:site_name\" content=\"INTARCON\" \/>\n<meta property=\"article:publisher\" content=\"https:\/\/www.facebook.com\/intarcon\/\" \/>\n<meta property=\"article:modified_time\" content=\"2024-04-24T10:52:51+00:00\" \/>\n<meta property=\"og:image\" content=\"https:\/\/www.intarcon.com\/wp-content\/uploads\/2019\/06\/equipo-semicompacto-alta-humedad.webp\" \/>\n\t<meta property=\"og:image:width\" content=\"600\" \/>\n\t<meta property=\"og:image:height\" content=\"600\" \/>\n\t<meta property=\"og:image:type\" content=\"image\/webp\" \/>\n<meta name=\"twitter:card\" content=\"summary_large_image\" \/>\n<meta name=\"twitter:site\" content=\"@Intarcon\" \/>\n<meta name=\"twitter:label1\" content=\"Est. reading time\" \/>\n\t<meta name=\"twitter:data1\" content=\"1 minute\" \/>\n<script type=\"application\/ld+json\" class=\"yoast-schema-graph\">{\"@context\":\"https:\/\/schema.org\",\"@graph\":[{\"@type\":\"WebPage\",\"@id\":\"https:\/\/www.intarcon.com\/de\/produkt\/hoher-feuchtigkeit\/\",\"url\":\"https:\/\/www.intarcon.com\/de\/produkt\/hoher-feuchtigkeit\/\",\"name\":\"hoher Feuchtigkeit - INTARCON\",\"isPartOf\":{\"@id\":\"https:\/\/www.intarcon.com\/de\/#website\"},\"primaryImageOfPage\":{\"@id\":\"https:\/\/www.intarcon.com\/de\/produkt\/hoher-feuchtigkeit\/#primaryimage\"},\"image\":{\"@id\":\"https:\/\/www.intarcon.com\/de\/produkt\/hoher-feuchtigkeit\/#primaryimage\"},\"thumbnailUrl\":\"https:\/\/www.intarcon.com\/wp-content\/uploads\/2019\/06\/equipo-semicompacto-alta-humedad.webp\",\"datePublished\":\"2019-06-23T06:42:18+00:00\",\"dateModified\":\"2024-04-24T10:52:51+00:00\",\"description\":\"Unsere hoher Feuchtigkeit bestehen aus einem ger\u00e4uscharmen oder radialen Verfl\u00fcssiger und einem an der Decke montierten Verdampfer mit doppeltem Luftstrom in einer einzigen Gr\u00f6\u00dfe f\u00fcr Anwendungen mit hoher relativer Luftfeuchtigkeit.\",\"breadcrumb\":{\"@id\":\"https:\/\/www.intarcon.com\/de\/produkt\/hoher-feuchtigkeit\/#breadcrumb\"},\"inLanguage\":\"de\",\"potentialAction\":[{\"@type\":\"ReadAction\",\"target\":[\"https:\/\/www.intarcon.com\/de\/produkt\/hoher-feuchtigkeit\/\"]}]},{\"@type\":\"ImageObject\",\"inLanguage\":\"de\",\"@id\":\"https:\/\/www.intarcon.com\/de\/produkt\/hoher-feuchtigkeit\/#primaryimage\",\"url\":\"https:\/\/www.intarcon.com\/wp-content\/uploads\/2019\/06\/equipo-semicompacto-alta-humedad.webp\",\"contentUrl\":\"https:\/\/www.intarcon.com\/wp-content\/uploads\/2019\/06\/equipo-semicompacto-alta-humedad.webp\",\"width\":600,\"height\":600,\"caption\":\"Equipo semicompacto de refrigeraci\u00f3n para alta humedad\"},{\"@type\":\"BreadcrumbList\",\"@id\":\"https:\/\/www.intarcon.com\/de\/produkt\/hoher-feuchtigkeit\/#breadcrumb\",\"itemListElement\":[{\"@type\":\"ListItem\",\"position\":1,\"name\":\"Portada\",\"item\":\"https:\/\/www.intarcon.com\/de\/\"},{\"@type\":\"ListItem\",\"position\":2,\"name\":\"Producto\",\"item\":\"https:\/\/www.intarcon.com\/producto\/\"},{\"@type\":\"ListItem\",\"position\":3,\"name\":\"HFC\",\"item\":\"https:\/\/www.intarcon.com\/de\/technologie\/hfc-kaltetechnik\/\"},{\"@type\":\"ListItem\",\"position\":4,\"name\":\"Gewerbliche Split\",\"item\":\"https:\/\/www.intarcon.com\/de\/technologie\/hfc-kaltetechnik\/gewerbliche-split\/\"},{\"@type\":\"ListItem\",\"position\":5,\"name\":\"hoher Feuchtigkeit\"}]},{\"@type\":\"WebSite\",\"@id\":\"https:\/\/www.intarcon.com\/de\/#website\",\"url\":\"https:\/\/www.intarcon.com\/de\/\",\"name\":\"INTARCON\",\"description\":\"\",\"potentialAction\":[{\"@type\":\"SearchAction\",\"target\":{\"@type\":\"EntryPoint\",\"urlTemplate\":\"https:\/\/www.intarcon.com\/de\/?s={search_term_string}\"},\"query-input\":{\"@type\":\"PropertyValueSpecification\",\"valueRequired\":true,\"valueName\":\"search_term_string\"}}],\"inLanguage\":\"de\"}]}<\/script>\n<!-- \/ Yoast SEO plugin. -->","yoast_head_json":{"title":"hoher Feuchtigkeit - INTARCON","description":"Unsere hoher Feuchtigkeit bestehen aus einem ger\u00e4uscharmen oder radialen Verfl\u00fcssiger und einem an der Decke montierten Verdampfer mit doppeltem Luftstrom in einer einzigen Gr\u00f6\u00dfe f\u00fcr Anwendungen mit hoher relativer Luftfeuchtigkeit.","robots":{"index":"index","follow":"follow","max-snippet":"max-snippet:-1","max-image-preview":"max-image-preview:large","max-video-preview":"max-video-preview:-1"},"canonical":"https:\/\/www.intarcon.com\/de\/produkt\/hoher-feuchtigkeit\/","og_locale":"de_DE","og_type":"article","og_title":"hoher Feuchtigkeit - INTARCON","og_description":"Unsere hoher Feuchtigkeit bestehen aus einem ger\u00e4uscharmen oder radialen Verfl\u00fcssiger und einem an der Decke montierten Verdampfer mit doppeltem Luftstrom in einer einzigen Gr\u00f6\u00dfe f\u00fcr Anwendungen mit hoher relativer Luftfeuchtigkeit.","og_url":"https:\/\/www.intarcon.com\/de\/produkt\/hoher-feuchtigkeit\/","og_site_name":"INTARCON","article_publisher":"https:\/\/www.facebook.com\/intarcon\/","article_modified_time":"2024-04-24T10:52:51+00:00","og_image":[{"width":600,"height":600,"url":"https:\/\/www.intarcon.com\/wp-content\/uploads\/2019\/06\/equipo-semicompacto-alta-humedad.webp","type":"image\/webp"}],"twitter_card":"summary_large_image","twitter_site":"@Intarcon","twitter_misc":{"Est. reading time":"1 minute"},"schema":{"@context":"https:\/\/schema.org","@graph":[{"@type":"WebPage","@id":"https:\/\/www.intarcon.com\/de\/produkt\/hoher-feuchtigkeit\/","url":"https:\/\/www.intarcon.com\/de\/produkt\/hoher-feuchtigkeit\/","name":"hoher Feuchtigkeit - INTARCON","isPartOf":{"@id":"https:\/\/www.intarcon.com\/de\/#website"},"primaryImageOfPage":{"@id":"https:\/\/www.intarcon.com\/de\/produkt\/hoher-feuchtigkeit\/#primaryimage"},"image":{"@id":"https:\/\/www.intarcon.com\/de\/produkt\/hoher-feuchtigkeit\/#primaryimage"},"thumbnailUrl":"https:\/\/www.intarcon.com\/wp-content\/uploads\/2019\/06\/equipo-semicompacto-alta-humedad.webp","datePublished":"2019-06-23T06:42:18+00:00","dateModified":"2024-04-24T10:52:51+00:00","description":"Unsere hoher Feuchtigkeit bestehen aus einem ger\u00e4uscharmen oder radialen Verfl\u00fcssiger und einem an der Decke montierten Verdampfer mit doppeltem Luftstrom in einer einzigen Gr\u00f6\u00dfe f\u00fcr Anwendungen mit hoher relativer Luftfeuchtigkeit.","breadcrumb":{"@id":"https:\/\/www.intarcon.com\/de\/produkt\/hoher-feuchtigkeit\/#breadcrumb"},"inLanguage":"de","potentialAction":[{"@type":"ReadAction","target":["https:\/\/www.intarcon.com\/de\/produkt\/hoher-feuchtigkeit\/"]}]},{"@type":"ImageObject","inLanguage":"de","@id":"https:\/\/www.intarcon.com\/de\/produkt\/hoher-feuchtigkeit\/#primaryimage","url":"https:\/\/www.intarcon.com\/wp-content\/uploads\/2019\/06\/equipo-semicompacto-alta-humedad.webp","contentUrl":"https:\/\/www.intarcon.com\/wp-content\/uploads\/2019\/06\/equipo-semicompacto-alta-humedad.webp","width":600,"height":600,"caption":"Equipo semicompacto de refrigeraci\u00f3n para alta humedad"},{"@type":"BreadcrumbList","@id":"https:\/\/www.intarcon.com\/de\/produkt\/hoher-feuchtigkeit\/#breadcrumb","itemListElement":[{"@type":"ListItem","position":1,"name":"Portada","item":"https:\/\/www.intarcon.com\/de\/"},{"@type":"ListItem","position":2,"name":"Producto","item":"https:\/\/www.intarcon.com\/producto\/"},{"@type":"ListItem","position":3,"name":"HFC","item":"https:\/\/www.intarcon.com\/de\/technologie\/hfc-kaltetechnik\/"},{"@type":"ListItem","position":4,"name":"Gewerbliche Split","item":"https:\/\/www.intarcon.com\/de\/technologie\/hfc-kaltetechnik\/gewerbliche-split\/"},{"@type":"ListItem","position":5,"name":"hoher Feuchtigkeit"}]},{"@type":"WebSite","@id":"https:\/\/www.intarcon.com\/de\/#website","url":"https:\/\/www.intarcon.com\/de\/","name":"INTARCON","description":"","potentialAction":[{"@type":"SearchAction","target":{"@type":"EntryPoint","urlTemplate":"https:\/\/www.intarcon.com\/de\/?s={search_term_string}"},"query-input":{"@type":"PropertyValueSpecification","valueRequired":true,"valueName":"search_term_string"}}],"inLanguage":"de"}]}},"_links":{"self":[{"href":"https:\/\/www.intarcon.com\/de\/wp-json\/wp\/v2\/product\/70858","targetHints":{"allow":["GET"]}}],"collection":[{"href":"https:\/\/www.intarcon.com\/de\/wp-json\/wp\/v2\/product"}],"about":[{"href":"https:\/\/www.intarcon.com\/de\/wp-json\/wp\/v2\/types\/product"}],"version-history":[{"count":0,"href":"https:\/\/www.intarcon.com\/de\/wp-json\/wp\/v2\/product\/70858\/revisions"}],"wp:featuredmedia":[{"embeddable":true,"href":"https:\/\/www.intarcon.com\/de\/wp-json\/wp\/v2\/media\/89480"}],"wp:attachment":[{"href":"https:\/\/www.intarcon.com\/de\/wp-json\/wp\/v2\/media?parent=70858"}],"wp:term":[{"taxonomy":"product_brand","embeddable":true,"href":"https:\/\/www.intarcon.com\/de\/wp-json\/wp\/v2\/product_brand?post=70858"},{"taxonomy":"product_cat","embeddable":true,"href":"https:\/\/www.intarcon.com\/de\/wp-json\/wp\/v2\/product_cat?post=70858"},{"taxonomy":"product_tag","embeddable":true,"href":"https:\/\/www.intarcon.com\/de\/wp-json\/wp\/v2\/product_tag?post=70858"}],"curies":[{"name":"wp","href":"https:\/\/api.w.org\/{rel}","templated":true}]}}