{"id":70804,"date":"2019-06-26T08:21:16","date_gmt":"2019-06-26T06:21:16","guid":{"rendered":"https:\/\/www.intarcon.com\/?post_type=product&#038;p=70804"},"modified":"2022-12-13T10:58:22","modified_gmt":"2022-12-13T08:58:22","slug":"intarblocks","status":"publish","type":"product","link":"https:\/\/www.intarcon.com\/de\/produkt\/intarblocks\/","title":{"rendered":"intarblock"},"content":{"rendered":"<p>Unsere Intarblocks sind kompakte Monoblockeinheiten f\u00fcr kleine K\u00fchl- und Tiefk\u00fchlr\u00e4ume zur Wandmontage.<\/p>\n<ul>\n<li>Monoblock-Ger\u00e4t mit geringem K\u00e4ltemittelbedarf unter 2 kg.<\/li>\n<li>Design Gebiete mit einer Umgebungstemperatur von 45 \u00baC.<\/li>\n<li>Thermostatisches Expansionsventil.<\/li>\n<li>Hei\u00dfgas-Abtauung mit Temperaturregelung.<\/li>\n<li>Ger\u00e4te ohne Leckage\u00fcberwachung.<\/li>\n<\/ul>\n<p>Baureihen:<\/p>\n<ul>\n<li><strong>CV-N<\/strong>: Monoblock-Ger\u00e4te f\u00fcr die Fenstermontage mit ausbaubarem D\u00e4mmpuffer f\u00fcr die Montage am Deckrahmen.<\/li>\n<li><strong>CV-C<\/strong>: Radial-Ausf\u00fchrung mit Kondensator und Radial-L\u00fcfter, mit der hei\u00dfe Kondensatluft nach au\u00dfen geleitet wird.<\/li>\n<li><strong>CV-I<\/strong>: F\u00fcr den Aufbau im Freien geeignete Monoblock-Ger\u00e4te zur Montage au\u00dfen an kleinen K\u00fchlr\u00e4umen mit Positiv- oder Negativ-Temperatur.<\/li>\n<\/ul>\n<p><img fetchpriority=\"high\" decoding=\"async\" src=\"https:\/\/www.intarcon.com\/wp-content\/uploads\/2019\/06\/en-2021-esquema-intarblock.png\" alt=\"en-2021-esquema-intarblock\" width=\"601\" height=\"335\" \/><br \/>\n<img decoding=\"async\" src=\"https:\/\/www.intarcon.com\/wp-content\/uploads\/2019\/06\/instalacion-intarblockcentrifuga-EN.png\" alt=\"centrifugal version intarblock \" width=\"310\" height=\"211\" \/><\/p>\n","protected":false},"excerpt":{"rendered":"<h2 style=\"color: #999999; font-size: 18px; margin-bottom: 0px;\">Gewerbliche Monoblock-Ger\u00e4te<\/h2>\n<p>Monoblock-Kompaktger\u00e4te f\u00fcr kleine K\u00fchl- und Tiefk\u00fchlr\u00e4ume zur Wandmontage. <style>.elementor-widget-button .elementor-button{background-color:var( --e-global-color-accent );}.elementor-67792 .elementor-element.elementor-element-138d4cb .elementor-button{background-color:#0085BB;font-family:\"Roboto\", Montserrat;font-size:1.1em;font-weight:600;text-decoration:none;fill:#FFFFFF;color:#FFFFFF;border-style:solid;border-width:2px 2px 2px 2px;border-color:#0085BB;border-radius:33px 33px 33px 33px;padding:14px 20px 14px 20px;}.elementor-67792 .elementor-element.elementor-element-138d4cb .elementor-button:hover, .elementor-67792 .elementor-element.elementor-element-138d4cb .elementor-button:focus{background-color:#FFFFFF;color:#0085BB;border-color:#0085BB;}.elementor-67792 .elementor-element.elementor-element-138d4cb > .elementor-widget-container{margin:2% 0% 1% 0%;}.elementor-67792 .elementor-element.elementor-element-138d4cb .elementor-button:hover svg, .elementor-67792 .elementor-element.elementor-element-138d4cb .elementor-button:focus svg{fill:#0085BB;}@media(max-width:767px){.elementor-67792 .elementor-element.elementor-element-138d4cb > .elementor-widget-container{margin:-20px 0px 50px 0px;}}<\/style><div class=\"porto-block\" data-id=\"67792\">\t\t<div data-elementor-type=\"wp-post\" data-elementor-id=\"67792\" class=\"elementor elementor-67792 elementor-29420\" data-elementor-post-type=\"porto_builder\">\n\t\t\t\t\t\t<section class=\"elementor-section elementor-top-section elementor-element elementor-element-4601687 elementor-section-boxed elementor-section-height-default elementor-section-height-default\" data-id=\"4601687\" data-element_type=\"section\">\r\n\t\t\r\n\t\t\t\t\t\t\t<div class=\"elementor-container elementor-column-gap-default\">\r\n\t\t\t\t\t\t\t\t\t\t\t<div class=\"elementor-column elementor-col-100 elementor-top-column elementor-element elementor-element-7f3a8ac\" data-id=\"7f3a8ac\" data-element_type=\"column\">\r\n\t\t\t\t\t<div class=\"elementor-widget-wrap elementor-element-populated\">\r\n\t\t\t\t\t\t\t\t<div class=\"elementor-element elementor-element-138d4cb elementor-align-left elementor-widget elementor-widget-button\" data-id=\"138d4cb\" data-element_type=\"widget\" data-widget_type=\"button.default\">\n\t\t\t\t<div class=\"elementor-widget-container\">\n\t\t\t\t\t\t\t\t\t<div class=\"elementor-button-wrapper\">\n\t\t\t\t\t<a class=\"elementor-button elementor-button-link elementor-size-md\" href=\"https:\/\/www.intarcon.com\/de\/technische-beratung\/\" id=\"cta-asesor\u00eda\">\n\t\t\t\t\t\t<span class=\"elementor-button-content-wrapper\">\n\t\t\t\t\t\t\t\t\t<span class=\"elementor-button-text\">Technische Beratung anfordern<\/span>\n\t\t\t\t\t<\/span>\n\t\t\t\t\t<\/a>\n\t\t\t\t<\/div>\n\t\t\t\t\t\t\t\t<\/div>\n\t\t\t\t<\/div>\n\t\t\t\t\t<\/div>\r\n\t\t\t\t<\/div>\r\n\t\t\t\t\t<\/div>\r\n\t\t\t\t<\/section>\r\n\t\t\t\t<\/div>\n\t\t<\/div><\/p>\n","protected":false},"featured_media":89422,"template":"","meta":[],"product_brand":[],"product_cat":[602,609],"product_tag":[],"class_list":{"0":"post-70804","1":"product","2":"type-product","3":"status-publish","4":"has-post-thumbnail","6":"product_cat-r290","7":"product_cat-kompakte-monoblock-gerate-r290","9":"first","10":"instock","11":"shipping-taxable","12":"product-type-simple"},"yoast_head":"<!-- This site is optimized with the Yoast SEO plugin v25.5 - https:\/\/yoast.com\/wordpress\/plugins\/seo\/ -->\n<title>intarblock - INTARCON<\/title>\n<meta name=\"description\" content=\"Unsere Intarblocks sind kompakte Monoblockeinheiten f\u00fcr kleine K\u00fchl- und Tiefk\u00fchlr\u00e4ume zur Wandmontage.\" \/>\n<meta name=\"robots\" content=\"index, follow, max-snippet:-1, max-image-preview:large, max-video-preview:-1\" \/>\n<link rel=\"canonical\" href=\"https:\/\/www.intarcon.com\/de\/produkt\/intarblocks\/\" \/>\n<meta property=\"og:locale\" content=\"de_DE\" \/>\n<meta property=\"og:type\" content=\"article\" \/>\n<meta property=\"og:title\" content=\"intarblock - INTARCON\" \/>\n<meta property=\"og:description\" content=\"Unsere Intarblocks sind kompakte Monoblockeinheiten f\u00fcr kleine K\u00fchl- und Tiefk\u00fchlr\u00e4ume zur Wandmontage.\" \/>\n<meta property=\"og:url\" content=\"https:\/\/www.intarcon.com\/de\/produkt\/intarblocks\/\" \/>\n<meta property=\"og:site_name\" content=\"INTARCON\" \/>\n<meta property=\"article:publisher\" content=\"https:\/\/www.facebook.com\/intarcon\/\" \/>\n<meta property=\"article:modified_time\" content=\"2022-12-13T08:58:22+00:00\" \/>\n<meta property=\"og:image\" content=\"https:\/\/www.intarcon.com\/wp-content\/uploads\/2019\/06\/equipo-refrigeracion-compacto-pared-intarblock-hfc.webp\" \/>\n\t<meta property=\"og:image:width\" content=\"600\" \/>\n\t<meta property=\"og:image:height\" content=\"600\" \/>\n\t<meta property=\"og:image:type\" content=\"image\/webp\" \/>\n<meta name=\"twitter:card\" content=\"summary_large_image\" \/>\n<meta name=\"twitter:site\" content=\"@Intarcon\" \/>\n<meta name=\"twitter:label1\" content=\"Est. reading time\" \/>\n\t<meta name=\"twitter:data1\" content=\"1 minute\" \/>\n<script type=\"application\/ld+json\" class=\"yoast-schema-graph\">{\"@context\":\"https:\/\/schema.org\",\"@graph\":[{\"@type\":\"WebPage\",\"@id\":\"https:\/\/www.intarcon.com\/de\/produkt\/intarblocks\/\",\"url\":\"https:\/\/www.intarcon.com\/de\/produkt\/intarblocks\/\",\"name\":\"intarblock - INTARCON\",\"isPartOf\":{\"@id\":\"https:\/\/www.intarcon.com\/de\/#website\"},\"primaryImageOfPage\":{\"@id\":\"https:\/\/www.intarcon.com\/de\/produkt\/intarblocks\/#primaryimage\"},\"image\":{\"@id\":\"https:\/\/www.intarcon.com\/de\/produkt\/intarblocks\/#primaryimage\"},\"thumbnailUrl\":\"https:\/\/www.intarcon.com\/wp-content\/uploads\/2019\/06\/equipo-refrigeracion-compacto-pared-intarblock-hfc.webp\",\"datePublished\":\"2019-06-26T06:21:16+00:00\",\"dateModified\":\"2022-12-13T08:58:22+00:00\",\"description\":\"Unsere Intarblocks sind kompakte Monoblockeinheiten f\u00fcr kleine K\u00fchl- und Tiefk\u00fchlr\u00e4ume zur Wandmontage.\",\"breadcrumb\":{\"@id\":\"https:\/\/www.intarcon.com\/de\/produkt\/intarblocks\/#breadcrumb\"},\"inLanguage\":\"de\",\"potentialAction\":[{\"@type\":\"ReadAction\",\"target\":[\"https:\/\/www.intarcon.com\/de\/produkt\/intarblocks\/\"]}]},{\"@type\":\"ImageObject\",\"inLanguage\":\"de\",\"@id\":\"https:\/\/www.intarcon.com\/de\/produkt\/intarblocks\/#primaryimage\",\"url\":\"https:\/\/www.intarcon.com\/wp-content\/uploads\/2019\/06\/equipo-refrigeracion-compacto-pared-intarblock-hfc.webp\",\"contentUrl\":\"https:\/\/www.intarcon.com\/wp-content\/uploads\/2019\/06\/equipo-refrigeracion-compacto-pared-intarblock-hfc.webp\",\"width\":600,\"height\":600,\"caption\":\"Equipo de refrigeraci\u00f3n compacto de pared HFC intarblock - INTARCON\"},{\"@type\":\"BreadcrumbList\",\"@id\":\"https:\/\/www.intarcon.com\/de\/produkt\/intarblocks\/#breadcrumb\",\"itemListElement\":[{\"@type\":\"ListItem\",\"position\":1,\"name\":\"Portada\",\"item\":\"https:\/\/www.intarcon.com\/de\/\"},{\"@type\":\"ListItem\",\"position\":2,\"name\":\"Producto\",\"item\":\"https:\/\/www.intarcon.com\/producto\/\"},{\"@type\":\"ListItem\",\"position\":3,\"name\":\"R290\",\"item\":\"https:\/\/www.intarcon.com\/de\/technologie\/r290\/\"},{\"@type\":\"ListItem\",\"position\":4,\"name\":\"intarblock\"}]},{\"@type\":\"WebSite\",\"@id\":\"https:\/\/www.intarcon.com\/de\/#website\",\"url\":\"https:\/\/www.intarcon.com\/de\/\",\"name\":\"INTARCON\",\"description\":\"\",\"potentialAction\":[{\"@type\":\"SearchAction\",\"target\":{\"@type\":\"EntryPoint\",\"urlTemplate\":\"https:\/\/www.intarcon.com\/de\/?s={search_term_string}\"},\"query-input\":{\"@type\":\"PropertyValueSpecification\",\"valueRequired\":true,\"valueName\":\"search_term_string\"}}],\"inLanguage\":\"de\"}]}<\/script>\n<!-- \/ Yoast SEO plugin. -->","yoast_head_json":{"title":"intarblock - INTARCON","description":"Unsere Intarblocks sind kompakte Monoblockeinheiten f\u00fcr kleine K\u00fchl- und Tiefk\u00fchlr\u00e4ume zur Wandmontage.","robots":{"index":"index","follow":"follow","max-snippet":"max-snippet:-1","max-image-preview":"max-image-preview:large","max-video-preview":"max-video-preview:-1"},"canonical":"https:\/\/www.intarcon.com\/de\/produkt\/intarblocks\/","og_locale":"de_DE","og_type":"article","og_title":"intarblock - INTARCON","og_description":"Unsere Intarblocks sind kompakte Monoblockeinheiten f\u00fcr kleine K\u00fchl- und Tiefk\u00fchlr\u00e4ume zur Wandmontage.","og_url":"https:\/\/www.intarcon.com\/de\/produkt\/intarblocks\/","og_site_name":"INTARCON","article_publisher":"https:\/\/www.facebook.com\/intarcon\/","article_modified_time":"2022-12-13T08:58:22+00:00","og_image":[{"width":600,"height":600,"url":"https:\/\/www.intarcon.com\/wp-content\/uploads\/2019\/06\/equipo-refrigeracion-compacto-pared-intarblock-hfc.webp","type":"image\/webp"}],"twitter_card":"summary_large_image","twitter_site":"@Intarcon","twitter_misc":{"Est. reading time":"1 minute"},"schema":{"@context":"https:\/\/schema.org","@graph":[{"@type":"WebPage","@id":"https:\/\/www.intarcon.com\/de\/produkt\/intarblocks\/","url":"https:\/\/www.intarcon.com\/de\/produkt\/intarblocks\/","name":"intarblock - INTARCON","isPartOf":{"@id":"https:\/\/www.intarcon.com\/de\/#website"},"primaryImageOfPage":{"@id":"https:\/\/www.intarcon.com\/de\/produkt\/intarblocks\/#primaryimage"},"image":{"@id":"https:\/\/www.intarcon.com\/de\/produkt\/intarblocks\/#primaryimage"},"thumbnailUrl":"https:\/\/www.intarcon.com\/wp-content\/uploads\/2019\/06\/equipo-refrigeracion-compacto-pared-intarblock-hfc.webp","datePublished":"2019-06-26T06:21:16+00:00","dateModified":"2022-12-13T08:58:22+00:00","description":"Unsere Intarblocks sind kompakte Monoblockeinheiten f\u00fcr kleine K\u00fchl- und Tiefk\u00fchlr\u00e4ume zur Wandmontage.","breadcrumb":{"@id":"https:\/\/www.intarcon.com\/de\/produkt\/intarblocks\/#breadcrumb"},"inLanguage":"de","potentialAction":[{"@type":"ReadAction","target":["https:\/\/www.intarcon.com\/de\/produkt\/intarblocks\/"]}]},{"@type":"ImageObject","inLanguage":"de","@id":"https:\/\/www.intarcon.com\/de\/produkt\/intarblocks\/#primaryimage","url":"https:\/\/www.intarcon.com\/wp-content\/uploads\/2019\/06\/equipo-refrigeracion-compacto-pared-intarblock-hfc.webp","contentUrl":"https:\/\/www.intarcon.com\/wp-content\/uploads\/2019\/06\/equipo-refrigeracion-compacto-pared-intarblock-hfc.webp","width":600,"height":600,"caption":"Equipo de refrigeraci\u00f3n compacto de pared HFC intarblock - INTARCON"},{"@type":"BreadcrumbList","@id":"https:\/\/www.intarcon.com\/de\/produkt\/intarblocks\/#breadcrumb","itemListElement":[{"@type":"ListItem","position":1,"name":"Portada","item":"https:\/\/www.intarcon.com\/de\/"},{"@type":"ListItem","position":2,"name":"Producto","item":"https:\/\/www.intarcon.com\/producto\/"},{"@type":"ListItem","position":3,"name":"R290","item":"https:\/\/www.intarcon.com\/de\/technologie\/r290\/"},{"@type":"ListItem","position":4,"name":"intarblock"}]},{"@type":"WebSite","@id":"https:\/\/www.intarcon.com\/de\/#website","url":"https:\/\/www.intarcon.com\/de\/","name":"INTARCON","description":"","potentialAction":[{"@type":"SearchAction","target":{"@type":"EntryPoint","urlTemplate":"https:\/\/www.intarcon.com\/de\/?s={search_term_string}"},"query-input":{"@type":"PropertyValueSpecification","valueRequired":true,"valueName":"search_term_string"}}],"inLanguage":"de"}]}},"_links":{"self":[{"href":"https:\/\/www.intarcon.com\/de\/wp-json\/wp\/v2\/product\/70804","targetHints":{"allow":["GET"]}}],"collection":[{"href":"https:\/\/www.intarcon.com\/de\/wp-json\/wp\/v2\/product"}],"about":[{"href":"https:\/\/www.intarcon.com\/de\/wp-json\/wp\/v2\/types\/product"}],"version-history":[{"count":0,"href":"https:\/\/www.intarcon.com\/de\/wp-json\/wp\/v2\/product\/70804\/revisions"}],"wp:featuredmedia":[{"embeddable":true,"href":"https:\/\/www.intarcon.com\/de\/wp-json\/wp\/v2\/media\/89422"}],"wp:attachment":[{"href":"https:\/\/www.intarcon.com\/de\/wp-json\/wp\/v2\/media?parent=70804"}],"wp:term":[{"taxonomy":"product_brand","embeddable":true,"href":"https:\/\/www.intarcon.com\/de\/wp-json\/wp\/v2\/product_brand?post=70804"},{"taxonomy":"product_cat","embeddable":true,"href":"https:\/\/www.intarcon.com\/de\/wp-json\/wp\/v2\/product_cat?post=70804"},{"taxonomy":"product_tag","embeddable":true,"href":"https:\/\/www.intarcon.com\/de\/wp-json\/wp\/v2\/product_tag?post=70804"}],"curies":[{"name":"wp","href":"https:\/\/api.w.org\/{rel}","templated":true}]}}