{"id":70794,"date":"2019-06-27T07:47:20","date_gmt":"2019-06-27T05:47:20","guid":{"rendered":"https:\/\/www.intarcon.com\/?post_type=product&#038;p=70794"},"modified":"2024-12-12T12:07:06","modified_gmt":"2024-12-12T11:07:06","slug":"intarblock-fur-die-tur-hfc","status":"publish","type":"product","link":"https:\/\/www.intarcon.com\/de\/produkt\/intarblock-fur-die-tur-hfc\/","title":{"rendered":"intarblock f\u00fcr die T\u00fcr"},"content":{"rendered":"<p>Monoblock-Kompaktger\u00e4te f\u00fcr kleine K\u00fchl- und Tiefk\u00fchlr\u00e4ume zur Montage \u00fcber der T\u00fcrplatte des Raums, optional mit K\u00e4ltemittel R-290 und in das Ger\u00e4t integriertem Luftschleier.<\/p>\n<ul>\n<li>Nat\u00fcrliches K\u00e4ltemittel R-290 mit hoher Energieeffizienz.<\/li>\n<li>Optimale Raumausnutzung in kleinen K\u00fchlr\u00e4umen.<\/li>\n<li>Design Gebiete mit einer Umgebungstemperatur von 45 \u00baC.<\/li>\n<li>Luftschleier (optional).<\/li>\n<li>Ger\u00e4te ohne Leckage\u00fcberwachung.<\/li>\n<\/ul>\n<h4>Luftschleier (optional)<\/h4>\n<p>In Ger\u00e4ten f\u00fcr die Montage an der T\u00fcr kann optional ein Luftschleier in der Gr\u00f6\u00dfe f\u00fcr T\u00fcren mit einer H\u00f6he von 1 800 mm bis zu einer lichten Weite von 800 mm integriert werden. Das Ger\u00e4t verf\u00fcgt \u00fcber einen Radial-Ventilator mit verstellbarer Geschwindigkeit, T\u00fcrschalter und Luftauslassschlitz. Der Luftschleier schafft eine unsichtbare Barriere zur Vermeidung von K\u00e4lteverlust im Raum. Er wird beim \u00d6ffnen der T\u00fcr aktiviert und verhindert den Eintritt von Hei\u00dfluft sowie den Austritt von Kaltluft mit einer Effizienz von \u00fcber 50 %.<\/p>\n<ul>\n<li>Radial-Ventilator.<\/li>\n<li>Luftauslassschlitz.<\/li>\n<li>Automatische Aktivierung mit T\u00fcr\u00f6ffnung.<\/li>\n<\/ul>\n","protected":false},"excerpt":{"rendered":"<h2 style=\"color: #999999; font-size: 18px; margin-bottom: 0px;\">Monoblocks<\/h2>\n<p>Monoblock-Kompaktger\u00e4te f\u00fcr kleine K\u00fchl- und Tiefk\u00fchlr\u00e4ume zur Montage \u00fcber der T\u00fcrplatte des Raums, optional mit K\u00e4ltemittel R-290 und in das Ger\u00e4t integriertem Luftschleier. <style>.elementor-widget-button .elementor-button{background-color:var( --e-global-color-accent );}.elementor-67792 .elementor-element.elementor-element-138d4cb .elementor-button{background-color:#0085BB;font-family:\"Roboto\", Montserrat;font-size:1.1em;font-weight:600;text-decoration:none;fill:#FFFFFF;color:#FFFFFF;border-style:solid;border-width:2px 2px 2px 2px;border-color:#0085BB;border-radius:33px 33px 33px 33px;padding:14px 20px 14px 20px;}.elementor-67792 .elementor-element.elementor-element-138d4cb .elementor-button:hover, .elementor-67792 .elementor-element.elementor-element-138d4cb .elementor-button:focus{background-color:#FFFFFF;color:#0085BB;border-color:#0085BB;}.elementor-67792 .elementor-element.elementor-element-138d4cb > .elementor-widget-container{margin:2% 0% 1% 0%;}.elementor-67792 .elementor-element.elementor-element-138d4cb .elementor-button:hover svg, .elementor-67792 .elementor-element.elementor-element-138d4cb .elementor-button:focus svg{fill:#0085BB;}@media(max-width:767px){.elementor-67792 .elementor-element.elementor-element-138d4cb > .elementor-widget-container{margin:-20px 0px 50px 0px;}}<\/style><div class=\"porto-block\" data-id=\"67792\">\t\t<div data-elementor-type=\"wp-post\" data-elementor-id=\"67792\" class=\"elementor elementor-67792 elementor-29420\" data-elementor-post-type=\"porto_builder\">\n\t\t\t\t\t\t<section class=\"elementor-section elementor-top-section elementor-element elementor-element-4601687 elementor-section-boxed elementor-section-height-default elementor-section-height-default\" data-id=\"4601687\" data-element_type=\"section\">\r\n\t\t\r\n\t\t\t\t\t\t\t<div class=\"elementor-container elementor-column-gap-default\">\r\n\t\t\t\t\t\t\t\t\t\t\t<div class=\"elementor-column elementor-col-100 elementor-top-column elementor-element elementor-element-7f3a8ac\" data-id=\"7f3a8ac\" data-element_type=\"column\">\r\n\t\t\t\t\t<div class=\"elementor-widget-wrap elementor-element-populated\">\r\n\t\t\t\t\t\t\t\t<div class=\"elementor-element elementor-element-138d4cb elementor-align-left elementor-widget elementor-widget-button\" data-id=\"138d4cb\" data-element_type=\"widget\" data-widget_type=\"button.default\">\n\t\t\t\t<div class=\"elementor-widget-container\">\n\t\t\t\t\t\t\t\t\t<div class=\"elementor-button-wrapper\">\n\t\t\t\t\t<a class=\"elementor-button elementor-button-link elementor-size-md\" href=\"https:\/\/www.intarcon.com\/de\/technische-beratung\/\" id=\"cta-asesor\u00eda\">\n\t\t\t\t\t\t<span class=\"elementor-button-content-wrapper\">\n\t\t\t\t\t\t\t\t\t<span class=\"elementor-button-text\">Technische Beratung anfordern<\/span>\n\t\t\t\t\t<\/span>\n\t\t\t\t\t<\/a>\n\t\t\t\t<\/div>\n\t\t\t\t\t\t\t\t<\/div>\n\t\t\t\t<\/div>\n\t\t\t\t\t<\/div>\r\n\t\t\t\t<\/div>\r\n\t\t\t\t\t<\/div>\r\n\t\t\t\t<\/section>\r\n\t\t\t\t<\/div>\n\t\t<\/div><\/p>\n","protected":false},"featured_media":89417,"template":"","meta":[],"product_brand":[],"product_cat":[602],"product_tag":[],"class_list":{"0":"post-70794","1":"product","2":"type-product","3":"status-publish","4":"has-post-thumbnail","6":"product_cat-r290","8":"first","9":"instock","10":"shipping-taxable","11":"product-type-simple"},"yoast_head":"<!-- This site is optimized with the Yoast SEO plugin v25.5 - https:\/\/yoast.com\/wordpress\/plugins\/seo\/ -->\n<title>intarblock f\u00fcr die T\u00fcr - INTARCON<\/title>\n<meta name=\"description\" content=\"Unsere intarblock f\u00fcr die T\u00fcr sind kompakte Monoblock-Ger\u00e4te f\u00fcr kleine K\u00fchl- und Tiefk\u00fchlr\u00e4ume, optional mit R-290-K\u00e4ltemittel und im Ger\u00e4t integriertem Luftschleier.\" \/>\n<meta name=\"robots\" content=\"index, follow, max-snippet:-1, max-image-preview:large, max-video-preview:-1\" \/>\n<link rel=\"canonical\" href=\"https:\/\/www.intarcon.com\/de\/produkt\/intarblock-fur-die-tur-r290\/\" \/>\n<meta property=\"og:locale\" content=\"de_DE\" \/>\n<meta property=\"og:type\" content=\"article\" \/>\n<meta property=\"og:title\" content=\"intarblock f\u00fcr die T\u00fcr - INTARCON\" \/>\n<meta property=\"og:description\" content=\"Unsere intarblock f\u00fcr die T\u00fcr sind kompakte Monoblock-Ger\u00e4te f\u00fcr kleine K\u00fchl- und Tiefk\u00fchlr\u00e4ume, optional mit R-290-K\u00e4ltemittel und im Ger\u00e4t integriertem Luftschleier.\" \/>\n<meta property=\"og:url\" content=\"https:\/\/www.intarcon.com\/de\/produkt\/intarblock-fur-die-tur-r290\/\" \/>\n<meta property=\"og:site_name\" content=\"INTARCON\" \/>\n<meta property=\"article:publisher\" content=\"https:\/\/www.facebook.com\/intarcon\/\" \/>\n<meta property=\"article:modified_time\" content=\"2024-12-12T11:07:06+00:00\" \/>\n<meta property=\"og:image\" content=\"https:\/\/www.intarcon.com\/wp-content\/uploads\/2019\/06\/equipo-refrigeracion-compacto-puerta-intarblock-hfc.webp\" \/>\n\t<meta property=\"og:image:width\" content=\"600\" \/>\n\t<meta property=\"og:image:height\" content=\"600\" \/>\n\t<meta property=\"og:image:type\" content=\"image\/webp\" \/>\n<meta name=\"twitter:card\" content=\"summary_large_image\" \/>\n<meta name=\"twitter:site\" content=\"@Intarcon\" \/>\n<meta name=\"twitter:label1\" content=\"Est. reading time\" \/>\n\t<meta name=\"twitter:data1\" content=\"1 minute\" \/>\n<script type=\"application\/ld+json\" class=\"yoast-schema-graph\">{\"@context\":\"https:\/\/schema.org\",\"@graph\":[{\"@type\":\"WebPage\",\"@id\":\"https:\/\/www.intarcon.com\/de\/produkt\/intarblock-fur-die-tur-hfc\/\",\"url\":\"https:\/\/www.intarcon.com\/de\/produkt\/intarblock-fur-die-tur-r290\/\",\"name\":\"intarblock f\u00fcr die T\u00fcr - INTARCON\",\"isPartOf\":{\"@id\":\"https:\/\/www.intarcon.com\/de\/#website\"},\"primaryImageOfPage\":{\"@id\":\"https:\/\/www.intarcon.com\/de\/produkt\/intarblock-fur-die-tur-r290\/#primaryimage\"},\"image\":{\"@id\":\"https:\/\/www.intarcon.com\/de\/produkt\/intarblock-fur-die-tur-r290\/#primaryimage\"},\"thumbnailUrl\":\"https:\/\/www.intarcon.com\/wp-content\/uploads\/2019\/06\/equipo-refrigeracion-compacto-puerta-intarblock-hfc.webp\",\"datePublished\":\"2019-06-27T05:47:20+00:00\",\"dateModified\":\"2024-12-12T11:07:06+00:00\",\"description\":\"Unsere intarblock f\u00fcr die T\u00fcr sind kompakte Monoblock-Ger\u00e4te f\u00fcr kleine K\u00fchl- und Tiefk\u00fchlr\u00e4ume, optional mit R-290-K\u00e4ltemittel und im Ger\u00e4t integriertem Luftschleier.\",\"breadcrumb\":{\"@id\":\"https:\/\/www.intarcon.com\/de\/produkt\/intarblock-fur-die-tur-r290\/#breadcrumb\"},\"inLanguage\":\"de\",\"potentialAction\":[{\"@type\":\"ReadAction\",\"target\":[\"https:\/\/www.intarcon.com\/de\/produkt\/intarblock-fur-die-tur-r290\/\"]}]},{\"@type\":\"ImageObject\",\"inLanguage\":\"de\",\"@id\":\"https:\/\/www.intarcon.com\/de\/produkt\/intarblock-fur-die-tur-r290\/#primaryimage\",\"url\":\"https:\/\/www.intarcon.com\/wp-content\/uploads\/2019\/06\/equipo-refrigeracion-compacto-puerta-intarblock-hfc.webp\",\"contentUrl\":\"https:\/\/www.intarcon.com\/wp-content\/uploads\/2019\/06\/equipo-refrigeracion-compacto-puerta-intarblock-hfc.webp\",\"width\":600,\"height\":600,\"caption\":\"Equipo de refrigeraci\u00f3n compacto de puerta HFC intarblock - INTARCON\"},{\"@type\":\"BreadcrumbList\",\"@id\":\"https:\/\/www.intarcon.com\/de\/produkt\/intarblock-fur-die-tur-r290\/#breadcrumb\",\"itemListElement\":[{\"@type\":\"ListItem\",\"position\":1,\"name\":\"Portada\",\"item\":\"https:\/\/www.intarcon.com\/de\/\"},{\"@type\":\"ListItem\",\"position\":2,\"name\":\"Producto\",\"item\":\"https:\/\/www.intarcon.com\/producto\/\"},{\"@type\":\"ListItem\",\"position\":3,\"name\":\"R290\",\"item\":\"https:\/\/www.intarcon.com\/de\/technologie\/r290\/\"},{\"@type\":\"ListItem\",\"position\":4,\"name\":\"intarblock f\u00fcr die T\u00fcr\"}]},{\"@type\":\"WebSite\",\"@id\":\"https:\/\/www.intarcon.com\/de\/#website\",\"url\":\"https:\/\/www.intarcon.com\/de\/\",\"name\":\"INTARCON\",\"description\":\"\",\"potentialAction\":[{\"@type\":\"SearchAction\",\"target\":{\"@type\":\"EntryPoint\",\"urlTemplate\":\"https:\/\/www.intarcon.com\/de\/?s={search_term_string}\"},\"query-input\":{\"@type\":\"PropertyValueSpecification\",\"valueRequired\":true,\"valueName\":\"search_term_string\"}}],\"inLanguage\":\"de\"}]}<\/script>\n<!-- \/ Yoast SEO plugin. -->","yoast_head_json":{"title":"intarblock f\u00fcr die T\u00fcr - INTARCON","description":"Unsere intarblock f\u00fcr die T\u00fcr sind kompakte Monoblock-Ger\u00e4te f\u00fcr kleine K\u00fchl- und Tiefk\u00fchlr\u00e4ume, optional mit R-290-K\u00e4ltemittel und im Ger\u00e4t integriertem Luftschleier.","robots":{"index":"index","follow":"follow","max-snippet":"max-snippet:-1","max-image-preview":"max-image-preview:large","max-video-preview":"max-video-preview:-1"},"canonical":"https:\/\/www.intarcon.com\/de\/produkt\/intarblock-fur-die-tur-r290\/","og_locale":"de_DE","og_type":"article","og_title":"intarblock f\u00fcr die T\u00fcr - INTARCON","og_description":"Unsere intarblock f\u00fcr die T\u00fcr sind kompakte Monoblock-Ger\u00e4te f\u00fcr kleine K\u00fchl- und Tiefk\u00fchlr\u00e4ume, optional mit R-290-K\u00e4ltemittel und im Ger\u00e4t integriertem Luftschleier.","og_url":"https:\/\/www.intarcon.com\/de\/produkt\/intarblock-fur-die-tur-r290\/","og_site_name":"INTARCON","article_publisher":"https:\/\/www.facebook.com\/intarcon\/","article_modified_time":"2024-12-12T11:07:06+00:00","og_image":[{"width":600,"height":600,"url":"https:\/\/www.intarcon.com\/wp-content\/uploads\/2019\/06\/equipo-refrigeracion-compacto-puerta-intarblock-hfc.webp","type":"image\/webp"}],"twitter_card":"summary_large_image","twitter_site":"@Intarcon","twitter_misc":{"Est. reading time":"1 minute"},"schema":{"@context":"https:\/\/schema.org","@graph":[{"@type":"WebPage","@id":"https:\/\/www.intarcon.com\/de\/produkt\/intarblock-fur-die-tur-hfc\/","url":"https:\/\/www.intarcon.com\/de\/produkt\/intarblock-fur-die-tur-r290\/","name":"intarblock f\u00fcr die T\u00fcr - INTARCON","isPartOf":{"@id":"https:\/\/www.intarcon.com\/de\/#website"},"primaryImageOfPage":{"@id":"https:\/\/www.intarcon.com\/de\/produkt\/intarblock-fur-die-tur-r290\/#primaryimage"},"image":{"@id":"https:\/\/www.intarcon.com\/de\/produkt\/intarblock-fur-die-tur-r290\/#primaryimage"},"thumbnailUrl":"https:\/\/www.intarcon.com\/wp-content\/uploads\/2019\/06\/equipo-refrigeracion-compacto-puerta-intarblock-hfc.webp","datePublished":"2019-06-27T05:47:20+00:00","dateModified":"2024-12-12T11:07:06+00:00","description":"Unsere intarblock f\u00fcr die T\u00fcr sind kompakte Monoblock-Ger\u00e4te f\u00fcr kleine K\u00fchl- und Tiefk\u00fchlr\u00e4ume, optional mit R-290-K\u00e4ltemittel und im Ger\u00e4t integriertem Luftschleier.","breadcrumb":{"@id":"https:\/\/www.intarcon.com\/de\/produkt\/intarblock-fur-die-tur-r290\/#breadcrumb"},"inLanguage":"de","potentialAction":[{"@type":"ReadAction","target":["https:\/\/www.intarcon.com\/de\/produkt\/intarblock-fur-die-tur-r290\/"]}]},{"@type":"ImageObject","inLanguage":"de","@id":"https:\/\/www.intarcon.com\/de\/produkt\/intarblock-fur-die-tur-r290\/#primaryimage","url":"https:\/\/www.intarcon.com\/wp-content\/uploads\/2019\/06\/equipo-refrigeracion-compacto-puerta-intarblock-hfc.webp","contentUrl":"https:\/\/www.intarcon.com\/wp-content\/uploads\/2019\/06\/equipo-refrigeracion-compacto-puerta-intarblock-hfc.webp","width":600,"height":600,"caption":"Equipo de refrigeraci\u00f3n compacto de puerta HFC intarblock - INTARCON"},{"@type":"BreadcrumbList","@id":"https:\/\/www.intarcon.com\/de\/produkt\/intarblock-fur-die-tur-r290\/#breadcrumb","itemListElement":[{"@type":"ListItem","position":1,"name":"Portada","item":"https:\/\/www.intarcon.com\/de\/"},{"@type":"ListItem","position":2,"name":"Producto","item":"https:\/\/www.intarcon.com\/producto\/"},{"@type":"ListItem","position":3,"name":"R290","item":"https:\/\/www.intarcon.com\/de\/technologie\/r290\/"},{"@type":"ListItem","position":4,"name":"intarblock f\u00fcr die T\u00fcr"}]},{"@type":"WebSite","@id":"https:\/\/www.intarcon.com\/de\/#website","url":"https:\/\/www.intarcon.com\/de\/","name":"INTARCON","description":"","potentialAction":[{"@type":"SearchAction","target":{"@type":"EntryPoint","urlTemplate":"https:\/\/www.intarcon.com\/de\/?s={search_term_string}"},"query-input":{"@type":"PropertyValueSpecification","valueRequired":true,"valueName":"search_term_string"}}],"inLanguage":"de"}]}},"_links":{"self":[{"href":"https:\/\/www.intarcon.com\/de\/wp-json\/wp\/v2\/product\/70794","targetHints":{"allow":["GET"]}}],"collection":[{"href":"https:\/\/www.intarcon.com\/de\/wp-json\/wp\/v2\/product"}],"about":[{"href":"https:\/\/www.intarcon.com\/de\/wp-json\/wp\/v2\/types\/product"}],"version-history":[{"count":0,"href":"https:\/\/www.intarcon.com\/de\/wp-json\/wp\/v2\/product\/70794\/revisions"}],"wp:featuredmedia":[{"embeddable":true,"href":"https:\/\/www.intarcon.com\/de\/wp-json\/wp\/v2\/media\/89417"}],"wp:attachment":[{"href":"https:\/\/www.intarcon.com\/de\/wp-json\/wp\/v2\/media?parent=70794"}],"wp:term":[{"taxonomy":"product_brand","embeddable":true,"href":"https:\/\/www.intarcon.com\/de\/wp-json\/wp\/v2\/product_brand?post=70794"},{"taxonomy":"product_cat","embeddable":true,"href":"https:\/\/www.intarcon.com\/de\/wp-json\/wp\/v2\/product_cat?post=70794"},{"taxonomy":"product_tag","embeddable":true,"href":"https:\/\/www.intarcon.com\/de\/wp-json\/wp\/v2\/product_tag?post=70794"}],"curies":[{"name":"wp","href":"https:\/\/api.w.org\/{rel}","templated":true}]}}