{"id":70742,"date":"2022-02-07T13:33:12","date_gmt":"2022-02-07T12:33:12","guid":{"rendered":"https:\/\/www.intarcon.com\/?post_type=product&#038;p=70742"},"modified":"2022-12-13T09:40:02","modified_gmt":"2022-12-13T07:40:02","slug":"verdampfer-mit-direkter-expansion","status":"publish","type":"product","link":"https:\/\/www.intarcon.com\/de\/produkt\/verdampfer-mit-direkter-expansion\/","title":{"rendered":"Verdampfer mit direkter Expansion"},"content":{"rendered":"<p>Industrielle Verdampfer f\u00fcr gro\u00dfe K\u00fchlr\u00e4ume mit direkter Ammoniak-Expansion, mit Aufbau ausverzinktem Stahlblech mit Polyester-Verkleidung.<\/p>\n<ul>\n<li>Geringer Ammoniakbedarf.<\/li>\n<li>W\u00e4rmetauscher mit gro\u00dfer Oberfl\u00e4che.<\/li>\n<li>Leichter Einbau.<\/li>\n<\/ul>\n<p><strong>Ammoniak-Trockenexpansion<\/strong><br \/>\nVerdampfer, ausgelegt f\u00fcr den Betrieb mit Ammoniak in direkter Expansion, mit K\u00e4ltemittel-Verteilungskapillaren und Fl\u00fcssigkeitsabscheider. Die spezielle Geometrie der Rohre der industriellen Verdampfer reduziert die Bildung von Reif und erlaubt die Abtauzyklen auseinanderzuziehen. Die Auslegung der Gegenstrom-Kreisl\u00e4ufe erleichtert die Wiedererw\u00e4rmung des Gases. Dank des mit Ammoniak mischbaren \u00d6ls, erfolgt der \u00d6lr\u00fccklauf zum Verdichter im Ger\u00e4tebetrieb auf nat\u00fcrliche Weise.<\/p>\n","protected":false},"excerpt":{"rendered":"<h2 style=\"color: #999999; font-size: 18px; margin-bottom: 0px;\">Verdampfer<\/h2>\n<p style=\"color: #999999; font-size: 18px; margin-bottom: 0px;\">Direkter Expansion von NH3 f\u00fcr gro\u00dfe K\u00fchlr\u00e4ume.<\/p>\n<style>.elementor-widget-button .elementor-button{background-color:var( --e-global-color-accent );}.elementor-67792 .elementor-element.elementor-element-138d4cb .elementor-button{background-color:#0085BB;font-family:\"Roboto\", Montserrat;font-size:1.1em;font-weight:600;text-decoration:none;fill:#FFFFFF;color:#FFFFFF;border-style:solid;border-width:2px 2px 2px 2px;border-color:#0085BB;border-radius:33px 33px 33px 33px;padding:14px 20px 14px 20px;}.elementor-67792 .elementor-element.elementor-element-138d4cb .elementor-button:hover, .elementor-67792 .elementor-element.elementor-element-138d4cb .elementor-button:focus{background-color:#FFFFFF;color:#0085BB;border-color:#0085BB;}.elementor-67792 .elementor-element.elementor-element-138d4cb > .elementor-widget-container{margin:2% 0% 1% 0%;}.elementor-67792 .elementor-element.elementor-element-138d4cb .elementor-button:hover svg, .elementor-67792 .elementor-element.elementor-element-138d4cb .elementor-button:focus svg{fill:#0085BB;}@media(max-width:767px){.elementor-67792 .elementor-element.elementor-element-138d4cb > .elementor-widget-container{margin:-20px 0px 50px 0px;}}<\/style><div class=\"porto-block\" data-id=\"67792\">\t\t<div data-elementor-type=\"wp-post\" data-elementor-id=\"67792\" class=\"elementor elementor-67792 elementor-29420\" data-elementor-post-type=\"porto_builder\">\n\t\t\t\t\t\t<section class=\"elementor-section elementor-top-section elementor-element elementor-element-4601687 elementor-section-boxed elementor-section-height-default elementor-section-height-default\" data-id=\"4601687\" data-element_type=\"section\">\r\n\t\t\r\n\t\t\t\t\t\t\t<div class=\"elementor-container elementor-column-gap-default\">\r\n\t\t\t\t\t\t\t\t\t\t\t<div class=\"elementor-column elementor-col-100 elementor-top-column elementor-element elementor-element-7f3a8ac\" data-id=\"7f3a8ac\" data-element_type=\"column\">\r\n\t\t\t\t\t<div class=\"elementor-widget-wrap elementor-element-populated\">\r\n\t\t\t\t\t\t\t\t<div class=\"elementor-element elementor-element-138d4cb elementor-align-left elementor-widget elementor-widget-button\" data-id=\"138d4cb\" data-element_type=\"widget\" data-widget_type=\"button.default\">\n\t\t\t\t<div class=\"elementor-widget-container\">\n\t\t\t\t\t\t\t\t\t<div class=\"elementor-button-wrapper\">\n\t\t\t\t\t<a class=\"elementor-button elementor-button-link elementor-size-md\" href=\"https:\/\/www.intarcon.com\/de\/technische-beratung\/\" id=\"cta-asesor\u00eda\">\n\t\t\t\t\t\t<span class=\"elementor-button-content-wrapper\">\n\t\t\t\t\t\t\t\t\t<span class=\"elementor-button-text\">Technische Beratung anfordern<\/span>\n\t\t\t\t\t<\/span>\n\t\t\t\t\t<\/a>\n\t\t\t\t<\/div>\n\t\t\t\t\t\t\t\t<\/div>\n\t\t\t\t<\/div>\n\t\t\t\t\t<\/div>\r\n\t\t\t\t<\/div>\r\n\t\t\t\t\t<\/div>\r\n\t\t\t\t<\/section>\r\n\t\t\t\t<\/div>\n\t\t<\/div>\n","protected":false},"featured_media":89217,"template":"","meta":[],"product_brand":[],"product_cat":[625],"product_tag":[],"class_list":{"0":"post-70742","1":"product","2":"type-product","3":"status-publish","4":"has-post-thumbnail","6":"product_cat-nh3-verdampfer","8":"first","9":"instock","10":"shipping-taxable","11":"product-type-simple"},"yoast_head":"<!-- This site is optimized with the Yoast SEO plugin v25.5 - https:\/\/yoast.com\/wordpress\/plugins\/seo\/ -->\n<title>Verdampfer mit direkter Expansion - INTARCON<\/title>\n<meta name=\"description\" content=\"Entdecken Sie die Vorteile des neuen Verdampfer mit direkter Expansion von INTARCON. Lernen Sie auch die NH3-Technologie kennen.\" \/>\n<meta name=\"robots\" content=\"index, follow, max-snippet:-1, max-image-preview:large, max-video-preview:-1\" \/>\n<link rel=\"canonical\" href=\"https:\/\/www.intarcon.com\/de\/produkt\/verdampfer-mit-direkter-expansion\/\" \/>\n<meta property=\"og:locale\" content=\"de_DE\" \/>\n<meta property=\"og:type\" content=\"article\" \/>\n<meta property=\"og:title\" content=\"Verdampfer mit direkter Expansion - INTARCON\" \/>\n<meta property=\"og:description\" content=\"Entdecken Sie die Vorteile des neuen Verdampfer mit direkter Expansion von INTARCON. Lernen Sie auch die NH3-Technologie kennen.\" \/>\n<meta property=\"og:url\" content=\"https:\/\/www.intarcon.com\/de\/produkt\/verdampfer-mit-direkter-expansion\/\" \/>\n<meta property=\"og:site_name\" content=\"INTARCON\" \/>\n<meta property=\"article:publisher\" content=\"https:\/\/www.facebook.com\/intarcon\/\" \/>\n<meta property=\"article:modified_time\" content=\"2022-12-13T07:40:02+00:00\" \/>\n<meta property=\"og:image\" content=\"https:\/\/www.intarcon.com\/wp-content\/uploads\/2022\/02\/Evaporador-expansion-directa-nh3-ammolite.webp\" \/>\n\t<meta property=\"og:image:width\" content=\"600\" \/>\n\t<meta property=\"og:image:height\" content=\"600\" \/>\n\t<meta property=\"og:image:type\" content=\"image\/webp\" \/>\n<meta name=\"twitter:card\" content=\"summary_large_image\" \/>\n<meta name=\"twitter:site\" content=\"@Intarcon\" \/>\n<script type=\"application\/ld+json\" class=\"yoast-schema-graph\">{\"@context\":\"https:\/\/schema.org\",\"@graph\":[{\"@type\":\"WebPage\",\"@id\":\"https:\/\/www.intarcon.com\/de\/produkt\/verdampfer-mit-direkter-expansion\/\",\"url\":\"https:\/\/www.intarcon.com\/de\/produkt\/verdampfer-mit-direkter-expansion\/\",\"name\":\"Verdampfer mit direkter Expansion - INTARCON\",\"isPartOf\":{\"@id\":\"https:\/\/www.intarcon.com\/de\/#website\"},\"primaryImageOfPage\":{\"@id\":\"https:\/\/www.intarcon.com\/de\/produkt\/verdampfer-mit-direkter-expansion\/#primaryimage\"},\"image\":{\"@id\":\"https:\/\/www.intarcon.com\/de\/produkt\/verdampfer-mit-direkter-expansion\/#primaryimage\"},\"thumbnailUrl\":\"https:\/\/www.intarcon.com\/wp-content\/uploads\/2022\/02\/Evaporador-expansion-directa-nh3-ammolite.webp\",\"datePublished\":\"2022-02-07T12:33:12+00:00\",\"dateModified\":\"2022-12-13T07:40:02+00:00\",\"description\":\"Entdecken Sie die Vorteile des neuen Verdampfer mit direkter Expansion von INTARCON. Lernen Sie auch die NH3-Technologie kennen.\",\"breadcrumb\":{\"@id\":\"https:\/\/www.intarcon.com\/de\/produkt\/verdampfer-mit-direkter-expansion\/#breadcrumb\"},\"inLanguage\":\"de\",\"potentialAction\":[{\"@type\":\"ReadAction\",\"target\":[\"https:\/\/www.intarcon.com\/de\/produkt\/verdampfer-mit-direkter-expansion\/\"]}]},{\"@type\":\"ImageObject\",\"inLanguage\":\"de\",\"@id\":\"https:\/\/www.intarcon.com\/de\/produkt\/verdampfer-mit-direkter-expansion\/#primaryimage\",\"url\":\"https:\/\/www.intarcon.com\/wp-content\/uploads\/2022\/02\/Evaporador-expansion-directa-nh3-ammolite.webp\",\"contentUrl\":\"https:\/\/www.intarcon.com\/wp-content\/uploads\/2022\/02\/Evaporador-expansion-directa-nh3-ammolite.webp\",\"width\":600,\"height\":600,\"caption\":\"Evaporador c\u00fabico industrial de expansion directa de NH3 o amon\u00edaco - INTARCON\"},{\"@type\":\"BreadcrumbList\",\"@id\":\"https:\/\/www.intarcon.com\/de\/produkt\/verdampfer-mit-direkter-expansion\/#breadcrumb\",\"itemListElement\":[{\"@type\":\"ListItem\",\"position\":1,\"name\":\"Portada\",\"item\":\"https:\/\/www.intarcon.com\/de\/\"},{\"@type\":\"ListItem\",\"position\":2,\"name\":\"Producto\",\"item\":\"https:\/\/www.intarcon.com\/producto\/\"},{\"@type\":\"ListItem\",\"position\":3,\"name\":\"NH3\",\"item\":\"https:\/\/www.intarcon.com\/de\/technologie\/nh3-kaltetechnik\/\"},{\"@type\":\"ListItem\",\"position\":4,\"name\":\"NH3 - Verdampfer\",\"item\":\"https:\/\/www.intarcon.com\/de\/technologie\/nh3-kaltetechnik\/nh3-verdampfer\/\"},{\"@type\":\"ListItem\",\"position\":5,\"name\":\"Verdampfer mit direkter Expansion\"}]},{\"@type\":\"WebSite\",\"@id\":\"https:\/\/www.intarcon.com\/de\/#website\",\"url\":\"https:\/\/www.intarcon.com\/de\/\",\"name\":\"INTARCON\",\"description\":\"\",\"potentialAction\":[{\"@type\":\"SearchAction\",\"target\":{\"@type\":\"EntryPoint\",\"urlTemplate\":\"https:\/\/www.intarcon.com\/de\/?s={search_term_string}\"},\"query-input\":{\"@type\":\"PropertyValueSpecification\",\"valueRequired\":true,\"valueName\":\"search_term_string\"}}],\"inLanguage\":\"de\"}]}<\/script>\n<!-- \/ Yoast SEO plugin. -->","yoast_head_json":{"title":"Verdampfer mit direkter Expansion - INTARCON","description":"Entdecken Sie die Vorteile des neuen Verdampfer mit direkter Expansion von INTARCON. Lernen Sie auch die NH3-Technologie kennen.","robots":{"index":"index","follow":"follow","max-snippet":"max-snippet:-1","max-image-preview":"max-image-preview:large","max-video-preview":"max-video-preview:-1"},"canonical":"https:\/\/www.intarcon.com\/de\/produkt\/verdampfer-mit-direkter-expansion\/","og_locale":"de_DE","og_type":"article","og_title":"Verdampfer mit direkter Expansion - INTARCON","og_description":"Entdecken Sie die Vorteile des neuen Verdampfer mit direkter Expansion von INTARCON. Lernen Sie auch die NH3-Technologie kennen.","og_url":"https:\/\/www.intarcon.com\/de\/produkt\/verdampfer-mit-direkter-expansion\/","og_site_name":"INTARCON","article_publisher":"https:\/\/www.facebook.com\/intarcon\/","article_modified_time":"2022-12-13T07:40:02+00:00","og_image":[{"width":600,"height":600,"url":"https:\/\/www.intarcon.com\/wp-content\/uploads\/2022\/02\/Evaporador-expansion-directa-nh3-ammolite.webp","type":"image\/webp"}],"twitter_card":"summary_large_image","twitter_site":"@Intarcon","schema":{"@context":"https:\/\/schema.org","@graph":[{"@type":"WebPage","@id":"https:\/\/www.intarcon.com\/de\/produkt\/verdampfer-mit-direkter-expansion\/","url":"https:\/\/www.intarcon.com\/de\/produkt\/verdampfer-mit-direkter-expansion\/","name":"Verdampfer mit direkter Expansion - INTARCON","isPartOf":{"@id":"https:\/\/www.intarcon.com\/de\/#website"},"primaryImageOfPage":{"@id":"https:\/\/www.intarcon.com\/de\/produkt\/verdampfer-mit-direkter-expansion\/#primaryimage"},"image":{"@id":"https:\/\/www.intarcon.com\/de\/produkt\/verdampfer-mit-direkter-expansion\/#primaryimage"},"thumbnailUrl":"https:\/\/www.intarcon.com\/wp-content\/uploads\/2022\/02\/Evaporador-expansion-directa-nh3-ammolite.webp","datePublished":"2022-02-07T12:33:12+00:00","dateModified":"2022-12-13T07:40:02+00:00","description":"Entdecken Sie die Vorteile des neuen Verdampfer mit direkter Expansion von INTARCON. Lernen Sie auch die NH3-Technologie kennen.","breadcrumb":{"@id":"https:\/\/www.intarcon.com\/de\/produkt\/verdampfer-mit-direkter-expansion\/#breadcrumb"},"inLanguage":"de","potentialAction":[{"@type":"ReadAction","target":["https:\/\/www.intarcon.com\/de\/produkt\/verdampfer-mit-direkter-expansion\/"]}]},{"@type":"ImageObject","inLanguage":"de","@id":"https:\/\/www.intarcon.com\/de\/produkt\/verdampfer-mit-direkter-expansion\/#primaryimage","url":"https:\/\/www.intarcon.com\/wp-content\/uploads\/2022\/02\/Evaporador-expansion-directa-nh3-ammolite.webp","contentUrl":"https:\/\/www.intarcon.com\/wp-content\/uploads\/2022\/02\/Evaporador-expansion-directa-nh3-ammolite.webp","width":600,"height":600,"caption":"Evaporador c\u00fabico industrial de expansion directa de NH3 o amon\u00edaco - INTARCON"},{"@type":"BreadcrumbList","@id":"https:\/\/www.intarcon.com\/de\/produkt\/verdampfer-mit-direkter-expansion\/#breadcrumb","itemListElement":[{"@type":"ListItem","position":1,"name":"Portada","item":"https:\/\/www.intarcon.com\/de\/"},{"@type":"ListItem","position":2,"name":"Producto","item":"https:\/\/www.intarcon.com\/producto\/"},{"@type":"ListItem","position":3,"name":"NH3","item":"https:\/\/www.intarcon.com\/de\/technologie\/nh3-kaltetechnik\/"},{"@type":"ListItem","position":4,"name":"NH3 - Verdampfer","item":"https:\/\/www.intarcon.com\/de\/technologie\/nh3-kaltetechnik\/nh3-verdampfer\/"},{"@type":"ListItem","position":5,"name":"Verdampfer mit direkter Expansion"}]},{"@type":"WebSite","@id":"https:\/\/www.intarcon.com\/de\/#website","url":"https:\/\/www.intarcon.com\/de\/","name":"INTARCON","description":"","potentialAction":[{"@type":"SearchAction","target":{"@type":"EntryPoint","urlTemplate":"https:\/\/www.intarcon.com\/de\/?s={search_term_string}"},"query-input":{"@type":"PropertyValueSpecification","valueRequired":true,"valueName":"search_term_string"}}],"inLanguage":"de"}]}},"_links":{"self":[{"href":"https:\/\/www.intarcon.com\/de\/wp-json\/wp\/v2\/product\/70742","targetHints":{"allow":["GET"]}}],"collection":[{"href":"https:\/\/www.intarcon.com\/de\/wp-json\/wp\/v2\/product"}],"about":[{"href":"https:\/\/www.intarcon.com\/de\/wp-json\/wp\/v2\/types\/product"}],"version-history":[{"count":0,"href":"https:\/\/www.intarcon.com\/de\/wp-json\/wp\/v2\/product\/70742\/revisions"}],"wp:featuredmedia":[{"embeddable":true,"href":"https:\/\/www.intarcon.com\/de\/wp-json\/wp\/v2\/media\/89217"}],"wp:attachment":[{"href":"https:\/\/www.intarcon.com\/de\/wp-json\/wp\/v2\/media?parent=70742"}],"wp:term":[{"taxonomy":"product_brand","embeddable":true,"href":"https:\/\/www.intarcon.com\/de\/wp-json\/wp\/v2\/product_brand?post=70742"},{"taxonomy":"product_cat","embeddable":true,"href":"https:\/\/www.intarcon.com\/de\/wp-json\/wp\/v2\/product_cat?post=70742"},{"taxonomy":"product_tag","embeddable":true,"href":"https:\/\/www.intarcon.com\/de\/wp-json\/wp\/v2\/product_tag?post=70742"}],"curies":[{"name":"wp","href":"https:\/\/api.w.org\/{rel}","templated":true}]}}