{"id":70735,"date":"2022-02-04T14:47:32","date_gmt":"2022-02-04T13:47:32","guid":{"rendered":"https:\/\/www.intarcon.com\/?post_type=product&#038;p=70735"},"modified":"2023-08-03T14:40:10","modified_gmt":"2023-08-03T12:40:10","slug":"nh3-kondensationsanlagen","status":"publish","type":"product","link":"https:\/\/www.intarcon.com\/de\/produkt\/nh3-kondensationsanlagen\/","title":{"rendered":"NH3-Kondensationsanlagen"},"content":{"rendered":"<p>Ammoniak-K\u00fchlanlagen mit direkter Expansion und der von INTARCON entwickelten Technologie der geringen F\u00fcllmenge f\u00fcr industrielle Niedertemperatur-Anwendungen. Kompakte Konstruktion mit Luftkondensation, mit Aufbau und Rahmen aus verzinktem Stahl und Polyester-Lack f\u00fcr die Installation im Au\u00dfenbereich.<\/p>\n<ul>\n<li>Plug &amp; Play.<\/li>\n<li>Geringer Ammoniakbedarf.<\/li>\n<li>Ohne Maschinenraum.<\/li>\n<li>Ohne Wasserverbrauch.<\/li>\n<\/ul>\n","protected":false},"excerpt":{"rendered":"<h2 style=\"color: #999999; font-size: 18px; margin-bottom: 0px;\">Direkte Expansion<\/h2>\n<p><span style=\"font-size: 18px; color: #999999;\">Ammoniak-K\u00fchlanlagen<\/span>\u00a0<style>.elementor-widget-button .elementor-button{background-color:var( --e-global-color-accent );}.elementor-67792 .elementor-element.elementor-element-138d4cb .elementor-button{background-color:#0085BB;font-family:\"Roboto\", Montserrat;font-size:1.1em;font-weight:600;text-decoration:none;fill:#FFFFFF;color:#FFFFFF;border-style:solid;border-width:2px 2px 2px 2px;border-color:#0085BB;border-radius:33px 33px 33px 33px;padding:14px 20px 14px 20px;}.elementor-67792 .elementor-element.elementor-element-138d4cb .elementor-button:hover, .elementor-67792 .elementor-element.elementor-element-138d4cb .elementor-button:focus{background-color:#FFFFFF;color:#0085BB;border-color:#0085BB;}.elementor-67792 .elementor-element.elementor-element-138d4cb > .elementor-widget-container{margin:2% 0% 1% 0%;}.elementor-67792 .elementor-element.elementor-element-138d4cb .elementor-button:hover svg, .elementor-67792 .elementor-element.elementor-element-138d4cb .elementor-button:focus svg{fill:#0085BB;}@media(max-width:767px){.elementor-67792 .elementor-element.elementor-element-138d4cb > .elementor-widget-container{margin:-20px 0px 50px 0px;}}<\/style><div class=\"porto-block\" data-id=\"67792\">\t\t<div data-elementor-type=\"wp-post\" data-elementor-id=\"67792\" class=\"elementor elementor-67792 elementor-29420\" data-elementor-post-type=\"porto_builder\">\n\t\t\t\t\t\t<section class=\"elementor-section elementor-top-section elementor-element elementor-element-4601687 elementor-section-boxed elementor-section-height-default elementor-section-height-default\" data-id=\"4601687\" data-element_type=\"section\">\r\n\t\t\r\n\t\t\t\t\t\t\t<div class=\"elementor-container elementor-column-gap-default\">\r\n\t\t\t\t\t\t\t\t\t\t\t<div class=\"elementor-column elementor-col-100 elementor-top-column elementor-element elementor-element-7f3a8ac\" data-id=\"7f3a8ac\" data-element_type=\"column\">\r\n\t\t\t\t\t<div class=\"elementor-widget-wrap elementor-element-populated\">\r\n\t\t\t\t\t\t\t\t<div class=\"elementor-element elementor-element-138d4cb elementor-align-left elementor-widget elementor-widget-button\" data-id=\"138d4cb\" data-element_type=\"widget\" data-widget_type=\"button.default\">\n\t\t\t\t<div class=\"elementor-widget-container\">\n\t\t\t\t\t\t\t\t\t<div class=\"elementor-button-wrapper\">\n\t\t\t\t\t<a class=\"elementor-button elementor-button-link elementor-size-md\" href=\"https:\/\/www.intarcon.com\/de\/technische-beratung\/\" id=\"cta-asesor\u00eda\">\n\t\t\t\t\t\t<span class=\"elementor-button-content-wrapper\">\n\t\t\t\t\t\t\t\t\t<span class=\"elementor-button-text\">Technische Beratung anfordern<\/span>\n\t\t\t\t\t<\/span>\n\t\t\t\t\t<\/a>\n\t\t\t\t<\/div>\n\t\t\t\t\t\t\t\t<\/div>\n\t\t\t\t<\/div>\n\t\t\t\t\t<\/div>\r\n\t\t\t\t<\/div>\r\n\t\t\t\t\t<\/div>\r\n\t\t\t\t<\/section>\r\n\t\t\t\t<\/div>\n\t\t<\/div> <img decoding=\"async\" class=\"alignleft wp-image-52099\" src=\"https:\/\/www.intarcon.com\/wp-content\/uploads\/2022\/03\/Utility-Modell-Ammolite-1.webp\" alt=\"utility modell ammolite\" width=\"150\" height=\"146\" \/><\/p>\n","protected":false},"featured_media":89211,"template":"","meta":[],"product_brand":[],"product_cat":[622,624],"product_tag":[],"class_list":{"0":"post-70735","1":"product","2":"type-product","3":"status-publish","4":"has-post-thumbnail","6":"product_cat-nh3-kaltetechnik","7":"product_cat-direkte-expansion-von-nh3","9":"first","10":"instock","11":"shipping-taxable","12":"product-type-simple"},"yoast_head":"<!-- This site is optimized with the Yoast SEO plugin v25.5 - https:\/\/yoast.com\/wordpress\/plugins\/seo\/ -->\n<title>NH3-Kondensationsanlagen - INTARCON<\/title>\n<meta name=\"description\" content=\"NH3-Kondensationsanlagen mit Direktexpansion und Low-Charge-Technologie, entwickelt von INTARCON f\u00fcr industrielle Niedertemperaturanwendungen.\" \/>\n<meta name=\"robots\" content=\"index, follow, max-snippet:-1, max-image-preview:large, max-video-preview:-1\" \/>\n<link rel=\"canonical\" href=\"https:\/\/www.intarcon.com\/de\/produkt\/nh3-kondensationsanlagen\/\" \/>\n<meta property=\"og:locale\" content=\"de_DE\" \/>\n<meta property=\"og:type\" content=\"article\" \/>\n<meta property=\"og:title\" content=\"NH3-Kondensationsanlagen - INTARCON\" \/>\n<meta property=\"og:description\" content=\"NH3-Kondensationsanlagen mit Direktexpansion und Low-Charge-Technologie, entwickelt von INTARCON f\u00fcr industrielle Niedertemperaturanwendungen.\" \/>\n<meta property=\"og:url\" content=\"https:\/\/www.intarcon.com\/de\/produkt\/nh3-kondensationsanlagen\/\" \/>\n<meta property=\"og:site_name\" content=\"INTARCON\" \/>\n<meta property=\"article:publisher\" content=\"https:\/\/www.facebook.com\/intarcon\/\" \/>\n<meta property=\"article:modified_time\" content=\"2023-08-03T12:40:10+00:00\" \/>\n<meta property=\"og:image\" content=\"https:\/\/www.intarcon.com\/wp-content\/uploads\/2022\/03\/central-ammolite-1.webp\" \/>\n\t<meta property=\"og:image:width\" content=\"600\" \/>\n\t<meta property=\"og:image:height\" content=\"600\" \/>\n\t<meta property=\"og:image:type\" content=\"image\/webp\" \/>\n<meta name=\"twitter:card\" content=\"summary_large_image\" \/>\n<meta name=\"twitter:site\" content=\"@Intarcon\" \/>\n<script type=\"application\/ld+json\" class=\"yoast-schema-graph\">{\"@context\":\"https:\/\/schema.org\",\"@graph\":[{\"@type\":\"WebPage\",\"@id\":\"https:\/\/www.intarcon.com\/de\/produkt\/nh3-kondensationsanlagen\/\",\"url\":\"https:\/\/www.intarcon.com\/de\/produkt\/nh3-kondensationsanlagen\/\",\"name\":\"NH3-Kondensationsanlagen - INTARCON\",\"isPartOf\":{\"@id\":\"https:\/\/www.intarcon.com\/de\/#website\"},\"primaryImageOfPage\":{\"@id\":\"https:\/\/www.intarcon.com\/de\/produkt\/nh3-kondensationsanlagen\/#primaryimage\"},\"image\":{\"@id\":\"https:\/\/www.intarcon.com\/de\/produkt\/nh3-kondensationsanlagen\/#primaryimage\"},\"thumbnailUrl\":\"https:\/\/www.intarcon.com\/wp-content\/uploads\/2022\/02\/central-refrigeracion-nh3-ammolite.webp\",\"datePublished\":\"2022-02-04T13:47:32+00:00\",\"dateModified\":\"2023-08-03T12:40:10+00:00\",\"description\":\"NH3-Kondensationsanlagen mit Direktexpansion und Low-Charge-Technologie, entwickelt von INTARCON f\u00fcr industrielle Niedertemperaturanwendungen.\",\"breadcrumb\":{\"@id\":\"https:\/\/www.intarcon.com\/de\/produkt\/nh3-kondensationsanlagen\/#breadcrumb\"},\"inLanguage\":\"de\",\"potentialAction\":[{\"@type\":\"ReadAction\",\"target\":[\"https:\/\/www.intarcon.com\/de\/produkt\/nh3-kondensationsanlagen\/\"]}]},{\"@type\":\"ImageObject\",\"inLanguage\":\"de\",\"@id\":\"https:\/\/www.intarcon.com\/de\/produkt\/nh3-kondensationsanlagen\/#primaryimage\",\"url\":\"https:\/\/www.intarcon.com\/wp-content\/uploads\/2022\/02\/central-refrigeracion-nh3-ammolite.webp\",\"contentUrl\":\"https:\/\/www.intarcon.com\/wp-content\/uploads\/2022\/02\/central-refrigeracion-nh3-ammolite.webp\",\"width\":600,\"height\":600,\"caption\":\"Central de refrigeraci\u00f3n NH3 para refrigeraci\u00f3n con amon\u00edaco - INTARCON\"},{\"@type\":\"BreadcrumbList\",\"@id\":\"https:\/\/www.intarcon.com\/de\/produkt\/nh3-kondensationsanlagen\/#breadcrumb\",\"itemListElement\":[{\"@type\":\"ListItem\",\"position\":1,\"name\":\"Portada\",\"item\":\"https:\/\/www.intarcon.com\/de\/\"},{\"@type\":\"ListItem\",\"position\":2,\"name\":\"Producto\",\"item\":\"https:\/\/www.intarcon.com\/producto\/\"},{\"@type\":\"ListItem\",\"position\":3,\"name\":\"NH3\",\"item\":\"https:\/\/www.intarcon.com\/de\/technologie\/nh3-kaltetechnik\/\"},{\"@type\":\"ListItem\",\"position\":4,\"name\":\"Direkte Expansion von NH3\",\"item\":\"https:\/\/www.intarcon.com\/de\/technologie\/nh3-kaltetechnik\/direkte-expansion-von-nh3\/\"},{\"@type\":\"ListItem\",\"position\":5,\"name\":\"NH3-Kondensationsanlagen\"}]},{\"@type\":\"WebSite\",\"@id\":\"https:\/\/www.intarcon.com\/de\/#website\",\"url\":\"https:\/\/www.intarcon.com\/de\/\",\"name\":\"INTARCON\",\"description\":\"\",\"potentialAction\":[{\"@type\":\"SearchAction\",\"target\":{\"@type\":\"EntryPoint\",\"urlTemplate\":\"https:\/\/www.intarcon.com\/de\/?s={search_term_string}\"},\"query-input\":{\"@type\":\"PropertyValueSpecification\",\"valueRequired\":true,\"valueName\":\"search_term_string\"}}],\"inLanguage\":\"de\"}]}<\/script>\n<!-- \/ Yoast SEO plugin. -->","yoast_head_json":{"title":"NH3-Kondensationsanlagen - INTARCON","description":"NH3-Kondensationsanlagen mit Direktexpansion und Low-Charge-Technologie, entwickelt von INTARCON f\u00fcr industrielle Niedertemperaturanwendungen.","robots":{"index":"index","follow":"follow","max-snippet":"max-snippet:-1","max-image-preview":"max-image-preview:large","max-video-preview":"max-video-preview:-1"},"canonical":"https:\/\/www.intarcon.com\/de\/produkt\/nh3-kondensationsanlagen\/","og_locale":"de_DE","og_type":"article","og_title":"NH3-Kondensationsanlagen - INTARCON","og_description":"NH3-Kondensationsanlagen mit Direktexpansion und Low-Charge-Technologie, entwickelt von INTARCON f\u00fcr industrielle Niedertemperaturanwendungen.","og_url":"https:\/\/www.intarcon.com\/de\/produkt\/nh3-kondensationsanlagen\/","og_site_name":"INTARCON","article_publisher":"https:\/\/www.facebook.com\/intarcon\/","article_modified_time":"2023-08-03T12:40:10+00:00","og_image":[{"width":600,"height":600,"url":"https:\/\/www.intarcon.com\/wp-content\/uploads\/2022\/03\/central-ammolite-1.webp","type":"image\/webp"}],"twitter_card":"summary_large_image","twitter_site":"@Intarcon","schema":{"@context":"https:\/\/schema.org","@graph":[{"@type":"WebPage","@id":"https:\/\/www.intarcon.com\/de\/produkt\/nh3-kondensationsanlagen\/","url":"https:\/\/www.intarcon.com\/de\/produkt\/nh3-kondensationsanlagen\/","name":"NH3-Kondensationsanlagen - INTARCON","isPartOf":{"@id":"https:\/\/www.intarcon.com\/de\/#website"},"primaryImageOfPage":{"@id":"https:\/\/www.intarcon.com\/de\/produkt\/nh3-kondensationsanlagen\/#primaryimage"},"image":{"@id":"https:\/\/www.intarcon.com\/de\/produkt\/nh3-kondensationsanlagen\/#primaryimage"},"thumbnailUrl":"https:\/\/www.intarcon.com\/wp-content\/uploads\/2022\/02\/central-refrigeracion-nh3-ammolite.webp","datePublished":"2022-02-04T13:47:32+00:00","dateModified":"2023-08-03T12:40:10+00:00","description":"NH3-Kondensationsanlagen mit Direktexpansion und Low-Charge-Technologie, entwickelt von INTARCON f\u00fcr industrielle Niedertemperaturanwendungen.","breadcrumb":{"@id":"https:\/\/www.intarcon.com\/de\/produkt\/nh3-kondensationsanlagen\/#breadcrumb"},"inLanguage":"de","potentialAction":[{"@type":"ReadAction","target":["https:\/\/www.intarcon.com\/de\/produkt\/nh3-kondensationsanlagen\/"]}]},{"@type":"ImageObject","inLanguage":"de","@id":"https:\/\/www.intarcon.com\/de\/produkt\/nh3-kondensationsanlagen\/#primaryimage","url":"https:\/\/www.intarcon.com\/wp-content\/uploads\/2022\/02\/central-refrigeracion-nh3-ammolite.webp","contentUrl":"https:\/\/www.intarcon.com\/wp-content\/uploads\/2022\/02\/central-refrigeracion-nh3-ammolite.webp","width":600,"height":600,"caption":"Central de refrigeraci\u00f3n NH3 para refrigeraci\u00f3n con amon\u00edaco - INTARCON"},{"@type":"BreadcrumbList","@id":"https:\/\/www.intarcon.com\/de\/produkt\/nh3-kondensationsanlagen\/#breadcrumb","itemListElement":[{"@type":"ListItem","position":1,"name":"Portada","item":"https:\/\/www.intarcon.com\/de\/"},{"@type":"ListItem","position":2,"name":"Producto","item":"https:\/\/www.intarcon.com\/producto\/"},{"@type":"ListItem","position":3,"name":"NH3","item":"https:\/\/www.intarcon.com\/de\/technologie\/nh3-kaltetechnik\/"},{"@type":"ListItem","position":4,"name":"Direkte Expansion von NH3","item":"https:\/\/www.intarcon.com\/de\/technologie\/nh3-kaltetechnik\/direkte-expansion-von-nh3\/"},{"@type":"ListItem","position":5,"name":"NH3-Kondensationsanlagen"}]},{"@type":"WebSite","@id":"https:\/\/www.intarcon.com\/de\/#website","url":"https:\/\/www.intarcon.com\/de\/","name":"INTARCON","description":"","potentialAction":[{"@type":"SearchAction","target":{"@type":"EntryPoint","urlTemplate":"https:\/\/www.intarcon.com\/de\/?s={search_term_string}"},"query-input":{"@type":"PropertyValueSpecification","valueRequired":true,"valueName":"search_term_string"}}],"inLanguage":"de"}]}},"_links":{"self":[{"href":"https:\/\/www.intarcon.com\/de\/wp-json\/wp\/v2\/product\/70735","targetHints":{"allow":["GET"]}}],"collection":[{"href":"https:\/\/www.intarcon.com\/de\/wp-json\/wp\/v2\/product"}],"about":[{"href":"https:\/\/www.intarcon.com\/de\/wp-json\/wp\/v2\/types\/product"}],"version-history":[{"count":0,"href":"https:\/\/www.intarcon.com\/de\/wp-json\/wp\/v2\/product\/70735\/revisions"}],"wp:featuredmedia":[{"embeddable":true,"href":"https:\/\/www.intarcon.com\/de\/wp-json\/wp\/v2\/media\/89211"}],"wp:attachment":[{"href":"https:\/\/www.intarcon.com\/de\/wp-json\/wp\/v2\/media?parent=70735"}],"wp:term":[{"taxonomy":"product_brand","embeddable":true,"href":"https:\/\/www.intarcon.com\/de\/wp-json\/wp\/v2\/product_brand?post=70735"},{"taxonomy":"product_cat","embeddable":true,"href":"https:\/\/www.intarcon.com\/de\/wp-json\/wp\/v2\/product_cat?post=70735"},{"taxonomy":"product_tag","embeddable":true,"href":"https:\/\/www.intarcon.com\/de\/wp-json\/wp\/v2\/product_tag?post=70735"}],"curies":[{"name":"wp","href":"https:\/\/api.w.org\/{rel}","templated":true}]}}