{"id":70641,"date":"2019-06-23T15:59:04","date_gmt":"2019-06-23T13:59:04","guid":{"rendered":"https:\/\/www.intarcon.com\/?post_type=product&#038;p=70641"},"modified":"2022-12-13T11:04:05","modified_gmt":"2022-12-13T09:04:05","slug":"eco2cube","status":"publish","type":"product","link":"https:\/\/www.intarcon.com\/de\/produkt\/eco2cube\/","title":{"rendered":"ECO2CUBE"},"content":{"rendered":"<p>Unsere ECO2CUBE sind transkritische Monoblock CO<sub>2<\/sub>-Anlagen mit integriertem Gask\u00fchler f\u00fcr die gleichzeitige Produktion von positiver und negativer K\u00e4lte bei gewerblichen Anwendungen von 30 bis 100 kW K\u00fchlleistung.<\/p>\n<ul>\n<li>Hohe Zuverl\u00e4ssigkeit und Energieeffizienz in warmen Klimaten.<\/li>\n<li>\u00d6kologische Nachhaltigkeit.<\/li>\n<li>Schnellinstallation Plug &amp; Play.<\/li>\n<li>Gem\u00e4\u00df F-Gas 2022.<\/li>\n<\/ul>\n<p><img fetchpriority=\"high\" decoding=\"async\" class=\"aligncenter\" src=\"https:\/\/www.intarcon.com\/wp-content\/uploads\/2019\/06\/en-2022-components-eco2cube.webp\" alt=\"Components ECO2Cube INTARCON\" width=\"861\" height=\"417\" \/><\/p>\n<p><strong>Montagebeispiel im Supermarkt<\/strong><\/p>\n<p>Die Reihe ECO2CUBE ist auf die K\u00fchlanforderungen bei unterschiedlichen Temperaturen in<br \/>\nSuperm\u00e4rkten mit mittlerer Ladenfl\u00e4che oder anderen gewerblichen Einrichtungen ausgelegt.<\/p>\n<p><img decoding=\"async\" class=\"aligncenter\" src=\"https:\/\/www.intarcon.com\/wp-content\/uploads\/2019\/06\/en-2022-installation-eco2cube.webp\" alt=\"Installation ECO2Cube - INTARCON\" width=\"837\" height=\"463\" \/><\/p>\n","protected":false},"excerpt":{"rendered":"<h2 style=\"color: #999999; font-size: 18px; margin-bottom: 0px;\">CO<sub>2<\/sub>-K\u00fchlsysteme<\/h2>\n<p><span style=\"font-size: 18px; color: #999999;\">K\u00fchlleistung 20-60 kW (NT + PT)<\/span> <style>.elementor-widget-button .elementor-button{background-color:var( --e-global-color-accent );}.elementor-67792 .elementor-element.elementor-element-138d4cb .elementor-button{background-color:#0085BB;font-family:\"Roboto\", Montserrat;font-size:1.1em;font-weight:600;text-decoration:none;fill:#FFFFFF;color:#FFFFFF;border-style:solid;border-width:2px 2px 2px 2px;border-color:#0085BB;border-radius:33px 33px 33px 33px;padding:14px 20px 14px 20px;}.elementor-67792 .elementor-element.elementor-element-138d4cb .elementor-button:hover, .elementor-67792 .elementor-element.elementor-element-138d4cb .elementor-button:focus{background-color:#FFFFFF;color:#0085BB;border-color:#0085BB;}.elementor-67792 .elementor-element.elementor-element-138d4cb > .elementor-widget-container{margin:2% 0% 1% 0%;}.elementor-67792 .elementor-element.elementor-element-138d4cb .elementor-button:hover svg, .elementor-67792 .elementor-element.elementor-element-138d4cb .elementor-button:focus svg{fill:#0085BB;}@media(max-width:767px){.elementor-67792 .elementor-element.elementor-element-138d4cb > .elementor-widget-container{margin:-20px 0px 50px 0px;}}<\/style><div class=\"porto-block\" data-id=\"67792\">\t\t<div data-elementor-type=\"wp-post\" data-elementor-id=\"67792\" class=\"elementor elementor-67792 elementor-29420\" data-elementor-post-type=\"porto_builder\">\n\t\t\t\t\t\t<section class=\"elementor-section elementor-top-section elementor-element elementor-element-4601687 elementor-section-boxed elementor-section-height-default elementor-section-height-default\" data-id=\"4601687\" data-element_type=\"section\">\r\n\t\t\r\n\t\t\t\t\t\t\t<div class=\"elementor-container elementor-column-gap-default\">\r\n\t\t\t\t\t\t\t\t\t\t\t<div class=\"elementor-column elementor-col-100 elementor-top-column elementor-element elementor-element-7f3a8ac\" data-id=\"7f3a8ac\" data-element_type=\"column\">\r\n\t\t\t\t\t<div class=\"elementor-widget-wrap elementor-element-populated\">\r\n\t\t\t\t\t\t\t\t<div class=\"elementor-element elementor-element-138d4cb elementor-align-left elementor-widget elementor-widget-button\" data-id=\"138d4cb\" data-element_type=\"widget\" data-widget_type=\"button.default\">\n\t\t\t\t<div class=\"elementor-widget-container\">\n\t\t\t\t\t\t\t\t\t<div class=\"elementor-button-wrapper\">\n\t\t\t\t\t<a class=\"elementor-button elementor-button-link elementor-size-md\" href=\"https:\/\/www.intarcon.com\/de\/technische-beratung\/\" id=\"cta-asesor\u00eda\">\n\t\t\t\t\t\t<span class=\"elementor-button-content-wrapper\">\n\t\t\t\t\t\t\t\t\t<span class=\"elementor-button-text\">Technische Beratung anfordern<\/span>\n\t\t\t\t\t<\/span>\n\t\t\t\t\t<\/a>\n\t\t\t\t<\/div>\n\t\t\t\t\t\t\t\t<\/div>\n\t\t\t\t<\/div>\n\t\t\t\t\t<\/div>\r\n\t\t\t\t<\/div>\r\n\t\t\t\t\t<\/div>\r\n\t\t\t\t<\/section>\r\n\t\t\t\t<\/div>\n\t\t<\/div><\/p>\n","protected":false},"featured_media":89187,"template":"","meta":[],"product_brand":[],"product_cat":[620],"product_tag":[],"class_list":{"0":"post-70641","1":"product","2":"type-product","3":"status-publish","4":"has-post-thumbnail","6":"product_cat-co2-anlagen","8":"first","9":"instock","10":"featured","11":"shipping-taxable","12":"product-type-simple"},"yoast_head":"<!-- This site is optimized with the Yoast SEO plugin v25.5 - https:\/\/yoast.com\/wordpress\/plugins\/seo\/ -->\n<title>ECO2CUBE - INTARCON<\/title>\n<meta name=\"description\" content=\"Unsere ECO2CUBE sind transkritische CO2-Einheiten in Monoblockbauweise mit integriertem Gask\u00fchler zur gleichzeitigen Erzeugung von positiver und negativer K\u00e4lte.\" \/>\n<meta name=\"robots\" content=\"index, follow, max-snippet:-1, max-image-preview:large, max-video-preview:-1\" \/>\n<link rel=\"canonical\" href=\"https:\/\/www.intarcon.com\/de\/produkt\/eco2cube\/\" \/>\n<meta property=\"og:locale\" content=\"de_DE\" \/>\n<meta property=\"og:type\" content=\"article\" \/>\n<meta property=\"og:title\" content=\"ECO2CUBE - INTARCON\" \/>\n<meta property=\"og:description\" content=\"Unsere ECO2CUBE sind transkritische CO2-Einheiten in Monoblockbauweise mit integriertem Gask\u00fchler zur gleichzeitigen Erzeugung von positiver und negativer K\u00e4lte.\" \/>\n<meta property=\"og:url\" content=\"https:\/\/www.intarcon.com\/de\/produkt\/eco2cube\/\" \/>\n<meta property=\"og:site_name\" content=\"INTARCON\" \/>\n<meta property=\"article:publisher\" content=\"https:\/\/www.facebook.com\/intarcon\/\" \/>\n<meta property=\"article:modified_time\" content=\"2022-12-13T09:04:05+00:00\" \/>\n<meta property=\"og:image\" content=\"https:\/\/www.intarcon.com\/wp-content\/uploads\/2019\/06\/central-refrigeracion-co2-transcritico-eco2cube.webp\" \/>\n\t<meta property=\"og:image:width\" content=\"600\" \/>\n\t<meta property=\"og:image:height\" content=\"600\" \/>\n\t<meta property=\"og:image:type\" content=\"image\/webp\" \/>\n<meta name=\"twitter:card\" content=\"summary_large_image\" \/>\n<meta name=\"twitter:site\" content=\"@Intarcon\" \/>\n<script type=\"application\/ld+json\" class=\"yoast-schema-graph\">{\"@context\":\"https:\/\/schema.org\",\"@graph\":[{\"@type\":\"WebPage\",\"@id\":\"https:\/\/www.intarcon.com\/de\/produkt\/eco2cube\/\",\"url\":\"https:\/\/www.intarcon.com\/de\/produkt\/eco2cube\/\",\"name\":\"ECO2CUBE - INTARCON\",\"isPartOf\":{\"@id\":\"https:\/\/www.intarcon.com\/de\/#website\"},\"primaryImageOfPage\":{\"@id\":\"https:\/\/www.intarcon.com\/de\/produkt\/eco2cube\/#primaryimage\"},\"image\":{\"@id\":\"https:\/\/www.intarcon.com\/de\/produkt\/eco2cube\/#primaryimage\"},\"thumbnailUrl\":\"https:\/\/www.intarcon.com\/wp-content\/uploads\/2019\/06\/central-refrigeracion-co2-transcritico-eco2cube.webp\",\"datePublished\":\"2019-06-23T13:59:04+00:00\",\"dateModified\":\"2022-12-13T09:04:05+00:00\",\"description\":\"Unsere ECO2CUBE sind transkritische CO2-Einheiten in Monoblockbauweise mit integriertem Gask\u00fchler zur gleichzeitigen Erzeugung von positiver und negativer K\u00e4lte.\",\"breadcrumb\":{\"@id\":\"https:\/\/www.intarcon.com\/de\/produkt\/eco2cube\/#breadcrumb\"},\"inLanguage\":\"de\",\"potentialAction\":[{\"@type\":\"ReadAction\",\"target\":[\"https:\/\/www.intarcon.com\/de\/produkt\/eco2cube\/\"]}]},{\"@type\":\"ImageObject\",\"inLanguage\":\"de\",\"@id\":\"https:\/\/www.intarcon.com\/de\/produkt\/eco2cube\/#primaryimage\",\"url\":\"https:\/\/www.intarcon.com\/wp-content\/uploads\/2019\/06\/central-refrigeracion-co2-transcritico-eco2cube.webp\",\"contentUrl\":\"https:\/\/www.intarcon.com\/wp-content\/uploads\/2019\/06\/central-refrigeracion-co2-transcritico-eco2cube.webp\",\"width\":600,\"height\":600,\"caption\":\"Central de refrigeraci\u00f3n comercial de CO2 transcr\u00edtico ECO2CUBE - INTARCON\"},{\"@type\":\"BreadcrumbList\",\"@id\":\"https:\/\/www.intarcon.com\/de\/produkt\/eco2cube\/#breadcrumb\",\"itemListElement\":[{\"@type\":\"ListItem\",\"position\":1,\"name\":\"Portada\",\"item\":\"https:\/\/www.intarcon.com\/de\/\"},{\"@type\":\"ListItem\",\"position\":2,\"name\":\"Producto\",\"item\":\"https:\/\/www.intarcon.com\/producto\/\"},{\"@type\":\"ListItem\",\"position\":3,\"name\":\"CO2\",\"item\":\"https:\/\/www.intarcon.com\/de\/technologie\/co2-kuhlsysteme\/\"},{\"@type\":\"ListItem\",\"position\":4,\"name\":\"CO2-Anlagen\",\"item\":\"https:\/\/www.intarcon.com\/de\/technologie\/co2-kuhlsysteme\/co2-anlagen\/\"},{\"@type\":\"ListItem\",\"position\":5,\"name\":\"ECO2CUBE\"}]},{\"@type\":\"WebSite\",\"@id\":\"https:\/\/www.intarcon.com\/de\/#website\",\"url\":\"https:\/\/www.intarcon.com\/de\/\",\"name\":\"INTARCON\",\"description\":\"\",\"potentialAction\":[{\"@type\":\"SearchAction\",\"target\":{\"@type\":\"EntryPoint\",\"urlTemplate\":\"https:\/\/www.intarcon.com\/de\/?s={search_term_string}\"},\"query-input\":{\"@type\":\"PropertyValueSpecification\",\"valueRequired\":true,\"valueName\":\"search_term_string\"}}],\"inLanguage\":\"de\"}]}<\/script>\n<!-- \/ Yoast SEO plugin. -->","yoast_head_json":{"title":"ECO2CUBE - INTARCON","description":"Unsere ECO2CUBE sind transkritische CO2-Einheiten in Monoblockbauweise mit integriertem Gask\u00fchler zur gleichzeitigen Erzeugung von positiver und negativer K\u00e4lte.","robots":{"index":"index","follow":"follow","max-snippet":"max-snippet:-1","max-image-preview":"max-image-preview:large","max-video-preview":"max-video-preview:-1"},"canonical":"https:\/\/www.intarcon.com\/de\/produkt\/eco2cube\/","og_locale":"de_DE","og_type":"article","og_title":"ECO2CUBE - INTARCON","og_description":"Unsere ECO2CUBE sind transkritische CO2-Einheiten in Monoblockbauweise mit integriertem Gask\u00fchler zur gleichzeitigen Erzeugung von positiver und negativer K\u00e4lte.","og_url":"https:\/\/www.intarcon.com\/de\/produkt\/eco2cube\/","og_site_name":"INTARCON","article_publisher":"https:\/\/www.facebook.com\/intarcon\/","article_modified_time":"2022-12-13T09:04:05+00:00","og_image":[{"width":600,"height":600,"url":"https:\/\/www.intarcon.com\/wp-content\/uploads\/2019\/06\/central-refrigeracion-co2-transcritico-eco2cube.webp","type":"image\/webp"}],"twitter_card":"summary_large_image","twitter_site":"@Intarcon","schema":{"@context":"https:\/\/schema.org","@graph":[{"@type":"WebPage","@id":"https:\/\/www.intarcon.com\/de\/produkt\/eco2cube\/","url":"https:\/\/www.intarcon.com\/de\/produkt\/eco2cube\/","name":"ECO2CUBE - INTARCON","isPartOf":{"@id":"https:\/\/www.intarcon.com\/de\/#website"},"primaryImageOfPage":{"@id":"https:\/\/www.intarcon.com\/de\/produkt\/eco2cube\/#primaryimage"},"image":{"@id":"https:\/\/www.intarcon.com\/de\/produkt\/eco2cube\/#primaryimage"},"thumbnailUrl":"https:\/\/www.intarcon.com\/wp-content\/uploads\/2019\/06\/central-refrigeracion-co2-transcritico-eco2cube.webp","datePublished":"2019-06-23T13:59:04+00:00","dateModified":"2022-12-13T09:04:05+00:00","description":"Unsere ECO2CUBE sind transkritische CO2-Einheiten in Monoblockbauweise mit integriertem Gask\u00fchler zur gleichzeitigen Erzeugung von positiver und negativer K\u00e4lte.","breadcrumb":{"@id":"https:\/\/www.intarcon.com\/de\/produkt\/eco2cube\/#breadcrumb"},"inLanguage":"de","potentialAction":[{"@type":"ReadAction","target":["https:\/\/www.intarcon.com\/de\/produkt\/eco2cube\/"]}]},{"@type":"ImageObject","inLanguage":"de","@id":"https:\/\/www.intarcon.com\/de\/produkt\/eco2cube\/#primaryimage","url":"https:\/\/www.intarcon.com\/wp-content\/uploads\/2019\/06\/central-refrigeracion-co2-transcritico-eco2cube.webp","contentUrl":"https:\/\/www.intarcon.com\/wp-content\/uploads\/2019\/06\/central-refrigeracion-co2-transcritico-eco2cube.webp","width":600,"height":600,"caption":"Central de refrigeraci\u00f3n comercial de CO2 transcr\u00edtico ECO2CUBE - INTARCON"},{"@type":"BreadcrumbList","@id":"https:\/\/www.intarcon.com\/de\/produkt\/eco2cube\/#breadcrumb","itemListElement":[{"@type":"ListItem","position":1,"name":"Portada","item":"https:\/\/www.intarcon.com\/de\/"},{"@type":"ListItem","position":2,"name":"Producto","item":"https:\/\/www.intarcon.com\/producto\/"},{"@type":"ListItem","position":3,"name":"CO2","item":"https:\/\/www.intarcon.com\/de\/technologie\/co2-kuhlsysteme\/"},{"@type":"ListItem","position":4,"name":"CO2-Anlagen","item":"https:\/\/www.intarcon.com\/de\/technologie\/co2-kuhlsysteme\/co2-anlagen\/"},{"@type":"ListItem","position":5,"name":"ECO2CUBE"}]},{"@type":"WebSite","@id":"https:\/\/www.intarcon.com\/de\/#website","url":"https:\/\/www.intarcon.com\/de\/","name":"INTARCON","description":"","potentialAction":[{"@type":"SearchAction","target":{"@type":"EntryPoint","urlTemplate":"https:\/\/www.intarcon.com\/de\/?s={search_term_string}"},"query-input":{"@type":"PropertyValueSpecification","valueRequired":true,"valueName":"search_term_string"}}],"inLanguage":"de"}]}},"_links":{"self":[{"href":"https:\/\/www.intarcon.com\/de\/wp-json\/wp\/v2\/product\/70641","targetHints":{"allow":["GET"]}}],"collection":[{"href":"https:\/\/www.intarcon.com\/de\/wp-json\/wp\/v2\/product"}],"about":[{"href":"https:\/\/www.intarcon.com\/de\/wp-json\/wp\/v2\/types\/product"}],"version-history":[{"count":0,"href":"https:\/\/www.intarcon.com\/de\/wp-json\/wp\/v2\/product\/70641\/revisions"}],"wp:featuredmedia":[{"embeddable":true,"href":"https:\/\/www.intarcon.com\/de\/wp-json\/wp\/v2\/media\/89187"}],"wp:attachment":[{"href":"https:\/\/www.intarcon.com\/de\/wp-json\/wp\/v2\/media?parent=70641"}],"wp:term":[{"taxonomy":"product_brand","embeddable":true,"href":"https:\/\/www.intarcon.com\/de\/wp-json\/wp\/v2\/product_brand?post=70641"},{"taxonomy":"product_cat","embeddable":true,"href":"https:\/\/www.intarcon.com\/de\/wp-json\/wp\/v2\/product_cat?post=70641"},{"taxonomy":"product_tag","embeddable":true,"href":"https:\/\/www.intarcon.com\/de\/wp-json\/wp\/v2\/product_tag?post=70641"}],"curies":[{"name":"wp","href":"https:\/\/api.w.org\/{rel}","templated":true}]}}