{"id":70346,"date":"2021-04-14T10:53:59","date_gmt":"2021-04-14T08:53:59","guid":{"rendered":"https:\/\/www.intarcon.com\/?post_type=product&#038;p=70346"},"modified":"2025-07-01T14:06:20","modified_gmt":"2025-07-01T12:06:20","slug":"intarsanit-tch","status":"publish","type":"product","link":"https:\/\/www.intarcon.com\/de\/produkt\/intarsanit-tch\/","title":{"rendered":"intarSANIT-TCH"},"content":{"rendered":"\t\t<div data-elementor-type=\"wp-post\" data-elementor-id=\"70346\" class=\"elementor elementor-70346 elementor-23802\" data-elementor-post-type=\"product\">\n\t\t\t\t\t\t<section class=\"elementor-section elementor-top-section elementor-element elementor-element-62af479e elementor-section-boxed elementor-section-height-default elementor-section-height-default\" data-id=\"62af479e\" data-element_type=\"section\">\r\n\t\t\r\n\t\t\t\t\t\t\t<div class=\"elementor-container elementor-column-gap-default\">\r\n\t\t\t\t\t\t\t\t\t\t\t<div class=\"elementor-column elementor-col-100 elementor-top-column elementor-element elementor-element-15554f11\" data-id=\"15554f11\" data-element_type=\"column\">\r\n\t\t\t\t\t<div class=\"elementor-widget-wrap elementor-element-populated\">\r\n\t\t\t\t\t\t\t\t<div class=\"elementor-element elementor-element-64dd5059 elementor-widget elementor-widget-text-editor\" data-id=\"64dd5059\" data-element_type=\"widget\" data-widget_type=\"text-editor.default\">\n\t\t\t\t<div class=\"elementor-widget-container\">\n\t\t\t\t\t\t\t\t\t<p>intarSANIT-TCH ist die L\u00f6sung f\u00fcr die Klimatisierung und Frischluftzufuhr f\u00fcr Arbeitsr\u00e4ume mit<br \/>Abluft-W\u00e4rmer\u00fcckgewinnung.<br \/>Die Bel\u00fcftungsanlage ist speziell entworfen f\u00fcr die Frischluftzufuhr in Arbeitsr\u00e4umen und Bereichen<br \/>f\u00fcr die Lebensmittelverarbeitung, die bei einer Temperatur zwischen 10 und 15 \u00baC betrieben werden.<\/p><ul><li>Filterung, Sterilisation und<br \/>Raumluftreinigung.\u00a0<\/li><li>L\u00fcftungsstrom anpassbar an Belegung<br \/>und \u00dcberdruck im Raum.\u00a0<\/li><li>Hohe Energieeffizienz und<br \/>W\u00e4rmer\u00fcckgewinnung aus Abluft.\u00a0<\/li><li>Leichte Montage an der Raumdecke.Filtration, sterilization and purification of the room air.<\/li><\/ul><p>\u00a0<\/p><p><img fetchpriority=\"high\" decoding=\"async\" src=\"https:\/\/www.intarcon.com\/wp-content\/uploads\/2021\/04\/en-2021-esquema-intarsanit-tch.png\" alt=\"en-2021-esquema-intarsanit-tch\" width=\"402\" height=\"261\" \/><img decoding=\"async\" src=\"https:\/\/www.intarcon.com\/wp-content\/uploads\/2021\/04\/es-2021-esquemasala-intarsanit-tch.png\" alt=\"\" width=\"419\" height=\"303\" \/><\/p><p><b>Steuerung<\/b><\/p><p>Elektronische Steuerung mit digitalem Display und Fernzugriff<\/p><ul><li>Temperaturkontrolle der Luftzufuhr.\u00a0<\/li><li>Temperaturkontrolle im Raum.\u00a0<\/li><li>Optionale Kontrolle: Externes Touch-Display.<\/li><li>Kommunikation Reihe (TCH).<\/li><li>Kontrolle des Filterzustands (TCH).<\/li><\/ul>\t\t\t\t\t\t\t\t<\/div>\n\t\t\t\t<\/div>\n\t\t\t\t\t<\/div>\r\n\t\t\t\t<\/div>\r\n\t\t\t\t\t<\/div>\r\n\t\t\t\t<\/section>\r\n\t\t\t\t<\/div>\n\t\t","protected":false},"excerpt":{"rendered":"<h2 style=\"color: #999999; font-size: 18px; margin-bottom: 0px;\">Klimatisierung und Frischluftzufuhr<\/h2>\n<p>Filterung, Sterilisation und Raumluftreinigung. <style>.elementor-widget-button .elementor-button{background-color:var( --e-global-color-accent );}.elementor-67792 .elementor-element.elementor-element-138d4cb .elementor-button{background-color:#0085BB;font-family:\"Roboto\", Montserrat;font-size:1.1em;font-weight:600;text-decoration:none;fill:#FFFFFF;color:#FFFFFF;border-style:solid;border-width:2px 2px 2px 2px;border-color:#0085BB;border-radius:33px 33px 33px 33px;padding:14px 20px 14px 20px;}.elementor-67792 .elementor-element.elementor-element-138d4cb .elementor-button:hover, .elementor-67792 .elementor-element.elementor-element-138d4cb .elementor-button:focus{background-color:#FFFFFF;color:#0085BB;border-color:#0085BB;}.elementor-67792 .elementor-element.elementor-element-138d4cb > .elementor-widget-container{margin:2% 0% 1% 0%;}.elementor-67792 .elementor-element.elementor-element-138d4cb .elementor-button:hover svg, .elementor-67792 .elementor-element.elementor-element-138d4cb .elementor-button:focus svg{fill:#0085BB;}@media(max-width:767px){.elementor-67792 .elementor-element.elementor-element-138d4cb > .elementor-widget-container{margin:-20px 0px 50px 0px;}}<\/style><div class=\"porto-block\" data-id=\"67792\">\t\t<div data-elementor-type=\"wp-post\" data-elementor-id=\"67792\" class=\"elementor elementor-67792 elementor-29420\" data-elementor-post-type=\"porto_builder\">\n\t\t\t\t\t\t<section class=\"elementor-section elementor-top-section elementor-element elementor-element-4601687 elementor-section-boxed elementor-section-height-default elementor-section-height-default\" data-id=\"4601687\" data-element_type=\"section\">\r\n\t\t\r\n\t\t\t\t\t\t\t<div class=\"elementor-container elementor-column-gap-default\">\r\n\t\t\t\t\t\t\t\t\t\t\t<div class=\"elementor-column elementor-col-100 elementor-top-column elementor-element elementor-element-7f3a8ac\" data-id=\"7f3a8ac\" data-element_type=\"column\">\r\n\t\t\t\t\t<div class=\"elementor-widget-wrap elementor-element-populated\">\r\n\t\t\t\t\t\t\t\t<div class=\"elementor-element elementor-element-138d4cb elementor-align-left elementor-widget elementor-widget-button\" data-id=\"138d4cb\" data-element_type=\"widget\" data-widget_type=\"button.default\">\n\t\t\t\t<div class=\"elementor-widget-container\">\n\t\t\t\t\t\t\t\t\t<div class=\"elementor-button-wrapper\">\n\t\t\t\t\t<a class=\"elementor-button elementor-button-link elementor-size-md\" href=\"https:\/\/www.intarcon.com\/de\/technische-beratung\/\" id=\"cta-asesor\u00eda\">\n\t\t\t\t\t\t<span class=\"elementor-button-content-wrapper\">\n\t\t\t\t\t\t\t\t\t<span class=\"elementor-button-text\">Technische Beratung anfordern<\/span>\n\t\t\t\t\t<\/span>\n\t\t\t\t\t<\/a>\n\t\t\t\t<\/div>\n\t\t\t\t\t\t\t\t<\/div>\n\t\t\t\t<\/div>\n\t\t\t\t\t<\/div>\r\n\t\t\t\t<\/div>\r\n\t\t\t\t\t<\/div>\r\n\t\t\t\t<\/section>\r\n\t\t\t\t<\/div>\n\t\t<\/div><\/p>\n","protected":false},"featured_media":89146,"template":"","meta":[],"product_brand":[],"product_cat":[752],"product_tag":[],"class_list":{"0":"post-70346","1":"product","2":"type-product","3":"status-publish","4":"has-post-thumbnail","6":"product_cat-luftreinigung-und-aufbereitung","8":"first","9":"instock","10":"shipping-taxable","11":"product-type-simple"},"yoast_head":"<!-- This site is optimized with the Yoast SEO plugin v25.5 - https:\/\/yoast.com\/wordpress\/plugins\/seo\/ -->\n<title>intarSANIT-TCH - INTARCON<\/title>\n<meta name=\"description\" content=\"intarSANIT-TCH ist die L\u00f6sung f\u00fcr die Klimatisierung und Frischluftzufuhr f\u00fcr Arbeitsr\u00e4ume mitAbluft-W\u00e4rmer\u00fcckgewinnung.\" \/>\n<meta name=\"robots\" content=\"index, follow, max-snippet:-1, max-image-preview:large, max-video-preview:-1\" \/>\n<link rel=\"canonical\" href=\"https:\/\/www.intarcon.com\/de\/produkt\/intarsanit-tch\/\" \/>\n<meta property=\"og:locale\" content=\"de_DE\" \/>\n<meta property=\"og:type\" content=\"article\" \/>\n<meta property=\"og:title\" content=\"intarSANIT-TCH - INTARCON\" \/>\n<meta property=\"og:description\" content=\"intarSANIT-TCH ist die L\u00f6sung f\u00fcr die Klimatisierung und Frischluftzufuhr f\u00fcr Arbeitsr\u00e4ume mitAbluft-W\u00e4rmer\u00fcckgewinnung.\" \/>\n<meta property=\"og:url\" content=\"https:\/\/www.intarcon.com\/de\/produkt\/intarsanit-tch\/\" \/>\n<meta property=\"og:site_name\" content=\"INTARCON\" \/>\n<meta property=\"article:publisher\" content=\"https:\/\/www.facebook.com\/intarcon\/\" \/>\n<meta property=\"article:modified_time\" content=\"2025-07-01T12:06:20+00:00\" \/>\n<meta property=\"og:image\" content=\"https:\/\/www.intarcon.com\/wp-content\/uploads\/2021\/04\/ventilacion-renovacion-aire-intarsanit-tch.webp\" \/>\n\t<meta property=\"og:image:width\" content=\"600\" \/>\n\t<meta property=\"og:image:height\" content=\"600\" \/>\n\t<meta property=\"og:image:type\" content=\"image\/webp\" \/>\n<meta name=\"twitter:card\" content=\"summary_large_image\" \/>\n<meta name=\"twitter:site\" content=\"@Intarcon\" \/>\n<meta name=\"twitter:label1\" content=\"Est. reading time\" \/>\n\t<meta name=\"twitter:data1\" content=\"1 minute\" \/>\n<script type=\"application\/ld+json\" class=\"yoast-schema-graph\">{\"@context\":\"https:\/\/schema.org\",\"@graph\":[{\"@type\":\"WebPage\",\"@id\":\"https:\/\/www.intarcon.com\/de\/produkt\/intarsanit-tch\/\",\"url\":\"https:\/\/www.intarcon.com\/de\/produkt\/intarsanit-tch\/\",\"name\":\"intarSANIT-TCH - INTARCON\",\"isPartOf\":{\"@id\":\"https:\/\/www.intarcon.com\/de\/#website\"},\"primaryImageOfPage\":{\"@id\":\"https:\/\/www.intarcon.com\/de\/produkt\/intarsanit-tch\/#primaryimage\"},\"image\":{\"@id\":\"https:\/\/www.intarcon.com\/de\/produkt\/intarsanit-tch\/#primaryimage\"},\"thumbnailUrl\":\"https:\/\/www.intarcon.com\/wp-content\/uploads\/2021\/04\/ventilacion-renovacion-aire-intarsanit-tch.webp\",\"datePublished\":\"2021-04-14T08:53:59+00:00\",\"dateModified\":\"2025-07-01T12:06:20+00:00\",\"description\":\"intarSANIT-TCH ist die L\u00f6sung f\u00fcr die Klimatisierung und Frischluftzufuhr f\u00fcr Arbeitsr\u00e4ume mitAbluft-W\u00e4rmer\u00fcckgewinnung.\",\"breadcrumb\":{\"@id\":\"https:\/\/www.intarcon.com\/de\/produkt\/intarsanit-tch\/#breadcrumb\"},\"inLanguage\":\"de\",\"potentialAction\":[{\"@type\":\"ReadAction\",\"target\":[\"https:\/\/www.intarcon.com\/de\/produkt\/intarsanit-tch\/\"]}]},{\"@type\":\"ImageObject\",\"inLanguage\":\"de\",\"@id\":\"https:\/\/www.intarcon.com\/de\/produkt\/intarsanit-tch\/#primaryimage\",\"url\":\"https:\/\/www.intarcon.com\/wp-content\/uploads\/2021\/04\/ventilacion-renovacion-aire-intarsanit-tch.webp\",\"contentUrl\":\"https:\/\/www.intarcon.com\/wp-content\/uploads\/2021\/04\/ventilacion-renovacion-aire-intarsanit-tch.webp\",\"width\":600,\"height\":600,\"caption\":\"Equipo de ventilaci\u00f3n para la ventilaci\u00f3n y renovaci\u00f3n de aire intarSANIT - INTARCON\"},{\"@type\":\"BreadcrumbList\",\"@id\":\"https:\/\/www.intarcon.com\/de\/produkt\/intarsanit-tch\/#breadcrumb\",\"itemListElement\":[{\"@type\":\"ListItem\",\"position\":1,\"name\":\"Portada\",\"item\":\"https:\/\/www.intarcon.com\/de\/\"},{\"@type\":\"ListItem\",\"position\":2,\"name\":\"Producto\",\"item\":\"https:\/\/www.intarcon.com\/producto\/\"},{\"@type\":\"ListItem\",\"position\":3,\"name\":\"Andere Technologien\",\"item\":\"https:\/\/www.intarcon.com\/de\/technologie\/andere-technologien\/\"},{\"@type\":\"ListItem\",\"position\":4,\"name\":\"Luftreinigung und -aufbereitung\",\"item\":\"https:\/\/www.intarcon.com\/de\/technologie\/andere-technologien\/luftreinigung-und-aufbereitung\/\"},{\"@type\":\"ListItem\",\"position\":5,\"name\":\"intarSANIT-TCH\"}]},{\"@type\":\"WebSite\",\"@id\":\"https:\/\/www.intarcon.com\/de\/#website\",\"url\":\"https:\/\/www.intarcon.com\/de\/\",\"name\":\"INTARCON\",\"description\":\"\",\"potentialAction\":[{\"@type\":\"SearchAction\",\"target\":{\"@type\":\"EntryPoint\",\"urlTemplate\":\"https:\/\/www.intarcon.com\/de\/?s={search_term_string}\"},\"query-input\":{\"@type\":\"PropertyValueSpecification\",\"valueRequired\":true,\"valueName\":\"search_term_string\"}}],\"inLanguage\":\"de\"}]}<\/script>\n<!-- \/ Yoast SEO plugin. -->","yoast_head_json":{"title":"intarSANIT-TCH - INTARCON","description":"intarSANIT-TCH ist die L\u00f6sung f\u00fcr die Klimatisierung und Frischluftzufuhr f\u00fcr Arbeitsr\u00e4ume mitAbluft-W\u00e4rmer\u00fcckgewinnung.","robots":{"index":"index","follow":"follow","max-snippet":"max-snippet:-1","max-image-preview":"max-image-preview:large","max-video-preview":"max-video-preview:-1"},"canonical":"https:\/\/www.intarcon.com\/de\/produkt\/intarsanit-tch\/","og_locale":"de_DE","og_type":"article","og_title":"intarSANIT-TCH - INTARCON","og_description":"intarSANIT-TCH ist die L\u00f6sung f\u00fcr die Klimatisierung und Frischluftzufuhr f\u00fcr Arbeitsr\u00e4ume mitAbluft-W\u00e4rmer\u00fcckgewinnung.","og_url":"https:\/\/www.intarcon.com\/de\/produkt\/intarsanit-tch\/","og_site_name":"INTARCON","article_publisher":"https:\/\/www.facebook.com\/intarcon\/","article_modified_time":"2025-07-01T12:06:20+00:00","og_image":[{"width":600,"height":600,"url":"https:\/\/www.intarcon.com\/wp-content\/uploads\/2021\/04\/ventilacion-renovacion-aire-intarsanit-tch.webp","type":"image\/webp"}],"twitter_card":"summary_large_image","twitter_site":"@Intarcon","twitter_misc":{"Est. reading time":"1 minute"},"schema":{"@context":"https:\/\/schema.org","@graph":[{"@type":"WebPage","@id":"https:\/\/www.intarcon.com\/de\/produkt\/intarsanit-tch\/","url":"https:\/\/www.intarcon.com\/de\/produkt\/intarsanit-tch\/","name":"intarSANIT-TCH - INTARCON","isPartOf":{"@id":"https:\/\/www.intarcon.com\/de\/#website"},"primaryImageOfPage":{"@id":"https:\/\/www.intarcon.com\/de\/produkt\/intarsanit-tch\/#primaryimage"},"image":{"@id":"https:\/\/www.intarcon.com\/de\/produkt\/intarsanit-tch\/#primaryimage"},"thumbnailUrl":"https:\/\/www.intarcon.com\/wp-content\/uploads\/2021\/04\/ventilacion-renovacion-aire-intarsanit-tch.webp","datePublished":"2021-04-14T08:53:59+00:00","dateModified":"2025-07-01T12:06:20+00:00","description":"intarSANIT-TCH ist die L\u00f6sung f\u00fcr die Klimatisierung und Frischluftzufuhr f\u00fcr Arbeitsr\u00e4ume mitAbluft-W\u00e4rmer\u00fcckgewinnung.","breadcrumb":{"@id":"https:\/\/www.intarcon.com\/de\/produkt\/intarsanit-tch\/#breadcrumb"},"inLanguage":"de","potentialAction":[{"@type":"ReadAction","target":["https:\/\/www.intarcon.com\/de\/produkt\/intarsanit-tch\/"]}]},{"@type":"ImageObject","inLanguage":"de","@id":"https:\/\/www.intarcon.com\/de\/produkt\/intarsanit-tch\/#primaryimage","url":"https:\/\/www.intarcon.com\/wp-content\/uploads\/2021\/04\/ventilacion-renovacion-aire-intarsanit-tch.webp","contentUrl":"https:\/\/www.intarcon.com\/wp-content\/uploads\/2021\/04\/ventilacion-renovacion-aire-intarsanit-tch.webp","width":600,"height":600,"caption":"Equipo de ventilaci\u00f3n para la ventilaci\u00f3n y renovaci\u00f3n de aire intarSANIT - INTARCON"},{"@type":"BreadcrumbList","@id":"https:\/\/www.intarcon.com\/de\/produkt\/intarsanit-tch\/#breadcrumb","itemListElement":[{"@type":"ListItem","position":1,"name":"Portada","item":"https:\/\/www.intarcon.com\/de\/"},{"@type":"ListItem","position":2,"name":"Producto","item":"https:\/\/www.intarcon.com\/producto\/"},{"@type":"ListItem","position":3,"name":"Andere Technologien","item":"https:\/\/www.intarcon.com\/de\/technologie\/andere-technologien\/"},{"@type":"ListItem","position":4,"name":"Luftreinigung und -aufbereitung","item":"https:\/\/www.intarcon.com\/de\/technologie\/andere-technologien\/luftreinigung-und-aufbereitung\/"},{"@type":"ListItem","position":5,"name":"intarSANIT-TCH"}]},{"@type":"WebSite","@id":"https:\/\/www.intarcon.com\/de\/#website","url":"https:\/\/www.intarcon.com\/de\/","name":"INTARCON","description":"","potentialAction":[{"@type":"SearchAction","target":{"@type":"EntryPoint","urlTemplate":"https:\/\/www.intarcon.com\/de\/?s={search_term_string}"},"query-input":{"@type":"PropertyValueSpecification","valueRequired":true,"valueName":"search_term_string"}}],"inLanguage":"de"}]}},"_links":{"self":[{"href":"https:\/\/www.intarcon.com\/de\/wp-json\/wp\/v2\/product\/70346","targetHints":{"allow":["GET"]}}],"collection":[{"href":"https:\/\/www.intarcon.com\/de\/wp-json\/wp\/v2\/product"}],"about":[{"href":"https:\/\/www.intarcon.com\/de\/wp-json\/wp\/v2\/types\/product"}],"version-history":[{"count":0,"href":"https:\/\/www.intarcon.com\/de\/wp-json\/wp\/v2\/product\/70346\/revisions"}],"wp:featuredmedia":[{"embeddable":true,"href":"https:\/\/www.intarcon.com\/de\/wp-json\/wp\/v2\/media\/89146"}],"wp:attachment":[{"href":"https:\/\/www.intarcon.com\/de\/wp-json\/wp\/v2\/media?parent=70346"}],"wp:term":[{"taxonomy":"product_brand","embeddable":true,"href":"https:\/\/www.intarcon.com\/de\/wp-json\/wp\/v2\/product_brand?post=70346"},{"taxonomy":"product_cat","embeddable":true,"href":"https:\/\/www.intarcon.com\/de\/wp-json\/wp\/v2\/product_cat?post=70346"},{"taxonomy":"product_tag","embeddable":true,"href":"https:\/\/www.intarcon.com\/de\/wp-json\/wp\/v2\/product_tag?post=70346"}],"curies":[{"name":"wp","href":"https:\/\/api.w.org\/{rel}","templated":true}]}}