{"id":67776,"date":"2022-01-26T14:00:26","date_gmt":"2022-01-26T13:00:26","guid":{"rendered":"https:\/\/www.intarcon.com\/product\/planta-enfriadora-sigilus-r290\/"},"modified":"2022-12-13T10:09:13","modified_gmt":"2022-12-13T08:09:13","slug":"kuhlanlage-sigilus-r290","status":"publish","type":"product","link":"https:\/\/www.intarcon.com\/de\/produkt\/kuhlanlage-sigilus-r290\/","title":{"rendered":"Sigilus R290"},"content":{"rendered":"<p>Sigilus R290 ist die Reihe der luftgek\u00fchlten K\u00fchlanlagen in ger\u00e4uscharmer Konstruktion f\u00fcr gewerbliche K\u00fchlanwendungen, die eine geringe F\u00fcllmenge R290 als prim\u00e4res in der Anlage enthaltenes K\u00e4ltemittel, sowie Wasser oder Glykol als sekund\u00e4res K\u00e4ltemittel f\u00fcr den K\u00e4ltetransport verwenden.<\/p>\n<ul>\n<li>Design f\u00fcr tropische Gebiete mit einer Umgebungstemperatur von 45 \u00baC.<\/li>\n<li>Werksseitig zu 100 % gepr\u00fcfte Ger\u00e4te.<\/li>\n<li>Schallged\u00e4mmter Scrollverdichter.<\/li>\n<li>Integriertes Hydraulikaggregat (Optionen).<\/li>\n<\/ul>\n<p><img fetchpriority=\"high\" decoding=\"async\" class=\"aligncenter\" src=\"https:\/\/www.intarcon.com\/wp-content\/uploads\/2022\/01\/de-2022-schema-sigilus-r290.webp\" alt=\"Schema sigilus k\u00fchlanlage R290 - INTARCON\" width=\"730\" height=\"363\" \/><\/p>\n","protected":false},"excerpt":{"rendered":"<h2 style=\"color: #999999; font-size: 18px; margin-bottom: 0px;\">R290-K\u00fchlanlagen<\/h2>\n<p><span style=\"color: #999999;\">K\u00fchlanlagen in silent Glykol-, Wasser und einer geringen R290-Belastung.<\/span><br \/>\n<style>.elementor-widget-button .elementor-button{background-color:var( --e-global-color-accent );}.elementor-67792 .elementor-element.elementor-element-138d4cb .elementor-button{background-color:#0085BB;font-family:\"Roboto\", Montserrat;font-size:1.1em;font-weight:600;text-decoration:none;fill:#FFFFFF;color:#FFFFFF;border-style:solid;border-width:2px 2px 2px 2px;border-color:#0085BB;border-radius:33px 33px 33px 33px;padding:14px 20px 14px 20px;}.elementor-67792 .elementor-element.elementor-element-138d4cb .elementor-button:hover, .elementor-67792 .elementor-element.elementor-element-138d4cb .elementor-button:focus{background-color:#FFFFFF;color:#0085BB;border-color:#0085BB;}.elementor-67792 .elementor-element.elementor-element-138d4cb > .elementor-widget-container{margin:2% 0% 1% 0%;}.elementor-67792 .elementor-element.elementor-element-138d4cb .elementor-button:hover svg, .elementor-67792 .elementor-element.elementor-element-138d4cb .elementor-button:focus svg{fill:#0085BB;}@media(max-width:767px){.elementor-67792 .elementor-element.elementor-element-138d4cb > .elementor-widget-container{margin:-20px 0px 50px 0px;}}<\/style><div class=\"porto-block\" data-id=\"67792\">\t\t<div data-elementor-type=\"wp-post\" data-elementor-id=\"67792\" class=\"elementor elementor-67792 elementor-29420\" data-elementor-post-type=\"porto_builder\">\n\t\t\t\t\t\t<section class=\"elementor-section elementor-top-section elementor-element elementor-element-4601687 elementor-section-boxed elementor-section-height-default elementor-section-height-default\" data-id=\"4601687\" data-element_type=\"section\">\r\n\t\t\r\n\t\t\t\t\t\t\t<div class=\"elementor-container elementor-column-gap-default\">\r\n\t\t\t\t\t\t\t\t\t\t\t<div class=\"elementor-column elementor-col-100 elementor-top-column elementor-element elementor-element-7f3a8ac\" data-id=\"7f3a8ac\" data-element_type=\"column\">\r\n\t\t\t\t\t<div class=\"elementor-widget-wrap elementor-element-populated\">\r\n\t\t\t\t\t\t\t\t<div class=\"elementor-element elementor-element-138d4cb elementor-align-left elementor-widget elementor-widget-button\" data-id=\"138d4cb\" data-element_type=\"widget\" data-widget_type=\"button.default\">\n\t\t\t\t<div class=\"elementor-widget-container\">\n\t\t\t\t\t\t\t\t\t<div class=\"elementor-button-wrapper\">\n\t\t\t\t\t<a class=\"elementor-button elementor-button-link elementor-size-md\" href=\"https:\/\/www.intarcon.com\/de\/technische-beratung\/\" id=\"cta-asesor\u00eda\">\n\t\t\t\t\t\t<span class=\"elementor-button-content-wrapper\">\n\t\t\t\t\t\t\t\t\t<span class=\"elementor-button-text\">Technische Beratung anfordern<\/span>\n\t\t\t\t\t<\/span>\n\t\t\t\t\t<\/a>\n\t\t\t\t<\/div>\n\t\t\t\t\t\t\t\t<\/div>\n\t\t\t\t<\/div>\n\t\t\t\t\t<\/div>\r\n\t\t\t\t<\/div>\r\n\t\t\t\t\t<\/div>\r\n\t\t\t\t<\/section>\r\n\t\t\t\t<\/div>\n\t\t<\/div><\/p>\n","protected":false},"featured_media":89128,"template":"","meta":[],"product_brand":[],"product_cat":[180,627],"product_tag":[],"class_list":{"0":"post-67776","1":"product","2":"type-product","3":"status-publish","4":"has-post-thumbnail","6":"product_cat-kalteanlagen-r290","7":"product_cat-kalteanlagen","9":"first","10":"instock","11":"shipping-taxable","12":"product-type-simple"},"yoast_head":"<!-- This site is optimized with the Yoast SEO plugin v25.5 - https:\/\/yoast.com\/wordpress\/plugins\/seo\/ -->\n<title>K\u00fchlanlagen Sigilus R290 - INTARCON<\/title>\n<meta name=\"description\" content=\"Sigilus R290-Kaltwassers\u00e4tze sind eine Reihe von leisen luftgek\u00fchlten Kaltwassers\u00e4tzen f\u00fcr gewerbliche K\u00fchlanwendungen, die mit einer geringen Menge R290 betrieben werden.\" \/>\n<meta name=\"robots\" content=\"index, follow, max-snippet:-1, max-image-preview:large, max-video-preview:-1\" \/>\n<link rel=\"canonical\" href=\"https:\/\/www.intarcon.com\/de\/produkt\/kuhlanlage-sigilus-r290\/\" \/>\n<meta property=\"og:locale\" content=\"de_DE\" \/>\n<meta property=\"og:type\" content=\"article\" \/>\n<meta property=\"og:title\" content=\"K\u00fchlanlagen Sigilus R290 - INTARCON\" \/>\n<meta property=\"og:description\" content=\"Sigilus R290-Kaltwassers\u00e4tze sind eine Reihe von leisen luftgek\u00fchlten Kaltwassers\u00e4tzen f\u00fcr gewerbliche K\u00fchlanwendungen, die mit einer geringen Menge R290 betrieben werden.\" \/>\n<meta property=\"og:url\" content=\"https:\/\/www.intarcon.com\/de\/produkt\/kuhlanlage-sigilus-r290\/\" \/>\n<meta property=\"og:site_name\" content=\"INTARCON\" \/>\n<meta property=\"article:publisher\" content=\"https:\/\/www.facebook.com\/intarcon\/\" \/>\n<meta property=\"article:modified_time\" content=\"2022-12-13T08:09:13+00:00\" \/>\n<meta property=\"og:image\" content=\"https:\/\/www.intarcon.com\/wp-content\/uploads\/2022\/01\/planta-enfriadora-comercial-r290-sigilus.webp\" \/>\n\t<meta property=\"og:image:width\" content=\"600\" \/>\n\t<meta property=\"og:image:height\" content=\"600\" \/>\n\t<meta property=\"og:image:type\" content=\"image\/webp\" \/>\n<meta name=\"twitter:card\" content=\"summary_large_image\" \/>\n<meta name=\"twitter:site\" content=\"@Intarcon\" \/>\n<meta name=\"twitter:label1\" content=\"Est. reading time\" \/>\n\t<meta name=\"twitter:data1\" content=\"1 minute\" \/>\n<script type=\"application\/ld+json\" class=\"yoast-schema-graph\">{\"@context\":\"https:\/\/schema.org\",\"@graph\":[{\"@type\":\"WebPage\",\"@id\":\"https:\/\/www.intarcon.com\/de\/produkt\/kuhlanlage-sigilus-r290\/\",\"url\":\"https:\/\/www.intarcon.com\/de\/produkt\/kuhlanlage-sigilus-r290\/\",\"name\":\"K\u00fchlanlagen Sigilus R290 - INTARCON\",\"isPartOf\":{\"@id\":\"https:\/\/www.intarcon.com\/de\/#website\"},\"primaryImageOfPage\":{\"@id\":\"https:\/\/www.intarcon.com\/de\/produkt\/kuhlanlage-sigilus-r290\/#primaryimage\"},\"image\":{\"@id\":\"https:\/\/www.intarcon.com\/de\/produkt\/kuhlanlage-sigilus-r290\/#primaryimage\"},\"thumbnailUrl\":\"https:\/\/www.intarcon.com\/wp-content\/uploads\/2022\/01\/planta-enfriadora-comercial-r290-sigilus.webp\",\"datePublished\":\"2022-01-26T13:00:26+00:00\",\"dateModified\":\"2022-12-13T08:09:13+00:00\",\"description\":\"Sigilus R290-Kaltwassers\u00e4tze sind eine Reihe von leisen luftgek\u00fchlten Kaltwassers\u00e4tzen f\u00fcr gewerbliche K\u00fchlanwendungen, die mit einer geringen Menge R290 betrieben werden.\",\"breadcrumb\":{\"@id\":\"https:\/\/www.intarcon.com\/de\/produkt\/kuhlanlage-sigilus-r290\/#breadcrumb\"},\"inLanguage\":\"de\",\"potentialAction\":[{\"@type\":\"ReadAction\",\"target\":[\"https:\/\/www.intarcon.com\/de\/produkt\/kuhlanlage-sigilus-r290\/\"]}]},{\"@type\":\"ImageObject\",\"inLanguage\":\"de\",\"@id\":\"https:\/\/www.intarcon.com\/de\/produkt\/kuhlanlage-sigilus-r290\/#primaryimage\",\"url\":\"https:\/\/www.intarcon.com\/wp-content\/uploads\/2022\/01\/planta-enfriadora-comercial-r290-sigilus.webp\",\"contentUrl\":\"https:\/\/www.intarcon.com\/wp-content\/uploads\/2022\/01\/planta-enfriadora-comercial-r290-sigilus.webp\",\"width\":600,\"height\":600,\"caption\":\"Plantas enfriadora de refrigeraci\u00f3n comercial silenciosas Sigilus R290 - INTARCON\"},{\"@type\":\"BreadcrumbList\",\"@id\":\"https:\/\/www.intarcon.com\/de\/produkt\/kuhlanlage-sigilus-r290\/#breadcrumb\",\"itemListElement\":[{\"@type\":\"ListItem\",\"position\":1,\"name\":\"Portada\",\"item\":\"https:\/\/www.intarcon.com\/de\/\"},{\"@type\":\"ListItem\",\"position\":2,\"name\":\"Producto\",\"item\":\"https:\/\/www.intarcon.com\/producto\/\"},{\"@type\":\"ListItem\",\"position\":3,\"name\":\"R290\",\"item\":\"https:\/\/www.intarcon.com\/de\/technologie\/r290\/\"},{\"@type\":\"ListItem\",\"position\":4,\"name\":\"K\u00e4lteanlagen R-290\",\"item\":\"https:\/\/www.intarcon.com\/de\/technologie\/r290\/kalteanlagen-r290\/\"},{\"@type\":\"ListItem\",\"position\":5,\"name\":\"Sigilus R290\"}]},{\"@type\":\"WebSite\",\"@id\":\"https:\/\/www.intarcon.com\/de\/#website\",\"url\":\"https:\/\/www.intarcon.com\/de\/\",\"name\":\"INTARCON\",\"description\":\"\",\"potentialAction\":[{\"@type\":\"SearchAction\",\"target\":{\"@type\":\"EntryPoint\",\"urlTemplate\":\"https:\/\/www.intarcon.com\/de\/?s={search_term_string}\"},\"query-input\":{\"@type\":\"PropertyValueSpecification\",\"valueRequired\":true,\"valueName\":\"search_term_string\"}}],\"inLanguage\":\"de\"}]}<\/script>\n<!-- \/ Yoast SEO plugin. -->","yoast_head_json":{"title":"K\u00fchlanlagen Sigilus R290 - INTARCON","description":"Sigilus R290-Kaltwassers\u00e4tze sind eine Reihe von leisen luftgek\u00fchlten Kaltwassers\u00e4tzen f\u00fcr gewerbliche K\u00fchlanwendungen, die mit einer geringen Menge R290 betrieben werden.","robots":{"index":"index","follow":"follow","max-snippet":"max-snippet:-1","max-image-preview":"max-image-preview:large","max-video-preview":"max-video-preview:-1"},"canonical":"https:\/\/www.intarcon.com\/de\/produkt\/kuhlanlage-sigilus-r290\/","og_locale":"de_DE","og_type":"article","og_title":"K\u00fchlanlagen Sigilus R290 - INTARCON","og_description":"Sigilus R290-Kaltwassers\u00e4tze sind eine Reihe von leisen luftgek\u00fchlten Kaltwassers\u00e4tzen f\u00fcr gewerbliche K\u00fchlanwendungen, die mit einer geringen Menge R290 betrieben werden.","og_url":"https:\/\/www.intarcon.com\/de\/produkt\/kuhlanlage-sigilus-r290\/","og_site_name":"INTARCON","article_publisher":"https:\/\/www.facebook.com\/intarcon\/","article_modified_time":"2022-12-13T08:09:13+00:00","og_image":[{"width":600,"height":600,"url":"https:\/\/www.intarcon.com\/wp-content\/uploads\/2022\/01\/planta-enfriadora-comercial-r290-sigilus.webp","type":"image\/webp"}],"twitter_card":"summary_large_image","twitter_site":"@Intarcon","twitter_misc":{"Est. reading time":"1 minute"},"schema":{"@context":"https:\/\/schema.org","@graph":[{"@type":"WebPage","@id":"https:\/\/www.intarcon.com\/de\/produkt\/kuhlanlage-sigilus-r290\/","url":"https:\/\/www.intarcon.com\/de\/produkt\/kuhlanlage-sigilus-r290\/","name":"K\u00fchlanlagen Sigilus R290 - INTARCON","isPartOf":{"@id":"https:\/\/www.intarcon.com\/de\/#website"},"primaryImageOfPage":{"@id":"https:\/\/www.intarcon.com\/de\/produkt\/kuhlanlage-sigilus-r290\/#primaryimage"},"image":{"@id":"https:\/\/www.intarcon.com\/de\/produkt\/kuhlanlage-sigilus-r290\/#primaryimage"},"thumbnailUrl":"https:\/\/www.intarcon.com\/wp-content\/uploads\/2022\/01\/planta-enfriadora-comercial-r290-sigilus.webp","datePublished":"2022-01-26T13:00:26+00:00","dateModified":"2022-12-13T08:09:13+00:00","description":"Sigilus R290-Kaltwassers\u00e4tze sind eine Reihe von leisen luftgek\u00fchlten Kaltwassers\u00e4tzen f\u00fcr gewerbliche K\u00fchlanwendungen, die mit einer geringen Menge R290 betrieben werden.","breadcrumb":{"@id":"https:\/\/www.intarcon.com\/de\/produkt\/kuhlanlage-sigilus-r290\/#breadcrumb"},"inLanguage":"de","potentialAction":[{"@type":"ReadAction","target":["https:\/\/www.intarcon.com\/de\/produkt\/kuhlanlage-sigilus-r290\/"]}]},{"@type":"ImageObject","inLanguage":"de","@id":"https:\/\/www.intarcon.com\/de\/produkt\/kuhlanlage-sigilus-r290\/#primaryimage","url":"https:\/\/www.intarcon.com\/wp-content\/uploads\/2022\/01\/planta-enfriadora-comercial-r290-sigilus.webp","contentUrl":"https:\/\/www.intarcon.com\/wp-content\/uploads\/2022\/01\/planta-enfriadora-comercial-r290-sigilus.webp","width":600,"height":600,"caption":"Plantas enfriadora de refrigeraci\u00f3n comercial silenciosas Sigilus R290 - INTARCON"},{"@type":"BreadcrumbList","@id":"https:\/\/www.intarcon.com\/de\/produkt\/kuhlanlage-sigilus-r290\/#breadcrumb","itemListElement":[{"@type":"ListItem","position":1,"name":"Portada","item":"https:\/\/www.intarcon.com\/de\/"},{"@type":"ListItem","position":2,"name":"Producto","item":"https:\/\/www.intarcon.com\/producto\/"},{"@type":"ListItem","position":3,"name":"R290","item":"https:\/\/www.intarcon.com\/de\/technologie\/r290\/"},{"@type":"ListItem","position":4,"name":"K\u00e4lteanlagen R-290","item":"https:\/\/www.intarcon.com\/de\/technologie\/r290\/kalteanlagen-r290\/"},{"@type":"ListItem","position":5,"name":"Sigilus R290"}]},{"@type":"WebSite","@id":"https:\/\/www.intarcon.com\/de\/#website","url":"https:\/\/www.intarcon.com\/de\/","name":"INTARCON","description":"","potentialAction":[{"@type":"SearchAction","target":{"@type":"EntryPoint","urlTemplate":"https:\/\/www.intarcon.com\/de\/?s={search_term_string}"},"query-input":{"@type":"PropertyValueSpecification","valueRequired":true,"valueName":"search_term_string"}}],"inLanguage":"de"}]}},"_links":{"self":[{"href":"https:\/\/www.intarcon.com\/de\/wp-json\/wp\/v2\/product\/67776","targetHints":{"allow":["GET"]}}],"collection":[{"href":"https:\/\/www.intarcon.com\/de\/wp-json\/wp\/v2\/product"}],"about":[{"href":"https:\/\/www.intarcon.com\/de\/wp-json\/wp\/v2\/types\/product"}],"version-history":[{"count":0,"href":"https:\/\/www.intarcon.com\/de\/wp-json\/wp\/v2\/product\/67776\/revisions"}],"wp:featuredmedia":[{"embeddable":true,"href":"https:\/\/www.intarcon.com\/de\/wp-json\/wp\/v2\/media\/89128"}],"wp:attachment":[{"href":"https:\/\/www.intarcon.com\/de\/wp-json\/wp\/v2\/media?parent=67776"}],"wp:term":[{"taxonomy":"product_brand","embeddable":true,"href":"https:\/\/www.intarcon.com\/de\/wp-json\/wp\/v2\/product_brand?post=67776"},{"taxonomy":"product_cat","embeddable":true,"href":"https:\/\/www.intarcon.com\/de\/wp-json\/wp\/v2\/product_cat?post=67776"},{"taxonomy":"product_tag","embeddable":true,"href":"https:\/\/www.intarcon.com\/de\/wp-json\/wp\/v2\/product_tag?post=67776"}],"curies":[{"name":"wp","href":"https:\/\/api.w.org\/{rel}","templated":true}]}}