{"id":66444,"date":"2022-01-18T13:40:57","date_gmt":"2022-01-18T12:40:57","guid":{"rendered":"https:\/\/www.intarcon.com\/?post_type=product&#038;p=66444"},"modified":"2024-04-22T10:18:48","modified_gmt":"2024-04-22T08:18:48","slug":"kalteanlagen-intarcube-full-inverter-r290","status":"publish","type":"product","link":"https:\/\/www.intarcon.com\/de\/produkt\/kalteanlagen-intarcube-full-inverter-r290\/","title":{"rendered":"K\u00e4lteanlagen intarCUBE Full INVERTER R290"},"content":{"rendered":"<p>Wasser oder Glykol K\u00e4lteanlagen f\u00fcr gewerbliche und industrielle K\u00fchlanwendungen mit reduzierter R-290-F\u00fcllmenge und Verdichtern Drehzahlgeregelten Verdichtern.<\/p>\n<ul>\n<li>Verdichter Full INVERTER.<\/li>\n<li>Nat\u00fcrliches K\u00e4ltemittel R-290.<\/li>\n<li>Hohe Energieeffizienz.<\/li>\n<li>Leichter Einbau.<\/li>\n<\/ul>\n<p><strong>Full INVERTER<\/strong><\/p>\n<p>Das Full INVERTER-System bietet eine pr\u00e4zise Steuerung \u00fcber die Temperatur der Glykolzufuhr bei einem variablen K\u00fchlbedarf. Dieses System steuert in sequentieller und gleichzeitiger Form die Verdichterleistung und variiert die Motordrehzahl von 30 bis 70 Hz und verhindert so Starts unud Stopps, mit erheblicher Energieeinsparung.<\/p>\n","protected":false},"excerpt":{"rendered":"<h2 style=\"color: #999999; font-size: 18px; margin-bottom: 0px;\">intarCUBE Full INVERTER R290<\/h2>\n<p>Glykol-K\u00e4lteanlagen f\u00fcr gewerbliche und industrielle K\u00fchlanwendungen mit reduzierter R-290-Ladung und Verdichtern Full INVERTER.<br \/>\n<style>.elementor-widget-button .elementor-button{background-color:var( --e-global-color-accent );}.elementor-67792 .elementor-element.elementor-element-138d4cb .elementor-button{background-color:#0085BB;font-family:\"Roboto\", Montserrat;font-size:1.1em;font-weight:600;text-decoration:none;fill:#FFFFFF;color:#FFFFFF;border-style:solid;border-width:2px 2px 2px 2px;border-color:#0085BB;border-radius:33px 33px 33px 33px;padding:14px 20px 14px 20px;}.elementor-67792 .elementor-element.elementor-element-138d4cb .elementor-button:hover, .elementor-67792 .elementor-element.elementor-element-138d4cb .elementor-button:focus{background-color:#FFFFFF;color:#0085BB;border-color:#0085BB;}.elementor-67792 .elementor-element.elementor-element-138d4cb > .elementor-widget-container{margin:2% 0% 1% 0%;}.elementor-67792 .elementor-element.elementor-element-138d4cb .elementor-button:hover svg, .elementor-67792 .elementor-element.elementor-element-138d4cb .elementor-button:focus svg{fill:#0085BB;}@media(max-width:767px){.elementor-67792 .elementor-element.elementor-element-138d4cb > .elementor-widget-container{margin:-20px 0px 50px 0px;}}<\/style><div class=\"porto-block\" data-id=\"67792\">\t\t<div data-elementor-type=\"wp-post\" data-elementor-id=\"67792\" class=\"elementor elementor-67792 elementor-29420\" data-elementor-post-type=\"porto_builder\">\n\t\t\t\t\t\t<section class=\"elementor-section elementor-top-section elementor-element elementor-element-4601687 elementor-section-boxed elementor-section-height-default elementor-section-height-default\" data-id=\"4601687\" data-element_type=\"section\">\r\n\t\t\r\n\t\t\t\t\t\t\t<div class=\"elementor-container elementor-column-gap-default\">\r\n\t\t\t\t\t\t\t\t\t\t\t<div class=\"elementor-column elementor-col-100 elementor-top-column elementor-element elementor-element-7f3a8ac\" data-id=\"7f3a8ac\" data-element_type=\"column\">\r\n\t\t\t\t\t<div class=\"elementor-widget-wrap elementor-element-populated\">\r\n\t\t\t\t\t\t\t\t<div class=\"elementor-element elementor-element-138d4cb elementor-align-left elementor-widget elementor-widget-button\" data-id=\"138d4cb\" data-element_type=\"widget\" data-widget_type=\"button.default\">\n\t\t\t\t<div class=\"elementor-widget-container\">\n\t\t\t\t\t\t\t\t\t<div class=\"elementor-button-wrapper\">\n\t\t\t\t\t<a class=\"elementor-button elementor-button-link elementor-size-md\" href=\"https:\/\/www.intarcon.com\/de\/technische-beratung\/\" id=\"cta-asesor\u00eda\">\n\t\t\t\t\t\t<span class=\"elementor-button-content-wrapper\">\n\t\t\t\t\t\t\t\t\t<span class=\"elementor-button-text\">Technische Beratung anfordern<\/span>\n\t\t\t\t\t<\/span>\n\t\t\t\t\t<\/a>\n\t\t\t\t<\/div>\n\t\t\t\t\t\t\t\t<\/div>\n\t\t\t\t<\/div>\n\t\t\t\t\t<\/div>\r\n\t\t\t\t<\/div>\r\n\t\t\t\t\t<\/div>\r\n\t\t\t\t<\/section>\r\n\t\t\t\t<\/div>\n\t\t<\/div><\/p>\n","protected":false},"featured_media":89116,"template":"","meta":[],"product_brand":[],"product_cat":[180,627],"product_tag":[],"class_list":{"0":"post-66444","1":"product","2":"type-product","3":"status-publish","4":"has-post-thumbnail","6":"product_cat-kalteanlagen-r290","7":"product_cat-kalteanlagen","9":"first","10":"instock","11":"featured","12":"shipping-taxable","13":"product-type-simple"},"yoast_head":"<!-- This site is optimized with the Yoast SEO plugin v25.5 - https:\/\/yoast.com\/wordpress\/plugins\/seo\/ -->\n<title>K\u00e4lteanlagen intarCUBE Full INVERTER R290 - INTARCON<\/title>\n<meta name=\"description\" content=\"Lernen Sie K\u00e4lteanlagen intarCUBE Full INVERTER R290 f\u00fcr gewerbliche und industrielle K\u00e4lteanwendungen mit geringer R290-Last und Full INVERTER-Verdichtern kennen.\" \/>\n<meta name=\"robots\" content=\"index, follow, max-snippet:-1, max-image-preview:large, max-video-preview:-1\" \/>\n<link rel=\"canonical\" href=\"https:\/\/www.intarcon.com\/de\/produkt\/kalteanlagen-intarcube-full-inverter-r290\/\" \/>\n<meta property=\"og:locale\" content=\"de_DE\" \/>\n<meta property=\"og:type\" content=\"article\" \/>\n<meta property=\"og:title\" content=\"K\u00e4lteanlagen intarCUBE Full INVERTER R290 - INTARCON\" \/>\n<meta property=\"og:description\" content=\"Lernen Sie K\u00e4lteanlagen intarCUBE Full INVERTER R290 f\u00fcr gewerbliche und industrielle K\u00e4lteanwendungen mit geringer R290-Last und Full INVERTER-Verdichtern kennen.\" \/>\n<meta property=\"og:url\" content=\"https:\/\/www.intarcon.com\/de\/produkt\/kalteanlagen-intarcube-full-inverter-r290\/\" \/>\n<meta property=\"og:site_name\" content=\"INTARCON\" \/>\n<meta property=\"article:publisher\" content=\"https:\/\/www.facebook.com\/intarcon\/\" \/>\n<meta property=\"article:modified_time\" content=\"2024-04-22T08:18:48+00:00\" \/>\n<meta property=\"og:image\" content=\"https:\/\/www.intarcon.com\/wp-content\/uploads\/2022\/01\/plantas-enfriadoras-r290-refrigeracion-intarcube-full-inverter.webp\" \/>\n\t<meta property=\"og:image:width\" content=\"600\" \/>\n\t<meta property=\"og:image:height\" content=\"600\" \/>\n\t<meta property=\"og:image:type\" content=\"image\/webp\" \/>\n<meta name=\"twitter:card\" content=\"summary_large_image\" \/>\n<meta name=\"twitter:site\" content=\"@Intarcon\" \/>\n<meta name=\"twitter:label1\" content=\"Est. reading time\" \/>\n\t<meta name=\"twitter:data1\" content=\"1 minute\" \/>\n<script type=\"application\/ld+json\" class=\"yoast-schema-graph\">{\"@context\":\"https:\/\/schema.org\",\"@graph\":[{\"@type\":\"WebPage\",\"@id\":\"https:\/\/www.intarcon.com\/de\/produkt\/kalteanlagen-intarcube-full-inverter-r290\/\",\"url\":\"https:\/\/www.intarcon.com\/de\/produkt\/kalteanlagen-intarcube-full-inverter-r290\/\",\"name\":\"K\u00e4lteanlagen intarCUBE Full INVERTER R290 - INTARCON\",\"isPartOf\":{\"@id\":\"https:\/\/www.intarcon.com\/de\/#website\"},\"primaryImageOfPage\":{\"@id\":\"https:\/\/www.intarcon.com\/de\/produkt\/kalteanlagen-intarcube-full-inverter-r290\/#primaryimage\"},\"image\":{\"@id\":\"https:\/\/www.intarcon.com\/de\/produkt\/kalteanlagen-intarcube-full-inverter-r290\/#primaryimage\"},\"thumbnailUrl\":\"https:\/\/www.intarcon.com\/wp-content\/uploads\/2022\/01\/plantas-enfriadoras-r290-refrigeracion-intarcube-full-inverter.webp\",\"datePublished\":\"2022-01-18T12:40:57+00:00\",\"dateModified\":\"2024-04-22T08:18:48+00:00\",\"description\":\"Lernen Sie K\u00e4lteanlagen intarCUBE Full INVERTER R290 f\u00fcr gewerbliche und industrielle K\u00e4lteanwendungen mit geringer R290-Last und Full INVERTER-Verdichtern kennen.\",\"breadcrumb\":{\"@id\":\"https:\/\/www.intarcon.com\/de\/produkt\/kalteanlagen-intarcube-full-inverter-r290\/#breadcrumb\"},\"inLanguage\":\"de\",\"potentialAction\":[{\"@type\":\"ReadAction\",\"target\":[\"https:\/\/www.intarcon.com\/de\/produkt\/kalteanlagen-intarcube-full-inverter-r290\/\"]}]},{\"@type\":\"ImageObject\",\"inLanguage\":\"de\",\"@id\":\"https:\/\/www.intarcon.com\/de\/produkt\/kalteanlagen-intarcube-full-inverter-r290\/#primaryimage\",\"url\":\"https:\/\/www.intarcon.com\/wp-content\/uploads\/2022\/01\/plantas-enfriadoras-r290-refrigeracion-intarcube-full-inverter.webp\",\"contentUrl\":\"https:\/\/www.intarcon.com\/wp-content\/uploads\/2022\/01\/plantas-enfriadoras-r290-refrigeracion-intarcube-full-inverter.webp\",\"width\":600,\"height\":600,\"caption\":\"Plantas enfriadoras de refrigeraci\u00f3n con R290 intarCUBE Full INVERTER - INTARCON\"},{\"@type\":\"BreadcrumbList\",\"@id\":\"https:\/\/www.intarcon.com\/de\/produkt\/kalteanlagen-intarcube-full-inverter-r290\/#breadcrumb\",\"itemListElement\":[{\"@type\":\"ListItem\",\"position\":1,\"name\":\"Portada\",\"item\":\"https:\/\/www.intarcon.com\/de\/\"},{\"@type\":\"ListItem\",\"position\":2,\"name\":\"Producto\",\"item\":\"https:\/\/www.intarcon.com\/producto\/\"},{\"@type\":\"ListItem\",\"position\":3,\"name\":\"R290\",\"item\":\"https:\/\/www.intarcon.com\/de\/technologie\/r290\/\"},{\"@type\":\"ListItem\",\"position\":4,\"name\":\"K\u00e4lteanlagen R-290\",\"item\":\"https:\/\/www.intarcon.com\/de\/technologie\/r290\/kalteanlagen-r290\/\"},{\"@type\":\"ListItem\",\"position\":5,\"name\":\"K\u00e4lteanlagen intarCUBE Full INVERTER R290\"}]},{\"@type\":\"WebSite\",\"@id\":\"https:\/\/www.intarcon.com\/de\/#website\",\"url\":\"https:\/\/www.intarcon.com\/de\/\",\"name\":\"INTARCON\",\"description\":\"\",\"potentialAction\":[{\"@type\":\"SearchAction\",\"target\":{\"@type\":\"EntryPoint\",\"urlTemplate\":\"https:\/\/www.intarcon.com\/de\/?s={search_term_string}\"},\"query-input\":{\"@type\":\"PropertyValueSpecification\",\"valueRequired\":true,\"valueName\":\"search_term_string\"}}],\"inLanguage\":\"de\"}]}<\/script>\n<!-- \/ Yoast SEO plugin. -->","yoast_head_json":{"title":"K\u00e4lteanlagen intarCUBE Full INVERTER R290 - INTARCON","description":"Lernen Sie K\u00e4lteanlagen intarCUBE Full INVERTER R290 f\u00fcr gewerbliche und industrielle K\u00e4lteanwendungen mit geringer R290-Last und Full INVERTER-Verdichtern kennen.","robots":{"index":"index","follow":"follow","max-snippet":"max-snippet:-1","max-image-preview":"max-image-preview:large","max-video-preview":"max-video-preview:-1"},"canonical":"https:\/\/www.intarcon.com\/de\/produkt\/kalteanlagen-intarcube-full-inverter-r290\/","og_locale":"de_DE","og_type":"article","og_title":"K\u00e4lteanlagen intarCUBE Full INVERTER R290 - INTARCON","og_description":"Lernen Sie K\u00e4lteanlagen intarCUBE Full INVERTER R290 f\u00fcr gewerbliche und industrielle K\u00e4lteanwendungen mit geringer R290-Last und Full INVERTER-Verdichtern kennen.","og_url":"https:\/\/www.intarcon.com\/de\/produkt\/kalteanlagen-intarcube-full-inverter-r290\/","og_site_name":"INTARCON","article_publisher":"https:\/\/www.facebook.com\/intarcon\/","article_modified_time":"2024-04-22T08:18:48+00:00","og_image":[{"width":600,"height":600,"url":"https:\/\/www.intarcon.com\/wp-content\/uploads\/2022\/01\/plantas-enfriadoras-r290-refrigeracion-intarcube-full-inverter.webp","type":"image\/webp"}],"twitter_card":"summary_large_image","twitter_site":"@Intarcon","twitter_misc":{"Est. reading time":"1 minute"},"schema":{"@context":"https:\/\/schema.org","@graph":[{"@type":"WebPage","@id":"https:\/\/www.intarcon.com\/de\/produkt\/kalteanlagen-intarcube-full-inverter-r290\/","url":"https:\/\/www.intarcon.com\/de\/produkt\/kalteanlagen-intarcube-full-inverter-r290\/","name":"K\u00e4lteanlagen intarCUBE Full INVERTER R290 - INTARCON","isPartOf":{"@id":"https:\/\/www.intarcon.com\/de\/#website"},"primaryImageOfPage":{"@id":"https:\/\/www.intarcon.com\/de\/produkt\/kalteanlagen-intarcube-full-inverter-r290\/#primaryimage"},"image":{"@id":"https:\/\/www.intarcon.com\/de\/produkt\/kalteanlagen-intarcube-full-inverter-r290\/#primaryimage"},"thumbnailUrl":"https:\/\/www.intarcon.com\/wp-content\/uploads\/2022\/01\/plantas-enfriadoras-r290-refrigeracion-intarcube-full-inverter.webp","datePublished":"2022-01-18T12:40:57+00:00","dateModified":"2024-04-22T08:18:48+00:00","description":"Lernen Sie K\u00e4lteanlagen intarCUBE Full INVERTER R290 f\u00fcr gewerbliche und industrielle K\u00e4lteanwendungen mit geringer R290-Last und Full INVERTER-Verdichtern kennen.","breadcrumb":{"@id":"https:\/\/www.intarcon.com\/de\/produkt\/kalteanlagen-intarcube-full-inverter-r290\/#breadcrumb"},"inLanguage":"de","potentialAction":[{"@type":"ReadAction","target":["https:\/\/www.intarcon.com\/de\/produkt\/kalteanlagen-intarcube-full-inverter-r290\/"]}]},{"@type":"ImageObject","inLanguage":"de","@id":"https:\/\/www.intarcon.com\/de\/produkt\/kalteanlagen-intarcube-full-inverter-r290\/#primaryimage","url":"https:\/\/www.intarcon.com\/wp-content\/uploads\/2022\/01\/plantas-enfriadoras-r290-refrigeracion-intarcube-full-inverter.webp","contentUrl":"https:\/\/www.intarcon.com\/wp-content\/uploads\/2022\/01\/plantas-enfriadoras-r290-refrigeracion-intarcube-full-inverter.webp","width":600,"height":600,"caption":"Plantas enfriadoras de refrigeraci\u00f3n con R290 intarCUBE Full INVERTER - INTARCON"},{"@type":"BreadcrumbList","@id":"https:\/\/www.intarcon.com\/de\/produkt\/kalteanlagen-intarcube-full-inverter-r290\/#breadcrumb","itemListElement":[{"@type":"ListItem","position":1,"name":"Portada","item":"https:\/\/www.intarcon.com\/de\/"},{"@type":"ListItem","position":2,"name":"Producto","item":"https:\/\/www.intarcon.com\/producto\/"},{"@type":"ListItem","position":3,"name":"R290","item":"https:\/\/www.intarcon.com\/de\/technologie\/r290\/"},{"@type":"ListItem","position":4,"name":"K\u00e4lteanlagen R-290","item":"https:\/\/www.intarcon.com\/de\/technologie\/r290\/kalteanlagen-r290\/"},{"@type":"ListItem","position":5,"name":"K\u00e4lteanlagen intarCUBE Full INVERTER R290"}]},{"@type":"WebSite","@id":"https:\/\/www.intarcon.com\/de\/#website","url":"https:\/\/www.intarcon.com\/de\/","name":"INTARCON","description":"","potentialAction":[{"@type":"SearchAction","target":{"@type":"EntryPoint","urlTemplate":"https:\/\/www.intarcon.com\/de\/?s={search_term_string}"},"query-input":{"@type":"PropertyValueSpecification","valueRequired":true,"valueName":"search_term_string"}}],"inLanguage":"de"}]}},"_links":{"self":[{"href":"https:\/\/www.intarcon.com\/de\/wp-json\/wp\/v2\/product\/66444","targetHints":{"allow":["GET"]}}],"collection":[{"href":"https:\/\/www.intarcon.com\/de\/wp-json\/wp\/v2\/product"}],"about":[{"href":"https:\/\/www.intarcon.com\/de\/wp-json\/wp\/v2\/types\/product"}],"version-history":[{"count":0,"href":"https:\/\/www.intarcon.com\/de\/wp-json\/wp\/v2\/product\/66444\/revisions"}],"wp:featuredmedia":[{"embeddable":true,"href":"https:\/\/www.intarcon.com\/de\/wp-json\/wp\/v2\/media\/89116"}],"wp:attachment":[{"href":"https:\/\/www.intarcon.com\/de\/wp-json\/wp\/v2\/media?parent=66444"}],"wp:term":[{"taxonomy":"product_brand","embeddable":true,"href":"https:\/\/www.intarcon.com\/de\/wp-json\/wp\/v2\/product_brand?post=66444"},{"taxonomy":"product_cat","embeddable":true,"href":"https:\/\/www.intarcon.com\/de\/wp-json\/wp\/v2\/product_cat?post=66444"},{"taxonomy":"product_tag","embeddable":true,"href":"https:\/\/www.intarcon.com\/de\/wp-json\/wp\/v2\/product_tag?post=66444"}],"curies":[{"name":"wp","href":"https:\/\/api.w.org\/{rel}","templated":true}]}}